{"id":4700,"date":"2023-03-27T16:15:01","date_gmt":"2023-03-27T14:15:01","guid":{"rendered":"https:\/\/archiwumnauki.pan.pl\/?page_id=4700"},"modified":"2024-02-12T14:07:46","modified_gmt":"2024-02-12T13:07:46","slug":"akta-pracowni-etnologii-instytutu-archeologii-i-etnologii-pan-w-krakowie","status":"publish","type":"page","link":"https:\/\/archiwumnauki.pan.pl\/?page_id=4700","title":{"rendered":"Akta Pracowni Etnologii Instytutu Archeologii i Etnologii PAN w Krakowie"},"content":{"rendered":"<p style=\"text-align: justify;\">W roku 1954 powsta\u0142a Pracownia Etnografii, w 1992 roku zmieni\u0142a nazw\u0119 na <strong>Pracowni\u0119 Etnologii<\/strong>, podlega Zak\u0142adowi Etnologii Instytutu Archeologii i Etnologii PAN w Warszawie.<\/p>\n<p style=\"text-align: justify;\">Materia\u0142y z bada\u0144 statystycznych i naukowych: formularze G\u0142\u00f3wnego Urz\u0119du Statystycznego z narodowego spisu powszechnego w roku 1960 i 1970 wybranych miejscowo\u015bci, g\u0142\u00f3wnie z wojew\u00f3dztwa krakowskiego.<\/p>\n<p style=\"text-align: justify;\">Wyci\u0105gi archiwalne i wypisy z literatury dotycz\u0105ce temat\u00f3w: G\u00f3rnicy salinarni w Wieliczce, G\u00f3rnicy Sierszy, Zag\u0142\u0119bie Ostrowsko-Karwi\u0144skie, Etnograficzne badania nad kultur\u0105 robotnicz\u0105, Teoria i metodologia etnografii i nauk spo\u0142ecznych, Kultura Karpat Zachodnich, Narz\u0119dzia rolnicze, Kultura ch\u0142op\u00f3w \u2013 robotnik\u00f3w, Przeobra\u017cenia wsi, Przeobra\u017cenia osady Che\u0142m.<\/p>\n<p style=\"text-align: justify;\"><em>P. Milczanowski<br \/>\n<\/em><span style=\"font-size: 10pt;\">\u0179r\u00f3d\u0142o:\u00a0<em>Przewodnik po zasobie Archiwum PAN,\u00a0<\/em>praca zbiorowa pod kier. H. Krajewska, A. Kulecka, Warszawa 1999.<\/span><\/p>\n","protected":false},"excerpt":{"rendered":"<p>W roku 1954 powsta\u0142a Pracownia Etnografii, w 1992 roku zmieni\u0142a nazw\u0119 na Pracowni\u0119 Etnologii, podlega Zak\u0142adowi Etnologii Instytutu Archeologii i Etnologii PAN w Warszawie. Materia\u0142y z bada\u0144 statystycznych i naukowych: formularze G\u0142\u00f3wnego Urz\u0119du Statystycznego z narodowego spisu powszechnego w roku 1960 i 1970 wybranych miejscowo\u015bci, g\u0142\u00f3wnie z wojew\u00f3dztwa krakowskiego. Wyci\u0105gi archiwalne i wypisy z literatury &hellip; <\/p>\n<p class=\"read-more\"><a class=\"btn btn-default\" href=\"https:\/\/archiwumnauki.pan.pl\/?page_id=4700\"> Read More<span class=\"screen-reader-text\">  Read More<\/span><\/a><\/p>\n","protected":false},"author":27,"featured_media":0,"parent":0,"menu_order":0,"comment_status":"closed","ping_status":"closed","template":"","meta":[],"_links":{"self":[{"href":"https:\/\/archiwumnauki.pan.pl\/index.php?rest_route=\/wp\/v2\/pages\/4700"}],"collection":[{"href":"https:\/\/archiwumnauki.pan.pl\/index.php?rest_route=\/wp\/v2\/pages"}],"about":[{"href":"https:\/\/archiwumnauki.pan.pl\/index.php?rest_route=\/wp\/v2\/types\/page"}],"author":[{"embeddable":true,"href":"https:\/\/archiwumnauki.pan.pl\/index.php?rest_route=\/wp\/v2\/users\/27"}],"replies":[{"embeddable":true,"href":"https:\/\/archiwumnauki.pan.pl\/index.php?rest_route=%2Fwp%2Fv2%2Fcomments&post=4700"}],"version-history":[{"count":4,"href":"https:\/\/archiwumnauki.pan.pl\/index.php?rest_route=\/wp\/v2\/pages\/4700\/revisions"}],"predecessor-version":[{"id":5908,"href":"https:\/\/archiwumnauki.pan.pl\/index.php?rest_route=\/wp\/v2\/pages\/4700\/revisions\/5908"}],"wp:attachment":[{"href":"https:\/\/archiwumnauki.pan.pl\/index.php?rest_route=%2Fwp%2Fv2%2Fmedia&parent=4700"}],"curies":[{"name":"wp","href":"https:\/\/api.w.org\/{rel}","templated":true}]}}