{"id":4695,"date":"2023-03-27T08:55:15","date_gmt":"2023-03-27T06:55:15","guid":{"rendered":"https:\/\/archiwumnauki.pan.pl\/?page_id=4695"},"modified":"2024-02-12T14:05:45","modified_gmt":"2024-02-12T13:05:45","slug":"akta-oddzialu-instytutu-archeologii-i-etnologii-w-krakowie-sygn-k-ii-13","status":"publish","type":"page","link":"https:\/\/archiwumnauki.pan.pl\/?page_id=4695","title":{"rendered":"Akta Oddzia\u0142u Instytutu Archeologii i Etnologii w Krakowie &#8211; sygn. K II-13"},"content":{"rendered":"<p style=\"text-align: justify;\">Instytut Archeologii i Etnologii Oddzia\u0142 w Krakowie (do 1992 roku Zak\u0142ad Archeologii Ma\u0142opolski Instytutu Historii Kultury Materialnej PAN w Warszawie)<\/p>\n<p style=\"text-align: justify;\">Jednostka organizacyjna PAN powsta\u0142a w 1953 roku pod nazw\u0105 Zak\u0142ad Historii Materialnej, wywodz\u0105cy si\u0119 z Muzeum Archeologicznego Polskiej Akademii Umiej\u0119tno\u015bci. W wyniku zmian organizacyjnych, p\u00f3\u017aniejsze nazwy plac\u00f3wki: Zak\u0142ad Archeologii Polski, Zak\u0142ad Archeologii Ma\u0142opolski.<\/p>\n<p style=\"text-align: justify;\">Akta Zak\u0142adu obejmuj\u0105: sprawozdania z dzia\u0142alno\u015bci z lat 1954 \u2013 1979, plany bada\u0144 naukowych 1954 \u2013 1971, 1973 \u2013 1979, plany perspektywiczne naukowo-badawcze Zak\u0142adu Archeologii Ma\u0142opolski jak i Instytutu Historii Kultury Materialnej PAN w Warszawie z lat 1959 \u2013 1980, korespondencja naukowa Zak\u0142adu i Pracowni Archeologicznej w Igo\u0142omii z lat 1959 \u2013 1960, 1962, 1964, 1966 \u2013 1980, dzienniki podawcze Zak\u0142adu Archeologii Ma\u0142opolski z lat 1954 \u2013 1960, 1962, 1964 \u2013 1972, umowy i listy p\u0142ac pracownik\u00f3w Instytutu\u00a0 i pracownik\u00f3w sezonowych, tak\u017ce zatrudnionych przy r\u00f3\u017cnych ekspedycjach archeologicznych (m. in. tzw. ekspedycji ameryka\u0144skiej) z lat 1953 \u2013 1973. Materia\u0142y \u201cSprawozda\u0144 Archeologicznych\u201d: t. 36 \u2013 42, korespondencja Redakcji Naukowej z lat 1977 \u2013 1982, korespondencja z autorami \u2013 lata 1981 \u2013 982, z t\u0142umaczami \u2013 lata 1978 \u2013 1982.<\/p>\n<p><em>P. Milczanowski<br \/>\n<\/em><span style=\"font-size: 10pt;\">\u0179r\u00f3d\u0142o:\u00a0<em>Przewodnik po zasobie Archiwum PAN,\u00a0<\/em>praca zbiorowa pod kier. H. Krajewska, A. Kulecka, Warszawa 1999.<\/span><\/p>\n","protected":false},"excerpt":{"rendered":"<p>Instytut Archeologii i Etnologii Oddzia\u0142 w Krakowie (do 1992 roku Zak\u0142ad Archeologii Ma\u0142opolski Instytutu Historii Kultury Materialnej PAN w Warszawie) Jednostka organizacyjna PAN powsta\u0142a w 1953 roku pod nazw\u0105 Zak\u0142ad Historii Materialnej, wywodz\u0105cy si\u0119 z Muzeum Archeologicznego Polskiej Akademii Umiej\u0119tno\u015bci. W wyniku zmian organizacyjnych, p\u00f3\u017aniejsze nazwy plac\u00f3wki: Zak\u0142ad Archeologii Polski, Zak\u0142ad Archeologii Ma\u0142opolski. Akta Zak\u0142adu &hellip; <\/p>\n<p class=\"read-more\"><a class=\"btn btn-default\" href=\"https:\/\/archiwumnauki.pan.pl\/?page_id=4695\"> Read More<span class=\"screen-reader-text\">  Read More<\/span><\/a><\/p>\n","protected":false},"author":27,"featured_media":0,"parent":0,"menu_order":0,"comment_status":"closed","ping_status":"closed","template":"","meta":[],"_links":{"self":[{"href":"https:\/\/archiwumnauki.pan.pl\/index.php?rest_route=\/wp\/v2\/pages\/4695"}],"collection":[{"href":"https:\/\/archiwumnauki.pan.pl\/index.php?rest_route=\/wp\/v2\/pages"}],"about":[{"href":"https:\/\/archiwumnauki.pan.pl\/index.php?rest_route=\/wp\/v2\/types\/page"}],"author":[{"embeddable":true,"href":"https:\/\/archiwumnauki.pan.pl\/index.php?rest_route=\/wp\/v2\/users\/27"}],"replies":[{"embeddable":true,"href":"https:\/\/archiwumnauki.pan.pl\/index.php?rest_route=%2Fwp%2Fv2%2Fcomments&post=4695"}],"version-history":[{"count":3,"href":"https:\/\/archiwumnauki.pan.pl\/index.php?rest_route=\/wp\/v2\/pages\/4695\/revisions"}],"predecessor-version":[{"id":5907,"href":"https:\/\/archiwumnauki.pan.pl\/index.php?rest_route=\/wp\/v2\/pages\/4695\/revisions\/5907"}],"wp:attachment":[{"href":"https:\/\/archiwumnauki.pan.pl\/index.php?rest_route=%2Fwp%2Fv2%2Fmedia&parent=4695"}],"curies":[{"name":"wp","href":"https:\/\/api.w.org\/{rel}","templated":true}]}}