{"id":4639,"date":"2023-03-24T17:12:51","date_gmt":"2023-03-24T16:12:51","guid":{"rendered":"https:\/\/archiwumnauki.pan.pl\/?page_id=4639"},"modified":"2023-03-30T16:52:29","modified_gmt":"2023-03-30T14:52:29","slug":"zbiory-archiwalne-an-pan-i-pau-dzial-ii","status":"publish","type":"page","link":"https:\/\/archiwumnauki.pan.pl\/?page_id=4639","title":{"rendered":"Zbiory archiwalne AN PAN i PAU \u2013 Dzia\u0142 II"},"content":{"rendered":"<table class=\"tab_dane\" style=\"width: 101%; height: 1272px;\" cellspacing=\"0\">\n<caption><strong>Materia\u0142y Oddzia\u0142u Polskiej Akademii Nauk w Krakowie<br \/>\ni plac\u00f3wek naukowych PAN w Krakowie<\/strong><\/caption>\n<tbody>\n<tr style=\"height: 24px;\">\n<th style=\"width: 42.9361%; height: 24px;\">Nazwa zespo\u0142u<\/th>\n<th style=\"width: 15.0463%; height: 24px;\">Daty skrajne<\/th>\n<th style=\"width: 11.4623%; height: 24px;\">Sygn.<\/th>\n<th style=\"width: 15.8998%; height: 24px;\">Pomoce archiwalne<\/th>\n<th style=\"width: 14.5799%; height: 24px;\">Rozmiar<\/th>\n<\/tr>\n<tr class=\"alt\" style=\"height: 24px;\">\n<td style=\"width: 42.9361%; height: 24px;\"><a href=\"https:\/\/archiwumnauki.pan.pl\/?page_id=4450\">Biblioteka PAN w Krakowie<\/a><\/td>\n<td style=\"width: 15.0463%; height: 24px;\">1954\u20131980<\/td>\n<td style=\"width: 11.4623%; height: 24px;\">K II\u201312<\/td>\n<td style=\"width: 15.8998%; height: 24px;\">spisy zd.- odb.<\/td>\n<td style=\"width: 14.5799%; height: 24px;\">3,40 mb.<\/td>\n<\/tr>\n<tr style=\"height: 24px;\">\n<td style=\"width: 42.9361%; height: 24px;\"><a href=\"https:\/\/archiwumnauki.pan.pl\/?page_id=4456\">Instytut Botaniki PAN<\/a><\/td>\n<td style=\"width: 15.0463%; height: 24px;\">1952\u20131967<\/td>\n<td style=\"width: 11.4623%; height: 24px;\">K II\u201314<\/td>\n<td style=\"width: 15.8998%; height: 24px;\">spis zd.- odb.<\/td>\n<td style=\"width: 14.5799%; height: 24px;\">4,50 mb.<\/td>\n<\/tr>\n<tr style=\"height: 24px;\">\n<td style=\"width: 42.9361%; height: 24px;\"><a href=\"https:\/\/archiwumnauki.pan.pl\/?page_id=4865\">Instytut Fizyki J\u0105drowej PAN<\/a><\/td>\n<td style=\"width: 15.0463%; height: 24px;\">1955\u2013<\/td>\n<td style=\"width: 11.4623%; height: 24px;\">K II\u201345<\/td>\n<td style=\"width: 15.8998%; height: 24px;\">spisy zd.- odb.<\/td>\n<td style=\"width: 14.5799%; height: 24px;\">1,58 mb., 212 j.<\/td>\n<\/tr>\n<tr class=\"alt\" style=\"height: 48px;\">\n<td style=\"width: 42.9361%; height: 48px;\"><a href=\"https:\/\/archiwumnauki.pan.pl\/?page_id=4461\">Instytut J\u0119zyka Polskiego PAN<\/a><\/td>\n<td style=\"width: 15.0463%; height: 48px;\">1951\u20131991<\/td>\n<td style=\"width: 11.4623%; height: 48px;\">K II\u201320<\/td>\n<td style=\"width: 15.8998%; height: 48px;\">inwentarz kartkowy, spis zd.-odb.<\/td>\n<td style=\"width: 14.5799%; height: 48px;\">8 mb.<\/td>\n<\/tr>\n<tr style=\"height: 24px;\">\n<td style=\"width: 42.9361%; height: 24px;\">Instytut Nauk Prawnych PAN<\/td>\n<td style=\"width: 15.0463%; height: 24px;\">b.d.<\/td>\n<td style=\"width: 11.4623%; height: 24px;\">K II\u201315<\/td>\n<td style=\"width: 15.8998%; height: 24px;\"><\/td>\n<td style=\"width: 14.5799%; height: 24px;\">1 mb.<\/td>\n<\/tr>\n<tr class=\"alt\" style=\"height: 24px;\">\n<td style=\"width: 42.9361%; height: 24px;\">Instytut Ochrony Przyrody PAN<\/td>\n<td style=\"width: 15.0463%; height: 24px;\">1938\u20131978<\/td>\n<td style=\"width: 11.4623%; height: 24px;\">K II\u20139<\/td>\n<td style=\"width: 15.8998%; height: 24px;\">inwentarz, spis zd.- odb.<\/td>\n<td style=\"width: 14.5799%; height: 24px;\">31,70 mb.<\/td>\n<\/tr>\n<tr style=\"height: 24px;\">\n<td style=\"width: 42.9361%; height: 24px;\"><a href=\"https:\/\/archiwumnauki.pan.pl\/?page_id=4881\">Instytut Systematyki i Ewolucji Zwierz\u0105t PAN<\/a><\/td>\n<td style=\"width: 15.0463%; height: 24px;\">1956\u20131994<\/td>\n<td style=\"width: 11.4623%; height: 24px;\">K II\u20136<\/td>\n<td style=\"width: 15.8998%; height: 24px;\">spis<\/td>\n<td style=\"width: 14.5799%; height: 24px;\">6,76 mb., 314 j.<\/td>\n<\/tr>\n<tr class=\"alt\" style=\"height: 24px;\">\n<td style=\"width: 42.9361%; height: 24px;\">Komisja Biologiczna przy Oddziale PAN w Krakowie<\/td>\n<td style=\"width: 15.0463%; height: 24px;\">1957\u20131995<\/td>\n<td style=\"width: 11.4623%; height: 24px;\">K II\u20133<\/td>\n<td style=\"width: 15.8998%; height: 24px;\">spis zd.-odb.<\/td>\n<td style=\"width: 14.5799%; height: 24px;\">0,58 mb.<\/td>\n<\/tr>\n<tr style=\"height: 24px;\">\n<td style=\"width: 42.9361%; height: 24px;\">Komisja Ergonomiczna przy Oddziale PAN w Krakowie<\/td>\n<td style=\"width: 15.0463%; height: 24px;\">1975\u20131979<\/td>\n<td style=\"width: 11.4623%; height: 24px;\">K II\u201333<\/td>\n<td style=\"width: 15.8998%; height: 24px;\">spis zd.-odb.<\/td>\n<td style=\"width: 14.5799%; height: 24px;\"><\/td>\n<\/tr>\n<tr class=\"alt\" style=\"height: 24px;\">\n<td style=\"width: 42.9361%; height: 24px;\">Komisja Filologii Klasycznej przy Oddziale PAN w Krakowie<\/td>\n<td style=\"width: 15.0463%; height: 24px;\">1958\u20131992<\/td>\n<td style=\"width: 11.4623%; height: 24px;\">K II\u201318<\/td>\n<td style=\"width: 15.8998%; height: 24px;\">spis zd.-odb.<\/td>\n<td style=\"width: 14.5799%; height: 24px;\">0,17 mb.<\/td>\n<\/tr>\n<tr style=\"height: 24px;\">\n<td style=\"width: 42.9361%; height: 24px;\">Komisja Historyczna przy Oddziale PAN w Krakowie<\/td>\n<td style=\"width: 15.0463%; height: 24px;\">1957\u20131988<\/td>\n<td style=\"width: 11.4623%; height: 24px;\">K II\u201319<\/td>\n<td style=\"width: 15.8998%; height: 24px;\">inwentarz kartkowy<\/td>\n<td style=\"width: 14.5799%; height: 24px;\">0,45 mb., 2 rul.<\/td>\n<\/tr>\n<tr class=\"alt\" style=\"height: 24px;\">\n<td style=\"width: 42.9361%; height: 24px;\">Komisja Historyczno-Literacka przy Oddziale PAN w Krakowie<\/td>\n<td style=\"width: 15.0463%; height: 24px;\">1958\u20131986<\/td>\n<td style=\"width: 11.4623%; height: 24px;\">K II\u20137<\/td>\n<td style=\"width: 15.8998%; height: 24px;\">spis zd.-odb.<\/td>\n<td style=\"width: 14.5799%; height: 24px;\">0,80 mb.<\/td>\n<\/tr>\n<tr style=\"height: 24px;\">\n<td style=\"width: 42.9361%; height: 24px;\">Komisja Metalurgiczno-Odlewnicza przy Oddziale PAN w Krakowie<\/td>\n<td style=\"width: 15.0463%; height: 24px;\">1975\u20131988<\/td>\n<td style=\"width: 11.4623%; height: 24px;\">K II\u201331<\/td>\n<td style=\"width: 15.8998%; height: 24px;\">spis zd.-odb.<\/td>\n<td style=\"width: 14.5799%; height: 24px;\">0,09 mb.<\/td>\n<\/tr>\n<tr class=\"alt\" style=\"height: 24px;\">\n<td style=\"width: 42.9361%; height: 24px;\">Komisja Nauk Geograficznych przy Oddziale PAN w Krakowie<\/td>\n<td style=\"width: 15.0463%; height: 24px;\">1967\u20131990<\/td>\n<td style=\"width: 11.4623%; height: 24px;\">K II\u201330<\/td>\n<td style=\"width: 15.8998%; height: 24px;\">spis zd.-odb.<\/td>\n<td style=\"width: 14.5799%; height: 24px;\">0,20 mb.<\/td>\n<\/tr>\n<tr style=\"height: 24px;\">\n<td style=\"width: 42.9361%; height: 24px;\">Komisja Nauk Medycznych przy Oddziale PAN w Krakowie<\/td>\n<td style=\"width: 15.0463%; height: 24px;\">1966\u20131972<\/td>\n<td style=\"width: 11.4623%; height: 24px;\">K II\u201336<\/td>\n<td style=\"width: 15.8998%; height: 24px;\">spis zd.-odb.<\/td>\n<td style=\"width: 14.5799%; height: 24px;\">0,10 mb.<\/td>\n<\/tr>\n<tr class=\"alt\" style=\"height: 24px;\">\n<td style=\"width: 42.9361%; height: 24px;\">Komisja Nauk Pedagogicznych przy Oddziale PAN w Krakowie<\/td>\n<td style=\"width: 15.0463%; height: 24px;\">1984\u20131990<\/td>\n<td style=\"width: 11.4623%; height: 24px;\">K II\u201326<\/td>\n<td style=\"width: 15.8998%; height: 24px;\">spis zd.-odb.<\/td>\n<td style=\"width: 14.5799%; height: 24px;\">0,06 mb.<\/td>\n<\/tr>\n<tr style=\"height: 48px;\">\n<td style=\"width: 42.9361%; height: 48px;\">Komisja Orientalistyczna przy Oddziale PAN w Krakowie<\/td>\n<td style=\"width: 15.0463%; height: 48px;\">1937\u20131972<\/td>\n<td style=\"width: 11.4623%; height: 48px;\">K II\u201322<\/td>\n<td style=\"width: 15.8998%; height: 48px;\">spis zd.-odb.<\/td>\n<td style=\"width: 14.5799%; height: 48px;\">10,50 mb., 189 mkf., 118 klisz<\/td>\n<\/tr>\n<tr class=\"alt\" style=\"height: 24px;\">\n<td style=\"width: 42.9361%; height: 24px;\">Komisja S\u0142owianoznawstwa przy Oddziale PAN w Krakowie<\/td>\n<td style=\"width: 15.0463%; height: 24px;\">1984\u20131990<\/td>\n<td style=\"width: 11.4623%; height: 24px;\">K II\u201323<\/td>\n<td style=\"width: 15.8998%; height: 24px;\">spis zd.-odb.<\/td>\n<td style=\"width: 14.5799%; height: 24px;\">0,06 mb.<\/td>\n<\/tr>\n<tr style=\"height: 24px;\">\n<td style=\"width: 42.9361%; height: 24px;\">Komisja Socjologiczna przy Oddziale PAN w Krakowie<\/td>\n<td style=\"width: 15.0463%; height: 24px;\">1957\u20131974<\/td>\n<td style=\"width: 11.4623%; height: 24px;\">K II\u201316<\/td>\n<td style=\"width: 15.8998%; height: 24px;\">spis zd.-odb.<\/td>\n<td style=\"width: 14.5799%; height: 24px;\">0,90 mb.<\/td>\n<\/tr>\n<tr class=\"alt\" style=\"height: 24px;\">\n<td style=\"width: 42.9361%; height: 24px;\">Komisja Teorii i Historii Sztuki przy Oddziale PAN w Krakowie<\/td>\n<td style=\"width: 15.0463%; height: 24px;\">1961\u20131994<\/td>\n<td style=\"width: 11.4623%; height: 24px;\">K II\u201311<\/td>\n<td style=\"width: 15.8998%; height: 24px;\">spis zd.-odb.<\/td>\n<td style=\"width: 14.5799%; height: 24px;\">1,73 mb.<\/td>\n<\/tr>\n<tr style=\"height: 24px;\">\n<td style=\"width: 42.9361%; height: 24px;\">Komitet Ergonomii przy Prezydium PAN<\/td>\n<td style=\"width: 15.0463%; height: 24px;\">1972\u20131996<\/td>\n<td style=\"width: 11.4623%; height: 24px;\">K II\u201332<\/td>\n<td style=\"width: 15.8998%; height: 24px;\">spis zd.-odb.<\/td>\n<td style=\"width: 14.5799%; height: 24px;\">0,22 mb.<\/td>\n<\/tr>\n<tr class=\"alt\" style=\"height: 24px;\">\n<td style=\"width: 42.9361%; height: 24px;\">Komitet Nauk Fizjologicznych PAN<\/td>\n<td style=\"width: 15.0463%; height: 24px;\"><\/td>\n<td style=\"width: 11.4623%; height: 24px;\">K II\u201338<\/td>\n<td style=\"width: 15.8998%; height: 24px;\"><\/td>\n<td style=\"width: 14.5799%; height: 24px;\"><\/td>\n<\/tr>\n<tr style=\"height: 24px;\">\n<td style=\"width: 42.9361%; height: 24px;\">Komitet Zoologiczny przy Prezydium PAN<\/td>\n<td style=\"width: 15.0463%; height: 24px;\">1958\u20131987<\/td>\n<td style=\"width: 11.4623%; height: 24px;\">K II\u201334<\/td>\n<td style=\"width: 15.8998%; height: 24px;\">spis zd.-odb.<\/td>\n<td style=\"width: 14.5799%; height: 24px;\">0,95 mb.<\/td>\n<\/tr>\n<tr class=\"alt\" style=\"height: 48px;\">\n<td style=\"width: 42.9361%; height: 48px;\"><a href=\"https:\/\/archiwumnauki.pan.pl\/wp-admin\/post.php?post=4869&amp;action=edit\">NSZZ &#8222;Solidarno\u015b\u0107&#8221; Komisja Zak\u0142adowa przy Plac\u00f3wkach i Oddziale PAN w Krakowie<\/a><\/td>\n<td style=\"width: 15.0463%; height: 48px;\">1980\u20131990<\/td>\n<td style=\"width: 11.4623%; height: 48px;\">K II\u201325<\/td>\n<td style=\"width: 15.8998%; height: 48px;\">inwentarz kartkowy, spisy zd.- odb.<\/td>\n<td style=\"width: 14.5799%; height: 48px;\">1,52 mb.<\/td>\n<\/tr>\n<tr style=\"height: 24px;\">\n<td style=\"width: 42.9361%; height: 24px;\">Oddzia\u0142 Archiwum PAN w Krakowie<\/td>\n<td style=\"width: 15.0463%; height: 24px;\">1955\u20131990<\/td>\n<td style=\"width: 11.4623%; height: 24px;\">K II\u201335<\/td>\n<td style=\"width: 15.8998%; height: 24px;\"><\/td>\n<td style=\"width: 14.5799%; height: 24px;\">1,80 mb.<\/td>\n<\/tr>\n<tr class=\"alt\" style=\"height: 24px;\">\n<td style=\"width: 42.9361%; height: 24px;\"><a href=\"https:\/\/archiwumnauki.pan.pl\/?page_id=4695\">Oddzia\u0142 Instytutu Archeologii i Etnologii PAN w Krakowie<\/a><\/td>\n<td style=\"width: 15.0463%; height: 24px;\">1954\u20131982<\/td>\n<td style=\"width: 11.4623%; height: 24px;\">K II\u201313<\/td>\n<td style=\"width: 15.8998%; height: 24px;\">spis zd.- odb.<\/td>\n<td style=\"width: 14.5799%; height: 24px;\">4,06 mb.<\/td>\n<\/tr>\n<tr style=\"height: 24px;\">\n<td style=\"width: 42.9361%; height: 24px;\"><a href=\"https:\/\/archiwumnauki.pan.pl\/?page_id=4861\">Oddzia\u0142 Instytutu Matematycznego PAN w Krakowie<\/a><\/td>\n<td style=\"width: 15.0463%; height: 24px;\">1949\u20131959<\/td>\n<td style=\"width: 11.4623%; height: 24px;\">K II\u20132<\/td>\n<td style=\"width: 15.8998%; height: 24px;\">spis<\/td>\n<td style=\"width: 14.5799%; height: 24px;\">0,60 mb., 17 j.<\/td>\n<\/tr>\n<tr class=\"alt\" style=\"height: 48px;\">\n<td style=\"width: 42.9361%; height: 48px;\">Oddzia\u0142 Polskiej Akademii Nauk w Krakowie<\/td>\n<td style=\"width: 15.0463%; height: 48px;\">1953\u20131994<\/td>\n<td style=\"width: 11.4623%; height: 48px;\">K II\u20131<\/td>\n<td style=\"width: 15.8998%; height: 48px;\">inwentarz kartkowy, spis zd.-odb.<\/td>\n<td style=\"width: 14.5799%; height: 48px;\">82,89 mb., 14 rul., 11 ta\u015bm, 35 mkf.<\/td>\n<\/tr>\n<tr style=\"height: 24px;\">\n<td style=\"width: 42.9361%; height: 24px;\">Oddzia\u0142 Zak\u0142adu Narodowego im. Ossoli\u0144skich Wydawnictwo PAN w Krakowie<\/td>\n<td style=\"width: 15.0463%; height: 24px;\"><\/td>\n<td style=\"width: 11.4623%; height: 24px;\">K II\u201327<\/td>\n<td style=\"width: 15.8998%; height: 24px;\"><\/td>\n<td style=\"width: 14.5799%; height: 24px;\"><\/td>\n<\/tr>\n<tr class=\"alt\" style=\"height: 24px;\">\n<td style=\"width: 42.9361%; height: 24px;\"><a href=\"https:\/\/archiwumnauki.pan.pl\/?page_id=4700\">Pracownia Etnologii Instytutu Archeologii i Etnologii PAN<\/a><\/td>\n<td style=\"width: 15.0463%; height: 24px;\">b.d.<\/td>\n<td style=\"width: 11.4623%; height: 24px;\">K II\u201340<\/td>\n<td style=\"width: 15.8998%; height: 24px;\">spis zd.-odb.<\/td>\n<td style=\"width: 14.5799%; height: 24px;\">7,40 mb.<\/td>\n<\/tr>\n<tr style=\"height: 48px;\">\n<td style=\"width: 42.9361%; height: 48px;\">Pracownia Informacji Naukowej w Krakowie O\u015brodka Informacji Naukowej PAN<\/td>\n<td style=\"width: 15.0463%; height: 48px;\"><\/td>\n<td style=\"width: 11.4623%; height: 48px;\">K II\u201328<\/td>\n<td style=\"width: 15.8998%; height: 48px;\"><\/td>\n<td style=\"width: 14.5799%; height: 48px;\"><\/td>\n<\/tr>\n<tr class=\"alt\" style=\"height: 48px;\">\n<td style=\"width: 42.9361%; height: 48px;\"><a href=\"https:\/\/archiwumnauki.pan.pl\/?page_id=4903\">Pracownia Krakowska Instytutu Historii Nauki PAN<\/a><\/td>\n<td style=\"width: 15.0463%; height: 48px;\">[1841\u20131869] 1954\u20131987<\/td>\n<td style=\"width: 11.4623%; height: 48px;\">K II\u20138<\/td>\n<td style=\"width: 15.8998%; height: 48px;\">spis, inwentarz kartkowy<\/td>\n<td style=\"width: 14.5799%; height: 48px;\">12,81 mb.<\/td>\n<\/tr>\n<tr style=\"height: 24px;\">\n<td style=\"width: 42.9361%; height: 24px;\">Pracownia S\u0142ownika \u0141aciny \u015aredniowiecznej PAN<\/td>\n<td style=\"width: 15.0463%; height: 24px;\">1953\u20131979<\/td>\n<td style=\"width: 11.4623%; height: 24px;\">K II\u201321<\/td>\n<td style=\"width: 15.8998%; height: 24px;\">spis zd.-odb.<\/td>\n<td style=\"width: 14.5799%; height: 24px;\">1,30 mb.<\/td>\n<\/tr>\n<tr class=\"alt\" style=\"height: 24px;\">\n<td style=\"width: 42.9361%; height: 24px;\">Pracownia S\u0142ownika Pras\u0142owia\u0144skiego Instytutu Slawistyki PAN<\/td>\n<td style=\"width: 15.0463%; height: 24px;\">b.d.<\/td>\n<td style=\"width: 11.4623%; height: 24px;\">K II\u201324<\/td>\n<td style=\"width: 15.8998%; height: 24px;\"><\/td>\n<td style=\"width: 14.5799%; height: 24px;\">70 mb. (fiszki)<\/td>\n<\/tr>\n<tr style=\"height: 24px;\">\n<td style=\"width: 42.9361%; height: 24px;\"><a href=\"https:\/\/archiwumnauki.pan.pl\/?page_id=4884\">Zak\u0142ad Bibliografii Bie\u017c\u0105cej Instytutu Historii PAN<\/a><\/td>\n<td style=\"width: 15.0463%; height: 24px;\">[1935\u20131939] 1953\u20131981<\/td>\n<td style=\"width: 11.4623%; height: 24px;\">K II\u201340<\/td>\n<td style=\"width: 15.8998%; height: 24px;\">kartoteki, spisy zd.- odb.<\/td>\n<td style=\"width: 14.5799%; height: 24px;\">64,95 mb.<\/td>\n<\/tr>\n<tr class=\"alt\" style=\"height: 48px;\">\n<td style=\"width: 42.9361%; height: 48px;\"><a href=\"https:\/\/archiwumnauki.pan.pl\/?page_id=4709\">Zak\u0142ad Biologii W\u00f3d PAN<\/a><\/td>\n<td style=\"width: 15.0463%; height: 48px;\">1953\u20131990<\/td>\n<td style=\"width: 11.4623%; height: 48px;\">K II\u20135<\/td>\n<td style=\"width: 15.8998%; height: 48px;\">inwentarz kartkowy, spis zd.-odb.<\/td>\n<td style=\"width: 14.5799%; height: 48px;\">6,35 mb.<\/td>\n<\/tr>\n<tr style=\"height: 48px;\">\n<td style=\"width: 42.9361%; height: 48px;\"><a href=\"https:\/\/archiwumnauki.pan.pl\/?page_id=4873\">Zak\u0142ad Geomorfologii i Hydrologii G\u00f3r i Wy\u017cyn Instytutu Geografii i Przestrzennego Zagospodarowania PAN<\/a><\/td>\n<td style=\"width: 15.0463%; height: 48px;\">1954\u20131991<\/td>\n<td style=\"width: 11.4623%; height: 48px;\">K II\u201337<\/td>\n<td style=\"width: 15.8998%; height: 48px;\">spisy zd.-odb.<\/td>\n<td style=\"width: 14.5799%; height: 48px;\">2,88 mb.<\/td>\n<\/tr>\n<tr class=\"alt\" style=\"height: 24px;\">\n<td style=\"width: 42.9361%; height: 24px;\"><a href=\"https:\/\/archiwumnauki.pan.pl\/?page_id=4712\">Zak\u0142ad Gospodarki G\u00f3rskiej PAN<\/a><\/td>\n<td style=\"width: 15.0463%; height: 24px;\">1961\u20131969<\/td>\n<td style=\"width: 11.4623%; height: 24px;\">K II\u201310<\/td>\n<td style=\"width: 15.8998%; height: 24px;\">spis zd.-odb.<\/td>\n<td style=\"width: 14.5799%; height: 24px;\">0,50 mb.<\/td>\n<\/tr>\n<tr style=\"height: 24px;\">\n<td style=\"width: 42.9361%; height: 24px;\"><a href=\"https:\/\/archiwumnauki.pan.pl\/?page_id=4703\">Zak\u0142ad Numizmatyki Instytutu Archeologii i Etnologii PAN<\/a><\/td>\n<td style=\"width: 15.0463%; height: 24px;\">1960\u20131967<\/td>\n<td style=\"width: 11.4623%; height: 24px;\">K II\u201341<\/td>\n<td style=\"width: 15.8998%; height: 24px;\">inwentarz kartkowy<\/td>\n<td style=\"width: 14.5799%; height: 24px;\">1,40 mb.<\/td>\n<\/tr>\n<tr class=\"alt\" style=\"height: 24px;\">\n<td style=\"width: 42.9361%; height: 24px;\"><a href=\"https:\/\/archiwumnauki.pan.pl\/?page_id=4706\">Zak\u0142ad Polskiego S\u0142ownika Biograficznego Instytutu Historii PAN<\/a><\/td>\n<td style=\"width: 15.0463%; height: 24px;\">1953\u20131955, b.d.<\/td>\n<td style=\"width: 11.4623%; height: 24px;\">K II\u20134<\/td>\n<td style=\"width: 15.8998%; height: 24px;\">spis zd.-odb.<\/td>\n<td style=\"width: 14.5799%; height: 24px;\">41,43 mb.<\/td>\n<\/tr>\n<tr style=\"height: 48px;\">\n<td style=\"width: 42.9361%; height: 48px;\">Zesp\u00f3\u0142 Badawczy Dziej\u00f3w O\u015bwiaty w latach okupacji hitlerowskiej 1939-1945<\/td>\n<td style=\"width: 15.0463%; height: 48px;\">1969\u20131986<\/td>\n<td style=\"width: 11.4623%; height: 48px;\">K II\u201317<\/td>\n<td style=\"width: 15.8998%; height: 48px;\">inwentarz kartkowy, spis zd.-odb.<\/td>\n<td style=\"width: 14.5799%; height: 48px;\">20,54 mb.<\/td>\n<\/tr>\n<tr class=\"alt\" style=\"height: 48px;\">\n<td style=\"width: 42.9361%; height: 48px;\">Zwi\u0105zek Nauczycielstwa Polskiego przy Oddziale i plac\u00f3wkach naukowych PAN w Krakowie<\/td>\n<td style=\"width: 15.0463%; height: 48px;\">1961\u20131980<\/td>\n<td style=\"width: 11.4623%; height: 48px;\">K II\u201329<\/td>\n<td style=\"width: 15.8998%; height: 48px;\">inwentarz kartkowy<\/td>\n<td style=\"width: 14.5799%; height: 48px;\">4 mb.<\/td>\n<\/tr>\n<\/tbody>\n<\/table>\n<p>&nbsp;<\/p>\n","protected":false},"excerpt":{"rendered":"<p>Materia\u0142y Oddzia\u0142u Polskiej Akademii Nauk w Krakowie i plac\u00f3wek naukowych PAN w Krakowie Nazwa zespo\u0142u Daty skrajne Sygn. Pomoce archiwalne Rozmiar Biblioteka PAN w Krakowie 1954\u20131980 K II\u201312 spisy zd.- odb. 3,40 mb. Instytut Botaniki PAN 1952\u20131967 K II\u201314 spis zd.- odb. 4,50 mb. Instytut Fizyki J\u0105drowej PAN 1955\u2013 K II\u201345 spisy zd.- odb. 1,58 &hellip; <\/p>\n<p class=\"read-more\"><a class=\"btn btn-default\" href=\"https:\/\/archiwumnauki.pan.pl\/?page_id=4639\"> Read More<span class=\"screen-reader-text\">  Read More<\/span><\/a><\/p>\n","protected":false},"author":55,"featured_media":0,"parent":0,"menu_order":0,"comment_status":"closed","ping_status":"closed","template":"","meta":[],"_links":{"self":[{"href":"https:\/\/archiwumnauki.pan.pl\/index.php?rest_route=\/wp\/v2\/pages\/4639"}],"collection":[{"href":"https:\/\/archiwumnauki.pan.pl\/index.php?rest_route=\/wp\/v2\/pages"}],"about":[{"href":"https:\/\/archiwumnauki.pan.pl\/index.php?rest_route=\/wp\/v2\/types\/page"}],"author":[{"embeddable":true,"href":"https:\/\/archiwumnauki.pan.pl\/index.php?rest_route=\/wp\/v2\/users\/55"}],"replies":[{"embeddable":true,"href":"https:\/\/archiwumnauki.pan.pl\/index.php?rest_route=%2Fwp%2Fv2%2Fcomments&post=4639"}],"version-history":[{"count":36,"href":"https:\/\/archiwumnauki.pan.pl\/index.php?rest_route=\/wp\/v2\/pages\/4639\/revisions"}],"predecessor-version":[{"id":4930,"href":"https:\/\/archiwumnauki.pan.pl\/index.php?rest_route=\/wp\/v2\/pages\/4639\/revisions\/4930"}],"wp:attachment":[{"href":"https:\/\/archiwumnauki.pan.pl\/index.php?rest_route=%2Fwp%2Fv2%2Fmedia&parent=4639"}],"curies":[{"name":"wp","href":"https:\/\/api.w.org\/{rel}","templated":true}]}}