{"id":4634,"date":"2023-03-24T17:10:30","date_gmt":"2023-03-24T16:10:30","guid":{"rendered":"https:\/\/archiwumnauki.pan.pl\/?page_id=4634"},"modified":"2023-03-28T15:03:14","modified_gmt":"2023-03-28T13:03:14","slug":"akta-towarzystwa-milosnikow-jezyka-polskiego-sygn-k-i-16","status":"publish","type":"page","link":"https:\/\/archiwumnauki.pan.pl\/?page_id=4634","title":{"rendered":"Akta Towarzystwa Mi\u0142o\u015bnik\u00f3w J\u0119zyka Polskiego (sygn. K I\u201316)"},"content":{"rendered":"<p style=\"text-align: justify;\"><strong>Towarzystwo Mi\u0142o\u015bnik\u00f3w J\u0119zyka Polskiego<\/strong> zosta\u0142o za\u0142o\u017cone w Krakowie w 1920 r. Prowadzi\u0142o dzia\u0142alno\u015b\u0107 przez Ko\u0142a Okr\u0119gowe.<\/p>\n<p style=\"text-align: justify;\">Akta Towarzystwa Mi\u0142o\u015bnik\u00f3w J\u0119zyka Polskiego\u00a0 z okresu mi\u0119dzywojennego (ok. 0,45 mb.) zawieraj\u0105 korespondencj\u0119 z Ko\u0142ami Okr\u0119gowymi TMJP, korespondencj\u0119 dotycz\u0105c\u0105 prenumerat i wymiany wydawnictw Towarzystwa, ksi\u0119g\u0119 prenumerator\u00f3w w roku 1922.<\/p>\n<p style=\"text-align: justify;\">Akta Towarzystwa po roku 1945 obejmuj\u0105 m. in. korespondencj\u0119 w sprawach j\u0119zykowych, korespondencj\u0119 z Ko\u0142ami Okr\u0119gowymi, wymian\u0119 wydawnictw, materia\u0142y dotycz\u0105ce nowelizacji statutu w 1983 r., ksi\u0119gi sk\u0142adek cz\u0142onkowskich, materia\u0142y redakcyjne: czasopisma &#8222;J\u0119zyk Polski\u201d\u00a0 i innych wydawnictw Towarzystwa, plany wydawnicze.<\/p>\n<p style=\"text-align: justify;\"><em>Marta P\u0142atek (Tylka)<br \/>\n<\/em><span style=\"font-size: 10pt;\">\u0179r\u00f3d\u0142o:\u00a0<em>Przewodnik po zasobie Archiwum PAN,\u00a0<\/em>praca zbiorowa pod kier. H. Krajewska, A. Kulecka, Warszawa 1999.<\/span><\/p>\n","protected":false},"excerpt":{"rendered":"<p>Towarzystwo Mi\u0142o\u015bnik\u00f3w J\u0119zyka Polskiego zosta\u0142o za\u0142o\u017cone w Krakowie w 1920 r. Prowadzi\u0142o dzia\u0142alno\u015b\u0107 przez Ko\u0142a Okr\u0119gowe. Akta Towarzystwa Mi\u0142o\u015bnik\u00f3w J\u0119zyka Polskiego\u00a0 z okresu mi\u0119dzywojennego (ok. 0,45 mb.) zawieraj\u0105 korespondencj\u0119 z Ko\u0142ami Okr\u0119gowymi TMJP, korespondencj\u0119 dotycz\u0105c\u0105 prenumerat i wymiany wydawnictw Towarzystwa, ksi\u0119g\u0119 prenumerator\u00f3w w roku 1922. Akta Towarzystwa po roku 1945 obejmuj\u0105 m. in. korespondencj\u0119 w &hellip; <\/p>\n<p class=\"read-more\"><a class=\"btn btn-default\" href=\"https:\/\/archiwumnauki.pan.pl\/?page_id=4634\"> Read More<span class=\"screen-reader-text\">  Read More<\/span><\/a><\/p>\n","protected":false},"author":55,"featured_media":0,"parent":0,"menu_order":0,"comment_status":"closed","ping_status":"closed","template":"","meta":[],"_links":{"self":[{"href":"https:\/\/archiwumnauki.pan.pl\/index.php?rest_route=\/wp\/v2\/pages\/4634"}],"collection":[{"href":"https:\/\/archiwumnauki.pan.pl\/index.php?rest_route=\/wp\/v2\/pages"}],"about":[{"href":"https:\/\/archiwumnauki.pan.pl\/index.php?rest_route=\/wp\/v2\/types\/page"}],"author":[{"embeddable":true,"href":"https:\/\/archiwumnauki.pan.pl\/index.php?rest_route=\/wp\/v2\/users\/55"}],"replies":[{"embeddable":true,"href":"https:\/\/archiwumnauki.pan.pl\/index.php?rest_route=%2Fwp%2Fv2%2Fcomments&post=4634"}],"version-history":[{"count":8,"href":"https:\/\/archiwumnauki.pan.pl\/index.php?rest_route=\/wp\/v2\/pages\/4634\/revisions"}],"predecessor-version":[{"id":4757,"href":"https:\/\/archiwumnauki.pan.pl\/index.php?rest_route=\/wp\/v2\/pages\/4634\/revisions\/4757"}],"wp:attachment":[{"href":"https:\/\/archiwumnauki.pan.pl\/index.php?rest_route=%2Fwp%2Fv2%2Fmedia&parent=4634"}],"curies":[{"name":"wp","href":"https:\/\/api.w.org\/{rel}","templated":true}]}}