{"id":4630,"date":"2023-03-24T17:08:00","date_gmt":"2023-03-24T16:08:00","guid":{"rendered":"https:\/\/archiwumnauki.pan.pl\/?page_id=4630"},"modified":"2023-03-28T16:16:24","modified_gmt":"2023-03-28T14:16:24","slug":"akta-polskiego-towarzystwa-geologicznego-sygn-k-i-11","status":"publish","type":"page","link":"https:\/\/archiwumnauki.pan.pl\/?page_id=4630","title":{"rendered":"Akta Polskiego Towarzystwa Geologicznego (sygn. K I\u201311)"},"content":{"rendered":"<p style=\"text-align: justify;\"><strong>Polskie Towarzystwo Geologiczne<\/strong> powsta\u0142o w 1921 roku w Krakowie, gdzie ma siedzib\u0119 zar\u00f3wno Zarz\u0105d G\u0142\u00f3wny Towarzystwa, jak i jego Oddzia\u0142 Krakowski.<\/p>\n<p>Zesp\u00f3\u0142 archiwalny obejmuje:<\/p>\n<ul>\n<li style=\"text-align: justify;\">protoko\u0142y z posiedze\u0144 Walnych Zjazd\u00f3w Delegat\u00f3w (1947\u20131986), ksi\u0119gi protoko\u0142\u00f3w z posiedze\u0144 Zarz\u0105du G\u0142\u00f3wnego (1962\u20131988), protoko\u0142y z posiedze\u0144 Rady Redakcyjnej (1955\u20131977), korespondencj\u0119 bie\u017c\u0105c\u0105 Zarz\u0105du G\u0142\u00f3wnego w sprawach zjazd\u00f3w PTG (m. in. plany i preliminarze), dotycz\u0105c\u0105 spraw naukowych, wydawniczych, wymiany zagranicznej z lat 1920\u20131976,<\/li>\n<li style=\"text-align: justify;\">ksi\u0119gi protoko\u0142\u00f3w z Walnych Zebra\u0144 Oddzia\u0142u Krakowskiego (1963\u20131986), protoko\u0142y z posiedze\u0144 Zarz\u0105du Oddzia\u0142u Krakowskiego (1963\u20131974) i sprawozdania Oddzia\u0142\u00f3w, K\u00f3\u0142 i Sekcji (1948\u20131986), tak\u017ce korespondencj\u0119 Oddzia\u0142u Krakowskiego (1963\u20131992) i Wroc\u0142awskiego 1955\u20131959),<\/li>\n<li style=\"text-align: justify;\">materia\u0142y dotycz\u0105ce kongres\u00f3w i konferencji m. in. Kongres w Starym Smokovcu (1958\u20131960), Grocie Kryszta\u0142owej (1960), a tak\u017ce dotycz\u0105ce spraw muzealnych (1960).<\/li>\n<\/ul>\n<p style=\"text-align: justify;\"><em>Piotr Milczanowski<br \/>\n<\/em><span style=\"font-size: 10pt;\">\u0179r\u00f3d\u0142o:\u00a0<em>Przewodnik po zasobie Archiwum PAN,\u00a0<\/em>praca zbiorowa pod kier. H. Krajewska, A. Kulecka, Warszawa 1999.<\/span><\/p>\n<p>Materia\u0142y Polskiego Towarzystwa Geologicznego (sygn. K I\u201311) obejmuj\u0105 4,70 mb. akt (298 j.). Pomoc\u0105 ewidencyjn\u0105 jest spis jednostek.<\/p>\n","protected":false},"excerpt":{"rendered":"<p>Polskie Towarzystwo Geologiczne powsta\u0142o w 1921 roku w Krakowie, gdzie ma siedzib\u0119 zar\u00f3wno Zarz\u0105d G\u0142\u00f3wny Towarzystwa, jak i jego Oddzia\u0142 Krakowski. Zesp\u00f3\u0142 archiwalny obejmuje: protoko\u0142y z posiedze\u0144 Walnych Zjazd\u00f3w Delegat\u00f3w (1947\u20131986), ksi\u0119gi protoko\u0142\u00f3w z posiedze\u0144 Zarz\u0105du G\u0142\u00f3wnego (1962\u20131988), protoko\u0142y z posiedze\u0144 Rady Redakcyjnej (1955\u20131977), korespondencj\u0119 bie\u017c\u0105c\u0105 Zarz\u0105du G\u0142\u00f3wnego w sprawach zjazd\u00f3w PTG (m. in. plany &hellip; <\/p>\n<p class=\"read-more\"><a class=\"btn btn-default\" href=\"https:\/\/archiwumnauki.pan.pl\/?page_id=4630\"> Read More<span class=\"screen-reader-text\">  Read More<\/span><\/a><\/p>\n","protected":false},"author":55,"featured_media":0,"parent":0,"menu_order":0,"comment_status":"closed","ping_status":"closed","template":"","meta":[],"_links":{"self":[{"href":"https:\/\/archiwumnauki.pan.pl\/index.php?rest_route=\/wp\/v2\/pages\/4630"}],"collection":[{"href":"https:\/\/archiwumnauki.pan.pl\/index.php?rest_route=\/wp\/v2\/pages"}],"about":[{"href":"https:\/\/archiwumnauki.pan.pl\/index.php?rest_route=\/wp\/v2\/types\/page"}],"author":[{"embeddable":true,"href":"https:\/\/archiwumnauki.pan.pl\/index.php?rest_route=\/wp\/v2\/users\/55"}],"replies":[{"embeddable":true,"href":"https:\/\/archiwumnauki.pan.pl\/index.php?rest_route=%2Fwp%2Fv2%2Fcomments&post=4630"}],"version-history":[{"count":6,"href":"https:\/\/archiwumnauki.pan.pl\/index.php?rest_route=\/wp\/v2\/pages\/4630\/revisions"}],"predecessor-version":[{"id":4780,"href":"https:\/\/archiwumnauki.pan.pl\/index.php?rest_route=\/wp\/v2\/pages\/4630\/revisions\/4780"}],"wp:attachment":[{"href":"https:\/\/archiwumnauki.pan.pl\/index.php?rest_route=%2Fwp%2Fv2%2Fmedia&parent=4630"}],"curies":[{"name":"wp","href":"https:\/\/api.w.org\/{rel}","templated":true}]}}