{"id":4618,"date":"2023-03-24T16:57:38","date_gmt":"2023-03-24T15:57:38","guid":{"rendered":"https:\/\/archiwumnauki.pan.pl\/?page_id=4618"},"modified":"2023-03-29T09:57:59","modified_gmt":"2023-03-29T07:57:59","slug":"4618-2","status":"publish","type":"page","link":"https:\/\/archiwumnauki.pan.pl\/?page_id=4618","title":{"rendered":"Akta Oddzia\u0142u Polskiego Towarzystwa Historycznego w Krakowie (sygn. K I\u20139)"},"content":{"rendered":"<p style=\"text-align: justify;\">W 1902 roku powsta\u0142o w Krakowie Ko\u0142o Cz\u0142onk\u00f3w Towarzystwa Historycznego we Lwowie. W roku 1912 z inicjatywy przede wszystkim Fryderyka Pape\u00e9 powsta\u0142o w Krakowie samodzielne ko\u0142o Towarzystwa Historycznego.<\/p>\n<p style=\"text-align: justify;\">Akta Oddzia\u0142u Krakowskiego PTH (sygn. K I\u20139) obejmuj\u0105:<\/p>\n<ul style=\"text-align: justify;\">\n<li style=\"text-align: justify;\">protoko\u0142y posiedze\u0144 Zarz\u0105du, zebra\u0144, czynno\u015bci Oddzia\u0142u (1927\u20131957);<\/li>\n<li style=\"text-align: justify;\">sprawozdania z dzia\u0142alno\u015bci (1946\u20131956), wykazy cz\u0142onk\u00f3w i sk\u0142adek cz\u0142onkowskich (1913\u20131946);<\/li>\n<li style=\"text-align: justify;\">dziennik podawczy Oddzia\u0142u (1950\u20131959);<\/li>\n<li style=\"text-align: justify;\">korespondencja w sprawach wydawniczych, zebra\u0144 naukowych, finansowych oraz VII-go mi\u0119dzynarodowego Kongresu Historyk\u00f3w (1913\u20131930);<\/li>\n<li style=\"text-align: justify;\">protok\u00f3\u0142 konferencji po\u015bwi\u0119conej dyskusji nad makiet\u0105 tomu I Historii Polski zorganizowanej wsp\u00f3lnie z UJ (1956);<\/li>\n<li style=\"text-align: justify;\">materia\u0142y organizacyjne VIII Powszechnego Zjazdu Historyk\u00f3w Polskich w Krakowie (1958);<\/li>\n<li style=\"text-align: justify;\">bibliografi\u0119 dotycz\u0105c\u0105 Oddzia\u0142u Krakowskiego PTH (1913\u20131939).<\/li>\n<\/ul>\n<p style=\"text-align: justify;\"><em>Piotr Milczanowski<br \/>\n<\/em><span style=\"font-size: 10pt;\">\u0179r\u00f3d\u0142o:\u00a0<em>Przewodnik po zasobie Archiwum PAN,\u00a0<\/em>praca zbiorowa pod kier. H. Krajewska, A. Kulecka, Warszawa 1999.<\/span><\/p>\n<p style=\"text-align: justify;\">Zesp\u00f3\u0142 archiwalny <strong><em>Polskie Towarzystwo Historyczne. Oddzia\u0142 w Krakowie <\/em><\/strong>(sygn. K I\u20139) sk\u0142ada si\u0119 z 1,40 mb. akt. Pomoc ewidencyjn\u0105 stanowi\u0105 spisy zdawczo-odbiorcze.<\/p>\n","protected":false},"excerpt":{"rendered":"<p>W 1902 roku powsta\u0142o w Krakowie Ko\u0142o Cz\u0142onk\u00f3w Towarzystwa Historycznego we Lwowie. W roku 1912 z inicjatywy przede wszystkim Fryderyka Pape\u00e9 powsta\u0142o w Krakowie samodzielne ko\u0142o Towarzystwa Historycznego. Akta Oddzia\u0142u Krakowskiego PTH (sygn. K I\u20139) obejmuj\u0105: protoko\u0142y posiedze\u0144 Zarz\u0105du, zebra\u0144, czynno\u015bci Oddzia\u0142u (1927\u20131957); sprawozdania z dzia\u0142alno\u015bci (1946\u20131956), wykazy cz\u0142onk\u00f3w i sk\u0142adek cz\u0142onkowskich (1913\u20131946); dziennik podawczy &hellip; <\/p>\n<p class=\"read-more\"><a class=\"btn btn-default\" href=\"https:\/\/archiwumnauki.pan.pl\/?page_id=4618\"> Read More<span class=\"screen-reader-text\">  Read More<\/span><\/a><\/p>\n","protected":false},"author":55,"featured_media":0,"parent":0,"menu_order":0,"comment_status":"closed","ping_status":"closed","template":"","meta":[],"_links":{"self":[{"href":"https:\/\/archiwumnauki.pan.pl\/index.php?rest_route=\/wp\/v2\/pages\/4618"}],"collection":[{"href":"https:\/\/archiwumnauki.pan.pl\/index.php?rest_route=\/wp\/v2\/pages"}],"about":[{"href":"https:\/\/archiwumnauki.pan.pl\/index.php?rest_route=\/wp\/v2\/types\/page"}],"author":[{"embeddable":true,"href":"https:\/\/archiwumnauki.pan.pl\/index.php?rest_route=\/wp\/v2\/users\/55"}],"replies":[{"embeddable":true,"href":"https:\/\/archiwumnauki.pan.pl\/index.php?rest_route=%2Fwp%2Fv2%2Fcomments&post=4618"}],"version-history":[{"count":9,"href":"https:\/\/archiwumnauki.pan.pl\/index.php?rest_route=\/wp\/v2\/pages\/4618\/revisions"}],"predecessor-version":[{"id":4808,"href":"https:\/\/archiwumnauki.pan.pl\/index.php?rest_route=\/wp\/v2\/pages\/4618\/revisions\/4808"}],"wp:attachment":[{"href":"https:\/\/archiwumnauki.pan.pl\/index.php?rest_route=%2Fwp%2Fv2%2Fmedia&parent=4618"}],"curies":[{"name":"wp","href":"https:\/\/api.w.org\/{rel}","templated":true}]}}