{"id":4583,"date":"2023-03-24T16:43:08","date_gmt":"2023-03-24T15:43:08","guid":{"rendered":"https:\/\/archiwumnauki.pan.pl\/?page_id=4583"},"modified":"2023-03-29T09:52:23","modified_gmt":"2023-03-29T07:52:23","slug":"akta-biura-ochrony-przyrody-wydzialu-glownego-lasow-generalnego-gubernatorstwa","status":"publish","type":"page","link":"https:\/\/archiwumnauki.pan.pl\/?page_id=4583","title":{"rendered":"Akta Biura Ochrony Przyrody Wydzia\u0142u G\u0142\u00f3wnego Las\u00f3w Generalnego Gubernatorstwa  (sygn. K I\u20138)"},"content":{"rendered":"<p style=\"text-align: justify;\"><strong>Wydzia\u0142 G\u0142\u00f3wny Las\u00f3w Rz\u0105du Generalnego Gubernatorstwa. Biuro Ochrony Przyrody<\/strong> (1939\u20131944).<\/p>\n<p style=\"text-align: justify;\">Korespondencja dotycz\u0105ca ochrony przyrody, ustawodawstwo ochronne, wykaz zwierz\u0105t zas\u0142uguj\u0105cych na ochron\u0119 w GG, sprawozdania z podr\u00f3\u017cy s\u0142u\u017cbowych w sprawach ochrony przyrody, spis urz\u0119d\u00f3w nadzoru las\u00f3w, wykaz teren\u00f3w ochrony przyrody, r\u0119kopisy artyku\u0142\u00f3w.<\/p>\n<p style=\"text-align: justify;\"><em>Marta P\u0142atek (Tylka)<br \/>\n<\/em><span style=\"font-size: 10pt;\">\u0179r\u00f3d\u0142o:\u00a0<em>Przewodnik po zasobie Archiwum PAN,\u00a0<\/em>praca zbiorowa pod kier. H. Krajewska, A. Kulecka, Warszawa 1999<span style=\"font-size: 12pt;\">.<\/span><\/span><\/p>\n<p>&nbsp;<\/p>\n<p style=\"text-align: justify;\"><span style=\"font-size: 12pt;\">Akta <strong>Biura Ochrony Przyrody Wydzia\u0142u G\u0142\u00f3wnego Las\u00f3w Generalnego Gubernatorstwa <\/strong>(sygn. K I\u20138) sk\u0142adaj\u0105 si\u0119 z 15 jednostek archiwalnych (0,21 mb. akt). Do Archiwum wraz z dokumentacj\u0105 Biura przekazano r\u00f3wnie\u017c pomoc ewidencyjn\u0105 w postaci &#8222;Inwentarza zespo\u0142u akt Biura Ochrony Przyrody Wydzia\u0142u G\u0142\u00f3wnego Las\u00f3w Generalnego Gubernatorstwa 1939\u20131944&#8221;, kt\u00f3ry w 2018 r. zosta\u0142 poddany retrokonwersji.<\/span><\/p>\n<p style=\"text-align: justify;\">Link: <a href=\"https:\/\/archiwumnauki.pan.pl\/wp-content\/uploads\/2023\/03\/K-I\u20138-INWENTARZ-zespolu-akt-Biura-Ochrony-Przyrody-Wydzialu-Glownego-Generalnego-Gubernatorstwa-1939\u20131944-retrokonwersja.pdf\">Inwentarz zespo\u0142u akt Biura Ochrony Przyrody Wydzia\u0142u G\u0142\u00f3wnego Las\u00f3w Generalnego Gubernatorstwa 1939\u20131944 \/retrokonwersja\/<\/a><\/p>\n","protected":false},"excerpt":{"rendered":"<p>Wydzia\u0142 G\u0142\u00f3wny Las\u00f3w Rz\u0105du Generalnego Gubernatorstwa. Biuro Ochrony Przyrody (1939\u20131944). Korespondencja dotycz\u0105ca ochrony przyrody, ustawodawstwo ochronne, wykaz zwierz\u0105t zas\u0142uguj\u0105cych na ochron\u0119 w GG, sprawozdania z podr\u00f3\u017cy s\u0142u\u017cbowych w sprawach ochrony przyrody, spis urz\u0119d\u00f3w nadzoru las\u00f3w, wykaz teren\u00f3w ochrony przyrody, r\u0119kopisy artyku\u0142\u00f3w. Marta P\u0142atek (Tylka) \u0179r\u00f3d\u0142o:\u00a0Przewodnik po zasobie Archiwum PAN,\u00a0praca zbiorowa pod kier. H. Krajewska, A. &hellip; <\/p>\n<p class=\"read-more\"><a class=\"btn btn-default\" href=\"https:\/\/archiwumnauki.pan.pl\/?page_id=4583\"> Read More<span class=\"screen-reader-text\">  Read More<\/span><\/a><\/p>\n","protected":false},"author":55,"featured_media":0,"parent":0,"menu_order":0,"comment_status":"closed","ping_status":"closed","template":"","meta":[],"_links":{"self":[{"href":"https:\/\/archiwumnauki.pan.pl\/index.php?rest_route=\/wp\/v2\/pages\/4583"}],"collection":[{"href":"https:\/\/archiwumnauki.pan.pl\/index.php?rest_route=\/wp\/v2\/pages"}],"about":[{"href":"https:\/\/archiwumnauki.pan.pl\/index.php?rest_route=\/wp\/v2\/types\/page"}],"author":[{"embeddable":true,"href":"https:\/\/archiwumnauki.pan.pl\/index.php?rest_route=\/wp\/v2\/users\/55"}],"replies":[{"embeddable":true,"href":"https:\/\/archiwumnauki.pan.pl\/index.php?rest_route=%2Fwp%2Fv2%2Fcomments&post=4583"}],"version-history":[{"count":15,"href":"https:\/\/archiwumnauki.pan.pl\/index.php?rest_route=\/wp\/v2\/pages\/4583\/revisions"}],"predecessor-version":[{"id":4805,"href":"https:\/\/archiwumnauki.pan.pl\/index.php?rest_route=\/wp\/v2\/pages\/4583\/revisions\/4805"}],"wp:attachment":[{"href":"https:\/\/archiwumnauki.pan.pl\/index.php?rest_route=%2Fwp%2Fv2%2Fmedia&parent=4583"}],"curies":[{"name":"wp","href":"https:\/\/api.w.org\/{rel}","templated":true}]}}