{"id":4569,"date":"2023-03-24T16:24:04","date_gmt":"2023-03-24T15:24:04","guid":{"rendered":"https:\/\/archiwumnauki.pan.pl\/?page_id=4569"},"modified":"2023-03-29T09:49:41","modified_gmt":"2023-03-29T07:49:41","slug":"akta-komitetu-ochrony-przyrody-w-krakowie","status":"publish","type":"page","link":"https:\/\/archiwumnauki.pan.pl\/?page_id=4569","title":{"rendered":"Akta Komitetu Ochrony Przyrody w Krakowie  (sygn. K I\u20135)"},"content":{"rendered":"<p style=\"text-align: justify;\"><strong>Komitet Ochrony Przyrody<\/strong> w Krakowie ustanowi\u0142 Minister Wyzna\u0144 Religijnych i O\u015bwiecenia Publicznego rozporz\u0105dzeniem z 25 lutego 1937 r.<\/p>\n<p style=\"text-align: justify;\">Sprawozdania: z zebra\u0144 (1937\u20131939), z posiedzenia Prezydium (1938), z dzia\u0142alno\u015bci (1938); korespondencja w sprawie ochrony przyrody w Tatrach (m. in. w sprawie budowy kolejki linowej z Kalat\u00f3wek na Wr\u00f3tka pod Giewontem), korespondencja dotycz\u0105ca zorganizowania \u201dKo\u0142a \u015al\u0105skiego\u201d KOP w Krakowie, spis cz\u0142onk\u00f3w, dziennik podawczy (15.VII.1937\u201330.VIII.1939).<\/p>\n<p style=\"text-align: justify;\"><em>M. P\u0142atek (Tylka)<br \/>\n<\/em><span style=\"font-size: 10pt;\">\u0179r\u00f3d\u0142o: <em>Przewodnik po zasobie Archiwum PAN,\u00a0<\/em>praca zbiorowa pod kier. H. Krajewska, A. Kulecka, Warszawa 1999.<\/span><\/p>\n<p>&nbsp;<\/p>\n<p style=\"text-align: justify;\">W sk\u0142ad zespo\u0142u akt <strong>Komitetu Ochrony Przyrody w Krakowie<\/strong> (sygn. K I\u20135) wchodzi 12 jednostek archiwalnych (0,12 mb. akt). Do Archiwum przekazano r\u00f3wnie\u017c jako pomoc ewidencyjn\u0105 &#8222;Inwentarz zespo\u0142u akt Komitetu Ochrony Przyrody w Krakowie 1937\u20131939&#8221;, kt\u00f3ry zosta\u0142 poddany retrokonwersji w 2018 roku.<\/p>\n<p style=\"text-align: justify;\">Link: <a href=\"https:\/\/archiwumnauki.pan.pl\/wp-content\/uploads\/2023\/03\/K-I\u20135-INWENTARZ-zespolu-akt-Komitetu-Ochrony-Przyrody-w-Krakowie-1937\u20131939-retrokonwersja.pdf\">Inwentarz zespo\u0142u akt Komitetu Ochrony Przyrody w Krakowie 1937\u20131939 \/retrokonwersja\/<\/a><\/p>\n","protected":false},"excerpt":{"rendered":"<p>Komitet Ochrony Przyrody w Krakowie ustanowi\u0142 Minister Wyzna\u0144 Religijnych i O\u015bwiecenia Publicznego rozporz\u0105dzeniem z 25 lutego 1937 r. Sprawozdania: z zebra\u0144 (1937\u20131939), z posiedzenia Prezydium (1938), z dzia\u0142alno\u015bci (1938); korespondencja w sprawie ochrony przyrody w Tatrach (m. in. w sprawie budowy kolejki linowej z Kalat\u00f3wek na Wr\u00f3tka pod Giewontem), korespondencja dotycz\u0105ca zorganizowania \u201dKo\u0142a \u015al\u0105skiego\u201d KOP &hellip; <\/p>\n<p class=\"read-more\"><a class=\"btn btn-default\" href=\"https:\/\/archiwumnauki.pan.pl\/?page_id=4569\"> Read More<span class=\"screen-reader-text\">  Read More<\/span><\/a><\/p>\n","protected":false},"author":55,"featured_media":0,"parent":0,"menu_order":0,"comment_status":"closed","ping_status":"closed","template":"","meta":[],"_links":{"self":[{"href":"https:\/\/archiwumnauki.pan.pl\/index.php?rest_route=\/wp\/v2\/pages\/4569"}],"collection":[{"href":"https:\/\/archiwumnauki.pan.pl\/index.php?rest_route=\/wp\/v2\/pages"}],"about":[{"href":"https:\/\/archiwumnauki.pan.pl\/index.php?rest_route=\/wp\/v2\/types\/page"}],"author":[{"embeddable":true,"href":"https:\/\/archiwumnauki.pan.pl\/index.php?rest_route=\/wp\/v2\/users\/55"}],"replies":[{"embeddable":true,"href":"https:\/\/archiwumnauki.pan.pl\/index.php?rest_route=%2Fwp%2Fv2%2Fcomments&post=4569"}],"version-history":[{"count":10,"href":"https:\/\/archiwumnauki.pan.pl\/index.php?rest_route=\/wp\/v2\/pages\/4569\/revisions"}],"predecessor-version":[{"id":4802,"href":"https:\/\/archiwumnauki.pan.pl\/index.php?rest_route=\/wp\/v2\/pages\/4569\/revisions\/4802"}],"wp:attachment":[{"href":"https:\/\/archiwumnauki.pan.pl\/index.php?rest_route=%2Fwp%2Fv2%2Fmedia&parent=4569"}],"curies":[{"name":"wp","href":"https:\/\/api.w.org\/{rel}","templated":true}]}}