{"id":4560,"date":"2023-03-24T16:11:05","date_gmt":"2023-03-24T15:11:05","guid":{"rendered":"https:\/\/archiwumnauki.pan.pl\/?page_id=4560"},"modified":"2023-03-28T16:41:43","modified_gmt":"2023-03-28T14:41:43","slug":"materialy-xiv-zjazdu-lekarzy-i-przyrodnikow-polskich-w-poznaniu","status":"publish","type":"page","link":"https:\/\/archiwumnauki.pan.pl\/?page_id=4560","title":{"rendered":"Materia\u0142y XIV Zjazdu Lekarzy i Przyrodnik\u00f3w Polskich w Poznaniu  (sygn. K I\u20134)"},"content":{"rendered":"<p style=\"text-align: justify;\"><strong>XIV Zjazd Lekarzy i Przyrodnik\u00f3w Polskich w Poznaniu <\/strong>odby\u0142 si\u0119 w dniach 11\u201315 wrze\u015bnia 1933 roku.<\/p>\n<p style=\"text-align: justify;\">Akta Komitetu organizacyjnego z l. 1929-1936, m. in. korespondencja dotycz\u0105ca organizacji zjazdu i wydania Pami\u0119tnika, korespondencja finansowa, zaproszenia i zg\u0142oszenia na zjazd.<\/p>\n<p style=\"text-align: justify;\"><span style=\"font-size: 12pt;\"><em>M. P\u0142atek (Tylka)<br \/>\n<\/em><\/span><span style=\"font-size: 10pt;\">\u0179r\u00f3d\u0142o: <em>Przewodnik po zasobie Archiwum PAN,\u00a0<\/em>praca zbiorowa pod kier. H. Krajewska, A. Kulecka, Warszawa 1999.<\/span><\/p>\n<p>&nbsp;<\/p>\n<p style=\"text-align: justify;\">Zesp\u00f3\u0142 archiwalny <strong>XIV Zjazdu Lekarzy i Przyrodnik\u00f3w Polskich w Poznaniu <\/strong>(sygn. K I\u20134) liczy 22 jednostki archiwalne (0,33 mb. akt). Pomoc\u0105 ewidencyjn\u0105 jest inwentarz kartkowy oraz spis tymczasowy.<\/p>\n","protected":false},"excerpt":{"rendered":"<p>XIV Zjazd Lekarzy i Przyrodnik\u00f3w Polskich w Poznaniu odby\u0142 si\u0119 w dniach 11\u201315 wrze\u015bnia 1933 roku. Akta Komitetu organizacyjnego z l. 1929-1936, m. in. korespondencja dotycz\u0105ca organizacji zjazdu i wydania Pami\u0119tnika, korespondencja finansowa, zaproszenia i zg\u0142oszenia na zjazd. M. P\u0142atek (Tylka) \u0179r\u00f3d\u0142o: Przewodnik po zasobie Archiwum PAN,\u00a0praca zbiorowa pod kier. H. Krajewska, A. Kulecka, Warszawa &hellip; <\/p>\n<p class=\"read-more\"><a class=\"btn btn-default\" href=\"https:\/\/archiwumnauki.pan.pl\/?page_id=4560\"> Read More<span class=\"screen-reader-text\">  Read More<\/span><\/a><\/p>\n","protected":false},"author":55,"featured_media":0,"parent":0,"menu_order":0,"comment_status":"closed","ping_status":"closed","template":"","meta":[],"_links":{"self":[{"href":"https:\/\/archiwumnauki.pan.pl\/index.php?rest_route=\/wp\/v2\/pages\/4560"}],"collection":[{"href":"https:\/\/archiwumnauki.pan.pl\/index.php?rest_route=\/wp\/v2\/pages"}],"about":[{"href":"https:\/\/archiwumnauki.pan.pl\/index.php?rest_route=\/wp\/v2\/types\/page"}],"author":[{"embeddable":true,"href":"https:\/\/archiwumnauki.pan.pl\/index.php?rest_route=\/wp\/v2\/users\/55"}],"replies":[{"embeddable":true,"href":"https:\/\/archiwumnauki.pan.pl\/index.php?rest_route=%2Fwp%2Fv2%2Fcomments&post=4560"}],"version-history":[{"count":13,"href":"https:\/\/archiwumnauki.pan.pl\/index.php?rest_route=\/wp\/v2\/pages\/4560\/revisions"}],"predecessor-version":[{"id":4788,"href":"https:\/\/archiwumnauki.pan.pl\/index.php?rest_route=\/wp\/v2\/pages\/4560\/revisions\/4788"}],"wp:attachment":[{"href":"https:\/\/archiwumnauki.pan.pl\/index.php?rest_route=%2Fwp%2Fv2%2Fmedia&parent=4560"}],"curies":[{"name":"wp","href":"https:\/\/api.w.org\/{rel}","templated":true}]}}