{"id":4515,"date":"2023-03-24T14:03:17","date_gmt":"2023-03-24T13:03:17","guid":{"rendered":"https:\/\/archiwumnauki.pan.pl\/?page_id=4515"},"modified":"2025-10-10T10:28:18","modified_gmt":"2025-10-10T08:28:18","slug":"zbiory-archiwalne-an-pan-i-pau-dzial-i","status":"publish","type":"page","link":"https:\/\/archiwumnauki.pan.pl\/?page_id=4515","title":{"rendered":"Zbiory archiwalne AN PAN i PAU \u2013 Dzia\u0142 I"},"content":{"rendered":"<div id=\"right_column\">\n<div align=\"center\">\n<table class=\"tab_dane\" style=\"height: 624px; width: 101.486%;\" cellspacing=\"0\">\n<caption><strong>Materia\u0142y Towarzystwa Naukowego Krakowskiego,<\/strong><br \/>\n<strong>Polskiej Akademii Umiej\u0119tno\u015bci,<\/strong><br \/>\n<strong>towarzystw naukowych oraz innych instytucji naukowych<\/strong><\/caption>\n<tbody>\n<tr style=\"height: 24px;\">\n<th style=\"width: 45.7662%; height: 24px;\" scope=\"col\">Nazwa zespo\u0142u<\/th>\n<th style=\"width: 15.6844%; height: 24px;\" scope=\"col\">Daty skrajne<\/th>\n<th style=\"width: 10.7257%; height: 24px;\" scope=\"col\">Sygn.<\/th>\n<th style=\"width: 14.0498%; height: 24px;\" scope=\"col\">Pomoce archiwalne<\/th>\n<th style=\"width: 18.8105%; height: 24px;\" scope=\"col\">Rozmiar<\/th>\n<\/tr>\n<tr class=\"alt\" style=\"height: 24px;\">\n<td style=\"width: 45.7662%; height: 24px;\"><a href=\"http:\/\/inwentarz.tnk.krakow.pl\/\">Towarzystwo Naukowe Krakowskie<\/a><\/td>\n<td style=\"width: 15.6844%; height: 24px;\">1815\u20131872<\/td>\n<td style=\"width: 10.7257%; height: 24px;\">K I\u20131<\/td>\n<td style=\"width: 14.0498%; height: 24px;\"><a href=\"http:\/\/inwentarz.tnk.krakow.pl\/\">inwentarz<\/a><\/td>\n<td style=\"width: 18.8105%; height: 24px;\">2,35 mb.; 83 j.<\/td>\n<\/tr>\n<tr style=\"height: 48px;\">\n<td style=\"width: 45.7662%; height: 48px;\">Polska Akademia Umiej\u0119tno\u015bci<\/td>\n<td style=\"width: 15.6844%; height: 48px;\">[1858] 1872\u20131952 [2001]<\/td>\n<td style=\"width: 10.7257%; height: 48px;\">K I\u20132<\/td>\n<td style=\"width: 14.0498%; height: 48px;\">inwentarz,<br \/>\nspisy zd.-odb.<\/td>\n<td style=\"width: 18.8105%; height: 48px;\">82 mb.<\/td>\n<\/tr>\n<tr class=\"alt\" style=\"height: 24px;\">\n<td style=\"width: 45.7662%; height: 24px;\"><a href=\"https:\/\/archiwumnauki.pan.pl\/?page_id=4692\">Akademia Nauk Lekarskich<\/a><\/td>\n<td style=\"width: 15.6844%; height: 24px;\">1920\u20131930<\/td>\n<td style=\"width: 10.7257%; height: 24px;\">K I\u20133<\/td>\n<td style=\"width: 14.0498%; height: 24px;\">spis, inwentarz kartkowy<\/td>\n<td style=\"width: 18.8105%; height: 24px;\">0,30 mb., 26 j.<\/td>\n<\/tr>\n<tr class=\"alt\" style=\"height: 24px;\">\n<td style=\"width: 45.7662%; height: 24px;\"><a href=\"https:\/\/archiwumnauki.pan.pl\/?page_id=4560\">XIV Zjazd Lekarzy i Przyrodnik\u00f3w Polskich<\/a><\/td>\n<td style=\"width: 15.6844%; height: 24px;\">1929\u20131933<\/td>\n<td style=\"width: 10.7257%; height: 24px;\">K I\u20134<\/td>\n<td style=\"width: 14.0498%; height: 24px;\">spis, inwentarz kartkowy<\/td>\n<td style=\"width: 18.8105%; height: 24px;\">0,33 mb.; 14 j.<\/td>\n<\/tr>\n<tr style=\"height: 24px;\">\n<td style=\"width: 45.7662%; height: 24px;\"><a href=\"https:\/\/archiwumnauki.pan.pl\/?page_id=4569\">Komitet Ochrony Przyrody<\/a><\/td>\n<td style=\"width: 15.6844%; height: 24px;\">1937\u20131939<\/td>\n<td style=\"width: 10.7257%; height: 24px;\">K I\u20135<\/td>\n<td style=\"width: 14.0498%; height: 24px;\"><a href=\"https:\/\/archiwumnauki.pan.pl\/wp-content\/uploads\/2023\/03\/K-I\u20135-INWENTARZ-zespolu-akt-Komitetu-Ochrony-Przyrody-w-Krakowie-1937\u20131939-retrokonwersja.pdf\">inwentarz<\/a><\/td>\n<td style=\"width: 18.8105%; height: 24px;\">0,12 mb.; 12 j.<\/td>\n<\/tr>\n<tr class=\"alt\" style=\"height: 24px;\">\n<td style=\"width: 45.7662%; height: 24px;\"><a href=\"https:\/\/archiwumnauki.pan.pl\/?page_id=4506\">Pa\u0144stwowa Rada Ochrony Przyrody<\/a><\/td>\n<td style=\"width: 15.6844%; height: 24px;\">1919\u20131949<\/td>\n<td style=\"width: 10.7257%; height: 24px;\">K I\u20136<\/td>\n<td style=\"width: 14.0498%; height: 24px;\"><a href=\"https:\/\/archiwumnauki.pan.pl\/wp-content\/uploads\/2023\/03\/K-I\u20136-Inwentarz-zespolu-akt-Panstwowej-Rady-Ochrony-Przyrody-w-Krakowie-1919-\u2013-1949-retrokonwersja-2017-2023.pdf\">inwentarz<\/a><\/td>\n<td style=\"width: 18.8105%; height: 24px;\">7,66 mb.; 736 j.<\/td>\n<\/tr>\n<tr class=\"alt\" style=\"height: 24px;\">\n<td style=\"width: 45.7662%; height: 24px;\"><a href=\"https:\/\/archiwumnauki.pan.pl\/?page_id=4549\">Komitet Lwowski Pa\u0144stwowej Rady Ochrony Przyrody<\/a><\/td>\n<td style=\"width: 15.6844%; height: 24px;\">1930\u20131942<\/td>\n<td style=\"width: 10.7257%; height: 24px;\">K I\u20137<\/td>\n<td style=\"width: 14.0498%; height: 24px;\"><a href=\"https:\/\/archiwumnauki.pan.pl\/wp-content\/uploads\/2023\/03\/K-I\u20137-INWENTARZ-Zespolu-akt-Lwowskiego-Komitetu-Panstwowej-Rady-Ochrony-Przyrody-1920-\u2013-1939-retrokonwersja.pdf\">inwentarz<\/a><\/td>\n<td style=\"width: 18.8105%; height: 24px;\">0,10 mb.; 6 j.<\/td>\n<\/tr>\n<tr style=\"height: 24px;\">\n<td style=\"width: 45.7662%; height: 24px;\"><a href=\"https:\/\/archiwumnauki.pan.pl\/?page_id=4583\">Biuro Ochrony Przyrody Wydzia\u0142u G\u0142\u00f3wnego Las\u00f3w Generalnego Gubernatorstwa<\/a><\/td>\n<td style=\"width: 15.6844%; height: 24px;\">1939\u20131944<\/td>\n<td style=\"width: 10.7257%; height: 24px;\">K I\u20138<\/td>\n<td style=\"width: 14.0498%; height: 24px;\"><a href=\"https:\/\/archiwumnauki.pan.pl\/wp-content\/uploads\/2023\/03\/K-I\u20138-INWENTARZ-zespolu-akt-Biura-Ochrony-Przyrody-Wydzialu-Glownego-Generalnego-Gubernatorstwa-1939\u20131944-retrokonwersja.pdf\">inwentarz<\/a><\/td>\n<td style=\"width: 18.8105%; height: 24px;\">0,21 mb.; 15 j.<\/td>\n<\/tr>\n<tr class=\"alt\" style=\"height: 24px;\">\n<td style=\"width: 45.7662%; height: 24px;\"><a href=\"https:\/\/archiwumnauki.pan.pl\/?page_id=4618\">Oddzia\u0142 Polskiego Towarzystwa Historycznego w Krakowie<\/a><\/td>\n<td style=\"width: 15.6844%; height: 24px;\">1913\u20131958<\/td>\n<td style=\"width: 10.7257%; height: 24px;\">K I\u20139<\/td>\n<td style=\"width: 14.0498%; height: 24px;\">inwentarz kartkowy, spisy zd.- odb.<\/td>\n<td style=\"width: 18.8105%; height: 24px;\">1,40 mb.<\/td>\n<\/tr>\n<tr style=\"height: 48px;\">\n<td style=\"width: 45.7662%; height: 48px;\"><a href=\"https:\/\/archiwumnauki.pan.pl\/?page_id=4813\">Grupa Robocza ds. Odszkodowa\u0144<br \/>\ndla Wi\u0119\u017ani\u00f3w Zak\u0142ad\u00f3w Ludob\u00f3jstwa Trzeciej Rzeszy oraz dla ich Spadkobierc\u00f3w<\/a><\/td>\n<td style=\"width: 15.6844%; height: 48px;\"><\/td>\n<td style=\"width: 10.7257%; height: 48px;\">K I\u201310<\/td>\n<td style=\"width: 14.0498%; height: 48px;\">spis<\/td>\n<td style=\"width: 18.8105%; height: 48px;\">0,30 mb., 19 j.<\/td>\n<\/tr>\n<tr style=\"height: 24px;\">\n<td style=\"width: 45.7662%; height: 24px;\"><a href=\"https:\/\/archiwumnauki.pan.pl\/?page_id=4630\">Polskie Towarzystwo Geologiczne<\/a><\/td>\n<td style=\"width: 15.6844%; height: 24px;\">1947\u20131992<\/td>\n<td style=\"width: 10.7257%; height: 24px;\">K I\u201311<\/td>\n<td style=\"width: 14.0498%; height: 24px;\">spis<\/td>\n<td style=\"width: 18.8105%; height: 24px;\">4,70 mb.<\/td>\n<\/tr>\n<tr style=\"height: 24px;\">\n<td style=\"width: 45.7662%; height: 24px;\" width=\"714\">Polska Akademia Umiej\u0119tno\u015bci (po 1989)<\/td>\n<td style=\"width: 15.6844%; height: 24px;\">1998\u2013<\/td>\n<td style=\"width: 10.7257%; height: 24px;\">K I\u201312<\/td>\n<td style=\"width: 14.0498%; height: 24px;\">spisy zd.- odb.<\/td>\n<td style=\"height: 24px; width: 18.8105%; text-align: left;\" align=\"right\" width=\"64\" height=\"17\">43,53 mb.<\/td>\n<\/tr>\n<tr style=\"height: 24px;\">\n<td style=\"width: 45.7662%; height: 24px;\"><a href=\"https:\/\/archiwumnauki.pan.pl\/?page_id=4739\">Towarzystwo Przyja\u017ani Polsko-Indyjskiej<\/a><\/td>\n<td style=\"width: 15.6844%; height: 24px;\">1957\u2013?<\/td>\n<td style=\"width: 10.7257%; height: 24px;\">K I\u201313<\/td>\n<td style=\"width: 14.0498%; height: 24px;\">spis<\/td>\n<td style=\"width: 18.8105%; height: 24px;\">1,17 mb.; 83 j.<\/td>\n<\/tr>\n<tr class=\"alt\" style=\"height: 24px;\">\n<td style=\"width: 45.7662%; height: 24px;\"><a href=\"https:\/\/archiwumnauki.pan.pl\/?page_id=4744\">Polskie Towarzystwo Farmakologiczne<\/a><\/td>\n<td style=\"width: 15.6844%; height: 24px;\">1965\u2013<\/td>\n<td style=\"width: 10.7257%; height: 24px;\">K I\u201314<\/td>\n<td style=\"width: 14.0498%; height: 24px;\">spis<\/td>\n<td style=\"width: 18.8105%; height: 24px;\">1,42 mb.; 88 j.<\/td>\n<\/tr>\n<tr style=\"height: 24px;\">\n<td style=\"width: 45.7662%; height: 24px;\">Oddzia\u0142 Towarzystwa Mi\u0142o\u015bnik\u00f3w Wilna i Ziemi Wile\u0144skiej w Krakowie<\/td>\n<td style=\"width: 15.6844%; height: 24px;\">1992\u20132002<\/td>\n<td style=\"width: 10.7257%; height: 24px;\">K I\u201315<\/td>\n<td style=\"width: 14.0498%; height: 24px;\"><\/td>\n<td style=\"width: 18.8105%; height: 24px;\">0,04 mb.<\/td>\n<\/tr>\n<tr style=\"height: 24px;\">\n<td style=\"width: 45.7662%; height: 24px;\"><a href=\"https:\/\/archiwumnauki.pan.pl\/?page_id=4634\">Towarzystwo Mi\u0142o\u015bnik\u00f3w J\u0119zyka Polskiego<\/a><\/td>\n<td style=\"width: 15.6844%; height: 24px;\">1922\u20131983<\/td>\n<td style=\"width: 10.7257%; height: 24px;\">K I\u201316<\/td>\n<td style=\"width: 14.0498%; height: 24px;\">spis<\/td>\n<td style=\"width: 18.8105%; height: 24px;\">23 mb.<\/td>\n<\/tr>\n<tr class=\"alt\" style=\"height: 24px;\">\n<td style=\"width: 45.7662%; height: 24px;\"><a href=\"https:\/\/archiwumnauki.pan.pl\/?page_id=4730\">Polskie Towarzystwo Matematyczne<\/a><\/td>\n<td style=\"width: 15.6844%; height: 24px;\">1919\u2013<\/td>\n<td style=\"width: 10.7257%; height: 24px;\">K I\u201317<\/td>\n<td style=\"width: 14.0498%; height: 24px;\">spis<\/td>\n<td style=\"width: 18.8105%; height: 24px;\">3,10 mb.; 178 j.<\/td>\n<\/tr>\n<tr class=\"alt\" style=\"height: 24px;\">\n<td style=\"width: 45.7662%; height: 24px; text-align: justify;\"><a href=\"https:\/\/archiwumnauki.pan.pl\/?page_id=4762\">Polskie Towarzystwo Toksykologiczne<\/a><\/td>\n<td style=\"width: 15.6844%; height: 24px;\">1978\u2013<\/td>\n<td style=\"width: 10.7257%; height: 24px;\">K I\u201318<\/td>\n<td style=\"width: 14.0498%; height: 24px;\">spis<\/td>\n<td style=\"width: 18.8105%; height: 24px;\">2,43 mb.<\/td>\n<\/tr>\n<tr style=\"height: 24px;\">\n<td style=\"width: 45.7662%; height: 24px;\" width=\"714\">Polskie Towarzystwo Bibliologiczne<\/td>\n<td style=\"width: 15.6844%; height: 24px;\"><\/td>\n<td style=\"width: 10.7257%; height: 24px;\">K I\u201319<\/td>\n<td style=\"width: 14.0498%; height: 24px;\"><\/td>\n<td style=\"height: 24px; width: 18.8105%; text-align: left;\" align=\"right\" width=\"64\" height=\"17\">0,09 mb.<\/td>\n<\/tr>\n<tr style=\"height: 24px;\">\n<td style=\"width: 45.7662%; height: 24px;\" width=\"714\"><a href=\"https:\/\/archiwumnauki.pan.pl\/?page_id=4770\">Instytut Kres\u00f3w Wschodnich im. \u015bw. Brunona Bonifacego<\/a><\/td>\n<td style=\"width: 15.6844%; height: 24px;\">1990\u2013<\/td>\n<td style=\"width: 10.7257%; height: 24px;\">K I\u201320<\/td>\n<td style=\"width: 14.0498%; height: 24px;\">spis<\/td>\n<td class=\"xl65\" style=\"height: 24px; width: 18.8105%; text-align: left;\" align=\"right\" width=\"64\" height=\"17\">0,07 mb.; 7 j.<\/td>\n<\/tr>\n<tr style=\"height: 24px;\">\n<td style=\"width: 45.7662%; height: 24px;\" width=\"714\"><a href=\"https:\/\/archiwumnauki.pan.pl\/?page_id=4810\">Fundacja &#8222;Panteon Narodowy na Ska\u0142ce&#8221;<\/a><\/td>\n<td style=\"width: 15.6844%; height: 24px;\">2006\u20132009<\/td>\n<td style=\"width: 10.7257%; height: 24px;\">K I\u201321<\/td>\n<td style=\"width: 14.0498%; height: 24px;\">spis zd.- odb.<\/td>\n<td style=\"height: 24px; width: 18.8105%; text-align: left;\" align=\"right\" width=\"64\" height=\"17\">0,60 mb.<\/td>\n<\/tr>\n<tr class=\"alt\" style=\"height: 24px;\">\n<td style=\"width: 45.7662%; height: 24px;\"><a href=\"https:\/\/archiwumnauki.pan.pl\/?page_id=4765\">Polskie Towarzystwo J\u0119zykoznawcze<\/a><\/td>\n<td style=\"width: 15.6844%; height: 24px;\">1925\u20131990<\/td>\n<td style=\"width: 10.7257%; height: 24px;\">K I\u201322<\/td>\n<td style=\"width: 14.0498%; height: 24px;\"><a href=\"https:\/\/archiwumnauki.pan.pl\/wp-content\/uploads\/2024\/05\/K-I-22-Polskie-Towarzystwo-Jezykoznawcze-1925-1990-inwentarz-akt.pdf\">inwentarz<\/a><\/td>\n<td style=\"width: 18.8105%; height: 24px;\">1,60 mb.<\/td>\n<\/tr>\n<tr style=\"height: 24px;\">\n<td style=\"width: 45.7662%; height: 24px;\" width=\"714\">Komisja Astronomii Polskiego Tow. Astronautycznego<\/td>\n<td style=\"width: 15.6844%; height: 24px;\"><\/td>\n<td style=\"width: 10.7257%; height: 24px;\">K I\u201323<\/td>\n<td style=\"width: 14.0498%; height: 24px;\"><\/td>\n<td style=\"height: 24px; width: 18.8105%; text-align: left;\" align=\"right\" width=\"64\" height=\"17\">0,01 mb.<\/td>\n<\/tr>\n<\/tbody>\n<\/table>\n<\/div>\n<\/div>\n","protected":false},"excerpt":{"rendered":"<p>Materia\u0142y Towarzystwa Naukowego Krakowskiego, Polskiej Akademii Umiej\u0119tno\u015bci, towarzystw naukowych oraz innych instytucji naukowych Nazwa zespo\u0142u Daty skrajne Sygn. Pomoce archiwalne Rozmiar Towarzystwo Naukowe Krakowskie 1815\u20131872 K I\u20131 inwentarz 2,35 mb.; 83 j. Polska Akademia Umiej\u0119tno\u015bci [1858] 1872\u20131952 [2001] K I\u20132 inwentarz, spisy zd.-odb. 82 mb. Akademia Nauk Lekarskich 1920\u20131930 K I\u20133 spis, inwentarz kartkowy 0,30 &hellip; <\/p>\n<p class=\"read-more\"><a class=\"btn btn-default\" href=\"https:\/\/archiwumnauki.pan.pl\/?page_id=4515\"> Read More<span class=\"screen-reader-text\">  Read More<\/span><\/a><\/p>\n","protected":false},"author":55,"featured_media":0,"parent":0,"menu_order":0,"comment_status":"closed","ping_status":"closed","template":"","meta":[],"_links":{"self":[{"href":"https:\/\/archiwumnauki.pan.pl\/index.php?rest_route=\/wp\/v2\/pages\/4515"}],"collection":[{"href":"https:\/\/archiwumnauki.pan.pl\/index.php?rest_route=\/wp\/v2\/pages"}],"about":[{"href":"https:\/\/archiwumnauki.pan.pl\/index.php?rest_route=\/wp\/v2\/types\/page"}],"author":[{"embeddable":true,"href":"https:\/\/archiwumnauki.pan.pl\/index.php?rest_route=\/wp\/v2\/users\/55"}],"replies":[{"embeddable":true,"href":"https:\/\/archiwumnauki.pan.pl\/index.php?rest_route=%2Fwp%2Fv2%2Fcomments&post=4515"}],"version-history":[{"count":73,"href":"https:\/\/archiwumnauki.pan.pl\/index.php?rest_route=\/wp\/v2\/pages\/4515\/revisions"}],"predecessor-version":[{"id":6930,"href":"https:\/\/archiwumnauki.pan.pl\/index.php?rest_route=\/wp\/v2\/pages\/4515\/revisions\/6930"}],"wp:attachment":[{"href":"https:\/\/archiwumnauki.pan.pl\/index.php?rest_route=%2Fwp%2Fv2%2Fmedia&parent=4515"}],"curies":[{"name":"wp","href":"https:\/\/api.w.org\/{rel}","templated":true}]}}