{"id":4506,"date":"2023-03-24T15:51:16","date_gmt":"2023-03-24T14:51:16","guid":{"rendered":"https:\/\/archiwumnauki.pan.pl\/?page_id=4506"},"modified":"2023-03-29T09:51:34","modified_gmt":"2023-03-29T07:51:34","slug":"4506-2","status":"publish","type":"page","link":"https:\/\/archiwumnauki.pan.pl\/?page_id=4506","title":{"rendered":"Akta Pa\u0144stwowej Rady Ochrony Przyrody (sygn. K I\u20136)"},"content":{"rendered":"<p style=\"text-align: justify;\"><strong>Pa\u0144stwowa Rada Ochrony Przyrody<\/strong> \u2013 organ doradczy i opiniodawczy w\u0142adz Pa\u0144stwa w sprawach ochrony przyrody i gospodarki jej zasobami \u2013 utworzona w roku 1919 pod nazw\u0105 Tymczasowa Pa\u0144stwowa Komisja Ochrony Przyrody, przemianowana w roku 1925 na PROP. W latach 1919 \u2013 1949 przewodnicz\u0105cym by\u0142 W\u0142adys\u0142aw Szafer.<br \/>\nAkta PROP z l. 1919 \u2013 1949:<\/p>\n<ul>\n<li style=\"text-align: justify;\">sprawy organizacyjne (Biuro delegata M.W.R. i O.P. d\/s. ochrony przyrody, Oddzia\u0142y PROP i komitety); sprawozdania (1921 \u2013 1938). Ustawodawstwo dotycz\u0105ce ochrony przyrody (ustawy, rozporz\u0105dzenia, projekty, nowelizacje, opinie korespondencja). Materia\u0142y i korespondencja dotycz\u0105ce ochrony zwierz\u0105t i ro\u015blin, krajobrazu i przyrody nieo\u017cywionej \u2013 bogata dokumentacja dotycz\u0105ca park\u00f3w narodowych (m. in. Tatrza\u0144skiego Parku Narodowego, Parku Narodowego w Czarnochorze), rezerwat\u00f3w przyrody (m. in. w wojew\u00f3dztwie lwowskim, nowogr\u00f3dzkim, poleskim, stanis\u0142awowskim, tarnopolskim), zabytk\u00f3w przyrody (m. in. kartkowy inwentarz zabytk\u00f3w przyrody b. wojew\u00f3dztw wschodnich).<\/li>\n<li style=\"text-align: justify;\">Materia\u0142y i korespondencja dotycz\u0105ca wsp\u00f3\u0142pracy krajowej (instytucje pa\u0144stwowe, naukowe, organizacje spo\u0142eczne) i mi\u0119dzynarodowej (m. in. cz\u0142onkostwo i udzia\u0142 w pracach instytucji ochrony przyrody, udzia\u0142 w mi\u0119dzynarodowych kongresach i zjazdach).<\/li>\n<li style=\"text-align: justify;\">Materia\u0142y redakcyjne dotycz\u0105ce og\u00f3lnych spraw wydawniczych, wymiany krajowej i zagranicznej (kartoteka), materia\u0142y redakcyjne \u201cChro\u0144my Przyrod\u0119 ojczyst\u0105\u201d Rocznik I-V.<\/li>\n<li style=\"text-align: justify;\">Materia\u0142y i korespondencja dotycz\u0105ca popularyzacji ochrony przyrody.<\/li>\n<li style=\"text-align: justify;\">Sprawy finansowo-gospodarcze m. in. inwentarz biura PROP, ksi\u0119ga przychod\u00f3w i rozchod\u00f3w (1937 \u2013 1939, 1946), korespondencja.<\/li>\n<li style=\"text-align: justify;\">Dzienniki podawcze z l. 1946 \u2013 1949.<br \/>\n<em><br \/>\n<\/em><em>M. P\u0142atek (Tylka)<br \/>\n<\/em><span style=\"font-size: 10pt;\">\u0179r\u00f3d\u0142o:\u00a0<em>Przewodnik po zasobie Archiwum PAN,\u00a0<\/em>praca zbiorowa pod kier. H. Krajewska, A. Kulecka, Warszawa 1999.<\/span><\/li>\n<\/ul>\n<p>&nbsp;<\/p>\n<p style=\"text-align: justify;\"><strong>Akta Pa\u0144stwowej Rady Ochrony Przyrody<\/strong> (sygn. K I\u20136) zosta\u0142y przekazane do Archiwum w 1984 roku. Do przekazywanych materia\u0142\u00f3w za\u0142\u0105czono r\u00f3wnie\u017c ewidencj\u0119 w postaci &#8222;Inwentarza zespo\u0142u akt Pa\u0144stwowej Rady Ochrony Przyrody w Krakowie 1919\u20131949&#8221;. W 1995 roku do zespo\u0142u do\u0142\u0105czono dwie jednostki z dop\u0142ywu Muzeum Ogrodu Botanicznego UJ, nie uwzgl\u0119dnione we wspomnianej ewidencji. Akta PROP zawieraj\u0105 7,66 mb. akt (736 jedn. archiwalnych). &#8222;Inwentarz zespo\u0142u akt Pa\u0144stwowej Rady Ochrony Przyrody&#8221; poddano retrokonwersji w 2018 r.<\/p>\n<p style=\"text-align: justify;\">Link: <a href=\"https:\/\/archiwumnauki.pan.pl\/wp-content\/uploads\/2023\/03\/K-I\u20136-Inwentarz-zespolu-akt-Panstwowej-Rady-Ochrony-Przyrody-w-Krakowie-1919-\u2013-1949-retrokonwersja-2017-2023.pdf\">Inwentarz zespo\u0142u akt Pa\u0144stwowej Rady Ochrony Przyrody w Krakowie 1919 \u2013 1949 \/retrokonwersja\/<\/a><\/p>\n","protected":false},"excerpt":{"rendered":"<p>Pa\u0144stwowa Rada Ochrony Przyrody \u2013 organ doradczy i opiniodawczy w\u0142adz Pa\u0144stwa w sprawach ochrony przyrody i gospodarki jej zasobami \u2013 utworzona w roku 1919 pod nazw\u0105 Tymczasowa Pa\u0144stwowa Komisja Ochrony Przyrody, przemianowana w roku 1925 na PROP. W latach 1919 \u2013 1949 przewodnicz\u0105cym by\u0142 W\u0142adys\u0142aw Szafer. Akta PROP z l. 1919 \u2013 1949: sprawy organizacyjne &hellip; <\/p>\n<p class=\"read-more\"><a class=\"btn btn-default\" href=\"https:\/\/archiwumnauki.pan.pl\/?page_id=4506\"> Read More<span class=\"screen-reader-text\">  Read More<\/span><\/a><\/p>\n","protected":false},"author":55,"featured_media":0,"parent":0,"menu_order":0,"comment_status":"closed","ping_status":"closed","template":"","meta":[],"_links":{"self":[{"href":"https:\/\/archiwumnauki.pan.pl\/index.php?rest_route=\/wp\/v2\/pages\/4506"}],"collection":[{"href":"https:\/\/archiwumnauki.pan.pl\/index.php?rest_route=\/wp\/v2\/pages"}],"about":[{"href":"https:\/\/archiwumnauki.pan.pl\/index.php?rest_route=\/wp\/v2\/types\/page"}],"author":[{"embeddable":true,"href":"https:\/\/archiwumnauki.pan.pl\/index.php?rest_route=\/wp\/v2\/users\/55"}],"replies":[{"embeddable":true,"href":"https:\/\/archiwumnauki.pan.pl\/index.php?rest_route=%2Fwp%2Fv2%2Fcomments&post=4506"}],"version-history":[{"count":19,"href":"https:\/\/archiwumnauki.pan.pl\/index.php?rest_route=\/wp\/v2\/pages\/4506\/revisions"}],"predecessor-version":[{"id":4804,"href":"https:\/\/archiwumnauki.pan.pl\/index.php?rest_route=\/wp\/v2\/pages\/4506\/revisions\/4804"}],"wp:attachment":[{"href":"https:\/\/archiwumnauki.pan.pl\/index.php?rest_route=%2Fwp%2Fv2%2Fmedia&parent=4506"}],"curies":[{"name":"wp","href":"https:\/\/api.w.org\/{rel}","templated":true}]}}