{"id":4480,"date":"2023-03-23T19:06:17","date_gmt":"2023-03-23T18:06:17","guid":{"rendered":"https:\/\/archiwumnauki.pan.pl\/?page_id=4480"},"modified":"2024-09-03T14:09:56","modified_gmt":"2024-09-03T12:09:56","slug":"galerie-zdjec","status":"publish","type":"page","link":"https:\/\/archiwumnauki.pan.pl\/?page_id=4480","title":{"rendered":"Galerie zdj\u0119\u0107"},"content":{"rendered":"<p style=\"text-align: center;\">Zach\u0119camy do zapoznania si\u0119 z relacjami fotograficznymi z najwa\u017cniejszych wydarze\u0144 zwi\u0105zanych z dzia\u0142alno\u015bci\u0105 Archiwum Nauki PAN i PAU w Krakowie:<\/p>\n<table style=\"border-collapse: collapse; width: 97.3946%;\">\n<tbody>\n<tr>\n<td style=\"width: 42.8795%;\"><a href=\"https:\/\/archiwumnauki.pan.pl\/?page_id=6240\"><img decoding=\"async\" loading=\"lazy\" class=\"aligncenter wp-image-6245 size-large\" src=\"https:\/\/archiwumnauki.pan.pl\/wp-content\/uploads\/2024\/07\/IMG_5307-1024x683.jpg\" alt=\"\" width=\"640\" height=\"427\" srcset=\"https:\/\/archiwumnauki.pan.pl\/wp-content\/uploads\/2024\/07\/IMG_5307-1024x683.jpg 1024w, https:\/\/archiwumnauki.pan.pl\/wp-content\/uploads\/2024\/07\/IMG_5307-300x200.jpg 300w, https:\/\/archiwumnauki.pan.pl\/wp-content\/uploads\/2024\/07\/IMG_5307-768x512.jpg 768w, https:\/\/archiwumnauki.pan.pl\/wp-content\/uploads\/2024\/07\/IMG_5307-1536x1024.jpg 1536w, https:\/\/archiwumnauki.pan.pl\/wp-content\/uploads\/2024\/07\/IMG_5307-2048x1365.jpg 2048w, https:\/\/archiwumnauki.pan.pl\/wp-content\/uploads\/2024\/07\/IMG_5307-405x270.jpg 405w\" sizes=\"(max-width: 640px) 100vw, 640px\" \/><\/a><\/td>\n<td style=\"width: 368.036%; text-align: center;\"><a href=\"https:\/\/archiwumnauki.pan.pl\/?page_id=6240\"><strong>Wernisa\u017c wystawy <em>Z Fototeki Lanckoro\u0144skich\u2026 Josef Wlha, fotograf i dokumentalista Monarchii Austro-W\u0119gierskiej<\/em><\/strong><\/a><\/p>\n<p style=\"text-align: center;\"><strong>\u00a0<\/strong><\/p>\n<\/td>\n<\/tr>\n<tr>\n<td style=\"width: 42.8795%;\"><a href=\"https:\/\/archiwumnauki.pan.pl\/?p=5966\"><img decoding=\"async\" loading=\"lazy\" class=\"alignnone wp-image-5944 size-large\" src=\"https:\/\/archiwumnauki.pan.pl\/wp-content\/uploads\/2024\/03\/IMG_005-1024x683.jpg\" alt=\"\" width=\"640\" height=\"427\" srcset=\"https:\/\/archiwumnauki.pan.pl\/wp-content\/uploads\/2024\/03\/IMG_005-1024x683.jpg 1024w, https:\/\/archiwumnauki.pan.pl\/wp-content\/uploads\/2024\/03\/IMG_005-300x200.jpg 300w, https:\/\/archiwumnauki.pan.pl\/wp-content\/uploads\/2024\/03\/IMG_005-768x512.jpg 768w, https:\/\/archiwumnauki.pan.pl\/wp-content\/uploads\/2024\/03\/IMG_005-1536x1024.jpg 1536w, https:\/\/archiwumnauki.pan.pl\/wp-content\/uploads\/2024\/03\/IMG_005-2048x1365.jpg 2048w, https:\/\/archiwumnauki.pan.pl\/wp-content\/uploads\/2024\/03\/IMG_005-405x270.jpg 405w\" sizes=\"(max-width: 640px) 100vw, 640px\" \/><\/a><\/td>\n<td style=\"width: 368.036%;\">\n<p style=\"text-align: center;\"><a href=\"https:\/\/archiwumnauki.pan.pl\/?p=5966\"><strong>Dzie\u0144 Kobiet &#8211; wyk\u0142ad Pauliny Krzywdy w Archiwum Narodowym (7 III 2024)<\/strong><\/a><\/p>\n<\/td>\n<\/tr>\n<tr>\n<td style=\"width: 42.8795%;\"><a href=\"https:\/\/archiwumnauki.pan.pl\/?p=5968\"><img decoding=\"async\" loading=\"lazy\" class=\"alignnone wp-image-5934 size-large\" src=\"https:\/\/archiwumnauki.pan.pl\/wp-content\/uploads\/2024\/03\/IMG_3245-1024x683.jpg\" alt=\"\" width=\"640\" height=\"427\" srcset=\"https:\/\/archiwumnauki.pan.pl\/wp-content\/uploads\/2024\/03\/IMG_3245-1024x683.jpg 1024w, https:\/\/archiwumnauki.pan.pl\/wp-content\/uploads\/2024\/03\/IMG_3245-300x200.jpg 300w, https:\/\/archiwumnauki.pan.pl\/wp-content\/uploads\/2024\/03\/IMG_3245-768x512.jpg 768w, https:\/\/archiwumnauki.pan.pl\/wp-content\/uploads\/2024\/03\/IMG_3245-1536x1024.jpg 1536w, https:\/\/archiwumnauki.pan.pl\/wp-content\/uploads\/2024\/03\/IMG_3245-2048x1365.jpg 2048w, https:\/\/archiwumnauki.pan.pl\/wp-content\/uploads\/2024\/03\/IMG_3245-405x270.jpg 405w\" sizes=\"(max-width: 640px) 100vw, 640px\" \/><\/a><\/td>\n<td style=\"width: 368.036%;\">\n<p style=\"text-align: center;\"><a href=\"https:\/\/archiwumnauki.pan.pl\/?p=5968\"><strong>Wizyta Ambasadora Mongolii w Archiwum Nauki (6 III 2024)<\/strong><\/a><\/p>\n<\/td>\n<\/tr>\n<tr>\n<td style=\"width: 42.8795%;\"><a href=\"https:\/\/archiwumnauki.pan.pl\/?p=4080\"><img decoding=\"async\" loading=\"lazy\" class=\"alignnone wp-image-4065 size-large\" src=\"https:\/\/archiwumnauki.pan.pl\/wp-content\/uploads\/2022\/10\/IMG_8438-1024x683.jpg\" alt=\"\" width=\"640\" height=\"427\" srcset=\"https:\/\/archiwumnauki.pan.pl\/wp-content\/uploads\/2022\/10\/IMG_8438-1024x683.jpg 1024w, https:\/\/archiwumnauki.pan.pl\/wp-content\/uploads\/2022\/10\/IMG_8438-300x200.jpg 300w, https:\/\/archiwumnauki.pan.pl\/wp-content\/uploads\/2022\/10\/IMG_8438-768x512.jpg 768w, https:\/\/archiwumnauki.pan.pl\/wp-content\/uploads\/2022\/10\/IMG_8438-1536x1024.jpg 1536w, https:\/\/archiwumnauki.pan.pl\/wp-content\/uploads\/2022\/10\/IMG_8438-2048x1365.jpg 2048w, https:\/\/archiwumnauki.pan.pl\/wp-content\/uploads\/2022\/10\/IMG_8438-405x270.jpg 405w\" sizes=\"(max-width: 640px) 100vw, 640px\" \/><\/a><\/td>\n<td style=\"width: 368.036%;\">\n<p style=\"text-align: center;\"><a href=\"https:\/\/archiwumnauki.pan.pl\/?p=4080\"><strong>Jubileusz 150-lecia Polskiej Akademii Umiej\u0119tno\u015bci &#8211; wernisa\u017c wystawy (17 X 2022)<\/strong><\/a><\/p>\n<\/td>\n<\/tr>\n<tr>\n<td style=\"width: 42.8795%;\"><a href=\"https:\/\/archiwumnauki.pan.pl\/?page_id=3995\"><img decoding=\"async\" loading=\"lazy\" class=\"alignnone wp-image-3992 size-large\" src=\"https:\/\/archiwumnauki.pan.pl\/wp-content\/uploads\/2022\/09\/IMG_8104-1024x683.jpg\" alt=\"\" width=\"640\" height=\"427\" srcset=\"https:\/\/archiwumnauki.pan.pl\/wp-content\/uploads\/2022\/09\/IMG_8104-1024x683.jpg 1024w, https:\/\/archiwumnauki.pan.pl\/wp-content\/uploads\/2022\/09\/IMG_8104-300x200.jpg 300w, https:\/\/archiwumnauki.pan.pl\/wp-content\/uploads\/2022\/09\/IMG_8104-768x512.jpg 768w, https:\/\/archiwumnauki.pan.pl\/wp-content\/uploads\/2022\/09\/IMG_8104-1536x1024.jpg 1536w, https:\/\/archiwumnauki.pan.pl\/wp-content\/uploads\/2022\/09\/IMG_8104-2048x1365.jpg 2048w, https:\/\/archiwumnauki.pan.pl\/wp-content\/uploads\/2022\/09\/IMG_8104-405x270.jpg 405w\" sizes=\"(max-width: 640px) 100vw, 640px\" \/><\/a><\/td>\n<td style=\"width: 368.036%;\">\n<p style=\"text-align: center;\"><a href=\"https:\/\/archiwumnauki.pan.pl\/?page_id=3995\"><strong>Spotkanie z uczestnikami czechos\u0142owacko-polskiej ekspedycji na Cotopaxi w 1972 (29 IX 2022)<\/strong><\/a><\/p>\n<\/td>\n<\/tr>\n<tr>\n<td style=\"width: 42.8795%;\"><a href=\"https:\/\/archiwumnauki.pan.pl\/?page_id=3855\"><img decoding=\"async\" loading=\"lazy\" class=\"alignnone wp-image-3846 size-large\" src=\"https:\/\/archiwumnauki.pan.pl\/wp-content\/uploads\/2022\/07\/IMG_7727-1024x683.jpg\" alt=\"\" width=\"640\" height=\"427\" srcset=\"https:\/\/archiwumnauki.pan.pl\/wp-content\/uploads\/2022\/07\/IMG_7727-1024x683.jpg 1024w, https:\/\/archiwumnauki.pan.pl\/wp-content\/uploads\/2022\/07\/IMG_7727-300x200.jpg 300w, https:\/\/archiwumnauki.pan.pl\/wp-content\/uploads\/2022\/07\/IMG_7727-768x512.jpg 768w, https:\/\/archiwumnauki.pan.pl\/wp-content\/uploads\/2022\/07\/IMG_7727-1536x1024.jpg 1536w, https:\/\/archiwumnauki.pan.pl\/wp-content\/uploads\/2022\/07\/IMG_7727-2048x1365.jpg 2048w, https:\/\/archiwumnauki.pan.pl\/wp-content\/uploads\/2022\/07\/IMG_7727-405x270.jpg 405w\" sizes=\"(max-width: 640px) 100vw, 640px\" \/><\/a><\/td>\n<td style=\"width: 368.036%; text-align: center;\"><strong><a href=\"https:\/\/archiwumnauki.pan.pl\/?page_id=3855\">Wyk\u0142ad dr. Wojciecha Frazika o \u017cyciu i dzia\u0142alno\u015bci prof. Wojciecha Felczaka (15 VII 2022)<\/a><\/strong><\/p>\n<p style=\"text-align: center;\"><strong>\u00a0<\/strong><\/p>\n<\/td>\n<\/tr>\n<tr>\n<td style=\"width: 42.8795%;\"><a href=\"https:\/\/archiwumnauki.pan.pl\/?page_id=3886\"><img decoding=\"async\" loading=\"lazy\" class=\"alignnone wp-image-3545 size-large\" src=\"https:\/\/archiwumnauki.pan.pl\/wp-content\/uploads\/2022\/04\/IMG_5522-1024x683.jpg\" alt=\"\" width=\"640\" height=\"427\" srcset=\"https:\/\/archiwumnauki.pan.pl\/wp-content\/uploads\/2022\/04\/IMG_5522-1024x683.jpg 1024w, https:\/\/archiwumnauki.pan.pl\/wp-content\/uploads\/2022\/04\/IMG_5522-300x200.jpg 300w, https:\/\/archiwumnauki.pan.pl\/wp-content\/uploads\/2022\/04\/IMG_5522-768x512.jpg 768w, https:\/\/archiwumnauki.pan.pl\/wp-content\/uploads\/2022\/04\/IMG_5522-1536x1024.jpg 1536w, https:\/\/archiwumnauki.pan.pl\/wp-content\/uploads\/2022\/04\/IMG_5522-2048x1365.jpg 2048w, https:\/\/archiwumnauki.pan.pl\/wp-content\/uploads\/2022\/04\/IMG_5522-405x270.jpg 405w\" sizes=\"(max-width: 640px) 100vw, 640px\" \/><\/a><\/td>\n<td style=\"width: 368.036%; text-align: center;\"><strong><a href=\"https:\/\/archiwumnauki.pan.pl\/?page_id=3886\">Konferencja oraz wernisa\u017c wystawy po\u015bwi\u0119cone Renacie Dutkowej (22 IV 2022)<\/a><\/strong><strong>\u00a0<\/strong><\/td>\n<\/tr>\n<tr>\n<td style=\"width: 42.8795%;\"><a href=\"https:\/\/archiwumnauki.pan.pl\/?p=1910\"><img decoding=\"async\" loading=\"lazy\" class=\"alignnone\" src=\"https:\/\/archiwumnauki.pan.pl\/wp-content\/uploads\/2019\/10\/IMG_2481.jpg?gid=10\" alt=\"\" width=\"6000\" height=\"4000\" \/><\/a><\/td>\n<td style=\"width: 368.036%;\">\n<p style=\"text-align: center;\"><strong><a href=\"https:\/\/archiwumnauki.pan.pl\/?p=1910\">Relacja fotograficzna ze spotkania archiwist\u00f3w zak\u0142adowych PAN (29 X 2019)<\/a><\/strong><\/p>\n<\/td>\n<\/tr>\n<tr>\n<td style=\"width: 42.8795%;\"><a href=\"https:\/\/archiwumnauki.pan.pl\/?page_id=1850\"><img decoding=\"async\" loading=\"lazy\" class=\"alignnone\" src=\"https:\/\/archiwumnauki.pan.pl\/wp-content\/uploads\/2019\/10\/IMG_2083.jpg?gid=9\" alt=\"\" width=\"6000\" height=\"4000\" \/><\/a><\/td>\n<td style=\"width: 368.036%;\">\n<p style=\"text-align: center;\"><strong><a href=\"https:\/\/archiwumnauki.pan.pl\/?page_id=1850\">Wernisa\u017c wystawy \u201eWalery Goetel (1889 \u2013 1972): Urodzi\u0142em si\u0119 jako jeden z tych,<br \/>\nkt\u00f3rzy maj\u0105 ciekawo\u015b\u0107 \u015bwiata\u2026 W 130. rocznic\u0119 urodzin Walerego Goetla<br \/>\ni 100-lecie powstania Akademii G\u00f3rniczo-Hutniczej w Krakowie\u201d (16 X 2019)<\/a><\/strong><\/p>\n<\/td>\n<\/tr>\n<tr>\n<td style=\"width: 42.8795%;\"><a href=\"https:\/\/archiwumnauki.pan.pl\/?p=1719\"><img decoding=\"async\" loading=\"lazy\" class=\"alignnone\" src=\"https:\/\/archiwumnauki.pan.pl\/wp-content\/uploads\/2019\/10\/IMG_1982.jpg?gid=8\" alt=\"\" width=\"6000\" height=\"4000\" \/><\/a><\/td>\n<td style=\"width: 368.036%;\">\n<p style=\"text-align: center;\"><strong><a href=\"https:\/\/archiwumnauki.pan.pl\/?p=1719\">Konferencja \u201eSpu\u015bcizna w XXI wieku \u2013 problemy gromadzenia, opracowywania i udost\u0119pniania\u201d (16 X 2019)<\/a><\/strong><\/p>\n<\/td>\n<\/tr>\n<tr>\n<td style=\"width: 42.8795%;\"><a href=\"https:\/\/archiwumnauki.pan.pl\/?page_id=1680\"><img decoding=\"async\" loading=\"lazy\" class=\"aligncenter\" src=\"https:\/\/archiwumnauki.pan.pl\/wp-content\/uploads\/2019\/10\/IMG_1868-1.jpg\" alt=\"\" width=\"6000\" height=\"4000\" \/><\/a><\/td>\n<td style=\"width: 368.036%;\">\n<p style=\"text-align: center;\"><strong><a href=\"https:\/\/archiwumnauki.pan.pl\/?page_id=1680\">Wizyta ambasadora Mongolii w Archiwum Nauki PAN i PAU (30 IX 2019)<\/a><\/strong><\/p>\n<\/td>\n<\/tr>\n<\/tbody>\n<\/table>\n<p>&nbsp;<\/p>\n","protected":false},"excerpt":{"rendered":"<p>Zach\u0119camy do zapoznania si\u0119 z relacjami fotograficznymi z najwa\u017cniejszych wydarze\u0144 zwi\u0105zanych z dzia\u0142alno\u015bci\u0105 Archiwum Nauki PAN i PAU w Krakowie: Wernisa\u017c wystawy Z Fototeki Lanckoro\u0144skich\u2026 Josef Wlha, fotograf i dokumentalista Monarchii Austro-W\u0119gierskiej \u00a0 Dzie\u0144 Kobiet &#8211; wyk\u0142ad Pauliny Krzywdy w Archiwum Narodowym (7 III 2024) Wizyta Ambasadora Mongolii w Archiwum Nauki (6 III 2024) Jubileusz &hellip; <\/p>\n<p class=\"read-more\"><a class=\"btn btn-default\" href=\"https:\/\/archiwumnauki.pan.pl\/?page_id=4480\"> Read More<span class=\"screen-reader-text\">  Read More<\/span><\/a><\/p>\n","protected":false},"author":55,"featured_media":0,"parent":0,"menu_order":0,"comment_status":"closed","ping_status":"closed","template":"","meta":[],"_links":{"self":[{"href":"https:\/\/archiwumnauki.pan.pl\/index.php?rest_route=\/wp\/v2\/pages\/4480"}],"collection":[{"href":"https:\/\/archiwumnauki.pan.pl\/index.php?rest_route=\/wp\/v2\/pages"}],"about":[{"href":"https:\/\/archiwumnauki.pan.pl\/index.php?rest_route=\/wp\/v2\/types\/page"}],"author":[{"embeddable":true,"href":"https:\/\/archiwumnauki.pan.pl\/index.php?rest_route=\/wp\/v2\/users\/55"}],"replies":[{"embeddable":true,"href":"https:\/\/archiwumnauki.pan.pl\/index.php?rest_route=%2Fwp%2Fv2%2Fcomments&post=4480"}],"version-history":[{"count":17,"href":"https:\/\/archiwumnauki.pan.pl\/index.php?rest_route=\/wp\/v2\/pages\/4480\/revisions"}],"predecessor-version":[{"id":6305,"href":"https:\/\/archiwumnauki.pan.pl\/index.php?rest_route=\/wp\/v2\/pages\/4480\/revisions\/6305"}],"wp:attachment":[{"href":"https:\/\/archiwumnauki.pan.pl\/index.php?rest_route=%2Fwp%2Fv2%2Fmedia&parent=4480"}],"curies":[{"name":"wp","href":"https:\/\/api.w.org\/{rel}","templated":true}]}}