{"id":4471,"date":"2023-03-23T17:29:51","date_gmt":"2023-03-23T16:29:51","guid":{"rendered":"https:\/\/archiwumnauki.pan.pl\/?page_id=4471"},"modified":"2023-03-29T16:13:29","modified_gmt":"2023-03-29T14:13:29","slug":"materialy-waclawa-felczaka-1916-1993-sygn-k-iii-145","status":"publish","type":"page","link":"https:\/\/archiwumnauki.pan.pl\/?page_id=4471","title":{"rendered":"Materia\u0142y Wac\u0142awa Felczaka (1916\u20131993) \u2013 sygn. K III\u2013145"},"content":{"rendered":"<p style=\"text-align: justify;\"><strong>Wac\u0142aw Felczak\u00a0<\/strong>(1916\u20131993) by\u0142 polskim profesorem, historykiem, wieloletnim pracownikiem naukowym Uniwersytetu Jagiello\u0144skiego, specjalist\u0105 od dziej\u00f3w Europy \u015arodkowej ze szczeg\u00f3lnym uwzgl\u0119dnieniem W\u0119gier i kraj\u00f3w ba\u0142ka\u0144skich.<\/p>\n<p style=\"text-align: justify;\">Absolwent kierunku historia na Uniwersytecie Pozna\u0144skim. Od 1938 r. przebywa\u0142 na W\u0119grzech dzi\u0119ki stypendium naukowemu tamtejszego rz\u0105du, gdzie przygotowywa\u0142 si\u0119 do napisania pracy doktorskiej. Publikowa\u0142 artyku\u0142y o sytuacji na W\u0119grzech w &#8222;Dzienniku Bydgoskim&#8221;. W okresie 1939\u20131945 by\u0142 uczestnikiem konspiracji antyniemieckiej, kurierem rz\u0105du RP w Londynie i organizatorem plac\u00f3wki \u0142\u0105czno\u015bci pomi\u0119dzy polskim podziemiem a w\u0142adzami emigracyjnymi w Budapeszcie. Po wojnie kontynuowa\u0142 dzia\u0142alno\u015b\u0107 konspiracyjn\u0105 i kuriersk\u0105, skutkiem czego w 1948 r. zosta\u0142 aresztowany przez komunistyczny aparat bezpiecze\u0144stwa. Skazany na do\u017cywocie, przebywa\u0142 w wi\u0119zieniu w latach 1948\u2013 1956, opu\u015bci\u0142 je na mocy amnestii.<\/p>\n<p style=\"text-align: justify;\">Od 1958 roku by\u0142 pracownikiem naukowym Instytutu Historii UJ. Bada\u0142 dzieje W\u0119gier i narod\u00f3w ba\u0142ka\u0144skich oraz stosunki mi\u0119dzy Polsk\u0105 a tymi krajami. Hungarofil, od 1965 r. wielokrotnie udawa\u0142 si\u0119 na W\u0119gry, gdzie patronowa\u0142 grupie patriotycznie i antykomunistycznie nastawionej inteligencji w\u0119gierskiej. W 1993, na kr\u00f3tko przed \u015bmierci\u0105, otrzyma\u0142 z r\u0105k prezydenta RP nominacj\u0119 na profesora.<\/p>\n<p style=\"text-align: justify;\">Spu\u015bcizna Wac\u0142awa Felczaka zosta\u0142a przekazana do Archiwum wkr\u00f3tce po jego \u015bmierci, w styczniu 1994 roku. Wchodz\u0105ce w jej sk\u0142ad materia\u0142y stanowi\u0105 ok. 2,60 mb. Spu\u015bcizna jest w trakcie opracowania.<\/p>\n<p>Materia\u0142y Wac\u0142awa Felczaka (sygn. K III\u2013145) sk\u0142adaj\u0105 si\u0119 m.in. z:<\/p>\n<ul>\n<li>prac w\u0142asnych tw\u00f3rcy spu\u015bcizny (w tym: prac szkolnych i akademickich, maszynopis\u00f3w prac naukowych, fragmenty wspomnie\u0144 opublikowanych w &#8222;Tygodniku Powszechnym&#8221;, teksty wyk\u0142ad\u00f3w i referat\u00f3w, recenzji prac naukowych) oraz materia\u0142\u00f3w warsztatowych,<\/li>\n<li>materia\u0142\u00f3w dzia\u0142alno\u015bci dydaktycznej i organizacyjnej na Uniwersytecie Jagiello\u0144skim oraz dzia\u0142alno\u015bci spo\u0142ecznej,<\/li>\n<li>materia\u0142\u00f3w biograficznych (w tym m.in. \u015bwiadectw szkolnych, dokument\u00f3w akademickich i zwi\u0105zanych z pobytem na W\u0119grzech w ramach stypendium 1938\u20131939, dokument\u00f3w osobistych z okresu dzia\u0142alno\u015bci w czasie II wojny \u015bwiatowej, w tym r\u00f3wnie\u017c sfa\u0142szowanych na potrzeby dzia\u0142alno\u015bci konspiracyjnej, kopie materia\u0142\u00f3w UB dot. Felczaka przekazane mu po 1989 r. przez Urz\u0105d Ochrony Pa\u0144stwa); zachowa\u0142 si\u0119 bogaty zbi\u00f3r dokumentuj\u0105cych \u017cycie W. Felczaka fotografii;<\/li>\n<li>materia\u0142\u00f3w redakcyjnych (w tym dotycz\u0105cych redakcji zbioru esej\u00f3w H. Wereszyckiego \u201eNiewygas\u0142a przesz\u0142o\u015b\u0107\u201d) i zwi\u0105zanych z dzia\u0142alno\u015bci\u0105 wydawnicz\u0105 (umowy, korespondencja),<\/li>\n<li>licznie zachowanej korespondencji wp\u0142ywaj\u0105cej i wychodz\u0105cej (w tym listy od T. Chciuka-Celta, G. Korczy\u0144skiego, P. Wandycza, H. Wereszyckiego oraz korespondencja z rodzin\u0105, r\u00f3wnie\u017c prowadzona z wi\u0119zienia),<\/li>\n<li>materia\u0142\u00f3w rodziny Felczak\u00f3w (w tym tableau rodzinne),<\/li>\n<li>za\u0142\u0105cznikami do spu\u015bcizny s\u0105 m.in. dwa odznaczenia W. Felczaka, zbiory prasy i druk\u00f3w (w tym wydawnictw podziemnych z lat 80. XX wieku).<\/li>\n<\/ul>\n<p><em>M. Pir\u00f3g<\/em><\/p>\n","protected":false},"excerpt":{"rendered":"<p>Wac\u0142aw Felczak\u00a0(1916\u20131993) by\u0142 polskim profesorem, historykiem, wieloletnim pracownikiem naukowym Uniwersytetu Jagiello\u0144skiego, specjalist\u0105 od dziej\u00f3w Europy \u015arodkowej ze szczeg\u00f3lnym uwzgl\u0119dnieniem W\u0119gier i kraj\u00f3w ba\u0142ka\u0144skich. Absolwent kierunku historia na Uniwersytecie Pozna\u0144skim. Od 1938 r. przebywa\u0142 na W\u0119grzech dzi\u0119ki stypendium naukowemu tamtejszego rz\u0105du, gdzie przygotowywa\u0142 si\u0119 do napisania pracy doktorskiej. Publikowa\u0142 artyku\u0142y o sytuacji na W\u0119grzech w &#8222;Dzienniku &hellip; <\/p>\n<p class=\"read-more\"><a class=\"btn btn-default\" href=\"https:\/\/archiwumnauki.pan.pl\/?page_id=4471\"> Read More<span class=\"screen-reader-text\">  Read More<\/span><\/a><\/p>\n","protected":false},"author":55,"featured_media":0,"parent":0,"menu_order":0,"comment_status":"closed","ping_status":"closed","template":"","meta":[],"_links":{"self":[{"href":"https:\/\/archiwumnauki.pan.pl\/index.php?rest_route=\/wp\/v2\/pages\/4471"}],"collection":[{"href":"https:\/\/archiwumnauki.pan.pl\/index.php?rest_route=\/wp\/v2\/pages"}],"about":[{"href":"https:\/\/archiwumnauki.pan.pl\/index.php?rest_route=\/wp\/v2\/types\/page"}],"author":[{"embeddable":true,"href":"https:\/\/archiwumnauki.pan.pl\/index.php?rest_route=\/wp\/v2\/users\/55"}],"replies":[{"embeddable":true,"href":"https:\/\/archiwumnauki.pan.pl\/index.php?rest_route=%2Fwp%2Fv2%2Fcomments&post=4471"}],"version-history":[{"count":7,"href":"https:\/\/archiwumnauki.pan.pl\/index.php?rest_route=\/wp\/v2\/pages\/4471\/revisions"}],"predecessor-version":[{"id":4828,"href":"https:\/\/archiwumnauki.pan.pl\/index.php?rest_route=\/wp\/v2\/pages\/4471\/revisions\/4828"}],"wp:attachment":[{"href":"https:\/\/archiwumnauki.pan.pl\/index.php?rest_route=%2Fwp%2Fv2%2Fmedia&parent=4471"}],"curies":[{"name":"wp","href":"https:\/\/api.w.org\/{rel}","templated":true}]}}