{"id":4466,"date":"2023-03-23T16:58:09","date_gmt":"2023-03-23T15:58:09","guid":{"rendered":"https:\/\/archiwumnauki.pan.pl\/?page_id=4466"},"modified":"2023-03-29T15:16:07","modified_gmt":"2023-03-29T13:16:07","slug":"materialy-jana-grzegorzewskiego-1849-1922-sygn-k-iii-6","status":"publish","type":"page","link":"https:\/\/archiwumnauki.pan.pl\/?page_id=4466","title":{"rendered":"Materia\u0142y Jana Grzegorzewskiego (1849\u20131922) \u2013 sygn. K III\u20136"},"content":{"rendered":"<p style=\"text-align: justify;\"><strong>Jan Grzegorzewski (1849\u20131922)\u00a0<\/strong>by\u0142 polskim orientalist\u0105 (jednym z prekursor\u00f3w tej dziedziny badawczej), slawist\u0105 i etnografem, literatem i publicyst\u0105, dzia\u0142aczem spo\u0142ecznym, cz\u0142onkiem Towarzystwa dla Popierania Nauki Polskiej we Lwowie oraz Komisji Orientalistycznej Polskiej Akademii Umiej\u0119tno\u015bci. W 1915 r. rozpocz\u0105\u0142 wydawanie &#8222;Rocznika Orientalistycznego&#8221;. Bada\u0142 m.in. kultur\u0119 i j\u0119zyk Karaim\u00f3w oraz etnografi\u0119 Spisza, Podhala i \u015al\u0105ska Cieszy\u0144skiego.<\/p>\n<p style=\"text-align: justify;\">Spu\u015bcizna Jana Grzegorzewskiego (sygn. K III\u20136) zosta\u0142a przekazana do Archiwum w ramach kilku dar\u00f3w i przekaz\u00f3w w latach 1958\u20131969. Oznaczona sygnatur\u0105 K III\u20136, sk\u0142ada si\u0119 z oko\u0142o 0,40 mb. akt, podzielonych na 38 jednostek archiwalnych.<\/p>\n<p style=\"text-align: justify;\">W archiwum osobistym Jana Grzegorzewskiego znajduj\u0105 si\u0119 materia\u0142y jego tw\u00f3rczo\u015bci, w tym artyku\u0142y, odczyty, prace literackie (nowele, opowiadania, fragmenty powie\u015bci), a tak\u017ce materia\u0142y warsztatowe, g\u0142\u00f3wnie dotycz\u0105ce Karaim\u00f3w: notatki, wypisy archiwalne i z literatury, notatki bibliograficzne, materia\u0142y s\u0142ownikowe, t\u0142umaczenia. Opr\u00f3cz tego w spu\u015bci\u017anie znajdziemy materia\u0142y dzia\u0142alno\u015bci, m.in. bruliony projekt\u00f3w organizacji Departamentu Wschodniego austriackiego Ministerstwa Spraw Zagranicznych i zjazdu orientalist\u00f3w polskich w Konstantynopolu (wrzesie\u0144 1914), a tak\u017ce materia\u0142y biograficzne, w tym autobiografi\u0119, wykaz prac i zdj\u0119cie portretowe oprawione w ramy. Korespondencja Grzegorzewskiego z l. 1890\u20131922 stanowi niewielk\u0119 cz\u0119\u015b\u0107 spu\u015bcizny. Znajduj\u0105 si\u0119 w tej grupie listy do Kamila Gi\u017cyckiego i I. Sziszmanowa czy od W\u0142adys\u0142awa Kotwicza. Za\u0142\u0105czniki do spu\u015bcizny stanowi\u0105 odezwy i wycinki prasowe z lat 1897\u20131901.<\/p>\n<p style=\"text-align: justify;\">Materia\u0142y Jana Grzegorzewskiego zosta\u0142y opracowane przez Zofi\u0119 Bonerowsk\u0105. Inwentarz do spu\u015bcizny opublikowano w <a href=\"https:\/\/archiwum.pan.pl\/images\/wydawnictwa\/Biuletyn_32.pdf\">&#8222;Biuletynie Archiwum PAN&#8221; nr 32 z 1989, s. 17\u201329<\/a>.<\/p>\n","protected":false},"excerpt":{"rendered":"<p>Jan Grzegorzewski (1849\u20131922)\u00a0by\u0142 polskim orientalist\u0105 (jednym z prekursor\u00f3w tej dziedziny badawczej), slawist\u0105 i etnografem, literatem i publicyst\u0105, dzia\u0142aczem spo\u0142ecznym, cz\u0142onkiem Towarzystwa dla Popierania Nauki Polskiej we Lwowie oraz Komisji Orientalistycznej Polskiej Akademii Umiej\u0119tno\u015bci. W 1915 r. rozpocz\u0105\u0142 wydawanie &#8222;Rocznika Orientalistycznego&#8221;. Bada\u0142 m.in. kultur\u0119 i j\u0119zyk Karaim\u00f3w oraz etnografi\u0119 Spisza, Podhala i \u015al\u0105ska Cieszy\u0144skiego. Spu\u015bcizna Jana &hellip; <\/p>\n<p class=\"read-more\"><a class=\"btn btn-default\" href=\"https:\/\/archiwumnauki.pan.pl\/?page_id=4466\"> Read More<span class=\"screen-reader-text\">  Read More<\/span><\/a><\/p>\n","protected":false},"author":55,"featured_media":0,"parent":0,"menu_order":0,"comment_status":"closed","ping_status":"closed","template":"","meta":[],"_links":{"self":[{"href":"https:\/\/archiwumnauki.pan.pl\/index.php?rest_route=\/wp\/v2\/pages\/4466"}],"collection":[{"href":"https:\/\/archiwumnauki.pan.pl\/index.php?rest_route=\/wp\/v2\/pages"}],"about":[{"href":"https:\/\/archiwumnauki.pan.pl\/index.php?rest_route=\/wp\/v2\/types\/page"}],"author":[{"embeddable":true,"href":"https:\/\/archiwumnauki.pan.pl\/index.php?rest_route=\/wp\/v2\/users\/55"}],"replies":[{"embeddable":true,"href":"https:\/\/archiwumnauki.pan.pl\/index.php?rest_route=%2Fwp%2Fv2%2Fcomments&post=4466"}],"version-history":[{"count":3,"href":"https:\/\/archiwumnauki.pan.pl\/index.php?rest_route=\/wp\/v2\/pages\/4466\/revisions"}],"predecessor-version":[{"id":4819,"href":"https:\/\/archiwumnauki.pan.pl\/index.php?rest_route=\/wp\/v2\/pages\/4466\/revisions\/4819"}],"wp:attachment":[{"href":"https:\/\/archiwumnauki.pan.pl\/index.php?rest_route=%2Fwp%2Fv2%2Fmedia&parent=4466"}],"curies":[{"name":"wp","href":"https:\/\/api.w.org\/{rel}","templated":true}]}}