{"id":4461,"date":"2023-03-23T12:32:24","date_gmt":"2023-03-23T11:32:24","guid":{"rendered":"https:\/\/archiwumnauki.pan.pl\/?page_id=4461"},"modified":"2023-03-30T10:31:39","modified_gmt":"2023-03-30T08:31:39","slug":"akta-instytutu-jezyka-polskiego-pan-w-krakowie-sygn-k-ii-20","status":"publish","type":"page","link":"https:\/\/archiwumnauki.pan.pl\/?page_id=4461","title":{"rendered":"Akta Instytutu J\u0119zyka Polskiego PAN w Krakowie \u2013 sygn. K II\u201320"},"content":{"rendered":"<p style=\"text-align: justify;\"><strong>Instytut J\u0119zyka Polskiego PAN<\/strong> powsta\u0142 w 1973 roku na bazie Zak\u0142adu J\u0119zykoznawstwa PAN w Krakowie, kt\u00f3ry w 1953 roku utworzono z kilku pracowni PAU (S\u0142ownika Staropolskiego, Atlasu Gwar Polskich, S\u0142ownika Gwar Polskich) oraz Zak\u0142adu J\u0119zykoznawstwa PAN w Warszawie. W sk\u0142ad Instytutu wesz\u0142a tak\u017ce Pracownia J\u0119zykoznawstwa Stosowanego (p\u00f3\u017aniej Pracownia Onomastyki) w Poznaniu.<\/p>\n<p style=\"text-align: justify;\">Przechowywane w Archiwum materia\u0142y Instytutu J\u0119zyka Polskiego PAN w Krakowie pochodz\u0105 z lat 1951\u20131991 i stanowi\u0105 oko\u0142o 8,00 mb. akt.<\/p>\n<p style=\"text-align: justify;\">W sk\u0142ad zespo\u0142u wchodz\u0105 m.in. zarz\u0105dzenia Dyrektora Instytutu i Sekretarza Naukowego PAN z l. 1983\u20131989, regulaminy, protoko\u0142y i stenogramy posiedze\u0144 Rady Naukowej IJP PAN z l. 1973\u20131981, protoko\u0142y posiedze\u0144 Dyrekcji z l. 1977\u20131987, plany i sprawozdania z dzia\u0142alno\u015bci z lat 1981\u20131991, bilanse z l. 1984\u20131985, sprawozdania dla GUS z l. 1977\u20131990, dzienniki podawcze (1978\u20131981, 1986\u20131989).<\/p>\n<p style=\"text-align: justify;\">Ponadto zesp\u00f3\u0142 zawiera dokumentacj\u0119 zwi\u0105zan\u0105 z nadawaniem stopni i tytu\u0142\u00f3w naukowych, plany naukowe (m.in. plany koordynacyjne Centralnego Programu Bada\u0144 Podstawowych z l. 1984\u20131991), plany wydawnicze, recenzje, opinie wydawnicze i korespondencj\u0119 w sprawach wydawnictw (l. 1983\u20131985), listy p\u0142ac z lat 1974\u20131987, 1989.<\/p>\n<p style=\"text-align: justify;\">W zespole znajduj\u0105 si\u0119 r\u00f3wnie\u017c:<\/p>\n<ul>\n<li style=\"text-align: justify;\">akta Zak\u0142adu Dialektologii z l. 1951\u20131976<\/li>\n<li style=\"text-align: justify;\">akta Pracowni S\u0142ownika Staropolskich Nazw Osobowych z l. 1952\u20131962,<\/li>\n<li style=\"text-align: justify;\">akta Pracowni Onomastycznej z l. 1953\u20131961,<\/li>\n<li style=\"text-align: justify;\">akta Pracowni Antroponimicznej z l. 1961\u20131985,<\/li>\n<li style=\"text-align: justify;\">materia\u0142y do podr\u0119cznika j\u0119zyka polskiego dla Serb\u00f3w i Chorwat\u00f3w (1986\u20131989),<\/li>\n<li style=\"text-align: justify;\">materia\u0142y do wydania Wielkiego S\u0142ownika Wsp\u00f3\u0142czesnego J\u0119zyka Polskiego.<\/li>\n<\/ul>\n","protected":false},"excerpt":{"rendered":"<p>Instytut J\u0119zyka Polskiego PAN powsta\u0142 w 1973 roku na bazie Zak\u0142adu J\u0119zykoznawstwa PAN w Krakowie, kt\u00f3ry w 1953 roku utworzono z kilku pracowni PAU (S\u0142ownika Staropolskiego, Atlasu Gwar Polskich, S\u0142ownika Gwar Polskich) oraz Zak\u0142adu J\u0119zykoznawstwa PAN w Warszawie. W sk\u0142ad Instytutu wesz\u0142a tak\u017ce Pracownia J\u0119zykoznawstwa Stosowanego (p\u00f3\u017aniej Pracownia Onomastyki) w Poznaniu. Przechowywane w Archiwum materia\u0142y &hellip; <\/p>\n<p class=\"read-more\"><a class=\"btn btn-default\" href=\"https:\/\/archiwumnauki.pan.pl\/?page_id=4461\"> Read More<span class=\"screen-reader-text\">  Read More<\/span><\/a><\/p>\n","protected":false},"author":55,"featured_media":0,"parent":0,"menu_order":0,"comment_status":"closed","ping_status":"closed","template":"","meta":[],"_links":{"self":[{"href":"https:\/\/archiwumnauki.pan.pl\/index.php?rest_route=\/wp\/v2\/pages\/4461"}],"collection":[{"href":"https:\/\/archiwumnauki.pan.pl\/index.php?rest_route=\/wp\/v2\/pages"}],"about":[{"href":"https:\/\/archiwumnauki.pan.pl\/index.php?rest_route=\/wp\/v2\/types\/page"}],"author":[{"embeddable":true,"href":"https:\/\/archiwumnauki.pan.pl\/index.php?rest_route=\/wp\/v2\/users\/55"}],"replies":[{"embeddable":true,"href":"https:\/\/archiwumnauki.pan.pl\/index.php?rest_route=%2Fwp%2Fv2%2Fcomments&post=4461"}],"version-history":[{"count":2,"href":"https:\/\/archiwumnauki.pan.pl\/index.php?rest_route=\/wp\/v2\/pages\/4461\/revisions"}],"predecessor-version":[{"id":4857,"href":"https:\/\/archiwumnauki.pan.pl\/index.php?rest_route=\/wp\/v2\/pages\/4461\/revisions\/4857"}],"wp:attachment":[{"href":"https:\/\/archiwumnauki.pan.pl\/index.php?rest_route=%2Fwp%2Fv2%2Fmedia&parent=4461"}],"curies":[{"name":"wp","href":"https:\/\/api.w.org\/{rel}","templated":true}]}}