{"id":4445,"date":"2023-03-23T11:27:22","date_gmt":"2023-03-23T10:27:22","guid":{"rendered":"https:\/\/archiwumnauki.pan.pl\/?page_id=4445"},"modified":"2023-03-29T15:18:45","modified_gmt":"2023-03-29T13:18:45","slug":"materialy-wlodzimierza-demetrykiewicza-1859-1937-sygn-k-iii-5","status":"publish","type":"page","link":"https:\/\/archiwumnauki.pan.pl\/?page_id=4445","title":{"rendered":"Materia\u0142y W\u0142odzimierza Demetrykiewicza (1859\u20131937) \u2013 sygn. K III\u2013 5"},"content":{"rendered":"<p style=\"text-align: justify;\"><strong>W\u0142odzimierz Demetrykiewicz<\/strong> (1859\u2013 1937) by\u0142 archeologiem i prehistorykiem, profesorem Uniwersytetu Jagiello\u0144skiego, w ramach kt\u00f3rego kierowa\u0142 Katedr\u0105 (nast\u0119pnie Zak\u0142adem) Prehistorii, cz\u0142onkiem Akademii Umiej\u0119tno\u015bci (od 1919 Polskiej Akademii Umiej\u0119tno\u015bci) oraz Pozna\u0144skiego Towarzystwa Przyjaci\u00f3\u0142 Nauk, a tak\u017ce Instytutu Archeologii w Wiedniu, Towarzystwa Staro\u017cytnik\u00f3w w Kr\u00f3lewcu i Towarzystwa Antropologicznego w Wiedniu. Od 1928 do swojej \u015bmierci by\u0142 dyrektorem Muzeum Archeologicznego w Krakowie.<\/p>\n<p>Spu\u015bcizna prof. W\u0142odzimierza Demetrykiewicza (sygn. K III\u2013 5) zosta\u0142a przekazana do archiwum w 1957 roku. Zawiera ona ok. 0,90 mb. akt, podzielonych na 70 jedn. arch.<\/p>\n<p>W sk\u0142ad zespo\u0142u wchodz\u0105:<\/p>\n<ul style=\"text-align: justify;\">\n<li>materia\u0142y tw\u00f3rczo\u015bci naukowej i warsztatowe, w tym teksty i fragmenty tekst\u00f3w opracowa\u0144, ustaw, rozporz\u0105dze\u0144, obwieszcze\u0144, ok\u00f3lnik\u00f3w, sprawozda\u0144 dotycz\u0105cych problematyki konserwacji i inwentaryzacji zabytk\u00f3w sztuki. Ponadto wypisy i notatki bibliograficzne z zakresu archeologii i historii sztuki, w tym materia\u0142y do biogram\u00f3w malarzy europejskich oraz fotografie zabytk\u00f3w sztuki<\/li>\n<li>materia\u0142y dzia\u0142alno\u015bci, w tym akta konserwatora zabytk\u00f3w sekcji I, II oraz sekretarza Grona Konserwator\u00f3w Galicji Zachodniej dotycz\u0105ce r\u00f3\u017cnych zabytk\u00f3w tego regionu<\/li>\n<li>materia\u0142y biograficzne, w tym: metryka chrztu, akt zgonu, nekrolog, dokumenty dotycz\u0105ce przebiegu studi\u00f3w i pracy konserwatorskiej, notatki ze studi\u00f3w<\/li>\n<li>korespondencja wychodz\u0105ca i wp\u0142ywaj\u0105ca &#8211; w\u015br\u00f3d korespondent\u00f3w m.in. Kazimierz Nitsch i Stanis\u0142aw Tomkowicz<\/li>\n<li>materia\u0142y rodzinne: ojca &#8211; J\u00f3zefa Demetrykiewicza, w tym za\u015bwiadczenia, \u015bwiadectwa szkolne i dyplomy uniwersyteckie ze studi\u00f3w medycznych we Lwowie i Wiedniu, dyplomy: doktora medycyny, doktora chirurgii, materia\u0142y dotycz\u0105ce praktyki lekarskiej w Wiedniu, Gaunersdorf, Z\u0142oczowie, Sanoku i Tarnowie; matki &#8211; Anieli Demetrykiewicz; brata &#8211; Mieczys\u0142awa Demetrykiewicza<\/li>\n<li>materia\u0142y obce &#8211; m.in. listy Anny z Potockich Nakwaskiej, arkusz posiad\u0142o\u015bci gruntowej Sianki, projekt statutu Muzeum Narodowego w Krakowie, prace i nadbitki prac innych autor\u00f3w.<\/li>\n<\/ul>\n<p style=\"text-align: justify;\">Spu\u015bcizna zosta\u0142a opracowana przez dr Rit\u0119 Majkowsk\u0105 i posiada inwentarz, kt\u00f3ry opublikowano w <a href=\"https:\/\/archiwum.pan.pl\/images\/wydawnictwa\/Biuletyn-22.pdf\">&#8222;Biuletynie Archiwum PAN&#8221; nr 22, r. 1979, s. 35-59<\/a>.<\/p>\n","protected":false},"excerpt":{"rendered":"<p>W\u0142odzimierz Demetrykiewicz (1859\u2013 1937) by\u0142 archeologiem i prehistorykiem, profesorem Uniwersytetu Jagiello\u0144skiego, w ramach kt\u00f3rego kierowa\u0142 Katedr\u0105 (nast\u0119pnie Zak\u0142adem) Prehistorii, cz\u0142onkiem Akademii Umiej\u0119tno\u015bci (od 1919 Polskiej Akademii Umiej\u0119tno\u015bci) oraz Pozna\u0144skiego Towarzystwa Przyjaci\u00f3\u0142 Nauk, a tak\u017ce Instytutu Archeologii w Wiedniu, Towarzystwa Staro\u017cytnik\u00f3w w Kr\u00f3lewcu i Towarzystwa Antropologicznego w Wiedniu. Od 1928 do swojej \u015bmierci by\u0142 dyrektorem Muzeum &hellip; <\/p>\n<p class=\"read-more\"><a class=\"btn btn-default\" href=\"https:\/\/archiwumnauki.pan.pl\/?page_id=4445\"> Read More<span class=\"screen-reader-text\">  Read More<\/span><\/a><\/p>\n","protected":false},"author":55,"featured_media":0,"parent":0,"menu_order":0,"comment_status":"closed","ping_status":"closed","template":"","meta":[],"_links":{"self":[{"href":"https:\/\/archiwumnauki.pan.pl\/index.php?rest_route=\/wp\/v2\/pages\/4445"}],"collection":[{"href":"https:\/\/archiwumnauki.pan.pl\/index.php?rest_route=\/wp\/v2\/pages"}],"about":[{"href":"https:\/\/archiwumnauki.pan.pl\/index.php?rest_route=\/wp\/v2\/types\/page"}],"author":[{"embeddable":true,"href":"https:\/\/archiwumnauki.pan.pl\/index.php?rest_route=\/wp\/v2\/users\/55"}],"replies":[{"embeddable":true,"href":"https:\/\/archiwumnauki.pan.pl\/index.php?rest_route=%2Fwp%2Fv2%2Fcomments&post=4445"}],"version-history":[{"count":4,"href":"https:\/\/archiwumnauki.pan.pl\/index.php?rest_route=\/wp\/v2\/pages\/4445\/revisions"}],"predecessor-version":[{"id":4822,"href":"https:\/\/archiwumnauki.pan.pl\/index.php?rest_route=\/wp\/v2\/pages\/4445\/revisions\/4822"}],"wp:attachment":[{"href":"https:\/\/archiwumnauki.pan.pl\/index.php?rest_route=%2Fwp%2Fv2%2Fmedia&parent=4445"}],"curies":[{"name":"wp","href":"https:\/\/api.w.org\/{rel}","templated":true}]}}