{"id":3855,"date":"2022-07-15T22:19:51","date_gmt":"2022-07-15T20:19:51","guid":{"rendered":"https:\/\/archiwumnauki.pan.pl\/?page_id=3855"},"modified":"2024-03-25T10:12:38","modified_gmt":"2024-03-25T09:12:38","slug":"wyklad-dr-frazika-dla-gosci-z-wegier-relacja-fotograficzna","status":"publish","type":"page","link":"https:\/\/archiwumnauki.pan.pl\/?page_id=3855","title":{"rendered":"Wyk\u0142ad dr. Frazika dla go\u015bci z W\u0119gier &#8211; relacja fotograficzna"},"content":{"rendered":"<p>Fotografie z wyk\u0142adu dr. Wojciecha Frazika dla w\u0119gierskich go\u015bci Centrum Kultury w Ple\u015bnej w dniu 15 lipca 2022 r. Tematem wyst\u0105pienia by\u0142a sylwetka prof. Wac\u0142awa Felczaka i jego zwi\u0105zki z W\u0119grami. Wyk\u0142ad poprzedzony by\u0142 wst\u0119pem Macieja \u0141yszczarza, zawieraj\u0105cym informacje o dzia\u0142alno\u015bci jednego z organizator\u00f3w wydarzenia &#8211; Archiwum Nauki PAN i PAU w Krakowie.<\/p>\n<p>Fot. Maciej Pir\u00f3g<\/p>\n<div id=\"grid-gallery-84-79632\" data-gg-id=\"84\" data-title=\"Wyk\u0142ad dr Frazika - Wac\u0142aw Felczak\" data-grid-type=\"0\" data-offset=\"5.3\" data-area-position=\"center\" data-icons=\"false\" data-preloader=\"true\" data-width=\"215\" data-height=\"215\" data-padding=\"0\" data-quicksand=\"disabled\" data-quicksand-duration=\"none\" data-popup-theme=\"theme_6\" data-popup-type=\"pretty-photo\" data-popup-image-text=\"data-description\" data-popup-widthsize=\"auto\" data-popup-heightsize=\"auto\" data-popup-i18n-words=\"{&quot;close&quot;:&quot;close&quot;,&quot;next&quot;:&quot;next&quot;,&quot;previous&quot;:&quot;previous&quot;,&quot;start_slideshow&quot;:&quot;start slideshow&quot;,&quot;stop_slideshow&quot;:&quot;stop slideshow&quot;,&quot;image&quot;:&quot;image&quot;,&quot;of&quot;:&quot;of&quot;,&quot;prev&quot;:&quot;prev&quot;,&quot;cExpand&quot;:&quot;Expand&quot;,&quot;cPrevious&quot;:&quot;Previous&quot;,&quot;cNext&quot;:&quot;Next&quot;,&quot;cExpandStr&quot;:&quot;Expand the image&quot;,&quot;cRotate&quot;:&quot;Rotate&quot;,&quot;cDetails&quot;:&quot;Details&quot;}\" data-popup-slideshow=\"false\" data-popup-slideshow-speed=\"2500\" data-popup-hoverstop=\"true\" data-popup-slideshow-auto=\"false\" data-popup-background=\"\" data-popup-transparency=\"30\" data-popup-disable-history=\"\" data-popup-disable-changed-url=\"\" data-popup-border-type=\"solid\" data-popup-border-color=\"\" data-popup-border-width=\"\" data-popup-border-enable=\"\" data-fullscreen=\"false\" data-hide-tooltip=\"false\" data-caption-font-family=\"Default\" data-caption-text-size=\"14px\" data-is-mobile=\"0\" data-caption-mobile=\"false\" data-hide-long-tltp-title=\"0\" data-caption-disabled-on-mobile=\"false\" data-lazyload-enable='1' data-lazyload-effect=\"show\" data-lazyload-effect-duration=\"400\" data-popup-placement-type=\"0\" data-social-sharing=\"{&quot;enabled&quot;:&quot;&quot;,&quot;gallerySharing&quot;:{&quot;enabled&quot;:null,&quot;position&quot;:null},&quot;imageSharing&quot;:{&quot;enabled&quot;:null,&quot;wrapperClass&quot;:&quot; vertical &quot;},&quot;popupSharing&quot;:{&quot;enabled&quot;:null,&quot;wrapperClass&quot;:&quot; vertical &quot;}}\" class=\"grid-gallery grid-gallery-fixed \" style=\" width:100%; height:auto; margin-left:auto; margin-right:auto;position:relative;\"> <div class=\"gallery-loading\"> <div class=\"blocks\"> <div class=\"block\"><\/div> <div class=\"block\"><\/div> <div class=\"block\"><\/div> <div class=\"block\"><\/div> <\/div> <\/div> <div class=\"gallery-sharing-top\"><\/div> <div id=\"photos-84\" class=\"grid-gallery-photos\"><a id=\"gg-84-996\" class=\"gg-link \" data-attachment-id=\"3843\" href=\"https:\/\/archiwumnauki.pan.pl\/wp-content\/uploads\/2022\/07\/IMG_7711-scaled.jpg?gid=84\" target=\"_self\" title=\"IMG_7711\" data-rel=\"prettyPhoto[pp_gal]\" style=\"border-radius:0px;\" ><FIGURE class=\"grid-gallery-caption\" data-grid-gallery-type=\"quarter-slide-up\" data-index=\"0\" style=\"display:none;border-radius:0px;; margin:5.3px; width:215px;\" ><div class=\"crop\" style=\" width:215px; height:215px; overflow:hidden;\"><img data-gg-real-image-href=\"https:\/\/archiwumnauki.pan.pl\/wp-content\/uploads\/2022\/07\/IMG_7711-scaled-215x215.jpg\" src=\"https:\/\/archiwumnauki.pan.pl\/wp-content\/plugins\/gallery-by-supsystic\/src\/GridGallery\/Galleries\/assets\/img\/loading.gif\" class=\"ggImg ggLazyImg\" alt=\"IMG_7711\" title=\"IMG_7711\" data-description=\"IMG_7711\" data-caption=\"IMG_7711\" data-title=\"IMG_7711\" style=\" width:215px; height:215px;\" \/><\/div><FIGCAPTION class=\"\" data-alpha=\"5\" style=\"color:#ffffff; background-color:#6f0000; font-size:14px; text-align:left; font-family:Default;\" ><div class=\"grid-gallery-figcaption-wrap\" style=\" vertical-align:top;\"><\/div><\/FIGCAPTION><\/FIGURE><\/a><a id=\"gg-84-995\" class=\"gg-link \" data-attachment-id=\"3844\" href=\"https:\/\/archiwumnauki.pan.pl\/wp-content\/uploads\/2022\/07\/IMG_7714-scaled.jpg?gid=84\" target=\"_self\" title=\"IMG_7714\" data-rel=\"prettyPhoto[pp_gal]\" style=\"border-radius:0px;\" ><FIGURE class=\"grid-gallery-caption\" data-grid-gallery-type=\"quarter-slide-up\" data-index=\"1\" style=\"display:none;border-radius:0px;; margin:5.3px; width:215px;\" ><div class=\"crop\" style=\" width:215px; height:215px; overflow:hidden;\"><img data-gg-real-image-href=\"https:\/\/archiwumnauki.pan.pl\/wp-content\/uploads\/2022\/07\/IMG_7714-scaled-215x215.jpg\" src=\"https:\/\/archiwumnauki.pan.pl\/wp-content\/plugins\/gallery-by-supsystic\/src\/GridGallery\/Galleries\/assets\/img\/loading.gif\" class=\"ggImg ggLazyImg\" alt=\"IMG_7714\" title=\"IMG_7714\" data-description=\"IMG_7714\" data-caption=\"IMG_7714\" data-title=\"IMG_7714\" style=\" width:215px; height:215px;\" \/><\/div><FIGCAPTION class=\"\" data-alpha=\"5\" style=\"color:#ffffff; background-color:#6f0000; font-size:14px; text-align:left; font-family:Default;\" ><div class=\"grid-gallery-figcaption-wrap\" style=\" vertical-align:top;\"><\/div><\/FIGCAPTION><\/FIGURE><\/a><a id=\"gg-84-994\" class=\"gg-link \" data-attachment-id=\"3845\" href=\"https:\/\/archiwumnauki.pan.pl\/wp-content\/uploads\/2022\/07\/IMG_7719-scaled.jpg?gid=84\" target=\"_self\" title=\"IMG_7719\" data-rel=\"prettyPhoto[pp_gal]\" style=\"border-radius:0px;\" ><FIGURE class=\"grid-gallery-caption\" data-grid-gallery-type=\"quarter-slide-up\" data-index=\"2\" style=\"display:none;border-radius:0px;; margin:5.3px; width:215px;\" ><div class=\"crop\" style=\" width:215px; height:215px; overflow:hidden;\"><img data-gg-real-image-href=\"https:\/\/archiwumnauki.pan.pl\/wp-content\/uploads\/2022\/07\/IMG_7719-scaled-215x215.jpg\" src=\"https:\/\/archiwumnauki.pan.pl\/wp-content\/plugins\/gallery-by-supsystic\/src\/GridGallery\/Galleries\/assets\/img\/loading.gif\" class=\"ggImg ggLazyImg\" alt=\"IMG_7719\" title=\"IMG_7719\" data-description=\"IMG_7719\" data-caption=\"IMG_7719\" data-title=\"IMG_7719\" style=\" width:215px; height:215px;\" \/><\/div><FIGCAPTION class=\"\" data-alpha=\"5\" style=\"color:#ffffff; background-color:#6f0000; font-size:14px; text-align:left; font-family:Default;\" ><div class=\"grid-gallery-figcaption-wrap\" style=\" vertical-align:top;\"><\/div><\/FIGCAPTION><\/FIGURE><\/a><a id=\"gg-84-997\" class=\"gg-link \" data-attachment-id=\"3842\" href=\"https:\/\/archiwumnauki.pan.pl\/wp-content\/uploads\/2022\/07\/IMG_7708-scaled.jpg?gid=84\" target=\"_self\" title=\"IMG_7708\" data-rel=\"prettyPhoto[pp_gal]\" style=\"border-radius:0px;\" ><FIGURE class=\"grid-gallery-caption\" data-grid-gallery-type=\"quarter-slide-up\" data-index=\"3\" style=\"display:none;border-radius:0px;; margin:5.3px; width:215px;\" ><div class=\"crop\" style=\" width:215px; height:215px; overflow:hidden;\"><img data-gg-real-image-href=\"https:\/\/archiwumnauki.pan.pl\/wp-content\/uploads\/2022\/07\/IMG_7708-scaled-215x215.jpg\" src=\"https:\/\/archiwumnauki.pan.pl\/wp-content\/plugins\/gallery-by-supsystic\/src\/GridGallery\/Galleries\/assets\/img\/loading.gif\" class=\"ggImg ggLazyImg\" alt=\"IMG_7708\" title=\"IMG_7708\" data-description=\"IMG_7708\" data-caption=\"IMG_7708\" data-title=\"IMG_7708\" style=\" width:215px; height:215px;\" \/><\/div><FIGCAPTION class=\"\" data-alpha=\"5\" style=\"color:#ffffff; background-color:#6f0000; font-size:14px; text-align:left; font-family:Default;\" ><div class=\"grid-gallery-figcaption-wrap\" style=\" vertical-align:top;\"><\/div><\/FIGCAPTION><\/FIGURE><\/a><a id=\"gg-84-993\" class=\"gg-link \" data-attachment-id=\"3846\" href=\"https:\/\/archiwumnauki.pan.pl\/wp-content\/uploads\/2022\/07\/IMG_7727-scaled.jpg?gid=84\" target=\"_self\" title=\"IMG_7727\" data-rel=\"prettyPhoto[pp_gal]\" style=\"border-radius:0px;\" ><FIGURE class=\"grid-gallery-caption\" data-grid-gallery-type=\"quarter-slide-up\" data-index=\"4\" style=\"display:none;border-radius:0px;; margin:5.3px; width:215px;\" ><div class=\"crop\" style=\" width:215px; height:215px; overflow:hidden;\"><img data-gg-real-image-href=\"https:\/\/archiwumnauki.pan.pl\/wp-content\/uploads\/2022\/07\/IMG_7727-scaled-215x215.jpg\" src=\"https:\/\/archiwumnauki.pan.pl\/wp-content\/plugins\/gallery-by-supsystic\/src\/GridGallery\/Galleries\/assets\/img\/loading.gif\" class=\"ggImg ggLazyImg\" alt=\"IMG_7727\" title=\"IMG_7727\" data-description=\"IMG_7727\" data-caption=\"IMG_7727\" data-title=\"IMG_7727\" style=\" width:215px; height:215px;\" \/><\/div><FIGCAPTION class=\"\" data-alpha=\"5\" style=\"color:#ffffff; background-color:#6f0000; font-size:14px; text-align:left; font-family:Default;\" ><div class=\"grid-gallery-figcaption-wrap\" style=\" vertical-align:top;\"><\/div><\/FIGCAPTION><\/FIGURE><\/a><a id=\"gg-84-991\" class=\"gg-link \" data-attachment-id=\"3848\" href=\"https:\/\/archiwumnauki.pan.pl\/wp-content\/uploads\/2022\/07\/IMG_7745-scaled.jpg?gid=84\" target=\"_self\" title=\"IMG_7745\" data-rel=\"prettyPhoto[pp_gal]\" style=\"border-radius:0px;\" ><FIGURE class=\"grid-gallery-caption\" data-grid-gallery-type=\"quarter-slide-up\" data-index=\"5\" style=\"display:none;border-radius:0px;; margin:5.3px; width:215px;\" ><div class=\"crop\" style=\" width:215px; height:215px; overflow:hidden;\"><img data-gg-real-image-href=\"https:\/\/archiwumnauki.pan.pl\/wp-content\/uploads\/2022\/07\/IMG_7745-scaled-215x215.jpg\" src=\"https:\/\/archiwumnauki.pan.pl\/wp-content\/plugins\/gallery-by-supsystic\/src\/GridGallery\/Galleries\/assets\/img\/loading.gif\" class=\"ggImg ggLazyImg\" alt=\"IMG_7745\" title=\"IMG_7745\" data-description=\"IMG_7745\" data-caption=\"IMG_7745\" data-title=\"IMG_7745\" style=\" width:215px; height:215px;\" \/><\/div><FIGCAPTION class=\"\" data-alpha=\"5\" style=\"color:#ffffff; background-color:#6f0000; font-size:14px; text-align:left; font-family:Default;\" ><div class=\"grid-gallery-figcaption-wrap\" style=\" vertical-align:top;\"><\/div><\/FIGCAPTION><\/FIGURE><\/a><a id=\"gg-84-992\" class=\"gg-link \" data-attachment-id=\"3847\" href=\"https:\/\/archiwumnauki.pan.pl\/wp-content\/uploads\/2022\/07\/IMG_7742-scaled.jpg?gid=84\" target=\"_self\" title=\"IMG_7742\" data-rel=\"prettyPhoto[pp_gal]\" style=\"border-radius:0px;\" ><FIGURE class=\"grid-gallery-caption\" data-grid-gallery-type=\"quarter-slide-up\" data-index=\"6\" style=\"display:none;border-radius:0px;; margin:5.3px; width:215px;\" ><div class=\"crop\" style=\" width:215px; height:215px; overflow:hidden;\"><img data-gg-real-image-href=\"https:\/\/archiwumnauki.pan.pl\/wp-content\/uploads\/2022\/07\/IMG_7742-scaled-215x215.jpg\" src=\"https:\/\/archiwumnauki.pan.pl\/wp-content\/plugins\/gallery-by-supsystic\/src\/GridGallery\/Galleries\/assets\/img\/loading.gif\" class=\"ggImg ggLazyImg\" alt=\"IMG_7742\" title=\"IMG_7742\" data-description=\"IMG_7742\" data-caption=\"IMG_7742\" data-title=\"IMG_7742\" style=\" width:215px; height:215px;\" \/><\/div><FIGCAPTION class=\"\" data-alpha=\"5\" style=\"color:#ffffff; background-color:#6f0000; font-size:14px; text-align:left; font-family:Default;\" ><div class=\"grid-gallery-figcaption-wrap\" style=\" vertical-align:top;\"><\/div><\/FIGCAPTION><\/FIGURE><\/a><a id=\"gg-84-990\" class=\"gg-link \" data-attachment-id=\"3849\" href=\"https:\/\/archiwumnauki.pan.pl\/wp-content\/uploads\/2022\/07\/IMG_7746-scaled.jpg?gid=84\" target=\"_self\" title=\"IMG_7746\" data-rel=\"prettyPhoto[pp_gal]\" style=\"border-radius:0px;\" ><FIGURE class=\"grid-gallery-caption\" data-grid-gallery-type=\"quarter-slide-up\" data-index=\"7\" style=\"display:none;border-radius:0px;; margin:5.3px; width:215px;\" ><div class=\"crop\" style=\" width:215px; height:215px; overflow:hidden;\"><img data-gg-real-image-href=\"https:\/\/archiwumnauki.pan.pl\/wp-content\/uploads\/2022\/07\/IMG_7746-scaled-215x215.jpg\" src=\"https:\/\/archiwumnauki.pan.pl\/wp-content\/plugins\/gallery-by-supsystic\/src\/GridGallery\/Galleries\/assets\/img\/loading.gif\" class=\"ggImg ggLazyImg\" alt=\"IMG_7746\" title=\"IMG_7746\" data-description=\"IMG_7746\" data-caption=\"IMG_7746\" data-title=\"IMG_7746\" style=\" width:215px; height:215px;\" \/><\/div><FIGCAPTION class=\"\" data-alpha=\"5\" style=\"color:#ffffff; background-color:#6f0000; font-size:14px; text-align:left; font-family:Default;\" ><div class=\"grid-gallery-figcaption-wrap\" style=\" vertical-align:top;\"><\/div><\/FIGCAPTION><\/FIGURE><\/a><a id=\"gg-84-989\" class=\"gg-link \" data-attachment-id=\"3850\" href=\"https:\/\/archiwumnauki.pan.pl\/wp-content\/uploads\/2022\/07\/IMG_7749-scaled.jpg?gid=84\" target=\"_self\" title=\"IMG_7749\" data-rel=\"prettyPhoto[pp_gal]\" style=\"border-radius:0px;\" ><FIGURE class=\"grid-gallery-caption\" data-grid-gallery-type=\"quarter-slide-up\" data-index=\"8\" style=\"display:none;border-radius:0px;; margin:5.3px; width:215px;\" ><div class=\"crop\" style=\" width:215px; height:215px; overflow:hidden;\"><img data-gg-real-image-href=\"https:\/\/archiwumnauki.pan.pl\/wp-content\/uploads\/2022\/07\/IMG_7749-scaled-215x215.jpg\" src=\"https:\/\/archiwumnauki.pan.pl\/wp-content\/plugins\/gallery-by-supsystic\/src\/GridGallery\/Galleries\/assets\/img\/loading.gif\" class=\"ggImg ggLazyImg\" alt=\"IMG_7749\" title=\"IMG_7749\" data-description=\"IMG_7749\" data-caption=\"IMG_7749\" data-title=\"IMG_7749\" style=\" width:215px; height:215px;\" \/><\/div><FIGCAPTION class=\"\" data-alpha=\"5\" style=\"color:#ffffff; background-color:#6f0000; font-size:14px; text-align:left; font-family:Default;\" ><div class=\"grid-gallery-figcaption-wrap\" style=\" vertical-align:top;\"><\/div><\/FIGCAPTION><\/FIGURE><\/a><a id=\"gg-84-987\" class=\"gg-link \" data-attachment-id=\"3852\" href=\"https:\/\/archiwumnauki.pan.pl\/wp-content\/uploads\/2022\/07\/IMG_7760-scaled.jpg?gid=84\" target=\"_self\" title=\"IMG_7760\" data-rel=\"prettyPhoto[pp_gal]\" style=\"border-radius:0px;\" ><FIGURE class=\"grid-gallery-caption\" data-grid-gallery-type=\"quarter-slide-up\" data-index=\"9\" style=\"display:none;border-radius:0px;; margin:5.3px; width:215px;\" ><div class=\"crop\" style=\" width:215px; height:215px; overflow:hidden;\"><img data-gg-real-image-href=\"https:\/\/archiwumnauki.pan.pl\/wp-content\/uploads\/2022\/07\/IMG_7760-scaled-215x215.jpg\" src=\"https:\/\/archiwumnauki.pan.pl\/wp-content\/plugins\/gallery-by-supsystic\/src\/GridGallery\/Galleries\/assets\/img\/loading.gif\" class=\"ggImg ggLazyImg\" alt=\"IMG_7760\" title=\"IMG_7760\" data-description=\"IMG_7760\" data-caption=\"IMG_7760\" data-title=\"IMG_7760\" style=\" width:215px; height:215px;\" \/><\/div><FIGCAPTION class=\"\" data-alpha=\"5\" style=\"color:#ffffff; background-color:#6f0000; font-size:14px; text-align:left; font-family:Default;\" ><div class=\"grid-gallery-figcaption-wrap\" style=\" vertical-align:top;\"><\/div><\/FIGCAPTION><\/FIGURE><\/a><a id=\"gg-84-988\" class=\"gg-link \" data-attachment-id=\"3851\" href=\"https:\/\/archiwumnauki.pan.pl\/wp-content\/uploads\/2022\/07\/IMG_7756-scaled.jpg?gid=84\" target=\"_self\" title=\"IMG_7756\" data-rel=\"prettyPhoto[pp_gal]\" style=\"border-radius:0px;\" ><FIGURE class=\"grid-gallery-caption\" data-grid-gallery-type=\"quarter-slide-up\" data-index=\"10\" style=\"display:none;border-radius:0px;; margin:5.3px; width:215px;\" ><div class=\"crop\" style=\" width:215px; height:215px; overflow:hidden;\"><img data-gg-real-image-href=\"https:\/\/archiwumnauki.pan.pl\/wp-content\/uploads\/2022\/07\/IMG_7756-scaled-215x215.jpg\" src=\"https:\/\/archiwumnauki.pan.pl\/wp-content\/plugins\/gallery-by-supsystic\/src\/GridGallery\/Galleries\/assets\/img\/loading.gif\" class=\"ggImg ggLazyImg\" alt=\"IMG_7756\" title=\"IMG_7756\" data-description=\"IMG_7756\" data-caption=\"IMG_7756\" data-title=\"IMG_7756\" style=\" width:215px; height:215px;\" \/><\/div><FIGCAPTION class=\"\" data-alpha=\"5\" style=\"color:#ffffff; background-color:#6f0000; font-size:14px; text-align:left; font-family:Default;\" ><div class=\"grid-gallery-figcaption-wrap\" style=\" vertical-align:top;\"><\/div><\/FIGCAPTION><\/FIGURE><\/a> <div class=\"grid-gallery-clearfix\"><\/div> <\/div> <div class=\"gallery-sharing-bottom\"><\/div> <div class=\"grid-gallery-clearfix\"><\/div> <\/div> <!-- Gallery by Supsystic plugin1.15.12 -->\n","protected":false},"excerpt":{"rendered":"<p>Fotografie z wyk\u0142adu dr. Wojciecha Frazika dla w\u0119gierskich go\u015bci Centrum Kultury w Ple\u015bnej w dniu 15 lipca 2022 r. Tematem wyst\u0105pienia by\u0142a sylwetka prof. Wac\u0142awa Felczaka i jego zwi\u0105zki z W\u0119grami. Wyk\u0142ad poprzedzony by\u0142 wst\u0119pem Macieja \u0141yszczarza, zawieraj\u0105cym informacje o dzia\u0142alno\u015bci jednego z organizator\u00f3w wydarzenia &#8211; Archiwum Nauki PAN i PAU w Krakowie. Fot. Maciej &hellip; <\/p>\n<p class=\"read-more\"><a class=\"btn btn-default\" href=\"https:\/\/archiwumnauki.pan.pl\/?page_id=3855\"> Read More<span class=\"screen-reader-text\">  Read More<\/span><\/a><\/p>\n","protected":false},"author":55,"featured_media":0,"parent":0,"menu_order":0,"comment_status":"closed","ping_status":"closed","template":"","meta":[],"_links":{"self":[{"href":"https:\/\/archiwumnauki.pan.pl\/index.php?rest_route=\/wp\/v2\/pages\/3855"}],"collection":[{"href":"https:\/\/archiwumnauki.pan.pl\/index.php?rest_route=\/wp\/v2\/pages"}],"about":[{"href":"https:\/\/archiwumnauki.pan.pl\/index.php?rest_route=\/wp\/v2\/types\/page"}],"author":[{"embeddable":true,"href":"https:\/\/archiwumnauki.pan.pl\/index.php?rest_route=\/wp\/v2\/users\/55"}],"replies":[{"embeddable":true,"href":"https:\/\/archiwumnauki.pan.pl\/index.php?rest_route=%2Fwp%2Fv2%2Fcomments&post=3855"}],"version-history":[{"count":7,"href":"https:\/\/archiwumnauki.pan.pl\/index.php?rest_route=\/wp\/v2\/pages\/3855\/revisions"}],"predecessor-version":[{"id":5972,"href":"https:\/\/archiwumnauki.pan.pl\/index.php?rest_route=\/wp\/v2\/pages\/3855\/revisions\/5972"}],"wp:attachment":[{"href":"https:\/\/archiwumnauki.pan.pl\/index.php?rest_route=%2Fwp%2Fv2%2Fmedia&parent=3855"}],"curies":[{"name":"wp","href":"https:\/\/api.w.org\/{rel}","templated":true}]}}