{"id":2949,"date":"2021-04-06T08:43:47","date_gmt":"2021-04-06T06:43:47","guid":{"rendered":"http:\/\/archiwumnauki.pan.pl\/?page_id=2949"},"modified":"2021-04-06T08:46:24","modified_gmt":"2021-04-06T06:46:24","slug":"podstawowa-literatura-o-archiwum-nauki-pan-i-pau","status":"publish","type":"page","link":"https:\/\/archiwumnauki.pan.pl\/?page_id=2949","title":{"rendered":"Wyb\u00f3r literatury o Archiwum Nauki"},"content":{"rendered":"<p><strong>\u00a0<\/strong><\/p>\n<p style=\"text-align: center;\"><strong>Podstawowa literatura na temat Archiwum Nauki PAN i PAU<\/strong><\/p>\n<p style=\"text-align: center;\"><strong>(wyb\u00f3r)<\/strong><\/p>\n<p><span style=\"text-decoration: line-through;\">\u00a0<\/span><\/p>\n<ol>\n<li>E. Dziurzy\u0144ska, <em>Powstanie Archiwum Nauki PAN i PAU w Krakowie<\/em>, \u201eKrakowski Rocznik Archiwalny\u201d 2003, t. 9, s. 285\u2013288.<\/li>\n<li>T. Filip,<em>Od archiwum dw\u00f3ch Akademii do Archiwum Nauki<\/em>, http:\/\/archiwum.amu.edu.pl\/publikacje\/15.pdf (odczyt: 26.01.2021).<\/li>\n<li>P. Krzywda, <em>W trosce o zachowanie pami\u0119ci&#8230; Dzia\u0142alno\u015b\u0107 popularyzatorska Archiwum Nauki PAN i PAU w latach 2016\u20132018<\/em>, \u201eKrakowski Rocznik Archiwalny\u201d 2018, t. 24, s. 334\u2013342.<\/li>\n<li>P. Krzywda, <em>Tworz\u0105c skrawek historii\u2026 Wybrane inicjatywy z zakresu popularyzacji zasobu Archiwum Nauki PAN i PAU w 2019 r.<\/em>, \u201eKrakowski Rocznik Archiwalny\u201d 2019, t. 25, s. 214\u2013223.<\/li>\n<li>M. Maciuk, M. Mr\u00f3wka, <em>Wok\u00f3\u0142 200. rocznicy powo\u0142ania Towarzystwa Naukowego Krakowskiego (1815\u20131872)<\/em>, \u201eKrakowski Rocznik Archiwalny\u201d 2016, t. 22, s. 240\u2013242.<\/li>\n<li>R. Majkowska, <em>Bogactwo, r\u00f3\u017cnorodno\u015b\u0107, rozproszenie&#8230; Archiwum osobiste (spu\u015bcizna) okiem archiwisty<\/em>, [w:] <em>Spu\u015bcizny \u2013 co po nas zostaje? Zagadnienia metodologiczne. Materia\u0142y konferencji naukowych organizowanych przez Archiwum Nauki PAN i PAU i Polsk\u0105 Akademi\u0119 Umiej\u0119tno\u015bci<\/em>, red. Adam G\u00f3rski, Krak\u00f3w 2018, s. 11\u201316.<\/li>\n<li>R. Majkowska, <em>Archiwum w s\u0142u\u017cbie nauki&#8230; Dzia\u0142alno\u015b\u0107 ekspozycyjna i jej znaczenie<\/em>, [w:] <em>Amico, socio et viro docto. Ksi\u0119ga ku czci profesora Andrzeja Kazimierza Banacha<\/em>, pod red. Tomasza Pud\u0142ockiego i Krzysztofa Stopki, Krak\u00f3w 2015, s. 185\u2013197.<\/li>\n<li>R. Majkowska, <em>Przyczynek do dziej\u00f3w Archiwum Nauki Polskiej Akademii Nauk i Polskiej Akademii Umiej\u0119tno\u015bci i jego zbior\u00f3w, <\/em>[w:] \u201e\u015awiat, Europa, Ma\u0142a Ojczyzna. Studia ofiarowane Profesorowi Stanis\u0142awowi Grodziskiemu w 80-lecie urodzin, pod red. M. Ma\u0142eckiego, Bielsko-Bia\u0142a 2009, s. 1057\u20131065.<\/li>\n<li>R. Majkowska, <em>Archiwum Nauki i Biblioteka Naukowa \u2013 kilka kart z wsp\u00f3lnej przesz\u0142o\u015bci\u2026, <\/em>\u201eRocznik Biblioteki Naukowej PAU i PAN\u201d 2006, R. LI, s. 479\u2013503;<\/li>\n<li>R. Majkowska, Z dziej\u00f3w Oddzia\u0142u Archiwum PAN w Krakowie, \u201eBiuletyn APAN\u201d 2003, nr 44, s. 40\u201358.<\/li>\n<li>R. Majkowska, <em>Archiwa naukowe jako przedpole dla historii nauki w nowoczesnym spo\u0142ecze\u0144stwie<\/em>, [w:] <em>Archiwa i archiwi\u015bci w dobie spo\u0142ecze\u0144stwa informacyjnego. Pami\u0119tnik IV Powszechnego Zjazdu Archiwist\u00f3w Polskich Szczecin 12-13 wrze\u015bnia 2002 r.<\/em>, t. I, pod red. D. Na\u0142\u0119cz, Toru\u0144 2002, s. 215\u2013227.<\/li>\n<li>R. Majkowska, <em>Archiwum osobiste czy spu\u015bcizna? Z tradycji gromadzenia materia\u0142\u00f3w pochodzenia prywatnego w Krakowie w XIX i XX wieku<\/em>, [w:] <em>VI Konferencja Archiw\u00f3w Instytucji Naukowych w Polsce Krak\u00f3w 13-14 IX 2001<\/em>, Z Prac Archiwum UJ, seria F Varia, t. 3, Krak\u00f3w 2002, s. 11\u201321.<\/li>\n<li>R. Majkowska, <em>Archiwum Nauki \u2013 idea i rzeczywisto\u015b\u0107<\/em>, [w:] <em>Archiwa polskie wobec wyzwa\u0144 XXI wieku. Pami\u0119tnik III Powszechnego Zjazdu Archiwist\u00f3w Polskich, Toru\u0144 2\u2013 4 wrze\u015bnia 1997, <\/em>t. 2<em>, <\/em>pod red. Darii Na\u0142\u0119cz, Warszawa 1998, s. 177\u2013185.<\/li>\n<li>R. Majkowska, <em>Archiwum Polskiej Akademii Umiej\u0119tno\u015bci dzieje, zas\u00f3b, stan opracowania<\/em>, \u201eKrakowski Rocznik Archiwalny&#8221; 1996, t. 2, s. 71\u201384.<\/li>\n<li>R. Majkowska<em>, Czterdziestolecie Oddzia\u0142u Archiwum PAN w Krakowie \u2013 spojrzenie w\u00a0przesz\u0142o\u015b\u0107 i przysz\u0142o\u015b\u0107. Streszczenie referatu wyg\u0142oszonego 29 maja 1994 r. w PAN w\u00a0Warszawie<\/em>, \u201eKrakowski Rocznik Archiwalny\u201d1995, t. 1, s. 171\u2013173;<\/li>\n<li>R. Majkowska, <em>Dzieje, zawarto\u015b\u0107 i stan opracowania zasobu archiwalnego Polskiej Akademii Umiej\u0119tno\u015bci<\/em>, \u201eRocznik PAU\u201d 1990\/1991, s. 163\u2013180.<\/li>\n<li>M. Mr\u00f3wka, M. Maciuk,<em> Ocalone od niepami\u0119ci&#8230; Co kryj\u0105 archiwa osobiste uczonych i tw\u00f3rc\u00f3w? W 10. rocznic\u0119 powo\u0142ania Archiwum Nauki PAN i PAU w\u00a0Krakowie, <\/em>Krak\u00f3w 2012.<\/li>\n<li><em>Przewodnik po zasobie PAN<\/em>, opracowanie zbiorowe pod kierunkiem H. Krajewskiej, A. Kuleckiej, Warszawa 1999.<\/li>\n<li>T. Skrzy\u0144ski, <em>Archiwum Nauki Polskiej Akademii Nauk i Polskiej Akademii Umiej\u0119tno\u015bci. Z przesz\u0142o\u015bci i tera\u017aniejszo\u015bci\u2026<\/em>, Krak\u00f3w 2008.<\/li>\n<li>T. Skrzy\u0144ski, <em>Archiwum Nauki PAN i PAU. Z przesz\u0142o\u015bci i tera\u017aniejszo\u015bci, <\/em>\u201eArchiwista Polski\u201d 2004, R. 9, z. 1, s. 17\u201323.<\/li>\n<li>T. Skrzy\u0144ski, <em>Wystawy w Archiwum Nauki PAN i PAU<\/em>, \u201eArchiwista Polski\u201d 2005, nr\u00a02\u00a0(38), str. 39\u201346.<\/li>\n<li>B. Wilk, <em>Zesp\u00f3\u0142 akt Towarzystwa Naukowego Krakowskiego na li\u015bcie Programu UNESCO Pami\u0119\u0107 \u015awiata<\/em>, \u201ePAUza Akademicka&#8221; nr 442 z 25 pa\u017adziernika 2018 r., s. 5.<\/li>\n<li>B. Wilk, <em>Archiwum miejscem pami\u0119ci o ludziach nauki i kultury<\/em>, \u201eZarz\u0105dzanie w\u00a0nauce i kulturze\u201d 2017, t. 18, z. 2, s. 195\u2013217.<\/li>\n<li>B. Wilk, <em>Konferencje naukowe Archiwum Nauki PAN i PAU w Krakowie w latach 2007\u20132013<\/em>, \u201eKrakowski Rocznik Archiwalny\u201d\u00a0 2014, t. 20, s. 157\u2013164.<\/li>\n<\/ol>\n<p>&nbsp;<\/p>\n<p style=\"text-align: justify;\">Coroczne sprawozdania z dzia\u0142alno\u015bci Archiwum Nauki PAN i PAU publikowane s\u0105 r\u00f3wnie\u017c na \u0142amach \u201eRocznika PAU\u201d, do kt\u00f3rych odsy\u0142amy zainteresowanych.<\/p>\n","protected":false},"excerpt":{"rendered":"<p>\u00a0 Podstawowa literatura na temat Archiwum Nauki PAN i PAU (wyb\u00f3r) \u00a0 E. Dziurzy\u0144ska, Powstanie Archiwum Nauki PAN i PAU w Krakowie, \u201eKrakowski Rocznik Archiwalny\u201d 2003, t. 9, s. 285\u2013288. T. Filip,Od archiwum dw\u00f3ch Akademii do Archiwum Nauki, http:\/\/archiwum.amu.edu.pl\/publikacje\/15.pdf (odczyt: 26.01.2021). P. Krzywda, W trosce o zachowanie pami\u0119ci&#8230; Dzia\u0142alno\u015b\u0107 popularyzatorska Archiwum Nauki PAN i PAU &hellip; <\/p>\n<p class=\"read-more\"><a class=\"btn btn-default\" href=\"https:\/\/archiwumnauki.pan.pl\/?page_id=2949\"> Read More<span class=\"screen-reader-text\">  Read More<\/span><\/a><\/p>\n","protected":false},"author":27,"featured_media":0,"parent":0,"menu_order":0,"comment_status":"closed","ping_status":"closed","template":"","meta":[],"_links":{"self":[{"href":"https:\/\/archiwumnauki.pan.pl\/index.php?rest_route=\/wp\/v2\/pages\/2949"}],"collection":[{"href":"https:\/\/archiwumnauki.pan.pl\/index.php?rest_route=\/wp\/v2\/pages"}],"about":[{"href":"https:\/\/archiwumnauki.pan.pl\/index.php?rest_route=\/wp\/v2\/types\/page"}],"author":[{"embeddable":true,"href":"https:\/\/archiwumnauki.pan.pl\/index.php?rest_route=\/wp\/v2\/users\/27"}],"replies":[{"embeddable":true,"href":"https:\/\/archiwumnauki.pan.pl\/index.php?rest_route=%2Fwp%2Fv2%2Fcomments&post=2949"}],"version-history":[{"count":3,"href":"https:\/\/archiwumnauki.pan.pl\/index.php?rest_route=\/wp\/v2\/pages\/2949\/revisions"}],"predecessor-version":[{"id":2953,"href":"https:\/\/archiwumnauki.pan.pl\/index.php?rest_route=\/wp\/v2\/pages\/2949\/revisions\/2953"}],"wp:attachment":[{"href":"https:\/\/archiwumnauki.pan.pl\/index.php?rest_route=%2Fwp%2Fv2%2Fmedia&parent=2949"}],"curies":[{"name":"wp","href":"https:\/\/api.w.org\/{rel}","templated":true}]}}