{"id":29,"date":"2018-03-24T15:06:23","date_gmt":"2018-03-24T14:06:23","guid":{"rendered":"http:\/\/localhost\/issa\/?page_id=29"},"modified":"2025-02-14T13:49:50","modified_gmt":"2025-02-14T12:49:50","slug":"kontakt","status":"publish","type":"page","link":"https:\/\/archiwumnauki.pan.pl\/?page_id=29","title":{"rendered":"Kontakt"},"content":{"rendered":"<h1><\/h1>\n<div align=\"center\">\n<p><strong>\u00a0<\/strong><\/p>\n<table class=\"tab_dane\" style=\"height: 563px; width: 76.4962%;\" border=\"0\" width=\"594\" cellspacing=\"1\" cellpadding=\"2\">\n<tbody>\n<tr style=\"height: 48px;\">\n<th style=\"height: 48px; width: 12.4789%;\">Adres:<\/th>\n<td style=\"height: 48px; width: 85.2275%;\">ul. \u015bw. Jana 26,<br \/>\n31-018 Krak\u00f3w<\/td>\n<\/tr>\n<tr style=\"height: 48px;\">\n<th style=\"height: 48px; width: 12.4789%;\">Telefon:<\/th>\n<td style=\"height: 48px; width: 85.2275%;\">(012) 422 82 63<\/td>\n<\/tr>\n<tr style=\"height: 72px;\">\n<th style=\"height: 72px; width: 12.4789%;\">e-mail:<\/th>\n<td style=\"height: 72px; width: 85.2275%;\"><a href=\"mailto:sekretariat.an@archiwumnauki.pan.pl\">sekretariat.an@archiwumnauki.pan.pl<\/a><\/td>\n<\/tr>\n<tr style=\"height: 251px;\">\n<td style=\"height: 251px; width: 97.7064%;\" colspan=\"2\">\n<table style=\"width: 100.417%; height: 279px;\" width=\"100%\" cellspacing=\"1\" cellpadding=\"2\">\n<tbody>\n<tr style=\"height: 95px;\">\n<th style=\"width: 83.5821%; height: 95px;\" colspan=\"2\">Sekretariat czynny od poniedzia\u0142ku do pi\u0105tku w godzinach:<\/p>\n<p>10:00 &#8211; 14.30<\/th>\n<\/tr>\n<tr style=\"height: 23px;\">\n<th style=\"width: 83.5821%; height: 23px;\" colspan=\"2\">Godziny otwarcia czytelni<\/th>\n<\/tr>\n<tr style=\"height: 23px;\">\n<td style=\"width: 34.4501%; height: 23px;\">poniedzia\u0142ek<\/td>\n<td style=\"width: 49.132%; height: 23px;\">9:00-12:00, 12:30-16:00<\/td>\n<\/tr>\n<tr style=\"height: 23px;\">\n<td style=\"width: 34.4501%; height: 23px;\">wtorek<\/td>\n<td style=\"width: 49.132%; height: 23px;\">9:00-12:00, 12:30-16:00<\/td>\n<\/tr>\n<tr style=\"height: 23px;\">\n<td style=\"width: 34.4501%; height: 23px;\">\u015broda<\/td>\n<td style=\"width: 49.132%; height: 23px;\">9:00-12:00, 12:30-16:00<\/td>\n<\/tr>\n<tr style=\"height: 23px;\">\n<td style=\"width: 34.4501%; height: 23px;\">czwartek<\/td>\n<td style=\"width: 49.132%; height: 23px;\">nieczynne<\/td>\n<\/tr>\n<tr style=\"height: 23px;\">\n<td style=\"width: 34.4501%; height: 23px;\">pi\u0105tek<\/td>\n<td style=\"width: 49.132%; height: 23px;\">nieczynne<\/td>\n<\/tr>\n<tr style=\"height: 23px;\">\n<td style=\"width: 34.4501%; height: 23px;\">sobota<\/td>\n<td style=\"width: 49.132%; height: 23px;\">nieczynne<\/td>\n<\/tr>\n<tr style=\"height: 23px;\">\n<td style=\"width: 34.4501%; height: 23px;\">niedziela<\/td>\n<td style=\"width: 49.132%; height: 23px;\">nieczynne<\/td>\n<\/tr>\n<\/tbody>\n<\/table>\n<\/td>\n<\/tr>\n<\/tbody>\n<\/table>\n<\/div>\n","protected":false},"excerpt":{"rendered":"<p>\u00a0 Adres: ul. \u015bw. Jana 26, 31-018 Krak\u00f3w Telefon: (012) 422 82 63 e-mail: sekretariat.an@archiwumnauki.pan.pl Sekretariat czynny od poniedzia\u0142ku do pi\u0105tku w godzinach: 10:00 &#8211; 14.30 Godziny otwarcia czytelni poniedzia\u0142ek 9:00-12:00, 12:30-16:00 wtorek 9:00-12:00, 12:30-16:00 \u015broda 9:00-12:00, 12:30-16:00 czwartek nieczynne pi\u0105tek nieczynne sobota nieczynne niedziela nieczynne<\/p>\n","protected":false},"author":55,"featured_media":0,"parent":0,"menu_order":0,"comment_status":"closed","ping_status":"closed","template":"","meta":[],"_links":{"self":[{"href":"https:\/\/archiwumnauki.pan.pl\/index.php?rest_route=\/wp\/v2\/pages\/29"}],"collection":[{"href":"https:\/\/archiwumnauki.pan.pl\/index.php?rest_route=\/wp\/v2\/pages"}],"about":[{"href":"https:\/\/archiwumnauki.pan.pl\/index.php?rest_route=\/wp\/v2\/types\/page"}],"author":[{"embeddable":true,"href":"https:\/\/archiwumnauki.pan.pl\/index.php?rest_route=\/wp\/v2\/users\/55"}],"replies":[{"embeddable":true,"href":"https:\/\/archiwumnauki.pan.pl\/index.php?rest_route=%2Fwp%2Fv2%2Fcomments&post=29"}],"version-history":[{"count":28,"href":"https:\/\/archiwumnauki.pan.pl\/index.php?rest_route=\/wp\/v2\/pages\/29\/revisions"}],"predecessor-version":[{"id":6630,"href":"https:\/\/archiwumnauki.pan.pl\/index.php?rest_route=\/wp\/v2\/pages\/29\/revisions\/6630"}],"wp:attachment":[{"href":"https:\/\/archiwumnauki.pan.pl\/index.php?rest_route=%2Fwp%2Fv2%2Fmedia&parent=29"}],"curies":[{"name":"wp","href":"https:\/\/api.w.org\/{rel}","templated":true}]}}