{"id":2776,"date":"2021-02-22T14:20:15","date_gmt":"2021-02-22T13:20:15","guid":{"rendered":"http:\/\/archiwumnauki.pan.pl\/?page_id=2776"},"modified":"2022-07-15T23:20:12","modified_gmt":"2022-07-15T21:20:12","slug":"konferencje","status":"publish","type":"page","link":"https:\/\/archiwumnauki.pan.pl\/?page_id=2776","title":{"rendered":"Konferencje"},"content":{"rendered":"<p>Wykaz konferencji organizowanych, b\u0105d\u017a wsp\u00f3\u0142organizowanych, przez Archiwum Nauki PAN<br \/>\ni PAU :<\/p>\n<ol>\n<li><a href=\"https:\/\/archiwumnauki.pan.pl\/?p=2779\">Archiwa dla nauki. Dlaczego nauce potrzebne s\u0105 archiwa naukowe? (16 listopada 2007)<\/a><\/li>\n<li><a href=\"https:\/\/archiwumnauki.pan.pl\/?p=2783\">Archiwa, biblioteki, muzea wobec nowych wyzwa\u0144 w dobie digitalizacji (3 grudnia 2010)<\/a><\/li>\n<li><a href=\"https:\/\/archiwumnauki.pan.pl\/?p=2864\">Archiwa, biblioteki, muzea w dobie digitalizacji. Zarz\u0105dzanie procesem digitalizacji oraz prawne aspekty udost\u0119pniania kopii cyfrowych (24 pa\u017adziernika 2011)<\/a><\/li>\n<li><a href=\"https:\/\/archiwumnauki.pan.pl\/?p=2788\">&#8222;Ocalone od niepami\u0119ci&#8230; : co kryj\u0105 archiwa osobiste uczonych i tw\u00f3rc\u00f3w?&#8221; (22 czerwca 2012 r.)<\/a><\/li>\n<li><a href=\"https:\/\/archiwumnauki.pan.pl\/?p=2791\">Exploring Languages and Cultures of Asia. Professor W\u0142adys\u0142aw Kotwicz in Memoriam (15-17 listopada 2012)<\/a><\/li>\n<li><a href=\"https:\/\/archiwumnauki.pan.pl\/?p=2794\">Czas zatrzymany\u2026 Fotografie w spu\u015bciznach uczonych i tw\u00f3rc\u00f3w (19-20 czerwca 2013)<\/a><\/li>\n<li><a href=\"https:\/\/archiwumnauki.pan.pl\/?p=2797\">Na r\u00f3\u017cnych drogach nauki\u2026 Z kontakt\u00f3w uczonych polskich, czeskich i s\u0142owackich w XX w. (15 listopada 2013)<\/a><\/li>\n<li><a href=\"https:\/\/archiwumnauki.pan.pl\/?p=2800\">&#8222;Ocean wszechrzeczy&#8230; : w spu\u015bciznach ludzi nauki i kultury&#8221; (13 czerwca 2014 r.)<\/a><\/li>\n<li><a href=\"https:\/\/archiwumnauki.pan.pl\/?p=2803\">Konferencja naukowa z okazji 200. rocznicy powstania Towarzystwa Naukowego Krakowskiego (9-10 grudnia 2015)<\/a><\/li>\n<li><a href=\"https:\/\/archiwumnauki.pan.pl\/?p=2806\">Mecenasi i darczy\u0144cy w dziejach nauki polskiej. AU i PAU w kr\u0119gu spo\u0142ecznej troski (16-17 listopada 2017)<\/a><\/li>\n<li><a href=\"https:\/\/archiwumnauki.pan.pl\/?p=2809\">Spu\u015bcizna w XXI wieku \u2013 problemy gromadzenia, opracowywania i udost\u0119pniania (16 pa\u017adziernika 2019)<\/a><\/li>\n<li><a href=\"https:\/\/archiwumnauki.pan.pl\/?page_id=3878\">Renata Dutkowa (1927-2015). Uczona, archiwistka, organizatorka nauki (22 kwietnia 2022)<\/a><\/li>\n<\/ol>\n","protected":false},"excerpt":{"rendered":"<p>Wykaz konferencji organizowanych, b\u0105d\u017a wsp\u00f3\u0142organizowanych, przez Archiwum Nauki PAN i PAU : Archiwa dla nauki. Dlaczego nauce potrzebne s\u0105 archiwa naukowe? (16 listopada 2007) Archiwa, biblioteki, muzea wobec nowych wyzwa\u0144 w dobie digitalizacji (3 grudnia 2010) Archiwa, biblioteki, muzea w dobie digitalizacji. Zarz\u0105dzanie procesem digitalizacji oraz prawne aspekty udost\u0119pniania kopii cyfrowych (24 pa\u017adziernika 2011) &#8222;Ocalone &hellip; <\/p>\n<p class=\"read-more\"><a class=\"btn btn-default\" href=\"https:\/\/archiwumnauki.pan.pl\/?page_id=2776\"> Read More<span class=\"screen-reader-text\">  Read More<\/span><\/a><\/p>\n","protected":false},"author":27,"featured_media":0,"parent":0,"menu_order":0,"comment_status":"closed","ping_status":"closed","template":"","meta":[],"_links":{"self":[{"href":"https:\/\/archiwumnauki.pan.pl\/index.php?rest_route=\/wp\/v2\/pages\/2776"}],"collection":[{"href":"https:\/\/archiwumnauki.pan.pl\/index.php?rest_route=\/wp\/v2\/pages"}],"about":[{"href":"https:\/\/archiwumnauki.pan.pl\/index.php?rest_route=\/wp\/v2\/types\/page"}],"author":[{"embeddable":true,"href":"https:\/\/archiwumnauki.pan.pl\/index.php?rest_route=\/wp\/v2\/users\/27"}],"replies":[{"embeddable":true,"href":"https:\/\/archiwumnauki.pan.pl\/index.php?rest_route=%2Fwp%2Fv2%2Fcomments&post=2776"}],"version-history":[{"count":15,"href":"https:\/\/archiwumnauki.pan.pl\/index.php?rest_route=\/wp\/v2\/pages\/2776\/revisions"}],"predecessor-version":[{"id":3880,"href":"https:\/\/archiwumnauki.pan.pl\/index.php?rest_route=\/wp\/v2\/pages\/2776\/revisions\/3880"}],"wp:attachment":[{"href":"https:\/\/archiwumnauki.pan.pl\/index.php?rest_route=%2Fwp%2Fv2%2Fmedia&parent=2776"}],"curies":[{"name":"wp","href":"https:\/\/api.w.org\/{rel}","templated":true}]}}