{"id":2387,"date":"2020-04-10T17:00:47","date_gmt":"2020-04-10T15:00:47","guid":{"rendered":"http:\/\/archiwumnauki.pan.pl\/?page_id=2387"},"modified":"2022-12-12T08:38:39","modified_gmt":"2022-12-12T07:38:39","slug":"library-collection","status":"publish","type":"page","link":"https:\/\/archiwumnauki.pan.pl\/?page_id=2387&lang=en","title":{"rendered":"Library collection"},"content":{"rendered":"<p style=\"text-align: justify;\">The Library of the Archive of Science includes over 17 thousand volumes, and functions as a repository of research tools for scholars and the Archive employees. It mostly contains publications on history of science, culture, education, literature, history of Poland, biographical writings, archival studies, source publications, as well as dictionaries, encyclopedias, guides, catalogues and trade periodicals. It is composed of three parts which complement one another. The first one, the most extensive, regularly supplemented, collects publications on the above mentioned themes, in accordance with the Archive\u2019s profile. The other two are: the Lanckoro\u0144ski Rozd\u00f3\u0142 (Rozdil) Library donated by Prof. Karolina Lanckoro\u0144ska and the purchased book collection of Prof. Henryk Barycz.<\/p>\n<p style=\"text-align: justify;\">The library resources may be accessed in the Archive\u2019s Reading Room.<\/p>\n<p style=\"text-align: justify;\">Henryk Barycz (1901\u20131994) was a professor of the Jagiellonian University, historian of science, education and culture, member of the Polish Academy of Arts and Sciences (who helped to re-establish it in 1989), archivist and long-time head of the Archive of the Jagiellonian University. As he recalled himself, he started collecting books already as a secondary school student. Later he purchased books in bookshops and antiquarian shops, received them as gifts from friends, publishing houses, universities, organizations, at conferences and conventions, which a lot of dedications in the books confirm.<\/p>\n<p style=\"text-align: justify;\">Henryk Barycz\u2019s library constitutes a rich collection of research tools on the history of science and culture. It contains around 6,000 volumes from the 19th and 20th centuries. It includes titles from the fields of general history, history of Poland, history of science, culture and art, memoirs, belles-lettres, biographies, monographs of cities and regions, and primary documents. It has basic bibliographies of Polish literature, catalogues of manuscripts, archival inventories, sources and literature concerned with the history of the Jagiellonian University and a collection of publications for research on the history of the Reformation in Poland, the history of Silesia and Galicia; moreover, annual volumes of \u201cKwartalnik Historyczny\u201d, \u201cNauka Polska\u201d, \u201cPrzegl\u0105d Historyczno-O\u015bwiatowy\u201d, complete sets of the periodicals \u201cReformacja w Polsce\u201d and \u201cOdrodzenie i Reformacja w Polsce\u201d.<\/p>\n<p style=\"text-align: justify;\">What deserves special emphasis is the unique collection of over 4,000 copies of Polish and foreign publications in the above mentioned fields. The books are provided with bookplates and often include the Professor\u2019s notes, a proof of his thorough reading. A lot of books come with dedications by Polish and foreign scholars, which confirms Henryk Barycz\u2019s extended academic connections as well as his authority. In 1994 the book collection was bought by the Polish Academy of Arts and Sciences for the Archive of Polish Science established on the strength of a resolution of the general assembly of the PAU on 25 June 1994 (at present this role is performed by the Archive of Science of the PAN and the PAU.<\/p>\n<p style=\"text-align: justify;\"><strong>The Lanckoro\u0144ski Rozd\u00f3\u0142 Library<\/strong><\/p>\n<p style=\"text-align: justify;\">Karolina Lanckoro\u0144ska (1898\u2013200) was the last member of the Lanckoro\u0144ski family of Brzezie, art historian, professor of Polish University Abroad in London, long-time collaborator and from 1990 member of the PAU; in 1997 she donated to the Academy a rescued part of her family Rozd\u00f3\u0142 Library. The founder of the library was Ludwika Lanckoro\u0144ska n\u00e9e Rzewuska (1783\u20131839), a cultivated lady with broad intellectual interests. As a wife of Antoni Lanckoro\u0144ski (1760\u20131830), part of her dowry was the estate in Rozd\u00f3\u0142, where the palace held a book collection which went far beyond typical manor libraries of the time.<\/p>\n<p style=\"text-align: justify;\">Separate departments held encyclopedias, historical, travel, geographical, philosophical and political books, journals, dictionaries, biographies, novels, books in Italian, German, French, English and Latin.<\/p>\n<p style=\"text-align: justify;\">After the death of Ludwika Lanckoro\u0144ska, her son Kazimierz Lanckoro\u0144ski (1802\u20131874) took over the supervision of the book collection, supplementing it, yet only within the existing sections. It was the next successor, Karol Lanckoro\u0144ski (1848\u20131933) that significantly increased the range of books, both in terms of quantity and themes. As a scholar, art collector, patron of the arts, he transformed the family book collection into a professionally organized library, run by librarian Ludwik Chotyniecki, comprising in the early 20th century around nineteen thousand volumes.<\/p>\n<p style=\"text-align: justify;\">The 1914 warfare in Galicia did not spare Rozd\u00f3\u0142, bringing on pillage and destruction. In 1915, taking advantage of the Austrian troops\u2019 successes on the eastern front, Karol Lanckoro\u0144ski took the surviving furnishings of the palace, the photograph collection (the Phototh\u00e8que) and the library to Vienna, where they were stored until the 1940s.<\/p>\n<p style=\"text-align: justify;\">During the Second World War the Lanckoro\u0144ski property was requisitioned by the Nazis; the art collection and the library got dispersed and partly destroyed. After 1945, Karol\u2019s son, Antoni Lanckoro\u0144ski (1893\u20131965) made efforts to regain the family property in Austria, including the rescued works of art and books. On 6 December 1968 the recovered book collection was deposited at the Polish Library in London, where it was inventoried and rearranged.<\/p>\n<p style=\"text-align: justify;\">Karolina Lanckoro\u0144ska decided to make it a sort of a repository of research tools on Polish history Consequently, the library contains 2,960 inventory numbers. In August 1996 Professor Lanckoro\u0144ska decided to bequeath it to the PAU. The collection was taken to the Archive building at 26, \u015bw. Jana Street in August 1997, where, along with a personal archive, it constitutes Karolina Lanckoro\u0144ska\u2019s legacy.<\/p>\n<p style=\"text-align: justify;\">Theme-wise, the range of the book collection goes way beyond the profile of the Archive library. It comprises over 3,000 volumes, of which 800 are antique books. It is hardly possible to describe here the whole collection but it is worth mentioning e.g. the unique collection of manually annotated Old Polish calendars of 1693\u20131770, political pamphlets of the 17th and 18th centuries, <em>Volumina Legum<\/em>, 18th-century editions of medieval literary works and modern-time chronicles, as well as a set of \u201cZabawy Przyjemne i Po\u017cyteczne\u201d (Diversions Pleasurable and Useful), an 18th-century weekly.<\/p>\n<p style=\"text-align: justify;\">Among the 19th- and 20th-century publications Polish belles-lettres prevail, particularly from the Romantic period (including a lot of editions of works by Adam Mickiewicz and Juliusz S\u0142owacki), publications on history of art, geography, military science, history of Poland, memoirs, armorials by Bartosz Paprocki, Kasper Niesiecki, Stanis\u0142aw J\u00f3zef Du\u0144czewski, as well as atlases, travel guides, fairy tales and albums.<\/p>\n","protected":false},"excerpt":{"rendered":"<p>The Library of the Archive of Science includes over 17 thousand volumes, and functions as a repository of research tools for scholars and the Archive employees. It mostly contains publications on history of science, culture, education, literature, history of Poland, biographical writings, archival studies, source publications, as well as dictionaries, encyclopedias, guides, catalogues and trade &hellip; <\/p>\n<p class=\"read-more\"><a class=\"btn btn-default\" href=\"https:\/\/archiwumnauki.pan.pl\/?page_id=2387&#038;lang=en\"> Read More<span class=\"screen-reader-text\">  Read More<\/span><\/a><\/p>\n","protected":false},"author":55,"featured_media":0,"parent":0,"menu_order":0,"comment_status":"closed","ping_status":"closed","template":"","meta":[],"_links":{"self":[{"href":"https:\/\/archiwumnauki.pan.pl\/index.php?rest_route=\/wp\/v2\/pages\/2387"}],"collection":[{"href":"https:\/\/archiwumnauki.pan.pl\/index.php?rest_route=\/wp\/v2\/pages"}],"about":[{"href":"https:\/\/archiwumnauki.pan.pl\/index.php?rest_route=\/wp\/v2\/types\/page"}],"author":[{"embeddable":true,"href":"https:\/\/archiwumnauki.pan.pl\/index.php?rest_route=\/wp\/v2\/users\/55"}],"replies":[{"embeddable":true,"href":"https:\/\/archiwumnauki.pan.pl\/index.php?rest_route=%2Fwp%2Fv2%2Fcomments&post=2387"}],"version-history":[{"count":3,"href":"https:\/\/archiwumnauki.pan.pl\/index.php?rest_route=\/wp\/v2\/pages\/2387\/revisions"}],"predecessor-version":[{"id":4278,"href":"https:\/\/archiwumnauki.pan.pl\/index.php?rest_route=\/wp\/v2\/pages\/2387\/revisions\/4278"}],"wp:attachment":[{"href":"https:\/\/archiwumnauki.pan.pl\/index.php?rest_route=%2Fwp%2Fv2%2Fmedia&parent=2387"}],"curies":[{"name":"wp","href":"https:\/\/api.w.org\/{rel}","templated":true}]}}