{"id":2332,"date":"2020-03-17T08:40:13","date_gmt":"2020-03-17T07:40:13","guid":{"rendered":"http:\/\/archiwumnauki.pan.pl\/?page_id=2332"},"modified":"2020-03-17T08:40:13","modified_gmt":"2020-03-17T07:40:13","slug":"from-the-past-of-the-archive","status":"publish","type":"page","link":"https:\/\/archiwumnauki.pan.pl\/?page_id=2332&lang=en","title":{"rendered":"From the past of the Archive"},"content":{"rendered":"<p align=\"justify\"><span style=\"font-family: Palatino Linotype, serif;\"><span lang=\"en-GB\">The origins of the Archive connect to:<\/span><\/span><\/p>\n<ul>\n<li>\n<p align=\"justify\"><span style=\"font-family: Palatino Linotype, serif;\"><span lang=\"en-GB\">Krak\u00f3w Science Society (KSS)<\/span><\/span><\/p>\n<\/li>\n<li>\n<p align=\"justify\"><span style=\"font-family: Palatino Linotype, serif;\"><span lang=\"en-GB\">The Academy of Sciences (AS)<\/span><\/span><\/p>\n<\/li>\n<li>\n<p align=\"justify\"><span style=\"font-family: Palatino Linotype, serif;\"><span lang=\"en-GB\">The Polish Academy of Arts and Sciences (PAAS)<\/span><\/span><\/p>\n<\/li>\n<li>\n<p align=\"justify\"><span style=\"font-family: Palatino Linotype, serif;\"><span lang=\"en-GB\">The Archive of Science of the Polish Academy of Sciences, Krak\u00f3w branch ( ASPAS)<\/span><\/span><\/p>\n<\/li>\n<\/ul>\n<p lang=\"en-GB\" align=\"justify\">\n<p align=\"justify\"><a name=\"_GoBack\"><\/a> <span style=\"font-family: Times New Roman, serif;\"><span style=\"font-size: medium;\"><span lang=\"en-GB\">Krak\u00f3w Science Society, on Walenty Litwi\u0144ski\u2019s initiative, a lawyer and Cracow Academy\u2019s Rector, was launched in Krak\u00f3w in 1815, during the annexation time. Being compactly connected to Krak\u00f3w University, the society\u2019s main purpose to contribute to \u201cbuild up all possible sciences, spread the enlightenment, propagate the art, industry and artistry among the nation\u201d.<\/span><\/span><\/span><\/p>\n<p align=\"justify\"><span style=\"font-family: Times New Roman, serif;\"><span style=\"font-size: medium;\"><span lang=\"en-GB\">The first KSS\u2019s charter, dated back to 1815 stated, that \u201cthe secretary is being entrusted with files, yet the one who also keeps dissertations and works in manuscripts as long as they become posthumous or 10 years pass\u201d. After that time files were supposed to be placed in University\u2019s Library. According to very close connection with the University\u2019s registry office, the correspondence from the very first years of the archive was being placed, together with university documents, in the University\u2019s Archive. Till 1840, the archive kept only distinct protocol books and accounting books. Between 1816-1839, the secretary was Pawe\u0142 Czajkowski, a poet and literature professor, and he was responsible for taking care of protocols of private and public sessions, which were being recorded in a common book, as well as archive files and accounting books of the Society.<\/span><\/span><\/span><\/p>\n<p align=\"justify\"><span style=\"font-family: Times New Roman, serif;\"><span style=\"font-size: medium;\"><span lang=\"en-GB\">The charter from 1848 pointed, that such things belong to the Archive: \u201ca) manuscripts put by Society members or from other sources, b) documents and works published by the Society; c) protocols from general, committee and branch sittings; d) reports\u201d.<\/span><\/span><\/span><\/p>\n<p align=\"justify\"><span style=\"font-family: Times New Roman, serif;\"><span style=\"font-size: medium;\"><span lang=\"en-GB\">In years 1848-1856, the secretary was J\u00f3zef Kremer, philosophy professor. At that time, because of the development of the Society structure, besides the main secretary, there were also department secretaries and their deputies in particular branches. They were obliged to make protocols and take care of correspondence. The main secretary was still responsible for taking care of the files and accounting books, as well as the whole archive. The minor secretaries were submitting their protocols, correspondence and manuscripts from previous years.<\/span><\/span><\/span><\/p>\n<p align=\"justify\"><span style=\"font-family: Times New Roman, serif;\"><span style=\"font-size: medium;\"><span lang=\"en-GB\">The charter from 1856 has brought reorganization of the Society, detaching from the Krak\u00f3w University. It also confirmed the existence of the Archive, and apart from collecting data, it also ordered to assemble \u201cthe biographies of Society members\u201d. In 1860, the duty of orderliness was being put to a student \u2013 Mieczys\u0142aw Bochenek.<\/span><\/span><\/span><\/p>\n<p align=\"justify\"><span style=\"font-family: Times New Roman, serif;\"><span style=\"font-size: medium;\"><span lang=\"en-GB\">During that time, the society didn\u2019t own their own premises, wherefore the files and books were being kept in a secretary\u2019s house every-time. A transmission was being prosecuted in the presence of a committee. In 1861 the Society moved to a newly built premises by 17, S\u0142awkowska street. There, next to a library and a museum, the archive has established its place. Since that moment, the secretary was being able to keep the files \u201cunder the lock\u201d instantaneously. <\/span><\/span><\/span><\/p>\n<p align=\"justify\"><span style=\"font-family: Times New Roman, serif;\"><span style=\"font-size: medium;\"><span lang=\"en-GB\">In 1872, the Society was transformed into The Academy of Sciences, which was the public institution, working under the Austrian Emperor\u2019s protectorate. As the subject of research of Academy\u2019s member, the first charter set humanities, mathematic, nature and medical sciences, which were realized within departments and boards. It also contained the following: \u201cAfter approving this charter, all the estates of the Academy will be listed in three copies, out of which the first will be deposed in the Archive of the Academy\u201d. Archive and office\u2019s rules of operating were clarified by the \u201cInternal Installation of the Academy of Sciences\u201d in 1873. The general secretary\u2019s duty was unsealing documents, receiving and dealing with correspondence, however inscribing to correspondence register and transcribing was a chancellery adjuvant\u2019s duty. The general secretary and custodian were in charge of supervision involving files of former Society of Sciences, likewise amassing Academy\u2019s files. The general secretary were in the following order: historian, J\u00f3zef Szujski, literature historian, Stanis\u0142aw Tarnowski, lawyer Boles\u0142aw Ulanowski. Custodian\u2019s duties were taking care of Academy\u2019s collections, filling in the inventory and keeping cleanliness in the archive. Another paragraph of the \u201cInstallation\u201d stated, that Archive, next to the Library, the Museum of Antiquity and The National Collection of Phisiography are part of the Academy\u2019s collections. The Academy\u2019s terms of use from 1885 added to chancellery adjuvant\u2019s duties \u201ctaking care of correspondence register, putting files and documents into the archive\u201d. The very same statement was written in the rules from 1893. <\/span><\/span><\/span><\/p>\n<p align=\"justify\"><span style=\"font-family: Times New Roman, serif;\"><span style=\"font-size: medium;\"><span lang=\"en-GB\">Along with regaining the independence by Poland in 1918, Academy, which became the national institution, was renamed into <\/span><\/span><\/span><span style=\"font-family: Times New Roman, serif;\"><span style=\"font-size: medium;\"><span lang=\"en-GB\"><b>Polish Academy of Art and Sciences.<\/b><\/span><\/span><\/span><span style=\"font-family: Times New Roman, serif;\"><span style=\"font-size: medium;\"><span lang=\"en-GB\"> Since then, the Academy\u2019s charter put its purpose as follows: \u201ccreative science work in Poland should be supported and eased, one should be encouraged to that work, join and combine that work, direct when needed and if possible reward it\u201d. In an interwar period the development of Academy\u2019s scientific and organisational activity in the country and abroad was proceeded. The internal structure was also built up.<\/span><\/span><\/span><\/p>\n<p align=\"justify\"><span style=\"font-family: Times New Roman, serif;\"><span style=\"font-size: medium;\"><span lang=\"en-GB\">The authority over the chancellery and archive was still left to the following general secretaries: lawyers Stanis\u0142aw Wr\u00f3blewski and Stanis\u0142aw Kutrzeba, orientalist Tadeusz Kowalski and historian Jan D\u0105browski. Within the charter, there were no new record concerning the archive. Beginning with 1922, The Academy\u2019s Chancellery was directed by a director. This function was performed as follows by: J\u00f3zef Rydel and historian Sylwiusz Mikucki. The actual activity of the Archive was strictly joined to the current registry in 1873-1939. The chancellery was operating on so-called Austrian system. Files were being kept in wardrobes in office rooms of the Academy, by 17 S\u0142awkowska Street, whereas commission\u2019s files and archival data were gathered in its space. An attempt of arranging of all those materials was taken. According to protocols left after the board of directors, in 1934, a deputy of chancellery director \u2013 Stanis\u0142aw Nowogrodzki, arranged all of the administrative files of Academy, as well as Krak\u00f3w Science Society\u2019s files. He, nevertheless, has never left a list, which could be helpful in understating his method of work.<\/span><\/span><\/span><\/p>\n<p align=\"justify\"><span style=\"font-family: Times New Roman, serif;\"><span style=\"font-size: medium;\"><span lang=\"en-GB\">With the beginning of World War II, The PAAS was trying to protect its collections as good as it could. The most valuable documents were deposed in wooden boxes in a special shelter, in thick-domed basements under the Academy edifice. Yet in January 1940, some of the documents (files of Historical Commission, Historical Atlas Commission, Committee of Medieval Latin Dictionary, Committee of Education History) were transported to the National Archive at Grodzka Street. Furthermore, in Autumn 1940, they were joined with Academy\u2019s registry files from 17, S\u0142awkowska Street. In that case, most of the archive stock was occupied by German administration of National Archives. <\/span><\/span><\/span><\/p>\n<p align=\"justify\"><span style=\"font-family: Times New Roman, serif;\"><span style=\"font-size: medium;\"><span lang=\"en-GB\">When describing the war history of PAAS archive stock, one should mention historian W\u0142adys\u0142aw Semkowicz. Thanks to his efforts and his work, considerable part of archives was saved. After he was released from Sachsenhausen Concentration Camp, he was employed in 1940 by Erich Randt (the director of Archives Administration) to work at Staatsarchiv des Distriktes Krakau (National Archive of Krak\u00f3w District), which held the premises at 6, St. Anna Street. It was there, were the Academy\u2019s files were gathered. Semkowicz\u2019s main work was to arrange family files and PAAS archival collection. He wrote about his work: \u201cthe PAAS archive was mostly saved by myself, prior to being extinct, it was arranged and registered, provided that the most important files and books, namely the General Meetings protocols and Academy\u2019s Management protocols I kept in hidden at my place\u201d.<\/span><\/span><\/span><\/p>\n<p align=\"justify\"><span style=\"font-family: Times New Roman, serif;\"><span style=\"font-size: medium;\"><span lang=\"en-GB\">In the mid of January 1944, in order to protect all of the Krak\u00f3w archives, Randt ordered the evacuation of all important files from Krak\u00f3w, having appointed a castle Johanisberg in Sudety Mountains as the storage place. However, after negotiations with Krak\u00f3w archivists, he decided to move files to the monastery in Tyniec. After the space for storage was adopted between March and July 1944, circa 1500 parchment documents and more than 10\u00a0000 manuscripts were carted to the monastery.<\/span><\/span><\/span><\/p>\n<p align=\"justify\"><span style=\"font-family: Times New Roman, serif;\"><span style=\"font-size: medium;\"><span lang=\"en-GB\">After the war, PAAS archival collections were brought back to the edifice at 17, S\u0142awkowska Street, nevertheless, the lack of appropriate premises condition did not allow to adequately store and arrange the collection. Preparations to the 75<\/span><\/span><\/span><sup><span style=\"font-family: Times New Roman, serif;\"><span style=\"font-size: medium;\"><span lang=\"en-GB\">th<\/span><\/span><\/span><\/sup><span style=\"font-family: Times New Roman, serif;\"><span style=\"font-size: medium;\"><span lang=\"en-GB\"> anniversary of Academy in 1948 began the process of using PAAS archival materials to scientific purposes; while till that day it was only a makeshift. In 1949 the PAAS library received three additional storage rooms. In one of them, right next to the special collections, a part of PAAS archive was placed. Jadwiga \u0141empicka and Feliks Szpunar were responsible for archival works at that time, mainly they were dealing with inquiries and sharing files.<\/span><\/span><\/span><\/p>\n<p align=\"justify\"><span style=\"font-family: Times New Roman, serif;\"><span style=\"font-size: medium;\"><span lang=\"en-GB\">In a breakthrough of 1949\/1959, the archive has been distincted as an individual organizational structure. At that time Danuta Rederowa has begun working in an archive, who was a graduate student of history at Jagiellonian University, and an apprentice of Jan D\u0105browski (the general secretary of PAAS). She was granted the position of a principal over the archive in 1951. Together with the library it was subjected to the Library Counsel, with the general secretary of PAAS as the chairman. Amongst archive\u2019s duties were gathering archive materials, and a work over the history of PAAs and scientific life of Krak\u00f3w in XIX century.<\/span><\/span><\/span><\/p>\n<p align=\"justify\"><span style=\"font-family: Times New Roman, serif;\"><span style=\"font-size: medium;\"><span lang=\"en-GB\">Meanwhile, there were fast changes of conception within an organization of science in Poland, which effected in bringing to life the Polish Academy of Sciences (PAS). The fate of PAAS was overdone. Due to the political issues at the moment of compulsory suspension of its activity (the resolution of The General Assembly PAAS in 1951), the archive itself became the place, where files of all liquidated structures of Academia were being held and deposed. When Jan D\u0105browski has undertaken the efforts to create a department of PAS, with a leading role of the Library and the Archive, it did not end as planned and the Archive became the part of a Library (since the 1<\/span><\/span><\/span><sup><span style=\"font-family: Times New Roman, serif;\"><span style=\"font-size: medium;\"><span lang=\"en-GB\">st<\/span><\/span><\/span><\/sup><span style=\"font-family: Times New Roman, serif;\"><span style=\"font-size: medium;\"><span lang=\"en-GB\"> January 1953 it was a PAS library). Since then, it was functioning as the Archive Departament, within the limits of the documentary and bibliographic department of the Library. At that time, the research on the history of Krak\u00f3w Centre of Science in XIX century were being still conducted. They were led by the science workshop created in 1954, where Danuta Rederowa was a director. The joined cooperation between Archive and Library did not last long, because the Archive of Polish Academy of Sciences was created pursuant to the Decision No 167\/53 by Secretary of PAS Scientific Presidium dated to 1<\/span><\/span><\/span><sup><span style=\"font-family: Times New Roman, serif;\"><span style=\"font-size: medium;\"><span lang=\"en-GB\">st<\/span><\/span><\/span><\/sup><span style=\"font-family: Times New Roman, serif;\"><span style=\"font-size: medium;\"><span lang=\"en-GB\"> December 1953. According to this resolution, Archive was supposed to \u201cgather, preserve and prepare to scientific, administrative and publishing purposes, all of the archival materials taken over by PAS, after liquidated institutions, which were connected to PAS\u201d. In the appendix to the resolution, there was presented the whole organizational structure of the new archive, having announced the creation of a new department, among others in Krak\u00f3w. Soon, preparations to implementation of resolution enrolment were undertaken. The lawyer, Zygmunt Kolankowski, who was the creator of The Archive of PAS in Warszawa, extracted nearly 90 linear metres from the Library of PAS in Mai 1955. <\/span><\/span><\/span><\/p>\n<p align=\"justify\"><span style=\"font-family: Times New Roman, serif;\"><span style=\"font-size: medium;\"><span lang=\"en-GB\">The next chapter of archive history is the time of the Branch of the Archive of Polish Academy of Science in Krak\u00f3w over the period 1955-2001.<\/span><\/span><\/span><\/p>\n<p align=\"justify\"><span style=\"font-family: Times New Roman, serif;\"><span style=\"font-size: medium;\"><span lang=\"en-GB\">The first stage of Archive activity (1955-1962),under Danuta Rederowa\u2019s management was a bridge between the past and the presence. Works taken at that time, which mainly concerned intercepting files from PAAS and arranging them were connected to previously accepted assumptions.<\/span><\/span><\/span><\/p>\n<p align=\"justify\"><span style=\"font-family: Times New Roman, serif;\"><span style=\"font-size: medium;\"><span lang=\"en-GB\">To already gathered files of Krak\u00f3w Science Society (1815-1872), Polish Academy of Art and Sciences (1873-1952), Academy of Medical Sciences (1920-1930), 14<\/span><\/span><\/span><sup><span style=\"font-family: Times New Roman, serif;\"><span style=\"font-size: medium;\"><span lang=\"en-GB\">th<\/span><\/span><\/span><\/sup><span style=\"font-family: Times New Roman, serif;\"><span style=\"font-size: medium;\"><span lang=\"en-GB\"> Congress of Medical Doctors and Naturalists in Pozna\u0144 (1933) and some of the legacies, there were being added files from PAS agencies having been operating since 1953 and Krak\u00f3w agency (since 1957). Also private archival materials were being added, mainly private archives of scientists and academics. In 1962 the archival holdings increased to amount 107 linear metres, and only two workers were employed. <\/span><\/span><\/span><\/p>\n<p align=\"justify\"><span style=\"font-family: Times New Roman, serif;\"><span style=\"font-size: medium;\"><span lang=\"en-GB\">The very first premises of the Archive was created in one of the storage rooms in the Library at 17, S\u0142awkowska Street. The place was used simultaneously as the storage space, manager office, archivists office and a reading room with a place for only a single person.<\/span><\/span><\/span><\/p>\n<p align=\"justify\"><span style=\"font-family: Times New Roman, serif;\"><span style=\"font-size: medium;\"><span lang=\"en-GB\">After Danuta Rederowa quitted job and Jan Poradzisz(1923-1983), Jan D\u0105browski\u2019s apprentice, became the new director, a new period has begun. That was a time of increased activity of the Archive, especially within collecting academic\u2019s legacies and taking care over accumulating of files. At that time, there were also visitations of archive agencies and some of the science societies. That period also concerned problems with premises \u2013 no storage reserve and exiguous staff. In 1972 the light at the end of a tunnel appeared \u2013 a new worked has been employed. After management efforts, the archive was temporarily move to 1 Senacka Street, where three-roomed premises existed. Only in 1981 the archive finally found its place at 26, St. Jan Street, in a tenement house reconditioned by PAS and having been bought just before the war by PAAS.<\/span><\/span><\/span><\/p>\n<p align=\"justify\"><span style=\"font-family: Times New Roman, serif;\"><span style=\"font-size: medium;\"><span lang=\"en-GB\">A time between 1989 and 2001 is connected to political breakthrough and some organizational changes within polish science. Among the last part, particular role was played by reactivating Polish Academy of Art and Science on 16<\/span><\/span><\/span><sup><span style=\"font-family: Times New Roman, serif;\"><span style=\"font-size: medium;\"><span lang=\"en-GB\">th<\/span><\/span><\/span><\/sup><span style=\"font-family: Times New Roman, serif;\"><span style=\"font-size: medium;\"><span lang=\"en-GB\"> November 1989. For PAAS, its historical archival stock was crucial, especially when it comes to recreating its own structure and legitimization proprietorship rights. Because the Archive had files from two nation-wide institutions, its previous operational purpose has changed. Without doubt it was important, that a place, where there were already unique collections concerning science institutions from XIX and XX century, should have the right to gather the rest of current documentation. Launching the independent archive, which could process within scientific environment seemed to be inevitable. PAS and PAAS begun long-lasting negotiations in order to create such organization. Crucial for the final shape of the archive were resolutions from 25<\/span><\/span><\/span><sup><span style=\"font-family: Times New Roman, serif;\"><span style=\"font-size: medium;\"><span lang=\"en-GB\">th<\/span><\/span><\/span><\/sup><span style=\"font-family: Times New Roman, serif;\"><span style=\"font-size: medium;\"><span lang=\"en-GB\"> of June 1994 and 23th of June 2001, as well as the Presidium act from 9<\/span><\/span><\/span><sup><span style=\"font-family: Times New Roman, serif;\"><span style=\"font-size: medium;\"><span lang=\"en-GB\">th<\/span><\/span><\/span><\/sup><span style=\"font-family: Times New Roman, serif;\"><span style=\"font-size: medium;\"><span lang=\"en-GB\"> of October 2001.<\/span><\/span><\/span><\/p>\n<p align=\"justify\"><span style=\"font-family: Times New Roman, serif;\"><span style=\"font-size: medium;\"><span lang=\"en-GB\">The change in organization also affected the discussion about problems and shape of the science institution\u2019s archives. The Krak\u00f3w Archive was a part of that. It took place during archival sessions at 3<\/span><\/span><\/span><sup><span style=\"font-family: Times New Roman, serif;\"><span style=\"font-size: medium;\"><span lang=\"en-GB\">rd<\/span><\/span><\/span><\/sup><span style=\"font-family: Times New Roman, serif;\"><span style=\"font-size: medium;\"><span lang=\"en-GB\"> Public Congress of Polish Archivists in Toru\u0144, 2-3 of September 1997, and the following, that took place in Szczecin, 12-13 of September 2002.<\/span><\/span><\/span><\/p>\n<p align=\"justify\"><span style=\"font-family: Times New Roman, serif;\"><span style=\"font-size: medium;\"><span lang=\"en-GB\">At that time a dynamic increase of the amount of archival collections in Krak\u00f3w proceeded. Simultaneously, the public interests of the collections has risen. By the end of 2001, the archival stock was around 1073 linear metres. The Archive was led by Henryk Barycz\u2019s apprentice \u2013 Rita Majkowaska, and consisted of six workers, cooperating with another two archivists from PAAS. The popularization of collections was connected to exhibitions, that were initiated. Thanks to cooperation and financial support of PAAS, the Archive could begin the cycle of exhibitions devoted to distinguished academics, which were accompanied by science sessions. <\/span><\/span><\/span><\/p>\n<p align=\"justify\"><span style=\"font-family: Times New Roman, serif;\"><span style=\"font-size: medium;\"><span lang=\"en-GB\">The 31<\/span><\/span><\/span><sup><span style=\"font-family: Times New Roman, serif;\"><span style=\"font-size: medium;\"><span lang=\"en-GB\">st<\/span><\/span><\/span><\/sup><span style=\"font-family: Times New Roman, serif;\"><span style=\"font-size: medium;\"><span lang=\"en-GB\"> of March 2002 was the day, when the branch of PAS Archive finished its activity.<\/span><\/span><\/span><\/p>\n","protected":false},"excerpt":{"rendered":"<p>The origins of the Archive connect to: Krak\u00f3w Science Society (KSS) The Academy of Sciences (AS) The Polish Academy of Arts and Sciences (PAAS) The Archive of Science of the Polish Academy of Sciences, Krak\u00f3w branch ( ASPAS) Krak\u00f3w Science Society, on Walenty Litwi\u0144ski\u2019s initiative, a lawyer and Cracow Academy\u2019s Rector, was launched in Krak\u00f3w &hellip; <\/p>\n<p class=\"read-more\"><a class=\"btn btn-default\" href=\"https:\/\/archiwumnauki.pan.pl\/?page_id=2332&#038;lang=en\"> Read More<span class=\"screen-reader-text\">  Read More<\/span><\/a><\/p>\n","protected":false},"author":55,"featured_media":0,"parent":0,"menu_order":0,"comment_status":"closed","ping_status":"closed","template":"","meta":[],"_links":{"self":[{"href":"https:\/\/archiwumnauki.pan.pl\/index.php?rest_route=\/wp\/v2\/pages\/2332"}],"collection":[{"href":"https:\/\/archiwumnauki.pan.pl\/index.php?rest_route=\/wp\/v2\/pages"}],"about":[{"href":"https:\/\/archiwumnauki.pan.pl\/index.php?rest_route=\/wp\/v2\/types\/page"}],"author":[{"embeddable":true,"href":"https:\/\/archiwumnauki.pan.pl\/index.php?rest_route=\/wp\/v2\/users\/55"}],"replies":[{"embeddable":true,"href":"https:\/\/archiwumnauki.pan.pl\/index.php?rest_route=%2Fwp%2Fv2%2Fcomments&post=2332"}],"version-history":[{"count":1,"href":"https:\/\/archiwumnauki.pan.pl\/index.php?rest_route=\/wp\/v2\/pages\/2332\/revisions"}],"predecessor-version":[{"id":2333,"href":"https:\/\/archiwumnauki.pan.pl\/index.php?rest_route=\/wp\/v2\/pages\/2332\/revisions\/2333"}],"wp:attachment":[{"href":"https:\/\/archiwumnauki.pan.pl\/index.php?rest_route=%2Fwp%2Fv2%2Fmedia&parent=2332"}],"curies":[{"name":"wp","href":"https:\/\/api.w.org\/{rel}","templated":true}]}}