{"id":1982,"date":"2019-11-25T11:52:23","date_gmt":"2019-11-25T10:52:23","guid":{"rendered":"http:\/\/archiwumnauki.pan.pl\/?page_id=1982"},"modified":"2019-11-27T14:07:27","modified_gmt":"2019-11-27T13:07:27","slug":"wizyta-uczniow-z-zespolu-szkol-im-walerego-goetla-25-11-2019","status":"publish","type":"page","link":"https:\/\/archiwumnauki.pan.pl\/?page_id=1982","title":{"rendered":"Wizyta uczni\u00f3w z Zespo\u0142u Szk\u00f3\u0142 im. Walerego Goetla (25.11.2019) &#8211; galeria"},"content":{"rendered":"\n","protected":false},"excerpt":{"rendered":"","protected":false},"author":55,"featured_media":0,"parent":0,"menu_order":0,"comment_status":"closed","ping_status":"closed","template":"","meta":[],"_links":{"self":[{"href":"https:\/\/archiwumnauki.pan.pl\/index.php?rest_route=\/wp\/v2\/pages\/1982"}],"collection":[{"href":"https:\/\/archiwumnauki.pan.pl\/index.php?rest_route=\/wp\/v2\/pages"}],"about":[{"href":"https:\/\/archiwumnauki.pan.pl\/index.php?rest_route=\/wp\/v2\/types\/page"}],"author":[{"embeddable":true,"href":"https:\/\/archiwumnauki.pan.pl\/index.php?rest_route=\/wp\/v2\/users\/55"}],"replies":[{"embeddable":true,"href":"https:\/\/archiwumnauki.pan.pl\/index.php?rest_route=%2Fwp%2Fv2%2Fcomments&post=1982"}],"version-history":[{"count":2,"href":"https:\/\/archiwumnauki.pan.pl\/index.php?rest_route=\/wp\/v2\/pages\/1982\/revisions"}],"predecessor-version":[{"id":2041,"href":"https:\/\/archiwumnauki.pan.pl\/index.php?rest_route=\/wp\/v2\/pages\/1982\/revisions\/2041"}],"wp:attachment":[{"href":"https:\/\/archiwumnauki.pan.pl\/index.php?rest_route=%2Fwp%2Fv2%2Fmedia&parent=1982"}],"curies":[{"name":"wp","href":"https:\/\/api.w.org\/{rel}","templated":true}]}}