{"id":1855,"date":"2019-10-28T09:40:45","date_gmt":"2019-10-28T08:40:45","guid":{"rendered":"http:\/\/archiwumnauki.pan.pl\/?page_id=1855"},"modified":"2025-02-13T11:44:01","modified_gmt":"2025-02-13T10:44:01","slug":"partnerzy","status":"publish","type":"page","link":"https:\/\/archiwumnauki.pan.pl\/?page_id=1855","title":{"rendered":"Partnerzy"},"content":{"rendered":"<p><strong><em>Wac\u0142aw Felczak Alap\u00edtv\u00e1ny \/ Fundacja Wac\u0142awa Felczaka z siedzib\u0105 w Budapeszcie<\/em><\/strong><\/p>\n<p><a href=\"https:\/\/archiwumnauki.pan.pl\/wp-content\/uploads\/2023\/12\/img21.jpg\"><img decoding=\"async\" loading=\"lazy\" class=\"alignnone wp-image-5739\" src=\"https:\/\/archiwumnauki.pan.pl\/wp-content\/uploads\/2023\/12\/img21.jpg\" alt=\"\" width=\"560\" height=\"320\" srcset=\"https:\/\/archiwumnauki.pan.pl\/wp-content\/uploads\/2023\/12\/img21.jpg 960w, https:\/\/archiwumnauki.pan.pl\/wp-content\/uploads\/2023\/12\/img21-300x171.jpg 300w, https:\/\/archiwumnauki.pan.pl\/wp-content\/uploads\/2023\/12\/img21-768x438.jpg 768w, https:\/\/archiwumnauki.pan.pl\/wp-content\/uploads\/2023\/12\/img21-473x270.jpg 473w\" sizes=\"(max-width: 560px) 100vw, 560px\" \/><\/a><\/p>\n<p><a href=\"https:\/\/wfa.hu\/pl\">Link do strony internetowej<\/a><\/p>\n<p>______________________________________________________________________________<\/p>\n<p><strong><em>Stowarzyszenie Polonist\u00f3w z siedzib\u0105 przy Wydziale Polonistyki Uniwersytetu Jagiello\u0144skiego<\/em><\/strong><\/p>\n<p><img decoding=\"async\" loading=\"lazy\" class=\"alignnone size-medium wp-image-3115\" src=\"https:\/\/archiwumnauki.pan.pl\/wp-content\/uploads\/2021\/07\/logo.stowpolu-252x300.png\" alt=\"\" width=\"252\" height=\"300\" srcset=\"https:\/\/archiwumnauki.pan.pl\/wp-content\/uploads\/2021\/07\/logo.stowpolu-252x300.png 252w, https:\/\/archiwumnauki.pan.pl\/wp-content\/uploads\/2021\/07\/logo.stowpolu-862x1024.png 862w, https:\/\/archiwumnauki.pan.pl\/wp-content\/uploads\/2021\/07\/logo.stowpolu-768x913.png 768w, https:\/\/archiwumnauki.pan.pl\/wp-content\/uploads\/2021\/07\/logo.stowpolu-227x270.png 227w, https:\/\/archiwumnauki.pan.pl\/wp-content\/uploads\/2021\/07\/logo.stowpolu.png 1078w\" sizes=\"(max-width: 252px) 100vw, 252px\" \/><\/p>\n<p><a href=\"http:\/\/www.stowarzyszeniepolonistow.pl\/\">Link do strony internetowej<\/a><\/p>\n<p>______________________________________________________________________________<\/p>\n<p><strong><em>Cyfrowe Archiwum Romana Ingardena<\/em><\/strong><\/p>\n<p>S\u0105 to udost\u0119pnione w Internecie opracowane typologicznie i merytorycznie materia\u0142y archiwalne dotycz\u0105ce nieznanych prac naukowych wybitnego polskiego humanisty oraz jego korespondencji z przedstawicielami kultury i nauki XX wieku z polski i z zagranicy. Zasadniczym celem Archiwum jest przywr\u00f3cenie polskiej oraz zachodniej kulturze i nauce korespondencji i niepublikowanych dotychczas prac naukowych Romana Ingardena, przez w\u0142\u0105czenie ich po raz pierwszy do \u015bwiatowego obiegu naukowego. Spu\u015bcizna filozoficzna Ingardena w pewnej cz\u0119\u015bci nale\u017cy ju\u017c do nauki \u015bwiatowej. Natomiast bogata korespondencja filozofa w bardzo niewielkim stopniu zosta\u0142a jak dot\u0105d udost\u0119pniona polskiemu i zagranicznemu odbiorcy. Archiwum powsta\u0142o dzi\u0119ki wsparciu Ministerstwa Nauki i Szkolnictwa Wy\u017cszego Rzeczpospolitej Polskiej.<\/p>\n<p><a href=\"http:\/\/ingarden.archive.uj.edu.pl\/\"><span style=\"color: #3366ff;\">Link do strony internetowej<\/span><\/a><\/p>\n<p>______________________________________________________________________________<\/p>\n<p><strong><em>Stowarzyszenie &#8222;Nar\u0119bski Point&#8221;<\/em><\/strong><\/p>\n<p><img decoding=\"async\" src=\"https:\/\/www.narebskipoint.pl\/wp-content\/uploads\/2021\/11\/logo-NAREBSKI-POINT-z-ogonkami2.jpg\" \/><\/p>\n<p><a href=\"https:\/\/www.narebskipoint.pl\/\"><span style=\"color: #3366ff;\">Link do strony internetowej<\/span><\/a><\/p>\n<p>______________________________________________________________________________<\/p>\n<p><strong><em>Wydawnictwo Sophia<\/em><\/strong><\/p>\n<p><a href=\"https:\/\/archiwumnauki.pan.pl\/wp-content\/uploads\/2025\/02\/Bez-nazwy-1-kopia-300x297-1.png\"><img decoding=\"async\" loading=\"lazy\" class=\"alignnone wp-image-6624\" src=\"https:\/\/archiwumnauki.pan.pl\/wp-content\/uploads\/2025\/02\/Bez-nazwy-1-kopia-300x297-1.png\" alt=\"\" width=\"400\" height=\"396\" srcset=\"https:\/\/archiwumnauki.pan.pl\/wp-content\/uploads\/2025\/02\/Bez-nazwy-1-kopia-300x297-1.png 300w, https:\/\/archiwumnauki.pan.pl\/wp-content\/uploads\/2025\/02\/Bez-nazwy-1-kopia-300x297-1-150x150.png 150w, https:\/\/archiwumnauki.pan.pl\/wp-content\/uploads\/2025\/02\/Bez-nazwy-1-kopia-300x297-1-273x270.png 273w\" sizes=\"(max-width: 400px) 100vw, 400px\" \/><\/a><\/p>\n<p><a href=\"https:\/\/wydawnictwosophia.pl\/\">Link do strony internetowej<\/a><\/p>\n","protected":false},"excerpt":{"rendered":"<p>Wac\u0142aw Felczak Alap\u00edtv\u00e1ny \/ Fundacja Wac\u0142awa Felczaka z siedzib\u0105 w Budapeszcie Link do strony internetowej ______________________________________________________________________________ Stowarzyszenie Polonist\u00f3w z siedzib\u0105 przy Wydziale Polonistyki Uniwersytetu Jagiello\u0144skiego Link do strony internetowej ______________________________________________________________________________ Cyfrowe Archiwum Romana Ingardena S\u0105 to udost\u0119pnione w Internecie opracowane typologicznie i merytorycznie materia\u0142y archiwalne dotycz\u0105ce nieznanych prac naukowych wybitnego polskiego humanisty oraz jego korespondencji &hellip; <\/p>\n<p class=\"read-more\"><a class=\"btn btn-default\" href=\"https:\/\/archiwumnauki.pan.pl\/?page_id=1855\"> Read More<span class=\"screen-reader-text\">  Read More<\/span><\/a><\/p>\n","protected":false},"author":55,"featured_media":0,"parent":0,"menu_order":0,"comment_status":"closed","ping_status":"closed","template":"","meta":[],"_links":{"self":[{"href":"https:\/\/archiwumnauki.pan.pl\/index.php?rest_route=\/wp\/v2\/pages\/1855"}],"collection":[{"href":"https:\/\/archiwumnauki.pan.pl\/index.php?rest_route=\/wp\/v2\/pages"}],"about":[{"href":"https:\/\/archiwumnauki.pan.pl\/index.php?rest_route=\/wp\/v2\/types\/page"}],"author":[{"embeddable":true,"href":"https:\/\/archiwumnauki.pan.pl\/index.php?rest_route=\/wp\/v2\/users\/55"}],"replies":[{"embeddable":true,"href":"https:\/\/archiwumnauki.pan.pl\/index.php?rest_route=%2Fwp%2Fv2%2Fcomments&post=1855"}],"version-history":[{"count":19,"href":"https:\/\/archiwumnauki.pan.pl\/index.php?rest_route=\/wp\/v2\/pages\/1855\/revisions"}],"predecessor-version":[{"id":6628,"href":"https:\/\/archiwumnauki.pan.pl\/index.php?rest_route=\/wp\/v2\/pages\/1855\/revisions\/6628"}],"wp:attachment":[{"href":"https:\/\/archiwumnauki.pan.pl\/index.php?rest_route=%2Fwp%2Fv2%2Fmedia&parent=1855"}],"curies":[{"name":"wp","href":"https:\/\/api.w.org\/{rel}","templated":true}]}}