{"id":1416,"date":"2019-04-30T20:47:19","date_gmt":"2019-04-30T18:47:19","guid":{"rendered":"http:\/\/archiwumnauki.pan.pl\/?page_id=1416"},"modified":"2021-02-02T15:19:15","modified_gmt":"2021-02-02T14:19:15","slug":"mlodosc-mija-jak-sen-obrazki-z-zycia-towarzyskiego-uczennicy-i-studentki-wystawa-2013-10-15-2014-01-31","status":"publish","type":"page","link":"https:\/\/archiwumnauki.pan.pl\/?page_id=1416","title":{"rendered":"M\u0142odo\u015b\u0107 mija jak sen&#8230; Obrazki z \u017cycia towarzyskiego uczennicy i studentki. Anna Kutrzeba-Pojnarowa (1913-1993) (wystawa: 2013-10-15 &#8211; 2014-03-31)"},"content":{"rendered":"<div><strong>Inne<\/strong><\/div>\n<div><strong>M\u0142odo\u015b\u0107 mija jak sen&#8230; Obrazki z \u017cycia towarzyskiego uczennicy i studentki. Anna Kutrzeba- Pojnarowa (1913-1993)<br \/>\n<\/strong><\/div>\n<div><strong>Wystawa by\u0142a prezentowana w dniach 15 X 2013 &#8211; 31 III 2014<\/strong><\/div>\n<div><strong>Wystawa prezentowana jest przy Kancelarii Prezesa PAN w Pa\u0142acu Kultury i Nauki w Warszawie.<\/strong><\/div>\n<div class=\"floatleft\"><img decoding=\"async\" loading=\"lazy\" class=\"size-medium wp-image-1417 alignleft\" src=\"https:\/\/archiwumnauki.pan.pl\/wp-content\/uploads\/2019\/04\/folder_A_Kutrzebianka-143x300.jpg\" alt=\"\" width=\"143\" height=\"300\" srcset=\"https:\/\/archiwumnauki.pan.pl\/wp-content\/uploads\/2019\/04\/folder_A_Kutrzebianka-143x300.jpg 143w, https:\/\/archiwumnauki.pan.pl\/wp-content\/uploads\/2019\/04\/folder_A_Kutrzebianka-129x270.jpg 129w, https:\/\/archiwumnauki.pan.pl\/wp-content\/uploads\/2019\/04\/folder_A_Kutrzebianka.jpg 280w\" sizes=\"(max-width: 143px) 100vw, 143px\" \/><\/div>\n<p style=\"text-align: justify;\" align=\"justify\"><strong>M\u0142odo\u015b\u0107 nie jest rozdzia\u0142em wyrwanym z \u017cycia ani przedmow\u0105 do ksi\u0105\u017cki bez powi\u0105zania z ca\u0142o\u015bci\u0105. Jest wprowadzeniem do ca\u0142ej reszty&#8230;<\/strong><\/p>\n<p style=\"text-align: justify;\">Setna rocznica urodzin oraz dwudziesta rocznica \u015bmierci Anny Kutrzeby-Pojnarowej (1913-1993), etnologa, historyka, profesora Uniwersytetu Warszawskiego, sta\u0142a si\u0119 inspiracj\u0105 do nakre\u015blenia kilku obrazk\u00f3w z jej m\u0142odzie\u0144czego \u017cycia towarzyskiego. M\u0142odo\u015b\u0107 nie jest szczeg\u00f3ln\u0105 zas\u0142ug\u0105, nie da si\u0119 jej zdoby\u0107, zatrzyma\u0107. Niesie jednak przywilej zdobywania bezcennych do\u015bwiadcze\u0144, rzuca wyzwanie poszukiwania w\u0142asnej drogi, jest kluczem otwieraj\u0105cym to, co nieznane. Pierwsze pasje, zdarzenia, ludzie, kt\u00f3rych spotykamy wtedy na drodze, maj\u0105 wp\u0142yw na nasz\u0105 przysz\u0142o\u015b\u0107. Nie inaczej by\u0142o w przypadku Anny Kutrzebianki i kszta\u0142towania si\u0119 jej postawy jako cz\u0142owieka oraz uczonego. M\u0142odzie\u0144cza fascynacja kultur\u0105 ludow\u0105, etnografi\u0105, kt\u00f3r\u0105 zawdzi\u0119cza\u0142a uczestnictwu w Kole Krajoznawczym Gimnazjum im. Kr\u00f3lowej Wandy w Krakowie, towarzyszy\u0142a jej przez ca\u0142e \u017cycie, staj\u0105c si\u0119 fundamentem pracy naukowej. Z drugiej strony by\u0142 to r\u00f3wnie\u017c czas beztroskich zabaw, wieczork\u00f3w tanecznych, wizyt w teatrze, kinie itd. Wy\u0142aniaj\u0105cy si\u0119 obraz rozrywek w \u017cyciu uczennicy i studentki zmusza do wyr\u00f3\u017cnienia w nim le\u017c\u0105cej u podn\u00f3\u017ca Babiej G\u00f3ry wsi Zawoi, kt\u00f3ra dostarczy\u0142a jej tak wielu inspiracji naukowych i gdzie podczas wakacji bywa\u0142y rodziny profesorskie. Wie\u015b nios\u0142a atrakcje innego rodzaju ni\u017c miasto, szczeg\u00f3lnie zach\u0119caj\u0105c m\u0142odzie\u017c do wycieczek oraz sportu.<\/p>\n<p style=\"text-align: justify;\"><i>Tempora mutantur et nos mutamur in illis&#8230;<\/i>\u00a0Kilka obrazk\u00f3w w kolorze sepii, z\u0142o\u017conych z sylwetek postaci, zdarze\u0144 zatrzymanych w kadrze tworzy obraz rzeczywisto\u015bci, kt\u00f3ra przemin\u0119\u0142a. To zaledwie zarys \u015bwiata m\u0142odych z lat 20. i 30. XX wieku. Ta perspektywa czasu pozwala zanurzy\u0107 si\u0119 z pewnym sentymentem w jego fragmentach. Ksi\u0105\u017cka \u017cycia Anny Kutrzebianki pozwala wczytywa\u0107 si\u0119 dok\u0142adnie w jej pierwszy rozdzia\u0142 nios\u0105c refleksj\u0119, \u017ce mo\u017ce m\u0142odo\u015b\u0107 to nie tylko etap \u017cycia, ale r\u00f3wnie\u017c stan ducha, kt\u00f3ry trwa tak d\u0142ugo, jak d\u0142ugo jeste\u015bmy wierni swoim idea\u0142om\u2026<\/p>\n<p style=\"text-align: justify;\" align=\"justify\">\n","protected":false},"excerpt":{"rendered":"<p>Inne M\u0142odo\u015b\u0107 mija jak sen&#8230; Obrazki z \u017cycia towarzyskiego uczennicy i studentki. Anna Kutrzeba- Pojnarowa (1913-1993) Wystawa by\u0142a prezentowana w dniach 15 X 2013 &#8211; 31 III 2014 Wystawa prezentowana jest przy Kancelarii Prezesa PAN w Pa\u0142acu Kultury i Nauki w Warszawie. M\u0142odo\u015b\u0107 nie jest rozdzia\u0142em wyrwanym z \u017cycia ani przedmow\u0105 do ksi\u0105\u017cki bez powi\u0105zania &hellip; <\/p>\n<p class=\"read-more\"><a class=\"btn btn-default\" href=\"https:\/\/archiwumnauki.pan.pl\/?page_id=1416\"> Read More<span class=\"screen-reader-text\">  Read More<\/span><\/a><\/p>\n","protected":false},"author":55,"featured_media":0,"parent":0,"menu_order":0,"comment_status":"closed","ping_status":"closed","template":"","meta":[],"_links":{"self":[{"href":"https:\/\/archiwumnauki.pan.pl\/index.php?rest_route=\/wp\/v2\/pages\/1416"}],"collection":[{"href":"https:\/\/archiwumnauki.pan.pl\/index.php?rest_route=\/wp\/v2\/pages"}],"about":[{"href":"https:\/\/archiwumnauki.pan.pl\/index.php?rest_route=\/wp\/v2\/types\/page"}],"author":[{"embeddable":true,"href":"https:\/\/archiwumnauki.pan.pl\/index.php?rest_route=\/wp\/v2\/users\/55"}],"replies":[{"embeddable":true,"href":"https:\/\/archiwumnauki.pan.pl\/index.php?rest_route=%2Fwp%2Fv2%2Fcomments&post=1416"}],"version-history":[{"count":3,"href":"https:\/\/archiwumnauki.pan.pl\/index.php?rest_route=\/wp\/v2\/pages\/1416\/revisions"}],"predecessor-version":[{"id":2747,"href":"https:\/\/archiwumnauki.pan.pl\/index.php?rest_route=\/wp\/v2\/pages\/1416\/revisions\/2747"}],"wp:attachment":[{"href":"https:\/\/archiwumnauki.pan.pl\/index.php?rest_route=%2Fwp%2Fv2%2Fmedia&parent=1416"}],"curies":[{"name":"wp","href":"https:\/\/api.w.org\/{rel}","templated":true}]}}