{"id":1408,"date":"2019-04-30T20:45:43","date_gmt":"2019-04-30T18:45:43","guid":{"rendered":"http:\/\/archiwumnauki.pan.pl\/?page_id=1408"},"modified":"2021-02-02T15:17:31","modified_gmt":"2021-02-02T14:17:31","slug":"geografom-w-dowod-uznania-medale-odznaczenia-dyplomy-ze-zbiorow-archiwum-nauki-wystawa-2013-03-06-2013-06-30","status":"publish","type":"page","link":"https:\/\/archiwumnauki.pan.pl\/?page_id=1408","title":{"rendered":"Geografom w dow\u00f3d uznania (medale, odznaczenia, dyplomy ze zbior\u00f3w Archiwum Nauki), (wystawa: 2013-03-06 &#8211; 2013-10-14)"},"content":{"rendered":"<div style=\"text-align: justify;\"><strong>Inne<\/strong><\/div>\n<div style=\"text-align: justify;\"><strong>Geografom w dow\u00f3d uznania (medale, odznaczenia, dyplomy ze zbior\u00f3w Archiwum Nauki)<\/strong><\/div>\n<div style=\"text-align: justify;\"><strong>Wystawa by\u0142a prezentowana w dniach 06 III 2013 &#8211; 14 X 2013<\/strong><\/div>\n<div style=\"text-align: justify;\"><\/div>\n<div style=\"text-align: justify;\"><strong>Wystawa prezentowana jest przy Kancelarii Prezesa PAN w Pa\u0142acu Kultury i Nauki w Warszawie.<\/strong><\/div>\n<div class=\"floatleft\" style=\"text-align: justify;\"><img decoding=\"async\" loading=\"lazy\" class=\"size-medium wp-image-1409 alignleft\" src=\"https:\/\/archiwumnauki.pan.pl\/wp-content\/uploads\/2019\/04\/okladkageografom-147x300.jpg\" alt=\"\" width=\"147\" height=\"300\" srcset=\"https:\/\/archiwumnauki.pan.pl\/wp-content\/uploads\/2019\/04\/okladkageografom-147x300.jpg 147w, https:\/\/archiwumnauki.pan.pl\/wp-content\/uploads\/2019\/04\/okladkageografom-132x270.jpg 132w, https:\/\/archiwumnauki.pan.pl\/wp-content\/uploads\/2019\/04\/okladkageografom.jpg 280w\" sizes=\"(max-width: 147px) 100vw, 147px\" \/><\/div>\n<p style=\"text-align: justify;\" align=\"justify\">Wystawa Geografom w dow\u00f3d uznania jest kontynuacj\u0105 poprzedniej ekspozycji, przygotowanej na zaproszenie Prezesa PAN, przedstawiaj\u0105cej najciekawsze obiekty sztuki medalierskiej, wybrane g\u0142\u00f3wnie ze spu\u015bcizn humanist\u00f3w. Tym razem eksponaty pochodz\u0105 z archiw\u00f3w osobistych geograf\u00f3w: Franciszka Uhorczaka (1902-1981), Mieczys\u0142awa Klimaszewskiego ( 1908-1995), Antoniego Wrzoska (1908-1993). Wyb\u00f3r tych sylwetek spo\u015br\u00f3d wielu polskich geograf\u00f3w, kt\u00f3rzy swoim dorobkiem rozs\u0142awili nauk\u0119 polsk\u0105, determinowa\u0142y- interesuj\u0105ce pod wzgl\u0119dem formy lub tre\u015bci \u2013 odznaczenia, medale i dyplomy przechowywane w Archiwum Nauki PAN i PAU w Krakowie. Zosta\u0142y one przyznane nie tylko za szczeg\u00f3lne osi\u0105gni\u0119cia i zas\u0142ugi, ale tak\u017ce ofiarowane z r\u00f3\u017cnych okazji. Prezentowane s\u0105 r\u00f3wnie\u017c dyplomy, kt\u00f3rymi uhonorowano i wyr\u00f3\u017cniono uczonych, b\u0119d\u0105cych bohaterami wystawy.<\/p>\n<p><center><img decoding=\"async\" loading=\"lazy\" class=\"alignnone size-medium wp-image-1410\" src=\"https:\/\/archiwumnauki.pan.pl\/wp-content\/uploads\/2019\/04\/geoklimaszewski-300x219.jpg\" alt=\"\" width=\"300\" height=\"219\" srcset=\"https:\/\/archiwumnauki.pan.pl\/wp-content\/uploads\/2019\/04\/geoklimaszewski-300x219.jpg 300w, https:\/\/archiwumnauki.pan.pl\/wp-content\/uploads\/2019\/04\/geoklimaszewski-370x270.jpg 370w, https:\/\/archiwumnauki.pan.pl\/wp-content\/uploads\/2019\/04\/geoklimaszewski.jpg 423w\" sizes=\"(max-width: 300px) 100vw, 300px\" \/><br \/>\n<img decoding=\"async\" loading=\"lazy\" class=\"alignnone size-medium wp-image-1411\" src=\"https:\/\/archiwumnauki.pan.pl\/wp-content\/uploads\/2019\/04\/geoklimaszewski3-300x247.jpg\" alt=\"\" width=\"300\" height=\"247\" srcset=\"https:\/\/archiwumnauki.pan.pl\/wp-content\/uploads\/2019\/04\/geoklimaszewski3-300x247.jpg 300w, https:\/\/archiwumnauki.pan.pl\/wp-content\/uploads\/2019\/04\/geoklimaszewski3-328x270.jpg 328w, https:\/\/archiwumnauki.pan.pl\/wp-content\/uploads\/2019\/04\/geoklimaszewski3.jpg 382w\" sizes=\"(max-width: 300px) 100vw, 300px\" \/><br \/>\n<img decoding=\"async\" loading=\"lazy\" class=\"alignnone size-medium wp-image-1412\" src=\"https:\/\/archiwumnauki.pan.pl\/wp-content\/uploads\/2019\/04\/geoklimaszewski2-300x219.jpg\" alt=\"\" width=\"300\" height=\"219\" srcset=\"https:\/\/archiwumnauki.pan.pl\/wp-content\/uploads\/2019\/04\/geoklimaszewski2-300x219.jpg 300w, https:\/\/archiwumnauki.pan.pl\/wp-content\/uploads\/2019\/04\/geoklimaszewski2-370x270.jpg 370w, https:\/\/archiwumnauki.pan.pl\/wp-content\/uploads\/2019\/04\/geoklimaszewski2.jpg 450w\" sizes=\"(max-width: 300px) 100vw, 300px\" \/><\/center><\/p>\n<p style=\"text-align: justify;\"><img decoding=\"async\" loading=\"lazy\" class=\"alignnone size-medium wp-image-1413\" src=\"https:\/\/archiwumnauki.pan.pl\/wp-content\/uploads\/2019\/04\/geoklimaszewski4-300x234.jpg\" alt=\"\" width=\"300\" height=\"234\" srcset=\"https:\/\/archiwumnauki.pan.pl\/wp-content\/uploads\/2019\/04\/geoklimaszewski4-300x234.jpg 300w, https:\/\/archiwumnauki.pan.pl\/wp-content\/uploads\/2019\/04\/geoklimaszewski4-347x270.jpg 347w, https:\/\/archiwumnauki.pan.pl\/wp-content\/uploads\/2019\/04\/geoklimaszewski4.jpg 397w\" sizes=\"(max-width: 300px) 100vw, 300px\" \/><\/p>\n<p><center><img decoding=\"async\" loading=\"lazy\" class=\"alignnone size-medium wp-image-1414\" src=\"https:\/\/archiwumnauki.pan.pl\/wp-content\/uploads\/2019\/04\/geoklimaszewski5-300x231.jpg\" alt=\"\" width=\"300\" height=\"231\" srcset=\"https:\/\/archiwumnauki.pan.pl\/wp-content\/uploads\/2019\/04\/geoklimaszewski5-300x231.jpg 300w, https:\/\/archiwumnauki.pan.pl\/wp-content\/uploads\/2019\/04\/geoklimaszewski5-350x270.jpg 350w, https:\/\/archiwumnauki.pan.pl\/wp-content\/uploads\/2019\/04\/geoklimaszewski5.jpg 428w\" sizes=\"(max-width: 300px) 100vw, 300px\" \/><\/center><\/p>\n","protected":false},"excerpt":{"rendered":"<p>Inne Geografom w dow\u00f3d uznania (medale, odznaczenia, dyplomy ze zbior\u00f3w Archiwum Nauki) Wystawa by\u0142a prezentowana w dniach 06 III 2013 &#8211; 14 X 2013 Wystawa prezentowana jest przy Kancelarii Prezesa PAN w Pa\u0142acu Kultury i Nauki w Warszawie. Wystawa Geografom w dow\u00f3d uznania jest kontynuacj\u0105 poprzedniej ekspozycji, przygotowanej na zaproszenie Prezesa PAN, przedstawiaj\u0105cej najciekawsze obiekty &hellip; <\/p>\n<p class=\"read-more\"><a class=\"btn btn-default\" href=\"https:\/\/archiwumnauki.pan.pl\/?page_id=1408\"> Read More<span class=\"screen-reader-text\">  Read More<\/span><\/a><\/p>\n","protected":false},"author":55,"featured_media":0,"parent":0,"menu_order":0,"comment_status":"closed","ping_status":"closed","template":"","meta":[],"_links":{"self":[{"href":"https:\/\/archiwumnauki.pan.pl\/index.php?rest_route=\/wp\/v2\/pages\/1408"}],"collection":[{"href":"https:\/\/archiwumnauki.pan.pl\/index.php?rest_route=\/wp\/v2\/pages"}],"about":[{"href":"https:\/\/archiwumnauki.pan.pl\/index.php?rest_route=\/wp\/v2\/types\/page"}],"author":[{"embeddable":true,"href":"https:\/\/archiwumnauki.pan.pl\/index.php?rest_route=\/wp\/v2\/users\/55"}],"replies":[{"embeddable":true,"href":"https:\/\/archiwumnauki.pan.pl\/index.php?rest_route=%2Fwp%2Fv2%2Fcomments&post=1408"}],"version-history":[{"count":3,"href":"https:\/\/archiwumnauki.pan.pl\/index.php?rest_route=\/wp\/v2\/pages\/1408\/revisions"}],"predecessor-version":[{"id":2745,"href":"https:\/\/archiwumnauki.pan.pl\/index.php?rest_route=\/wp\/v2\/pages\/1408\/revisions\/2745"}],"wp:attachment":[{"href":"https:\/\/archiwumnauki.pan.pl\/index.php?rest_route=%2Fwp%2Fv2%2Fmedia&parent=1408"}],"curies":[{"name":"wp","href":"https:\/\/api.w.org\/{rel}","templated":true}]}}