{"id":1400,"date":"2019-04-30T20:43:04","date_gmt":"2019-04-30T18:43:04","guid":{"rendered":"http:\/\/archiwumnauki.pan.pl\/?page_id=1400"},"modified":"2021-02-02T15:16:37","modified_gmt":"2021-02-02T14:16:37","slug":"w-uznaniu-zaslug-odznaczenia-ze-spuscizn-uczonych-w-archiwum-nauki-pan-i-pau-w-krakowie-wystawa-2012-07-01-2012-12-30","status":"publish","type":"page","link":"https:\/\/archiwumnauki.pan.pl\/?page_id=1400","title":{"rendered":"W uznaniu zas\u0142ug. Odznaczenia ze spu\u015bcizn uczonych w Archiwum Nauki PAN i PAU w Krakowie, (wystawa: 2012-07-01 &#8211; 2013-03-05)"},"content":{"rendered":"<div><strong><em>Inne<\/em><\/strong><\/div>\n<div><strong>W uznaniu zas\u0142ug. Odznaczenia ze spu\u015bcizn uczonych w Archiwum Nauki PAN i PAU w Krakowie<\/strong><\/div>\n<div><strong>Wystawa by\u0142a prezentowana w dniach 01 VII 2012 &#8211; 05 III 2013<\/strong><\/div>\n<div><\/div>\n<div><strong>Wystawa prezentowana jest przy Kancelarii Prezesa PAN w Pa\u0142acu Kultury i Nauki w Warszawie.<\/strong><\/div>\n<div class=\"floatleft\"><img decoding=\"async\" loading=\"lazy\" class=\"size-medium wp-image-1401 alignleft\" src=\"https:\/\/archiwumnauki.pan.pl\/wp-content\/uploads\/2019\/04\/Medale_ok-141x300.jpg\" alt=\"\" width=\"141\" height=\"300\" srcset=\"https:\/\/archiwumnauki.pan.pl\/wp-content\/uploads\/2019\/04\/Medale_ok-141x300.jpg 141w, https:\/\/archiwumnauki.pan.pl\/wp-content\/uploads\/2019\/04\/Medale_ok-127x270.jpg 127w, https:\/\/archiwumnauki.pan.pl\/wp-content\/uploads\/2019\/04\/Medale_ok.jpg 280w\" sizes=\"(max-width: 141px) 100vw, 141px\" \/><\/div>\n<p style=\"text-align: justify;\" align=\"justify\">Zaproszenie Prezesa Polskiej Akademii Nauk pozwala nam ju\u017c po raz dziesi\u0105ty podzieli\u0107 si\u0119 bogactwem materia\u0142\u00f3w archiwalnych z zasobu Archiwum Nauki PAN i PAU w Krakowie.<\/p>\n<p style=\"text-align: justify;\" align=\"justify\">Prezentowana obecnie wystawa, zatytu\u0142owana \u201eW uznaniu zas\u0142ug\u201d, pokazuje najciekawsze obiekty interesuj\u0105cej dziedziny sztuki dekoracyjnej, jak\u0105 jest medalierstwo.<\/p>\n<p style=\"text-align: justify;\" align=\"justify\">Eksponaty pochodz\u0105 z wybranych spu\u015bcizn uczonych: Stanis\u0142awa Kutrzeby (1876\u20131946), Henryka Ferdynanda Hoyera jun. (1864\u20131947), Kazimierza Nitscha (1874\u20131958), Kazimierza Piwarskiego (1903\u20131968), Adama Vetulaniego (1901\u20131976) i Henryka Batowskiego (1907\u20131999).<\/p>\n<p style=\"text-align: justify;\" align=\"justify\">Medale i odznaczenia s\u0105 materia\u0142em \u017ar\u00f3d\u0142owym do historii nauki i kultury polskiej, zajmuj\u0105cym w ka\u017cdej spu\u015bci\u017anie poczesne miejsce. Ekspozycja przedstawia nie tylko odznaczenia przyznane za szczeg\u00f3lne osi\u0105gni\u0119cia i zas\u0142ugi, ale tak\u017ce medale okoliczno\u015bciowe, upami\u0119tniaj\u0105ce rocznice urodzin i \u015bmierci zas\u0142u\u017conych uczonych i tw\u00f3rc\u00f3w, wa\u017cne wydarzenia historyczne, jubileusze instytucji i towarzystw naukowo-kulturalnych, zjazdy naukowe.<\/p>\n<p style=\"text-align: justify;\" align=\"justify\">Ordery i odznaczenia pa\u0144stwowe, wojskowe, cywilne i ko\u015bcielne przyznawane polskim profesorom w kraju i zagranic\u0105 by\u0142y wyrazem szacunku dla zas\u0142ug i osi\u0105gni\u0119\u0107 uczonych oraz rozwoju r\u00f3\u017cnych dziedzin nauki polskiej. Obok warto\u015bci historycznej posiadaj\u0105 one r\u00f3wnie\u017c du\u017ce walory artystyczne.<\/p>\n<p style=\"text-align: justify;\" align=\"justify\">Prezentowane odznaczenia, przyznawane w dow\u00f3d wdzi\u0119czno\u015bci i uznania, pokazuj\u0105 niewielki wycinek dokona\u0144 polskich uczonych i rozkwitu nauki polskiej, wyryty w formie medalu symbolizuj\u0105cego trwa\u0142o\u015b\u0107, tradycj\u0119 i pami\u0119\u0107 o zas\u0142ugach polskich badaczy.<\/p>\n<p>&nbsp;<\/p>\n<div style=\"text-align: justify;\"><img decoding=\"async\" loading=\"lazy\" class=\"alignnone size-medium wp-image-1402\" src=\"https:\/\/archiwumnauki.pan.pl\/wp-content\/uploads\/2019\/04\/Medale_01-300x257.jpg\" alt=\"\" width=\"300\" height=\"257\" srcset=\"https:\/\/archiwumnauki.pan.pl\/wp-content\/uploads\/2019\/04\/Medale_01-300x257.jpg 300w, https:\/\/archiwumnauki.pan.pl\/wp-content\/uploads\/2019\/04\/Medale_01-316x270.jpg 316w, https:\/\/archiwumnauki.pan.pl\/wp-content\/uploads\/2019\/04\/Medale_01.jpg 450w\" sizes=\"(max-width: 300px) 100vw, 300px\" \/> <img decoding=\"async\" loading=\"lazy\" class=\"alignnone size-medium wp-image-1403\" src=\"https:\/\/archiwumnauki.pan.pl\/wp-content\/uploads\/2019\/04\/Medale_02-300x242.jpg\" alt=\"\" width=\"300\" height=\"242\" srcset=\"https:\/\/archiwumnauki.pan.pl\/wp-content\/uploads\/2019\/04\/Medale_02-300x242.jpg 300w, https:\/\/archiwumnauki.pan.pl\/wp-content\/uploads\/2019\/04\/Medale_02-335x270.jpg 335w, https:\/\/archiwumnauki.pan.pl\/wp-content\/uploads\/2019\/04\/Medale_02.jpg 566w\" sizes=\"(max-width: 300px) 100vw, 300px\" \/> <img decoding=\"async\" loading=\"lazy\" class=\"alignnone size-medium wp-image-1404\" src=\"https:\/\/archiwumnauki.pan.pl\/wp-content\/uploads\/2019\/04\/Medale_03-300x288.jpg\" alt=\"\" width=\"300\" height=\"288\" srcset=\"https:\/\/archiwumnauki.pan.pl\/wp-content\/uploads\/2019\/04\/Medale_03-300x288.jpg 300w, https:\/\/archiwumnauki.pan.pl\/wp-content\/uploads\/2019\/04\/Medale_03-281x270.jpg 281w, https:\/\/archiwumnauki.pan.pl\/wp-content\/uploads\/2019\/04\/Medale_03.jpg 435w\" sizes=\"(max-width: 300px) 100vw, 300px\" \/> <img decoding=\"async\" loading=\"lazy\" class=\"alignnone size-medium wp-image-1405\" src=\"https:\/\/archiwumnauki.pan.pl\/wp-content\/uploads\/2019\/04\/Medale_04-300x283.jpg\" alt=\"\" width=\"300\" height=\"283\" srcset=\"https:\/\/archiwumnauki.pan.pl\/wp-content\/uploads\/2019\/04\/Medale_04-300x283.jpg 300w, https:\/\/archiwumnauki.pan.pl\/wp-content\/uploads\/2019\/04\/Medale_04-287x270.jpg 287w, https:\/\/archiwumnauki.pan.pl\/wp-content\/uploads\/2019\/04\/Medale_04.jpg 447w\" sizes=\"(max-width: 300px) 100vw, 300px\" \/> <img decoding=\"async\" loading=\"lazy\" class=\"alignnone size-medium wp-image-1406\" src=\"https:\/\/archiwumnauki.pan.pl\/wp-content\/uploads\/2019\/04\/Medale_05-300x255.jpg\" alt=\"\" width=\"300\" height=\"255\" srcset=\"https:\/\/archiwumnauki.pan.pl\/wp-content\/uploads\/2019\/04\/Medale_05-300x255.jpg 300w, https:\/\/archiwumnauki.pan.pl\/wp-content\/uploads\/2019\/04\/Medale_05-317x270.jpg 317w, https:\/\/archiwumnauki.pan.pl\/wp-content\/uploads\/2019\/04\/Medale_05.jpg 382w\" sizes=\"(max-width: 300px) 100vw, 300px\" \/><\/div>\n<p>&nbsp;<\/p>\n","protected":false},"excerpt":{"rendered":"<p>Inne W uznaniu zas\u0142ug. Odznaczenia ze spu\u015bcizn uczonych w Archiwum Nauki PAN i PAU w Krakowie Wystawa by\u0142a prezentowana w dniach 01 VII 2012 &#8211; 05 III 2013 Wystawa prezentowana jest przy Kancelarii Prezesa PAN w Pa\u0142acu Kultury i Nauki w Warszawie. Zaproszenie Prezesa Polskiej Akademii Nauk pozwala nam ju\u017c po raz dziesi\u0105ty podzieli\u0107 si\u0119 &hellip; <\/p>\n<p class=\"read-more\"><a class=\"btn btn-default\" href=\"https:\/\/archiwumnauki.pan.pl\/?page_id=1400\"> Read More<span class=\"screen-reader-text\">  Read More<\/span><\/a><\/p>\n","protected":false},"author":55,"featured_media":0,"parent":0,"menu_order":0,"comment_status":"closed","ping_status":"closed","template":"","meta":[],"_links":{"self":[{"href":"https:\/\/archiwumnauki.pan.pl\/index.php?rest_route=\/wp\/v2\/pages\/1400"}],"collection":[{"href":"https:\/\/archiwumnauki.pan.pl\/index.php?rest_route=\/wp\/v2\/pages"}],"about":[{"href":"https:\/\/archiwumnauki.pan.pl\/index.php?rest_route=\/wp\/v2\/types\/page"}],"author":[{"embeddable":true,"href":"https:\/\/archiwumnauki.pan.pl\/index.php?rest_route=\/wp\/v2\/users\/55"}],"replies":[{"embeddable":true,"href":"https:\/\/archiwumnauki.pan.pl\/index.php?rest_route=%2Fwp%2Fv2%2Fcomments&post=1400"}],"version-history":[{"count":2,"href":"https:\/\/archiwumnauki.pan.pl\/index.php?rest_route=\/wp\/v2\/pages\/1400\/revisions"}],"predecessor-version":[{"id":2744,"href":"https:\/\/archiwumnauki.pan.pl\/index.php?rest_route=\/wp\/v2\/pages\/1400\/revisions\/2744"}],"wp:attachment":[{"href":"https:\/\/archiwumnauki.pan.pl\/index.php?rest_route=%2Fwp%2Fv2%2Fmedia&parent=1400"}],"curies":[{"name":"wp","href":"https:\/\/api.w.org\/{rel}","templated":true}]}}