{"id":1383,"date":"2019-04-30T20:36:29","date_gmt":"2019-04-30T18:36:29","guid":{"rendered":"http:\/\/archiwumnauki.pan.pl\/?page_id=1383"},"modified":"2021-02-02T15:10:51","modified_gmt":"2021-02-02T14:10:51","slug":"sport-i-turystyka-z-materialow-uczonych-polskich-wystawa-2009-04-01","status":"publish","type":"page","link":"https:\/\/archiwumnauki.pan.pl\/?page_id=1383","title":{"rendered":"&#8222;Sport i turystyka. Z materia\u0142\u00f3w uczonych polskich.&#8221;, (wystawa: 2009-04-01 &#8211; listopad 2009)"},"content":{"rendered":"<div style=\"text-align: justify;\"><strong>Inne<\/strong><\/div>\n<div style=\"text-align: justify;\"><strong>&#8222;Sport i turystyka. Z materia\u0142\u00f3w uczonych polskich.&#8221;<\/strong><\/div>\n<div style=\"text-align: justify;\"><strong>Wystawa\u00a0 prezentowana od dnia 01 IV 2009 &#8211; listopada 2009<br \/>\n<\/strong><\/div>\n<div style=\"text-align: justify;\"><\/div>\n<div style=\"text-align: justify;\"><strong>Wystawa prezentowana jest przy Kancelarii Prezesa PAN w Pa\u0142acu Kultury i Nauki w Warszawie.<\/strong><\/div>\n<div class=\"floatleft\" style=\"text-align: justify;\"><img decoding=\"async\" loading=\"lazy\" class=\"size-medium wp-image-1384 alignleft\" src=\"https:\/\/archiwumnauki.pan.pl\/wp-content\/uploads\/2019\/04\/sport_turystyka01-182x300.jpg\" alt=\"\" width=\"182\" height=\"300\" srcset=\"https:\/\/archiwumnauki.pan.pl\/wp-content\/uploads\/2019\/04\/sport_turystyka01-182x300.jpg 182w, https:\/\/archiwumnauki.pan.pl\/wp-content\/uploads\/2019\/04\/sport_turystyka01-164x270.jpg 164w, https:\/\/archiwumnauki.pan.pl\/wp-content\/uploads\/2019\/04\/sport_turystyka01.jpg 280w\" sizes=\"(max-width: 182px) 100vw, 182px\" \/><\/div>\n<p style=\"text-align: justify;\">Wystawa \u201eSport i turystyka\u201d, prezentowana od kwietnia 2009 r. przy Kancelarii Prezesa PAN w Pa\u0142acu Kultury i Nauki w Warszawie zosta\u0142a oparta na materia\u0142ach archiwalnych pochodz\u0105cych ze spu\u015bcizn uczonych, przechowywanych w Archiwum Nauki PAN i PAU w Krakowie. Wystawa przedstawia niewielki wycinek bogatych materia\u0142\u00f3w, dotycz\u0105cych tej wa\u017cnej sfery \u017cycia spo\u0142ecznego, jak\u0105 jest sport. Prezentowane na wystawie archiwalia dokumentuj\u0105 sport wyczynowy oraz szeroko poj\u0119t\u0105 aktywno\u015b\u0107 fizyczn\u0105.<\/p>\n<p style=\"text-align: justify;\">G\u0142\u00f3wn\u0105 cz\u0119\u015b\u0107 ekspozycji stanowi\u0105 materia\u0142y ze spu\u015bcizn Walerego Goetla (1889-1972) &#8211; geologa, ekologa, profesora i rektora Akademii G\u00f3rniczo-Hutniczej w Krakowie oraz Zygmunta Grodzi\u0144skiego (1896-1982) \u2013 zoologa, profesora i rektora Uniwersytetu Jagiello\u0144skiego. Walery Goetel &#8211; wsp\u00f3\u0142tw\u00f3rca Akademickiego Zwi\u0105zku Sportowego, od wczesnej m\u0142odo\u015bci uprawia\u0142 lekkoatletyk\u0119, taternictwo, narciarstwo, wio\u015blarstwo i zapasy. Zygmunt Grodzi\u0144ski interesowa\u0142 si\u0119 wio\u015blarstwem, by\u0142 doskona\u0142ym p\u0142ywakiem, gra\u0142 w tenisa, uprawia\u0142 turystyk\u0119 piesz\u0105 i rowerow\u0105. Ekspozycj\u0119 wzbogaci\u0142y archiwalia ze spu\u015bcizny Mariana Tokarskiego (1862-1942) \u2013 doktora medycyny, pedagoga, krzewiciela wychowania fizycznego na terenie Krakowa i Galicji. Uzupe\u0142nienie wystawy stanowi\u0105 fotografie pochodz\u0105ce ze spu\u015bcizn: Anny Kutrzeby-Pojnar (1913-1993) \u2013 etnologa i profesor Uniwersytetu Warszawskiego, pasjonuj\u0105cej si\u0119 narciarstwem i turystyk\u0105 g\u00f3rsk\u0105 oraz Karoliny Lanckoro\u0144skiej (1898-2002) \u2013 historyka sztuki, mecenasa nauki i kultury polskiej.<\/p>\n<p style=\"text-align: justify;\">\u0179r\u00f3d\u0142em cennych wra\u017ce\u0144 mog\u0105 by\u0107 dla mi\u0142o\u015bnik\u00f3w sportu fotografie prezentuj\u0105ce spos\u00f3b uprawiania popularnych dyscyplin na prze\u0142omie XIX i XX, tak r\u00f3\u017cni\u0105cy si\u0119 od dzisiejszej sportowej rywalizacji.<\/p>\n<div style=\"text-align: justify;\">\n<div class=\"zdjecie\"><img decoding=\"async\" loading=\"lazy\" class=\"alignnone size-medium wp-image-1385\" src=\"https:\/\/archiwumnauki.pan.pl\/wp-content\/uploads\/2019\/04\/sport_turystyka02-187x300.jpg\" alt=\"\" width=\"187\" height=\"300\" srcset=\"https:\/\/archiwumnauki.pan.pl\/wp-content\/uploads\/2019\/04\/sport_turystyka02-187x300.jpg 187w, https:\/\/archiwumnauki.pan.pl\/wp-content\/uploads\/2019\/04\/sport_turystyka02-168x270.jpg 168w, https:\/\/archiwumnauki.pan.pl\/wp-content\/uploads\/2019\/04\/sport_turystyka02.jpg 299w\" sizes=\"(max-width: 187px) 100vw, 187px\" \/><br \/>\nAnna Kutrzeba-Pojnar<\/div>\n<div class=\"zdjecie\"><img decoding=\"async\" loading=\"lazy\" class=\"alignnone size-medium wp-image-1386\" src=\"https:\/\/archiwumnauki.pan.pl\/wp-content\/uploads\/2019\/04\/sport_turystyka03-300x233.jpg\" alt=\"\" width=\"300\" height=\"233\" srcset=\"https:\/\/archiwumnauki.pan.pl\/wp-content\/uploads\/2019\/04\/sport_turystyka03-300x233.jpg 300w, https:\/\/archiwumnauki.pan.pl\/wp-content\/uploads\/2019\/04\/sport_turystyka03-347x270.jpg 347w, https:\/\/archiwumnauki.pan.pl\/wp-content\/uploads\/2019\/04\/sport_turystyka03.jpg 540w\" sizes=\"(max-width: 300px) 100vw, 300px\" \/><br \/>\nGrupa szermierzy krakowskiego Soko\u0142a (Marian Tokarski trzeci od lewej)<\/div>\n<p><img decoding=\"async\" loading=\"lazy\" class=\"alignnone size-medium wp-image-1387\" src=\"https:\/\/archiwumnauki.pan.pl\/wp-content\/uploads\/2019\/04\/sport_turystyka04-300x186.jpg\" alt=\"\" width=\"300\" height=\"186\" srcset=\"https:\/\/archiwumnauki.pan.pl\/wp-content\/uploads\/2019\/04\/sport_turystyka04-300x186.jpg 300w, https:\/\/archiwumnauki.pan.pl\/wp-content\/uploads\/2019\/04\/sport_turystyka04-435x270.jpg 435w, https:\/\/archiwumnauki.pan.pl\/wp-content\/uploads\/2019\/04\/sport_turystyka04.jpg 540w\" sizes=\"(max-width: 300px) 100vw, 300px\" \/><\/p>\n<div class=\"zdjecie\">Zawody w skokach narciarskich, Zakopane<\/div>\n<\/div>\n<p style=\"text-align: justify;\">\n","protected":false},"excerpt":{"rendered":"<p>Inne &#8222;Sport i turystyka. Z materia\u0142\u00f3w uczonych polskich.&#8221; Wystawa\u00a0 prezentowana od dnia 01 IV 2009 &#8211; listopada 2009 Wystawa prezentowana jest przy Kancelarii Prezesa PAN w Pa\u0142acu Kultury i Nauki w Warszawie. Wystawa \u201eSport i turystyka\u201d, prezentowana od kwietnia 2009 r. przy Kancelarii Prezesa PAN w Pa\u0142acu Kultury i Nauki w Warszawie zosta\u0142a oparta na &hellip; <\/p>\n<p class=\"read-more\"><a class=\"btn btn-default\" href=\"https:\/\/archiwumnauki.pan.pl\/?page_id=1383\"> Read More<span class=\"screen-reader-text\">  Read More<\/span><\/a><\/p>\n","protected":false},"author":55,"featured_media":0,"parent":0,"menu_order":0,"comment_status":"closed","ping_status":"closed","template":"","meta":[],"_links":{"self":[{"href":"https:\/\/archiwumnauki.pan.pl\/index.php?rest_route=\/wp\/v2\/pages\/1383"}],"collection":[{"href":"https:\/\/archiwumnauki.pan.pl\/index.php?rest_route=\/wp\/v2\/pages"}],"about":[{"href":"https:\/\/archiwumnauki.pan.pl\/index.php?rest_route=\/wp\/v2\/types\/page"}],"author":[{"embeddable":true,"href":"https:\/\/archiwumnauki.pan.pl\/index.php?rest_route=\/wp\/v2\/users\/55"}],"replies":[{"embeddable":true,"href":"https:\/\/archiwumnauki.pan.pl\/index.php?rest_route=%2Fwp%2Fv2%2Fcomments&post=1383"}],"version-history":[{"count":3,"href":"https:\/\/archiwumnauki.pan.pl\/index.php?rest_route=\/wp\/v2\/pages\/1383\/revisions"}],"predecessor-version":[{"id":2741,"href":"https:\/\/archiwumnauki.pan.pl\/index.php?rest_route=\/wp\/v2\/pages\/1383\/revisions\/2741"}],"wp:attachment":[{"href":"https:\/\/archiwumnauki.pan.pl\/index.php?rest_route=%2Fwp%2Fv2%2Fmedia&parent=1383"}],"curies":[{"name":"wp","href":"https:\/\/api.w.org\/{rel}","templated":true}]}}