{"id":1377,"date":"2019-04-30T20:34:03","date_gmt":"2019-04-30T18:34:03","guid":{"rendered":"http:\/\/archiwumnauki.pan.pl\/?page_id=1377"},"modified":"2019-04-30T20:34:03","modified_gmt":"2019-04-30T18:34:03","slug":"zwroc-oczy-na-przyrode-swiat-roslin-w-archiwaliach-wystawa-2011-07-30-2011-12-30","status":"publish","type":"page","link":"https:\/\/archiwumnauki.pan.pl\/?page_id=1377","title":{"rendered":"Zwr\u00f3\u0107 oczy na przyrod\u0119, \u015awiat ro\u015blin w archiwaliach, (wystawa: 2011-07-30 &#8211; 2011-12-30)"},"content":{"rendered":"<div><strong>Nauki przyrodnicze w archiwaliach<\/strong><\/div>\n<div><strong>Zwr\u00f3\u0107 oczy na przyrod\u0119, \u015awiat ro\u015blin w archiwaliach<\/strong><\/div>\n<div><strong>Wystawa by\u0142a prezentowana w dniach 30 VII 2011 &#8211; 30 XII 2011<\/strong><\/div>\n<div><\/div>\n<div><strong>Wystawa prezentowana jest przy Kancelarii Prezesa PAN w Pa\u0142acu Kultury i Nauki w Warszawie.<\/strong><\/div>\n<p><img decoding=\"async\" loading=\"lazy\" class=\"size-medium wp-image-1378 alignleft\" src=\"https:\/\/archiwumnauki.pan.pl\/wp-content\/uploads\/2019\/04\/folderbot2-141x300.jpg\" alt=\"\" width=\"141\" height=\"300\" srcset=\"https:\/\/archiwumnauki.pan.pl\/wp-content\/uploads\/2019\/04\/folderbot2-141x300.jpg 141w, https:\/\/archiwumnauki.pan.pl\/wp-content\/uploads\/2019\/04\/folderbot2-127x270.jpg 127w, https:\/\/archiwumnauki.pan.pl\/wp-content\/uploads\/2019\/04\/folderbot2.jpg 280w\" sizes=\"(max-width: 141px) 100vw, 141px\" \/><\/p>\n<p style=\"text-align: justify;\">Tematem kolejnej z wystaw o tematyce przyrodniczej, organizowanych przez Archiwum Nauki PAN i PAU w Krakowie, jest \u015bwit ro\u015blin. Jej tytu\u0142 Zwr\u00f3\u0107 oczy na przyrod\u0119 zosta\u0142 zaczerpni\u0119ty z ksi\u0105\u017ceczek angielskiej uczonej i pisarki Arabelli Buckley (1840-1929), kt\u00f3re popularyzowa\u0142y nauki przyrodnicze w\u015br\u00f3d m\u0142odzie\u017cy na pocz\u0105tku XX wieku. Prezentowane materia\u0142y pochodz\u0105 z przechowywanych w Archiwum Nauki spu\u015bcizn Antoniego Wagi (1799-1890) i Antoniego Wrzoska (1908-1983), Biblioteki Rozdolskiej Lanckoro\u0144skich oraz z Zielnika J\u00f3zefa Jundzi\u0142\u0142a (1794-1877), znajduj\u0105cego si\u0119 w zbiorach Instytutu Botaniki PAN w Krakowie. Spu\u015bcizna Antoniego Wagi zawiera r\u00f3\u017cnorodne materia\u0142y do dziej\u00f3w nauk przyrodniczych z czas\u00f3w, kiedy na ziemiach polskich wzrasta\u0142o zainteresowanie badaniami fizjograficznymi. W\u015br\u00f3d bogatej korespondencji, b\u0119d\u0105cej \u015bwiadectwem wymiany my\u015bli mi\u0119dzy polskimi i zagranicznymi przyrodnikami, a tak\u017ce mi\u0142o\u015bnikami nauki, znajduj\u0105 si\u0119 prezentowane na wystawie wybrane listy braci Antoniego i Jakuba Wagi (1800-1872) oraz J\u00f3zefa Jundzi\u0142\u0142a. Znakomite \u017ar\u00f3d\u0142o do historii nauki stanowi\u0105 fragmenty dziennika z podr\u00f3\u017cy przyrodniczej Antoniego Wagi do Francji, Algierii i Niemiec w latach 1866-1868, zrealizowanej w towarzystwie mecenas\u00f3w nauki, braci Aleksandra i Konstantego hr. Branickich oraz ornitologa W\u0142adys\u0142awa Taczanowskiego. W spu\u015bci\u017anie Antoniego Wrzoska, geografa, profesora Uniwersytetu Jagiello\u0144skiego, zachowa\u0142y si\u0119 rysunki o tematyce botanicznej jego ojca Tomasza (1852-1922) z okresu nauki w gimnazjum w Pi\u0144czowie. Herbarium J\u00f3zefa Jundzi\u0142\u0142a zosta\u0142o przekazane przez jego c\u00f3rk\u0119 Marie Komisji Fizjograficznej Akademii Umiej\u0119tno\u015bci w Krakowie w 1885 roku. Obecnie jest przechowywane w Instytucie Botaniki PAN im. W\u0142adys\u0142awa Szafera w Krakowie, w kt\u00f3rym znalaz\u0142a si\u0119 cz\u0119\u015b\u0107 botaniczna zbior\u00f3w Komisji Fizjograficznej.<\/p>\n<p><center><\/p>\n<div class=\"zdjecie\">\n<p><img decoding=\"async\" loading=\"lazy\" class=\"alignnone size-medium wp-image-1379\" src=\"https:\/\/archiwumnauki.pan.pl\/wp-content\/uploads\/2019\/04\/ogrodbotaniczny2-300x206.jpg\" alt=\"\" width=\"300\" height=\"206\" srcset=\"https:\/\/archiwumnauki.pan.pl\/wp-content\/uploads\/2019\/04\/ogrodbotaniczny2-300x206.jpg 300w, https:\/\/archiwumnauki.pan.pl\/wp-content\/uploads\/2019\/04\/ogrodbotaniczny2-394x270.jpg 394w, https:\/\/archiwumnauki.pan.pl\/wp-content\/uploads\/2019\/04\/ogrodbotaniczny2.jpg 540w\" sizes=\"(max-width: 300px) 100vw, 300px\" \/><br \/>\nOgr\u00f3d Botaniczny w Krakowie, widok na Obserwatorium Astronomiczne, ok. 1853r.<\/p>\n<p><img decoding=\"async\" loading=\"lazy\" class=\"alignnone size-medium wp-image-1380\" src=\"https:\/\/archiwumnauki.pan.pl\/wp-content\/uploads\/2019\/04\/zielnik21-182x300.jpg\" alt=\"\" width=\"182\" height=\"300\" srcset=\"https:\/\/archiwumnauki.pan.pl\/wp-content\/uploads\/2019\/04\/zielnik21-182x300.jpg 182w, https:\/\/archiwumnauki.pan.pl\/wp-content\/uploads\/2019\/04\/zielnik21-164x270.jpg 164w, https:\/\/archiwumnauki.pan.pl\/wp-content\/uploads\/2019\/04\/zielnik21.jpg 299w\" sizes=\"(max-width: 182px) 100vw, 182px\" \/><\/p>\n<\/div>\n<div class=\"zdjecie\">Karty z zielnika J\u00f3zefa Jundzi\u0142\u0142a<\/div>\n<div class=\"zdjecie\"><img decoding=\"async\" loading=\"lazy\" class=\"alignnone size-medium wp-image-1381\" src=\"https:\/\/archiwumnauki.pan.pl\/wp-content\/uploads\/2019\/04\/zielnik22-300x220.jpg\" alt=\"\" width=\"300\" height=\"220\" srcset=\"https:\/\/archiwumnauki.pan.pl\/wp-content\/uploads\/2019\/04\/zielnik22-300x220.jpg 300w, https:\/\/archiwumnauki.pan.pl\/wp-content\/uploads\/2019\/04\/zielnik22-368x270.jpg 368w, https:\/\/archiwumnauki.pan.pl\/wp-content\/uploads\/2019\/04\/zielnik22.jpg 540w\" sizes=\"(max-width: 300px) 100vw, 300px\" \/><\/div>\n<p><\/center><\/p>\n","protected":false},"excerpt":{"rendered":"<p>Nauki przyrodnicze w archiwaliach Zwr\u00f3\u0107 oczy na przyrod\u0119, \u015awiat ro\u015blin w archiwaliach Wystawa by\u0142a prezentowana w dniach 30 VII 2011 &#8211; 30 XII 2011 Wystawa prezentowana jest przy Kancelarii Prezesa PAN w Pa\u0142acu Kultury i Nauki w Warszawie. Tematem kolejnej z wystaw o tematyce przyrodniczej, organizowanych przez Archiwum Nauki PAN i PAU w Krakowie, jest &hellip; <\/p>\n<p class=\"read-more\"><a class=\"btn btn-default\" href=\"https:\/\/archiwumnauki.pan.pl\/?page_id=1377\"> Read More<span class=\"screen-reader-text\">  Read More<\/span><\/a><\/p>\n","protected":false},"author":55,"featured_media":0,"parent":0,"menu_order":0,"comment_status":"closed","ping_status":"closed","template":"","meta":[],"_links":{"self":[{"href":"https:\/\/archiwumnauki.pan.pl\/index.php?rest_route=\/wp\/v2\/pages\/1377"}],"collection":[{"href":"https:\/\/archiwumnauki.pan.pl\/index.php?rest_route=\/wp\/v2\/pages"}],"about":[{"href":"https:\/\/archiwumnauki.pan.pl\/index.php?rest_route=\/wp\/v2\/types\/page"}],"author":[{"embeddable":true,"href":"https:\/\/archiwumnauki.pan.pl\/index.php?rest_route=\/wp\/v2\/users\/55"}],"replies":[{"embeddable":true,"href":"https:\/\/archiwumnauki.pan.pl\/index.php?rest_route=%2Fwp%2Fv2%2Fcomments&post=1377"}],"version-history":[{"count":1,"href":"https:\/\/archiwumnauki.pan.pl\/index.php?rest_route=\/wp\/v2\/pages\/1377\/revisions"}],"predecessor-version":[{"id":1382,"href":"https:\/\/archiwumnauki.pan.pl\/index.php?rest_route=\/wp\/v2\/pages\/1377\/revisions\/1382"}],"wp:attachment":[{"href":"https:\/\/archiwumnauki.pan.pl\/index.php?rest_route=%2Fwp%2Fv2%2Fmedia&parent=1377"}],"curies":[{"name":"wp","href":"https:\/\/api.w.org\/{rel}","templated":true}]}}