{"id":1370,"date":"2019-04-30T20:31:52","date_gmt":"2019-04-30T18:31:52","guid":{"rendered":"http:\/\/archiwumnauki.pan.pl\/?page_id=1370"},"modified":"2021-02-02T15:09:21","modified_gmt":"2021-02-02T14:09:21","slug":"tuz-nad-ziemia-swiat-widziany-oczami-entomologa-wystawa-2010-09-01-2011-04-30","status":"publish","type":"page","link":"https:\/\/archiwumnauki.pan.pl\/?page_id=1370","title":{"rendered":"Tu\u017c nad ziemi\u0105. \u015awiat widziany oczami entomologa., (wystawa: 2010-09-01 &#8211; czerwiec 2011)"},"content":{"rendered":"<div><strong>Nauki przyrodnicze w archiwaliach<\/strong><\/div>\n<div><strong>Tu\u017c nad ziemi\u0105. \u015awiat widziany oczami entomologa.<\/strong><\/div>\n<div><strong>Wystawa by\u0142a prezentowana w dniach 01 IX 2010 &#8211; czerwiec 2011<br \/>\n<\/strong><\/div>\n<div><strong>Wystawa prezentowana jest przy Kancelarii Prezesa PAN w Pa\u0142acu Kultury i Nauki w Warszawie\u00a0<span lang=\"\">(wrzesie\u0144 2010\u2013kwiecie\u0144 2011)<\/span><\/strong><\/div>\n<div class=\"floatleft\"><img decoding=\"async\" loading=\"lazy\" class=\"size-medium wp-image-1371 alignleft\" src=\"https:\/\/archiwumnauki.pan.pl\/wp-content\/uploads\/2019\/04\/waga_01-227x300.jpg\" alt=\"\" width=\"227\" height=\"300\" srcset=\"https:\/\/archiwumnauki.pan.pl\/wp-content\/uploads\/2019\/04\/waga_01-227x300.jpg 227w, https:\/\/archiwumnauki.pan.pl\/wp-content\/uploads\/2019\/04\/waga_01-204x270.jpg 204w, https:\/\/archiwumnauki.pan.pl\/wp-content\/uploads\/2019\/04\/waga_01.jpg 500w\" sizes=\"(max-width: 227px) 100vw, 227px\" \/><\/div>\n<p style=\"text-align: justify;\" align=\"justify\">\u201eNa czele wszystkich ga\u0142\u0119zi wiedzy ludzkiej [&#8230;] stoj\u0105 bez zaprzeczenia nauki przyrodnicze\u201d &#8211; te s\u0142owa pochodz\u0105ce z przedmowy do\u00a0<em>Atlasu Historyi Naturalnej<\/em>\u00a0Antoniego Wagi z 1860 roku u\u015bwiadamiaj\u0105 nam, jak istotne jest poznanie otaczaj\u0105cej nas przyrody \u015brodowiska, w kt\u00f3rym \u017cyjemy. Tematem prezentowanej wystawy jest niewielki wycinek nauk przyrodniczych &#8211; entomologia, zajmuj\u0105ca si\u0119 badaniem owad\u00f3w.<\/p>\n<p style=\"text-align: justify;\" align=\"justify\">Ekspozycja przedstawia zaledwie u\u0142amek archiwali\u00f3w, dotycz\u0105cych nauk przyrodniczych, a przechowywanych w Archiwum Nauki PAN i PAU oraz Instytucie Systematyki i Ewolucji Zwierz\u0105t PAN w Krakowie. Geneza zbior\u00f3w obu tych instytucji si\u0119ga XIX wieku, \u0142\u0105cz\u0105c si\u0119 z dziejami Komisji Fizjograficznej Polskiej Akademii Umiej\u0119tno\u015bci.<\/p>\n<p style=\"text-align: justify;\" align=\"justify\">Spo\u015br\u00f3d tw\u00f3rc\u00f3w spu\u015bcizn z zasobu Archiwum Nauki, z kt\u00f3rych pochodz\u0105 prezentowane materia\u0142y, wymieni\u0107 mo\u017cna m. in.: Antoniego Wag\u0119; (1799-1890), przyrodnika, pisarza i pedagoga, Oktawiusza Radoszkowskiego (1820-1895) &#8211; entomologa, genera\u0142a artylerii, oraz Stanis\u0142awa Klemensiewicza (1854-1920) &#8211; entomologa, pedagoga i muzyka.<\/p>\n<p style=\"text-align: justify;\" align=\"justify\">W Polsce jednym z pierwszych entomolog\u00f3w by\u0142 Karol Perth\u00e9es (1739-1815), kartograf w s\u0142u\u017cbie Stanis\u0142awa Augusta Poniatowskiego. W swojej kolekcji zgromadzi\u0142 on ok. 2700 gatunk\u00f3w z wa\u017cniejszych rz\u0119d\u00f3w owad\u00f3w, wyst\u0119puj\u0105cych w p\u00f3\u0142nocnej cz\u0119\u015bcii Europy \u015brodkowej. Pozostawi\u0142 r\u0119kopi\u015bmienne opisy zebranych owad\u00f3w ze szkicami.<\/p>\n<p style=\"text-align: justify;\" align=\"justify\">W entomologii istnieje kilka metod pozyskiwania materia\u0142u badawczego. W zale\u017cno\u015bci od gatunku entomolog musi owady od\u0142owi\u0107 siatk\u0105 (motyle, wa\u017cki, much\u00f3wki i inne lataj\u0105ce), zgarn\u0105\u0107 z ro\u015blin runa specjalnym czerpakiem, strzasn\u0105\u0107 z wy\u017cszych ro\u015blin na p\u0142achty lub parasole entomologiczne, wybra\u0107 z gleby przesianej sitem lub z\u0142apa\u0107 do ziemnych czy szklanych pu\u0142apek (w przypadku owad\u00f3w poruszaj\u0105cych si\u0119 po powierzchni gleby). Metody te pozostaj\u0105 od lat niezmienne, co najwy\u017cej udoskonala si\u0119 stosowane narz\u0119dzia.<\/p>\n<p style=\"text-align: justify;\" align=\"justify\">Jak wygl\u0105da \u015bwiat widziany oczami entomologa? Na pewno zachwyca r\u00f3\u017cnorodno\u015bci\u0105 kszta\u0142t\u00f3w i bogactwem barw. Owady bowiem to najwi\u0119ksza grupa w \u015bwiecie zwierz\u0105t. Ilo\u015b\u0107 znanych gatunk\u00f3w szacuje si\u0119 na oko\u0142o 1 milion, z czego w Polsce \u017cyje oko\u0142o 32 tys. Zdolno\u015bci adaptacyjne spowodowa\u0142y, \u017ce owady opanowa\u0142y wszystkie \u015brodowiska l\u0105dowe, przystosowuj\u0105c si\u0119 r\u00f3wnie\u017c wt\u00f3rnie do \u015brodowiska wodnego. Podziwia\u0107 mo\u017cna ich wysoki stopie\u0144 organizacji oraz wytworzone formy \u017cycia spo\u0142ecznego (np. termit\u00f3w, mr\u00f3wek, pszcz\u00f3\u0142).<\/p>\n<p>&nbsp;<\/p>\n<div class=\"zdjecie\"><img decoding=\"async\" loading=\"lazy\" class=\"alignnone size-medium wp-image-1372\" src=\"https:\/\/archiwumnauki.pan.pl\/wp-content\/uploads\/2019\/04\/waga_03-300x239.jpg\" alt=\"\" width=\"300\" height=\"239\" srcset=\"https:\/\/archiwumnauki.pan.pl\/wp-content\/uploads\/2019\/04\/waga_03-300x239.jpg 300w, https:\/\/archiwumnauki.pan.pl\/wp-content\/uploads\/2019\/04\/waga_03-338x270.jpg 338w, https:\/\/archiwumnauki.pan.pl\/wp-content\/uploads\/2019\/04\/waga_03.jpg 500w\" sizes=\"(max-width: 300px) 100vw, 300px\" \/> <img decoding=\"async\" loading=\"lazy\" class=\"alignnone size-medium wp-image-1373\" src=\"https:\/\/archiwumnauki.pan.pl\/wp-content\/uploads\/2019\/04\/waga_05-300x203.jpg\" alt=\"\" width=\"300\" height=\"203\" srcset=\"https:\/\/archiwumnauki.pan.pl\/wp-content\/uploads\/2019\/04\/waga_05-300x203.jpg 300w, https:\/\/archiwumnauki.pan.pl\/wp-content\/uploads\/2019\/04\/waga_05-399x270.jpg 399w, https:\/\/archiwumnauki.pan.pl\/wp-content\/uploads\/2019\/04\/waga_05.jpg 500w\" sizes=\"(max-width: 300px) 100vw, 300px\" \/> <img decoding=\"async\" loading=\"lazy\" class=\"alignnone size-medium wp-image-1374\" src=\"https:\/\/archiwumnauki.pan.pl\/wp-content\/uploads\/2019\/04\/waga_06-210x300.jpg\" alt=\"\" width=\"210\" height=\"300\" srcset=\"https:\/\/archiwumnauki.pan.pl\/wp-content\/uploads\/2019\/04\/waga_06-210x300.jpg 210w, https:\/\/archiwumnauki.pan.pl\/wp-content\/uploads\/2019\/04\/waga_06-189x270.jpg 189w, https:\/\/archiwumnauki.pan.pl\/wp-content\/uploads\/2019\/04\/waga_06.jpg 500w\" sizes=\"(max-width: 210px) 100vw, 210px\" \/> <img decoding=\"async\" loading=\"lazy\" class=\"alignnone size-medium wp-image-1375\" src=\"https:\/\/archiwumnauki.pan.pl\/wp-content\/uploads\/2019\/04\/waga_02-219x300.jpg\" alt=\"\" width=\"219\" height=\"300\" srcset=\"https:\/\/archiwumnauki.pan.pl\/wp-content\/uploads\/2019\/04\/waga_02-219x300.jpg 219w, https:\/\/archiwumnauki.pan.pl\/wp-content\/uploads\/2019\/04\/waga_02-197x270.jpg 197w, https:\/\/archiwumnauki.pan.pl\/wp-content\/uploads\/2019\/04\/waga_02.jpg 500w\" sizes=\"(max-width: 219px) 100vw, 219px\" \/><\/div>\n<p>&nbsp;<\/p>\n","protected":false},"excerpt":{"rendered":"<p>Nauki przyrodnicze w archiwaliach Tu\u017c nad ziemi\u0105. \u015awiat widziany oczami entomologa. Wystawa by\u0142a prezentowana w dniach 01 IX 2010 &#8211; czerwiec 2011 Wystawa prezentowana jest przy Kancelarii Prezesa PAN w Pa\u0142acu Kultury i Nauki w Warszawie\u00a0(wrzesie\u0144 2010\u2013kwiecie\u0144 2011) \u201eNa czele wszystkich ga\u0142\u0119zi wiedzy ludzkiej [&#8230;] stoj\u0105 bez zaprzeczenia nauki przyrodnicze\u201d &#8211; te s\u0142owa pochodz\u0105ce z &hellip; <\/p>\n<p class=\"read-more\"><a class=\"btn btn-default\" href=\"https:\/\/archiwumnauki.pan.pl\/?page_id=1370\"> Read More<span class=\"screen-reader-text\">  Read More<\/span><\/a><\/p>\n","protected":false},"author":55,"featured_media":0,"parent":0,"menu_order":0,"comment_status":"closed","ping_status":"closed","template":"","meta":[],"_links":{"self":[{"href":"https:\/\/archiwumnauki.pan.pl\/index.php?rest_route=\/wp\/v2\/pages\/1370"}],"collection":[{"href":"https:\/\/archiwumnauki.pan.pl\/index.php?rest_route=\/wp\/v2\/pages"}],"about":[{"href":"https:\/\/archiwumnauki.pan.pl\/index.php?rest_route=\/wp\/v2\/types\/page"}],"author":[{"embeddable":true,"href":"https:\/\/archiwumnauki.pan.pl\/index.php?rest_route=\/wp\/v2\/users\/55"}],"replies":[{"embeddable":true,"href":"https:\/\/archiwumnauki.pan.pl\/index.php?rest_route=%2Fwp%2Fv2%2Fcomments&post=1370"}],"version-history":[{"count":2,"href":"https:\/\/archiwumnauki.pan.pl\/index.php?rest_route=\/wp\/v2\/pages\/1370\/revisions"}],"predecessor-version":[{"id":2740,"href":"https:\/\/archiwumnauki.pan.pl\/index.php?rest_route=\/wp\/v2\/pages\/1370\/revisions\/2740"}],"wp:attachment":[{"href":"https:\/\/archiwumnauki.pan.pl\/index.php?rest_route=%2Fwp%2Fv2%2Fmedia&parent=1370"}],"curies":[{"name":"wp","href":"https:\/\/api.w.org\/{rel}","templated":true}]}}