{"id":1363,"date":"2019-04-30T20:28:11","date_gmt":"2019-04-30T18:28:11","guid":{"rendered":"http:\/\/archiwumnauki.pan.pl\/?page_id=1363"},"modified":"2021-02-02T15:08:33","modified_gmt":"2021-02-02T14:08:33","slug":"obszary-chronione-w-polsce-wystawa-2008-10-01","status":"publish","type":"page","link":"https:\/\/archiwumnauki.pan.pl\/?page_id=1363","title":{"rendered":"Obszary chronione w Polsce, (wystawa: 2008-10-06 &#8211; 2009-01-31)"},"content":{"rendered":"<div><strong>Nauki przyrodnicze w archiwaliach<\/strong><\/div>\n<div><strong>Obszary chronione w Polsce<\/strong><\/div>\n<div><strong>Wystawa jest prezentowana od dnia 01 X 2008 &#8211; 31 I 2009<br \/>\n<\/strong><\/div>\n<div><\/div>\n<div><strong>Wystawa prezentowana jest przy Kancelarii Prezesa PAN w Pa\u0142acu Kultury i Nauki w Warszawie.<\/strong><\/div>\n<p><img decoding=\"async\" loading=\"lazy\" class=\"size-medium wp-image-1364 alignleft\" src=\"https:\/\/archiwumnauki.pan.pl\/wp-content\/uploads\/2019\/04\/obszary_chronione00-182x300.jpg\" alt=\"\" width=\"182\" height=\"300\" srcset=\"https:\/\/archiwumnauki.pan.pl\/wp-content\/uploads\/2019\/04\/obszary_chronione00-182x300.jpg 182w, https:\/\/archiwumnauki.pan.pl\/wp-content\/uploads\/2019\/04\/obszary_chronione00-164x270.jpg 164w, https:\/\/archiwumnauki.pan.pl\/wp-content\/uploads\/2019\/04\/obszary_chronione00.jpg 280w\" sizes=\"(max-width: 182px) 100vw, 182px\" \/><\/p>\n<p style=\"text-align: justify;\">Prezentowana od pa\u017adziernika 2008 r. przy Kancelarii Prezesa PAN w Pa\u0142acu Kultury i Nauki w Warszawie ekspozycja \u2013 \u201eObszary chronione w Polsce\u201d \u2013 nawi\u0105zuje do poprzedniej wystawy, zatytu\u0142owanej \u201e<a href=\"http:\/\/www.archiwum-nauki.krakow.pl\/pl\/wystawy\/parki_usa.html\">Parki Narodowe Stan\u00f3w Zjednoczonych Ameryki<\/a>\u201d, zar\u00f3wno poprzez tematyk\u0119 jak i za spraw\u0105 osoby dr Antoniny Le\u0144kowej (1917\u20131995). Zasadnicz\u0105 cz\u0119\u015b\u0107 ekspozycji stanowi\u0105 materia\u0142y zgromadzone przez Antonin\u0119 Le\u0144kow\u0105 \u2013 przyrodnika, uczennic\u0119 prof. W\u0142adys\u0142awa Szafera, kt\u00f3ra za przedmiot swych bada\u0144 wybra\u0142a ochron\u0119 przyrody. Pozostawi\u0142a po sobie bogaty zbi\u00f3r fotografii i slajd\u00f3w, na kt\u00f3rych uwieczni\u0142a pi\u0119kno polskiej ziemi, ocalone przed zniszczeniem na terenie obszar\u00f3w chronionych.<\/p>\n<p>&nbsp;<\/p>\n<p>&nbsp;<\/p>\n<p>&nbsp;<\/p>\n<p>&nbsp;<\/p>\n<p>&nbsp;<\/p>\n<div>\n<div class=\"zdjecie\"><img decoding=\"async\" loading=\"lazy\" class=\"alignnone size-medium wp-image-1365\" src=\"https:\/\/archiwumnauki.pan.pl\/wp-content\/uploads\/2019\/04\/obszary_chronione01-300x203.jpg\" alt=\"\" width=\"300\" height=\"203\" srcset=\"https:\/\/archiwumnauki.pan.pl\/wp-content\/uploads\/2019\/04\/obszary_chronione01-300x203.jpg 300w, https:\/\/archiwumnauki.pan.pl\/wp-content\/uploads\/2019\/04\/obszary_chronione01-399x270.jpg 399w, https:\/\/archiwumnauki.pan.pl\/wp-content\/uploads\/2019\/04\/obszary_chronione01.jpg 540w\" sizes=\"(max-width: 300px) 100vw, 300px\" \/><br \/>\nBia\u0142owieski Park Narodowy &#8211; stado \u017cubr\u00f3w w zimie<\/div>\n<p>&nbsp;<\/p>\n<div class=\"zdjecie\"><img decoding=\"async\" loading=\"lazy\" class=\"alignnone size-medium wp-image-1366\" src=\"https:\/\/archiwumnauki.pan.pl\/wp-content\/uploads\/2019\/04\/obszary_chronione02-300x192.jpg\" alt=\"\" width=\"300\" height=\"192\" srcset=\"https:\/\/archiwumnauki.pan.pl\/wp-content\/uploads\/2019\/04\/obszary_chronione02-300x192.jpg 300w, https:\/\/archiwumnauki.pan.pl\/wp-content\/uploads\/2019\/04\/obszary_chronione02-423x270.jpg 423w, https:\/\/archiwumnauki.pan.pl\/wp-content\/uploads\/2019\/04\/obszary_chronione02.jpg 540w\" sizes=\"(max-width: 300px) 100vw, 300px\" \/><br \/>\n\u017beremie bobra w Biebrza\u0144skim Parku Narodowym<\/div>\n<p>&nbsp;<\/p>\n<div class=\"zdjecie\"><img decoding=\"async\" loading=\"lazy\" class=\"alignnone size-medium wp-image-1367\" src=\"https:\/\/archiwumnauki.pan.pl\/wp-content\/uploads\/2019\/04\/obszary_chronione03-300x206.jpg\" alt=\"\" width=\"300\" height=\"206\" srcset=\"https:\/\/archiwumnauki.pan.pl\/wp-content\/uploads\/2019\/04\/obszary_chronione03-300x206.jpg 300w, https:\/\/archiwumnauki.pan.pl\/wp-content\/uploads\/2019\/04\/obszary_chronione03-394x270.jpg 394w, https:\/\/archiwumnauki.pan.pl\/wp-content\/uploads\/2019\/04\/obszary_chronione03.jpg 540w\" sizes=\"(max-width: 300px) 100vw, 300px\" \/><br \/>\nWysoki klif nadmorski przy Rezerwacie Storczykowym<br \/>\nfot. A. Le\u0144kowa<\/div>\n<\/div>\n<p>&nbsp;<\/p>\n","protected":false},"excerpt":{"rendered":"<p>Nauki przyrodnicze w archiwaliach Obszary chronione w Polsce Wystawa jest prezentowana od dnia 01 X 2008 &#8211; 31 I 2009 Wystawa prezentowana jest przy Kancelarii Prezesa PAN w Pa\u0142acu Kultury i Nauki w Warszawie. Prezentowana od pa\u017adziernika 2008 r. przy Kancelarii Prezesa PAN w Pa\u0142acu Kultury i Nauki w Warszawie ekspozycja \u2013 \u201eObszary chronione w &hellip; <\/p>\n<p class=\"read-more\"><a class=\"btn btn-default\" href=\"https:\/\/archiwumnauki.pan.pl\/?page_id=1363\"> Read More<span class=\"screen-reader-text\">  Read More<\/span><\/a><\/p>\n","protected":false},"author":55,"featured_media":0,"parent":0,"menu_order":0,"comment_status":"closed","ping_status":"closed","template":"","meta":[],"_links":{"self":[{"href":"https:\/\/archiwumnauki.pan.pl\/index.php?rest_route=\/wp\/v2\/pages\/1363"}],"collection":[{"href":"https:\/\/archiwumnauki.pan.pl\/index.php?rest_route=\/wp\/v2\/pages"}],"about":[{"href":"https:\/\/archiwumnauki.pan.pl\/index.php?rest_route=\/wp\/v2\/types\/page"}],"author":[{"embeddable":true,"href":"https:\/\/archiwumnauki.pan.pl\/index.php?rest_route=\/wp\/v2\/users\/55"}],"replies":[{"embeddable":true,"href":"https:\/\/archiwumnauki.pan.pl\/index.php?rest_route=%2Fwp%2Fv2%2Fcomments&post=1363"}],"version-history":[{"count":2,"href":"https:\/\/archiwumnauki.pan.pl\/index.php?rest_route=\/wp\/v2\/pages\/1363\/revisions"}],"predecessor-version":[{"id":2739,"href":"https:\/\/archiwumnauki.pan.pl\/index.php?rest_route=\/wp\/v2\/pages\/1363\/revisions\/2739"}],"wp:attachment":[{"href":"https:\/\/archiwumnauki.pan.pl\/index.php?rest_route=%2Fwp%2Fv2%2Fmedia&parent=1363"}],"curies":[{"name":"wp","href":"https:\/\/api.w.org\/{rel}","templated":true}]}}