{"id":1353,"date":"2019-04-30T20:20:40","date_gmt":"2019-04-30T18:20:40","guid":{"rendered":"http:\/\/archiwumnauki.pan.pl\/?page_id=1353"},"modified":"2021-02-02T15:02:47","modified_gmt":"2021-02-02T14:02:47","slug":"z-wypraw-wladyslawa-kotwicza-mongolia-1912-wystawa-2007-01-30","status":"publish","type":"page","link":"https:\/\/archiwumnauki.pan.pl\/?page_id=1353","title":{"rendered":"Z wypraw W\u0142adys\u0142awa Kotwicza &#8211; Mongolia 1912, (wystawa: 2007-01-19 &#8211; 2007-10-30)"},"content":{"rendered":"<div><strong>Podr\u00f3\u017ce uczonych<\/strong><\/div>\n<div><strong>Z wypraw W\u0142adys\u0142awa Kotwicza &#8211; Mongolia 1912<\/strong><\/div>\n<div><strong>Wystawa prezentowana od dnia 19 I 2007 do 30 X 2007<br \/>\n<\/strong><\/div>\n<p>Wystawa po\u015bwi\u0119con\u0105 postaci W\u0142adys\u0142awa Kotwicza, mongolisty i a\u0142taisty prezentowana jest w Pa\u0142acu Kultury i Nauki, przy pomieszczeniach Kancelarii PAN (pi\u0119tro 26).\u00a0<strong>Serdecznie zapraszamy<\/strong>.<\/p>\n<p>Wi\u0119cej informacji na temat wystawy mo\u017cna uzyska\u0107 w katalogu wystawy.<\/p>\n","protected":false},"excerpt":{"rendered":"<p>Podr\u00f3\u017ce uczonych Z wypraw W\u0142adys\u0142awa Kotwicza &#8211; Mongolia 1912 Wystawa prezentowana od dnia 19 I 2007 do 30 X 2007 Wystawa po\u015bwi\u0119con\u0105 postaci W\u0142adys\u0142awa Kotwicza, mongolisty i a\u0142taisty prezentowana jest w Pa\u0142acu Kultury i Nauki, przy pomieszczeniach Kancelarii PAN (pi\u0119tro 26).\u00a0Serdecznie zapraszamy. Wi\u0119cej informacji na temat wystawy mo\u017cna uzyska\u0107 w katalogu wystawy.<\/p>\n","protected":false},"author":55,"featured_media":0,"parent":0,"menu_order":0,"comment_status":"closed","ping_status":"closed","template":"","meta":[],"_links":{"self":[{"href":"https:\/\/archiwumnauki.pan.pl\/index.php?rest_route=\/wp\/v2\/pages\/1353"}],"collection":[{"href":"https:\/\/archiwumnauki.pan.pl\/index.php?rest_route=\/wp\/v2\/pages"}],"about":[{"href":"https:\/\/archiwumnauki.pan.pl\/index.php?rest_route=\/wp\/v2\/types\/page"}],"author":[{"embeddable":true,"href":"https:\/\/archiwumnauki.pan.pl\/index.php?rest_route=\/wp\/v2\/users\/55"}],"replies":[{"embeddable":true,"href":"https:\/\/archiwumnauki.pan.pl\/index.php?rest_route=%2Fwp%2Fv2%2Fcomments&post=1353"}],"version-history":[{"count":2,"href":"https:\/\/archiwumnauki.pan.pl\/index.php?rest_route=\/wp\/v2\/pages\/1353\/revisions"}],"predecessor-version":[{"id":2734,"href":"https:\/\/archiwumnauki.pan.pl\/index.php?rest_route=\/wp\/v2\/pages\/1353\/revisions\/2734"}],"wp:attachment":[{"href":"https:\/\/archiwumnauki.pan.pl\/index.php?rest_route=%2Fwp%2Fv2%2Fmedia&parent=1353"}],"curies":[{"name":"wp","href":"https:\/\/api.w.org\/{rel}","templated":true}]}}