{"id":1350,"date":"2019-04-30T20:19:21","date_gmt":"2019-04-30T18:19:21","guid":{"rendered":"http:\/\/archiwumnauki.pan.pl\/?page_id=1350"},"modified":"2021-02-02T14:59:12","modified_gmt":"2021-02-02T13:59:12","slug":"z-albumu-stanislawa-kutrzeby-miasta-europejskie-na-przelomie-wiekow-wystawa-2006-09-01","status":"publish","type":"page","link":"https:\/\/archiwumnauki.pan.pl\/?page_id=1350","title":{"rendered":"&#8222;Z albumu Stanis\u0142awa Kutrzeby&#8230; Miasta europejskie na prze\u0142omie XIX i XX wieku&#8221;, (wystawa: 2006-09-01 &#8211; 2006-12-31)"},"content":{"rendered":"<div style=\"text-align: justify;\"><strong>Podr\u00f3\u017ce uczonych<\/strong><\/div>\n<div style=\"text-align: justify;\"><strong>&#8222;Z albumu Stanis\u0142awa Kutrzeby&#8230; Miasta europejskie na prze\u0142omie XIX i XX wieku&#8221;<\/strong><\/div>\n<div style=\"text-align: justify;\"><strong>Wystawa prezentowana od dnia 01 IX 2006 do 31 XII 2006<br \/>\n<\/strong><\/div>\n<div class=\"floatright\" style=\"text-align: justify;\"><img decoding=\"async\" loading=\"lazy\" class=\"size-medium wp-image-1351 alignleft\" src=\"https:\/\/archiwumnauki.pan.pl\/wp-content\/uploads\/2019\/04\/kutrzeba1-118x300.jpg\" alt=\"\" width=\"118\" height=\"300\" srcset=\"https:\/\/archiwumnauki.pan.pl\/wp-content\/uploads\/2019\/04\/kutrzeba1-118x300.jpg 118w, https:\/\/archiwumnauki.pan.pl\/wp-content\/uploads\/2019\/04\/kutrzeba1-106x270.jpg 106w, https:\/\/archiwumnauki.pan.pl\/wp-content\/uploads\/2019\/04\/kutrzeba1.jpg 216w\" sizes=\"(max-width: 118px) 100vw, 118px\" \/><\/div>\n<p style=\"text-align: justify;\">Wystawa ma miejsce w Pa\u0142acu Kultury i Nauki, przy pomieszczeniach Kancelarii PAN (pi\u0119tro 26).<\/p>\n<p style=\"text-align: justify;\">\n","protected":false},"excerpt":{"rendered":"<p>Podr\u00f3\u017ce uczonych &#8222;Z albumu Stanis\u0142awa Kutrzeby&#8230; Miasta europejskie na prze\u0142omie XIX i XX wieku&#8221; Wystawa prezentowana od dnia 01 IX 2006 do 31 XII 2006 Wystawa ma miejsce w Pa\u0142acu Kultury i Nauki, przy pomieszczeniach Kancelarii PAN (pi\u0119tro 26).<\/p>\n","protected":false},"author":55,"featured_media":0,"parent":0,"menu_order":0,"comment_status":"closed","ping_status":"closed","template":"","meta":[],"_links":{"self":[{"href":"https:\/\/archiwumnauki.pan.pl\/index.php?rest_route=\/wp\/v2\/pages\/1350"}],"collection":[{"href":"https:\/\/archiwumnauki.pan.pl\/index.php?rest_route=\/wp\/v2\/pages"}],"about":[{"href":"https:\/\/archiwumnauki.pan.pl\/index.php?rest_route=\/wp\/v2\/types\/page"}],"author":[{"embeddable":true,"href":"https:\/\/archiwumnauki.pan.pl\/index.php?rest_route=\/wp\/v2\/users\/55"}],"replies":[{"embeddable":true,"href":"https:\/\/archiwumnauki.pan.pl\/index.php?rest_route=%2Fwp%2Fv2%2Fcomments&post=1350"}],"version-history":[{"count":4,"href":"https:\/\/archiwumnauki.pan.pl\/index.php?rest_route=\/wp\/v2\/pages\/1350\/revisions"}],"predecessor-version":[{"id":2733,"href":"https:\/\/archiwumnauki.pan.pl\/index.php?rest_route=\/wp\/v2\/pages\/1350\/revisions\/2733"}],"wp:attachment":[{"href":"https:\/\/archiwumnauki.pan.pl\/index.php?rest_route=%2Fwp%2Fv2%2Fmedia&parent=1350"}],"curies":[{"name":"wp","href":"https:\/\/api.w.org\/{rel}","templated":true}]}}