{"id":1340,"date":"2019-04-30T20:17:39","date_gmt":"2019-04-30T18:17:39","guid":{"rendered":"http:\/\/archiwumnauki.pan.pl\/?page_id=1340"},"modified":"2021-02-02T14:57:23","modified_gmt":"2021-02-02T13:57:23","slug":"z-albumu-walerego-goetela-afryka-wystawa-2005-10-01","status":"publish","type":"page","link":"https:\/\/archiwumnauki.pan.pl\/?page_id=1340","title":{"rendered":"&#8222;Z albumu Walerego Goetla&#8230; Afryka&#8221;, (wystawa: 01.10.2005 &#8211; 08.09.2006 )"},"content":{"rendered":"<div style=\"text-align: justify;\"><span style=\"font-size: 12pt;\">&#8222;Z albumu Walerego Goetla&#8230; Afryka&#8221;<\/span><\/div>\n<div style=\"text-align: justify;\"><span style=\"font-size: 12pt;\">Wystawa\u00a0 prezentowana od dnia 01 X 2005 do 8 IX 2006<br \/>\n<\/span><\/div>\n<div style=\"text-align: justify;\"><span style=\"font-size: 12pt;\">Wystawa ma miejsce w Pa\u0142acu Kultury i Nauki, przy pomieszczeniach Kancelarii PAN (pi\u0119tro 26).<\/span><\/div>\n<div class=\"floatleft\" style=\"text-align: justify;\"><img decoding=\"async\" loading=\"lazy\" class=\"size-full wp-image-1341 alignleft\" src=\"https:\/\/archiwumnauki.pan.pl\/wp-content\/uploads\/2019\/04\/goetel.jpg\" alt=\"\" width=\"125\" height=\"185\" \/><\/div>\n<p style=\"text-align: justify;\">Walery Goetel (1889-1972) by\u0142 geologiem, wybitnym znawc\u0105 w dziedzinie tektoniki i stratygrafii. Profesor Akademii G\u00f3rniczo-Hutniczej w Krakowie, przez wiele lat pe\u0142ni\u0142 funkcj\u0119 rektora tej uczelni. Naukowe zainteresowania Goetla zwi\u0105za\u0142y go z g\u00f3rami. Upodoba\u0142 sobie szczeg\u00f3lnie wyprawy w Tatry. Swoj\u0105 dzia\u0142alno\u015bci\u0105 na rzecz propagowania pi\u0119kna tych g\u00f3r i zachowania ich w nienaruszonym postaci dla przysz\u0142ych pokole\u0144 zas\u0142u\u017cy\u0142 na miano jednego z pionier\u00f3w taternictwa i turystyki g\u00f3rskiej. Owocem g\u0142oszonych przez Goetla idei by\u0142o powstanie wielu teren\u00f3w chronionych, a przede wszystkim Tatrza\u0144skiego Parku Narodowego. Popularyzowa\u0142 turystyk\u0119 i sport w\u015br\u00f3d m\u0142odzie\u017cy. Patronowa\u0142 m. in. za\u0142o\u017ceniu AZS-u w Krakowie. Sam te\u017c sporo podr\u00f3\u017cowa\u0142 i uprawia\u0142 wiele dyscyplin sportowych, nie pozostaj\u0105c jedynie biernym kibicem.<\/p>\n<div class=\"floatright zdjecie\" style=\"text-align: justify;\"><img decoding=\"async\" loading=\"lazy\" class=\"size-medium wp-image-1342 alignright\" src=\"https:\/\/archiwumnauki.pan.pl\/wp-content\/uploads\/2019\/04\/goetel_mapka_small-172x300.gif\" alt=\"\" width=\"172\" height=\"300\" srcset=\"https:\/\/archiwumnauki.pan.pl\/wp-content\/uploads\/2019\/04\/goetel_mapka_small-172x300.gif 172w, https:\/\/archiwumnauki.pan.pl\/wp-content\/uploads\/2019\/04\/goetel_mapka_small-155x270.gif 155w\" sizes=\"(max-width: 172px) 100vw, 172px\" \/><br \/>\nMapka teren\u00f3w, przez kt\u00f3re podr\u00f3\u017cowa\u0142 Walery Goetel<\/div>\n<p style=\"text-align: justify;\">W bogatej spu\u015bci\u017anie Walerego Goetla, \u015bwiadcz\u0105cej o jego szerokiej dzia\u0142alno\u015bci, interesuj\u0105ce s\u0105 zw\u0142aszcza zbiory fotografii niemal z ca\u0142ego \u015bwiata. W\u015br\u00f3d nich nasz\u0105 uwag\u0119 zwracaj\u0105 cztery du\u017ce albumy, zawieraj\u0105ce zdj\u0119cia z podr\u00f3\u017cy po Afryce. To plon wyprawy, jak\u0105 Goetel odby\u0142 latem 1929 roku.<\/p>\n<p style=\"text-align: justify;\">Celem podr\u00f3\u017cy Goetla na Czarny L\u0105d by\u0142o uczestnictwo w XV Mi\u0119dzynarodowym Kongresie Geologicznym, kt\u00f3ry odbywa\u0142 si\u0119 w Pretorii. W towarzystwie prof. Jerzego Lotha zwiedzi\u0142 on pustyni\u0119 diamentow\u0105 Namib nad Zatok\u0105 Wielorybi\u0105, dotar\u0142 do Przyl\u0105dka Dobrej Nadziei, m\u00f3g\u0142 przyjrze\u0107 si\u0119 pracy w kopalniach diament\u00f3w i z\u0142ota w Afryce Po\u0142udniowej. Dwaj uczeni mogli te\u017c pozna\u0107 pierwotne oblicze kontynentu afryka\u0144skiego, zachowane w Parku Narodowym Krugera.<\/p>\n<p style=\"text-align: justify;\">Po zako\u0144czeniu kongresu Goetel i Loth ruszyli przez serce Afryki, podziwiaj\u0105c ruiny zamku Zimbabwe, uchodz\u0105cego za legendarne kr\u00f3lestwo Saby, pi\u0119kno wodospad\u00f3w Zambezi i ogrom Jeziora Wiktorii. Tam rozpocz\u0119\u0142a si\u0119 ich podr\u00f3\u017c po Nilu, kt\u00f3ra zaprowadzi\u0142a ich pod piramidy Egiptu, gdzie stan\u0119li u st\u00f3p Sfinksa i grobowca Abu Simbel, a wreszcie do Kairu i Aleksandrii. W ten spos\u00f3b dobieg\u0142a kresu pierwsza polska wyprawa, kt\u00f3ra przemierzy\u0142a wzd\u0142u\u017c ca\u0142y kontynent afryka\u0144ski.<\/p>\n<p style=\"text-align: justify;\">Walery Goetel rusza\u0142 do Afryki &#8211; jak sam pisa\u0142 &#8211; pod wra\u017ceniem romantycznych wyobra\u017ce\u0144 z czas\u00f3w podr\u00f3\u017cy Livingstone&#8217;a i Stanleya. Zdj\u0119cia z jego album\u00f3w, uzupe\u0142nione cytatami ze wspomnie\u0144, pokazuj\u0105, jak\u0105 Afryk\u0119 Goetel odnalaz\u0142. Nam te\u017c pozwol\u0105 zweryfikowa\u0107 w\u0142asny obraz Czarnego L\u0105du &#8211; wci\u0105\u017c egzotycznego i nieznanego&#8230;<\/p>\n<div style=\"text-align: justify;\">\n<div class=\"zdjecie\"><img decoding=\"async\" loading=\"lazy\" class=\"alignnone size-medium wp-image-1343\" src=\"https:\/\/archiwumnauki.pan.pl\/wp-content\/uploads\/2019\/04\/goetel_2-300x198.jpg\" alt=\"\" width=\"300\" height=\"198\" srcset=\"https:\/\/archiwumnauki.pan.pl\/wp-content\/uploads\/2019\/04\/goetel_2-300x198.jpg 300w, https:\/\/archiwumnauki.pan.pl\/wp-content\/uploads\/2019\/04\/goetel_2-409x270.jpg 409w, https:\/\/archiwumnauki.pan.pl\/wp-content\/uploads\/2019\/04\/goetel_2.jpg 500w\" sizes=\"(max-width: 300px) 100vw, 300px\" \/><br \/>\nStatek &#8222;Toledo&#8221;, kt\u00f3rym Walery Goetel p\u0142yn\u0105\u0142 z Rotterdamu do Kapsztadu (19.06-12.07.1929)<\/div>\n<div class=\"zdjecie\"><img decoding=\"async\" loading=\"lazy\" class=\"alignnone size-medium wp-image-1344\" src=\"https:\/\/archiwumnauki.pan.pl\/wp-content\/uploads\/2019\/04\/goetel_3-300x167.jpg\" alt=\"\" width=\"300\" height=\"167\" srcset=\"https:\/\/archiwumnauki.pan.pl\/wp-content\/uploads\/2019\/04\/goetel_3-300x167.jpg 300w, https:\/\/archiwumnauki.pan.pl\/wp-content\/uploads\/2019\/04\/goetel_3-450x250.jpg 450w, https:\/\/archiwumnauki.pan.pl\/wp-content\/uploads\/2019\/04\/goetel_3-486x270.jpg 486w, https:\/\/archiwumnauki.pan.pl\/wp-content\/uploads\/2019\/04\/goetel_3.jpg 500w\" sizes=\"(max-width: 300px) 100vw, 300px\" \/><br \/>\nPustynia Namib nad Zatok\u0105 Wielorybi\u0105<\/div>\n<div class=\"zdjecie\"><img decoding=\"async\" loading=\"lazy\" class=\"alignnone size-medium wp-image-1345\" src=\"https:\/\/archiwumnauki.pan.pl\/wp-content\/uploads\/2019\/04\/goetel_4-300x211.jpg\" alt=\"\" width=\"300\" height=\"211\" srcset=\"https:\/\/archiwumnauki.pan.pl\/wp-content\/uploads\/2019\/04\/goetel_4-300x211.jpg 300w, https:\/\/archiwumnauki.pan.pl\/wp-content\/uploads\/2019\/04\/goetel_4-384x270.jpg 384w, https:\/\/archiwumnauki.pan.pl\/wp-content\/uploads\/2019\/04\/goetel_4.jpg 500w\" sizes=\"(max-width: 300px) 100vw, 300px\" \/><br \/>\nZatoka Fa\u0142szywa widziana ze ska\u0142 Przyl\u0105dka Dobrej Nadziei<\/div>\n<div class=\"zdjecie\"><img decoding=\"async\" loading=\"lazy\" class=\"alignnone size-medium wp-image-1346\" src=\"https:\/\/archiwumnauki.pan.pl\/wp-content\/uploads\/2019\/04\/goetel_5-300x219.jpg\" alt=\"\" width=\"300\" height=\"219\" srcset=\"https:\/\/archiwumnauki.pan.pl\/wp-content\/uploads\/2019\/04\/goetel_5-300x219.jpg 300w, https:\/\/archiwumnauki.pan.pl\/wp-content\/uploads\/2019\/04\/goetel_5-370x270.jpg 370w, https:\/\/archiwumnauki.pan.pl\/wp-content\/uploads\/2019\/04\/goetel_5.jpg 500w\" sizes=\"(max-width: 300px) 100vw, 300px\" \/><br \/>\nZuluscy wojownicy<\/div>\n<div class=\"zdjecie\"><img decoding=\"async\" loading=\"lazy\" class=\"alignnone size-medium wp-image-1347\" src=\"https:\/\/archiwumnauki.pan.pl\/wp-content\/uploads\/2019\/04\/goetel_6-300x215.jpg\" alt=\"\" width=\"300\" height=\"215\" srcset=\"https:\/\/archiwumnauki.pan.pl\/wp-content\/uploads\/2019\/04\/goetel_6-300x215.jpg 300w, https:\/\/archiwumnauki.pan.pl\/wp-content\/uploads\/2019\/04\/goetel_6-377x270.jpg 377w, https:\/\/archiwumnauki.pan.pl\/wp-content\/uploads\/2019\/04\/goetel_6.jpg 500w\" sizes=\"(max-width: 300px) 100vw, 300px\" \/><br \/>\nChata murzy\u0144ska w Parku Narodowym Krugera (Transwal)<\/div>\n<div class=\"zdjecie\"><img decoding=\"async\" loading=\"lazy\" class=\"alignnone size-medium wp-image-1348\" src=\"https:\/\/archiwumnauki.pan.pl\/wp-content\/uploads\/2019\/04\/goetel_9-300x224.jpg\" alt=\"\" width=\"300\" height=\"224\" srcset=\"https:\/\/archiwumnauki.pan.pl\/wp-content\/uploads\/2019\/04\/goetel_9-300x224.jpg 300w, https:\/\/archiwumnauki.pan.pl\/wp-content\/uploads\/2019\/04\/goetel_9-361x270.jpg 361w, https:\/\/archiwumnauki.pan.pl\/wp-content\/uploads\/2019\/04\/goetel_9.jpg 500w\" sizes=\"(max-width: 300px) 100vw, 300px\" \/><br \/>\nMeczet na wzg\u00f3rzach Mokkatam (Egipt)<\/div>\n<\/div>\n<p style=\"text-align: justify;\">\n","protected":false},"excerpt":{"rendered":"<p>&#8222;Z albumu Walerego Goetla&#8230; Afryka&#8221; Wystawa\u00a0 prezentowana od dnia 01 X 2005 do 8 IX 2006 Wystawa ma miejsce w Pa\u0142acu Kultury i Nauki, przy pomieszczeniach Kancelarii PAN (pi\u0119tro 26). Walery Goetel (1889-1972) by\u0142 geologiem, wybitnym znawc\u0105 w dziedzinie tektoniki i stratygrafii. Profesor Akademii G\u00f3rniczo-Hutniczej w Krakowie, przez wiele lat pe\u0142ni\u0142 funkcj\u0119 rektora tej uczelni. &hellip; <\/p>\n<p class=\"read-more\"><a class=\"btn btn-default\" href=\"https:\/\/archiwumnauki.pan.pl\/?page_id=1340\"> Read More<span class=\"screen-reader-text\">  Read More<\/span><\/a><\/p>\n","protected":false},"author":55,"featured_media":0,"parent":0,"menu_order":0,"comment_status":"closed","ping_status":"closed","template":"","meta":[],"_links":{"self":[{"href":"https:\/\/archiwumnauki.pan.pl\/index.php?rest_route=\/wp\/v2\/pages\/1340"}],"collection":[{"href":"https:\/\/archiwumnauki.pan.pl\/index.php?rest_route=\/wp\/v2\/pages"}],"about":[{"href":"https:\/\/archiwumnauki.pan.pl\/index.php?rest_route=\/wp\/v2\/types\/page"}],"author":[{"embeddable":true,"href":"https:\/\/archiwumnauki.pan.pl\/index.php?rest_route=\/wp\/v2\/users\/55"}],"replies":[{"embeddable":true,"href":"https:\/\/archiwumnauki.pan.pl\/index.php?rest_route=%2Fwp%2Fv2%2Fcomments&post=1340"}],"version-history":[{"count":6,"href":"https:\/\/archiwumnauki.pan.pl\/index.php?rest_route=\/wp\/v2\/pages\/1340\/revisions"}],"predecessor-version":[{"id":2731,"href":"https:\/\/archiwumnauki.pan.pl\/index.php?rest_route=\/wp\/v2\/pages\/1340\/revisions\/2731"}],"wp:attachment":[{"href":"https:\/\/archiwumnauki.pan.pl\/index.php?rest_route=%2Fwp%2Fv2%2Fmedia&parent=1340"}],"curies":[{"name":"wp","href":"https:\/\/api.w.org\/{rel}","templated":true}]}}