{"id":1330,"date":"2019-04-30T19:57:19","date_gmt":"2019-04-30T17:57:19","guid":{"rendered":"http:\/\/archiwumnauki.pan.pl\/?page_id=1330"},"modified":"2019-04-30T19:57:19","modified_gmt":"2019-04-30T17:57:19","slug":"nauka-ponad-granicami-z-zagranicznych-kontaktow-uczonych-polskich-w-xx-wieku-wystawa-2016-06-17-2016-10-28","status":"publish","type":"page","link":"https:\/\/archiwumnauki.pan.pl\/?page_id=1330","title":{"rendered":"Nauka ponad granicami &#8211; z zagranicznych kontakt\u00f3w uczonych polskich w XX wieku , (wystawa: 2016-06-17 &#8211; 2016-10-28)"},"content":{"rendered":"<div><strong>Wystawy okoliczno\u015bciowe<\/strong><\/div>\n<div><strong>Nauka ponad granicami &#8211; z zagranicznych kontakt\u00f3w uczonych polskich w XX wieku<\/strong><\/div>\n<div><strong>Wystawa by\u0142a prezentowana w dniach 17 VI 2016 &#8211; 28 X 2016, codziennie w godz. 10:00 &#8211; 15:00<\/strong><\/div>\n<p><img decoding=\"async\" loading=\"lazy\" class=\"size-medium wp-image-1331 alignleft\" src=\"https:\/\/archiwumnauki.pan.pl\/wp-content\/uploads\/2019\/04\/plakat_nauka_ponad_granicami-211x300.jpg\" alt=\"\" width=\"211\" height=\"300\" srcset=\"https:\/\/archiwumnauki.pan.pl\/wp-content\/uploads\/2019\/04\/plakat_nauka_ponad_granicami-211x300.jpg 211w, https:\/\/archiwumnauki.pan.pl\/wp-content\/uploads\/2019\/04\/plakat_nauka_ponad_granicami-190x270.jpg 190w, https:\/\/archiwumnauki.pan.pl\/wp-content\/uploads\/2019\/04\/plakat_nauka_ponad_granicami.jpg 450w\" sizes=\"(max-width: 211px) 100vw, 211px\" \/><\/p>\n<p style=\"text-align: justify;\">Nauka wymaga kontakt\u00f3w mi\u0119dzyludzkich. Uczeni potrzebuj\u0105 takich kontakt\u00f3w dla wymiany my\u015bli i idei, dla rozszerzenia swego warsztatu badawczego, dla konfrontacji w\u0142asnych wynik\u00f3w z osi\u0105gni\u0119ciami innych uczonych, a tak\u017ce dla ich propagowania. Nie bez znaczenia jest, \u017ce kontakty takie prowadz\u0105 cz\u0119sto do zadzierzgni\u0119cia trwa\u0142ych wi\u0119z\u00f3w przyja\u017ani mi\u0119dzy uczonymi. Dla m\u0142odych ludzi stanowi\u0105 okazj\u0119 do rozszerzenia swej wiedzy o \u015bwiecie, nie tylko w ramach w\u0142asnej naukowej specjalno\u015bci. Dotyczy to ka\u017cdej naukowej dyscypliny, jakkolwiek w r\u00f3\u017cnych naukach jest to w r\u00f3\u017cnym stopniu wa\u017cne i zale\u017cnie od specyfiki warsztatu przyjmuje r\u00f3\u017cne formy. Szczeg\u00f3lnie wa\u017cne s\u0105 takie kontakty w skali mi\u0119dzynarodowej. Po\u0142\u0105czone musz\u0105 by\u0107 one z zagranicznymi podr\u00f3\u017cami i pobytami, co w naszym przypadku, zw\u0142aszcza w pierwszych latach po II wojnie \u015bwiatowej, nie by\u0142o \u0142atwe przede wszystkim w wyniku istnienia \u017celaznej kurtyny. Po jej uchyleniu w roku 1958 uczeni polscy mo\u017cliwie szeroko i dobrze wykorzystali pojawiaj\u0105ce si\u0119 mo\u017cliwo\u015bci. Rozpocz\u0105\u0142 si\u0119 okres, niemal 50-letni, gdy nauka polska mog\u0142a naprawd\u0119 zaistnie\u0107 na arenie mi\u0119dzynarodowej\u201d. S\u0142owa profesora Adama Strza\u0142kowskiego ze wst\u0119pu do ksi\u0105\u017cki Zagraniczne peregrynacje i przyja\u017anie naukowe polskich uczonych, wydanej przez Komisj\u0119 Historii Nauki Polskiej Akademii Umiej\u0119tno\u015bci, pos\u0142u\u017cy\u0142y jako motto ekspozycji towarzysz\u0105cej konferencji \u201ePolacy w nauce \u015bwiatowej\u201d zorganizowanej przez Polsk\u0105 Akademi\u0119 Umiej\u0119tno\u015bci. Zagadnienia wsp\u00f3\u0142pracy naukowej i kontakt\u00f3w zagranicznych przewija\u0142y si\u0119 wielokrotnie jako jeden z motyw\u00f3w wystaw przypominaj\u0105cych sylwetki uczonych, organizowanych od 1994 roku przez PAU i Archiwum Nauki PAN PAU w ramach cyklu \u201eW s\u0142u\u017cbie nauki\u201d.<\/p>\n<p style=\"text-align: justify;\">Obecna ekspozycja to zaledwie pr\u00f3ba pokazania udzia\u0142u polskich uczonych w r\u00f3\u017cnych mi\u0119dzynarodowych organizacjach, zagranicznych kongresach, zjazdach, a tak\u017ce zawi\u0105zywanych przyja\u017ani naukowych. Na wystawie zaprezentowano sylwetki pi\u0119ciu uczonych, reprezentuj\u0105cych r\u00f3\u017cne dyscypliny naukowe. Nale\u017c\u0105 do nich: historyk Henryk Batowski (1907\u20131999), filolog romanista Zygmunt Czerny (1888\u20131975), geolog i sozolog Walery Goetel (1889\u20131972), zoolog Zygmunt Grodzi\u0144ski (1896\u20131982) oraz fizyk Henryk Niewodnicza\u0144ski (1900\u20131968). Ci uczeni rozpocz\u0119li swoj\u0105 dzia\u0142alno\u015b\u0107 badawcz\u0105 jeszcze w okresie mi\u0119dzywojennym i mimo r\u00f3\u017cnych trudno\u015bci natury politycznej kontynuowali j\u0105 i rozwijali w okresie powojennym. Ekspozycja sk\u0142ada si\u0119 z dw\u00f3ch cz\u0119\u015bci. W sali wystawowej przedstawiono wybrane materia\u0142y archiwalne dokumentuj\u0105ce zagraniczne kontakty naukowe. W\u015br\u00f3d nich znajduj\u0105 si\u0119 pami\u0105tkowe fotografie i medale z kongres\u00f3w mi\u0119dzynarodowych, w kt\u00f3rych uczestniczyli Polacy.<\/p>\n<p style=\"text-align: justify;\">W holu pomieszczono drug\u0105 cz\u0119\u015b\u0107 wystawy po\u015bwi\u0119con\u0105 wybranym z r\u00f3\u017cnych spu\u015bcizn przechowywanych w Archiwum Nauki \u201edowodom uznania\u201d za osi\u0105gni\u0119cia uczonych na polu nauki. Zgromadzono medale, dyplomy cz\u0142onkowskie stowarzysze\u0144 i nagr\u00f3d, kt\u00f3re otrzymywali polscy badacze za zas\u0142ugi i wybitne osi\u0105gni\u0119cia, od r\u00f3\u017cnych zagranicznych organizacji naukowych, uczelni a tak\u017ce w\u0142adz pa\u0144stwowych.<\/p>\n<p style=\"text-align: justify;\">\u201eNauka ponad granicami\u201d to jedynie zarys obrazu ilustruj\u0105cego szerok\u0105 i niezwykle bogat\u0105 dzia\u0142alno\u015b\u0107 polskich uczonych na arenie mi\u0119dzynarodowej.<\/p>\n","protected":false},"excerpt":{"rendered":"<p>Wystawy okoliczno\u015bciowe Nauka ponad granicami &#8211; z zagranicznych kontakt\u00f3w uczonych polskich w XX wieku Wystawa by\u0142a prezentowana w dniach 17 VI 2016 &#8211; 28 X 2016, codziennie w godz. 10:00 &#8211; 15:00 Nauka wymaga kontakt\u00f3w mi\u0119dzyludzkich. Uczeni potrzebuj\u0105 takich kontakt\u00f3w dla wymiany my\u015bli i idei, dla rozszerzenia swego warsztatu badawczego, dla konfrontacji w\u0142asnych wynik\u00f3w z &hellip; <\/p>\n<p class=\"read-more\"><a class=\"btn btn-default\" href=\"https:\/\/archiwumnauki.pan.pl\/?page_id=1330\"> Read More<span class=\"screen-reader-text\">  Read More<\/span><\/a><\/p>\n","protected":false},"author":55,"featured_media":0,"parent":0,"menu_order":0,"comment_status":"closed","ping_status":"closed","template":"","meta":[],"_links":{"self":[{"href":"https:\/\/archiwumnauki.pan.pl\/index.php?rest_route=\/wp\/v2\/pages\/1330"}],"collection":[{"href":"https:\/\/archiwumnauki.pan.pl\/index.php?rest_route=\/wp\/v2\/pages"}],"about":[{"href":"https:\/\/archiwumnauki.pan.pl\/index.php?rest_route=\/wp\/v2\/types\/page"}],"author":[{"embeddable":true,"href":"https:\/\/archiwumnauki.pan.pl\/index.php?rest_route=\/wp\/v2\/users\/55"}],"replies":[{"embeddable":true,"href":"https:\/\/archiwumnauki.pan.pl\/index.php?rest_route=%2Fwp%2Fv2%2Fcomments&post=1330"}],"version-history":[{"count":1,"href":"https:\/\/archiwumnauki.pan.pl\/index.php?rest_route=\/wp\/v2\/pages\/1330\/revisions"}],"predecessor-version":[{"id":1332,"href":"https:\/\/archiwumnauki.pan.pl\/index.php?rest_route=\/wp\/v2\/pages\/1330\/revisions\/1332"}],"wp:attachment":[{"href":"https:\/\/archiwumnauki.pan.pl\/index.php?rest_route=%2Fwp%2Fv2%2Fmedia&parent=1330"}],"curies":[{"name":"wp","href":"https:\/\/api.w.org\/{rel}","templated":true}]}}