{"id":1326,"date":"2019-04-30T19:55:52","date_gmt":"2019-04-30T17:55:52","guid":{"rendered":"http:\/\/archiwumnauki.pan.pl\/?page_id=1326"},"modified":"2021-02-02T12:59:57","modified_gmt":"2021-02-02T11:59:57","slug":"wznoszac-gmach-narodowej-wiedzy-200-rocznica-powolania-towarzystwa-naukowego-krakowskiego-wystawa-2015-12-09-2016-03-30","status":"publish","type":"page","link":"https:\/\/archiwumnauki.pan.pl\/?page_id=1326","title":{"rendered":"Wznosz\u0105c gmach narodowej wiedzy. 200. rocznica powo\u0142ania Towarzystwa Naukowego Krakowskiego, (wystawa: 2015-12-09 &#8211; 2016-03-30) wraz z cz\u0119\u015bci\u0105 posterow\u0105: &#8222;Gdy jedna my\u015bl rodzi drug\u0105. Towarzystwo Naukowe Krakowskie staje si\u0119 Akademi\u0105 Umiej\u0119tno\u015bci (wystawa: 2015-12-07 &#8211; 2016-02-29)"},"content":{"rendered":"<div><strong>Wystawy okoliczno\u015bciowe<\/strong><\/div>\n<div><strong>Wznosz\u0105c gmach narodowej wiedzy. 200. rocznica powo\u0142ania Towarzystwa Naukowego Krakowskiego, (wystawa: 2015-12-09 &#8211; 2016-03-30) wraz z cz\u0119\u015bci\u0105 posterow\u0105: &#8222;Gdy jedna my\u015bl rodzi drug\u0105. Towarzystwo Naukowe Krakowskie staje si\u0119 Akademi\u0105 Umiej\u0119tno\u015bci (wystawa: 2015-12-07 &#8211; 2016-02-29)<\/strong><\/div>\n<div><strong>Wystawa by\u0142a prezentowana w dniach 09 XII 2015 &#8211; 30 III 2016<\/strong><\/div>\n<div class=\"floatleft\"><img decoding=\"async\" loading=\"lazy\" class=\"size-medium wp-image-1327 alignleft\" src=\"https:\/\/archiwumnauki.pan.pl\/wp-content\/uploads\/2019\/04\/gmach_wiedzy-218x300.jpg\" alt=\"\" width=\"218\" height=\"300\" srcset=\"https:\/\/archiwumnauki.pan.pl\/wp-content\/uploads\/2019\/04\/gmach_wiedzy-218x300.jpg 218w, https:\/\/archiwumnauki.pan.pl\/wp-content\/uploads\/2019\/04\/gmach_wiedzy-196x270.jpg 196w, https:\/\/archiwumnauki.pan.pl\/wp-content\/uploads\/2019\/04\/gmach_wiedzy.jpg 399w\" sizes=\"(max-width: 218px) 100vw, 218px\" \/><\/div>\n<p style=\"text-align: justify;\">Pami\u0119\u0107 o dorobku przesz\u0142ych pokole\u0144 stanowi \u017ar\u00f3d\u0142o naszej to\u017csamo\u015bci. Idee, my\u015bli, dzie\u0142a naukowe i artystyczne, wyniki rozmaitych bada\u0144 powsta\u0142e w przesz\u0142o\u015bci sk\u0142adaj\u0105 si\u0119 na narodowe dziedzictwo, kt\u00f3re nale\u017cy rozwija\u0107. Tradycja stanowi warto\u015b\u0107, kt\u00f3rej nigdy nie wolno zatraci\u0107. Jak wskazywa\u0142 wybitny historyk J\u00f3zef Szujski<em>: \u201eZnajomo\u015b\u0107 i zami\u0142owanie przesz\u0142o\u015bci, wiedza historii prac\u0105 naukow\u0105\u00a0<\/em><em>zdobyta stanowi niezaprzeczenie jeden z najcenniejszych skarb\u00f3w ka\u017cdego narodu i spo\u0142ecze\u0144stwa\u201d<\/em>. S\u0142owa te w dobie obecnej, kiedy to obchodzimy jubileusz 200-lecia zawi\u0105zania w \u0142onie krakowskiej Alma Mater swoistej Wsp\u00f3lnoty umi\u0142owania nauki, nabieraj\u0105 szczeg\u00f3lnego wymiaru. Pochylaj\u0105c si\u0119 nad fenomenem Towarzystwa Naukowego, pragniemy ukaza\u0107, jak wa\u017cne miejsce zajmuje w historii nauki polskiej. U\u015bwiadamiamy sobie, \u017ce pami\u0119\u0107 o nim jest wr\u0119cz obowi\u0105zkiem. Sk\u0142adamy ho\u0142d wybitnym krzewicielom \u015bwiat\u0142a i umiej\u0119tno\u015bci \u2013 tw\u00f3rcom Towarzystwa Naukowego Krakowskiego.<\/p>\n<p style=\"text-align: justify;\">Towarzystwo Naukowe Krakowskie funkcjonowa\u0142o nieprzerwanie od 1815 do 1872 r. i jako trwa\u0142a instytucja sta\u0142o si\u0119 fundamentem Akademii Umiej\u0119tno\u015bci oraz naszego narodowego bytu. Wok\u00f3\u0142 zainicjowanej przez rektora Uniwersytetu Walentego Litwi\u0144skiego idei, na przestrzeni 57 lat, zgromadzi\u0142o si\u0119 grono ponad 800 uczonych rozmaitych dyscyplin, mi\u0142o\u015bnik\u00f3w nauki, artyst\u00f3w, polityk\u00f3w i spo\u0142ecznik\u00f3w. Ca\u0142a gama znanych nazwisk, jak chocia\u017cby Adam Jerzy Czartoryski, Ludwik Zejszner, Jan Matejko, Oskar Kolberg, Ignacy Domeyko, J\u00f3zef Dietl, Cyprian Kamil Norwid, czy J\u00f3zef Szujski, wsp\u00f3\u0142tworzy\u0142a Towarzystwo i pracowa\u0142a na jego rzecz. Bior\u0105c pod uwag\u0119, i\u017c dziewi\u0119tnaste stulecie to czas kszta\u0142towania si\u0119 nowoczesnego podej\u015bcia do bada\u0144, dzia\u0142alno\u015b\u0107 Towarzystwa jawi si\u0119 w tym zakresie prekursorsko. Przejawem tego sta\u0142y si\u0119 liczne inicjatywy, takie jak wydawanie Rocznika, zawieraj\u0105cego prze\u0142omowe rozprawy, badania nad zdrojowiskami krajowymi rozpocz\u0119te i prowadzone przez Komisj\u0119 Balneologiczn\u0105, prace w obszarze botaniki, geologii i zoologii, realizowane przez Komisj\u0119 Fizjograficzn\u0105, szerokie badania w zakresie pi\u015bmiennictwa i j\u0119zyka polskiego w \u0142onie Komisji Bibliograficznej i Komisji J\u0119zykowej, czy wreszcie idea zachowania pami\u0105tek narodowych i r\u0119kopi\u015bmiennych \u017ar\u00f3de\u0142 do historii Polski, prowadzonych przez Oddzia\u0142 Archeologii i Sztuk Pi\u0119knych oraz Komisj\u0119 Historyczn\u0105.<\/p>\n<p style=\"text-align: justify;\">To tylko niekt\u00f3re z przedsi\u0119wzi\u0119\u0107 realizowanych w ramach Towarzystwa.<\/p>\n<p style=\"text-align: justify;\">Archiwum Nauki PAN i PAU, jako g\u0142\u00f3wny obok Archiwum UJ i Biblioteki Naukowej PAU i PAN stra\u017cnik unikatowych, zachowanych niemal w ca\u0142o\u015bci materia\u0142\u00f3w archiwalnych Towarzystwa Naukowego, aktywnie w\u0142\u0105czy\u0142o si\u0119 w organizowane pod patronatem Polskiej Akademii Umiej\u0119tno\u015bci i Uniwersytetu Jagiello\u0144skiego obchody jubileuszowe. Chc\u0105c ukaza\u0107 szerszemu gronu odbiorc\u00f3w archiwalia, ow\u0105 cenn\u0105 skarbnic\u0119 wiedzy o dziele dziewi\u0119tnastowiecznych uczonych i mi\u0142o\u015bnik\u00f3w nauki, podj\u0119\u0142o szereg inicjatyw, kt\u00f3rych zwie\u0144czeniem sta\u0142a si\u0119 ekspozycja zatytu\u0142owana \u201eWznosz\u0105c gmach narodowej wiedzy\u201d; jej otwarcie nast\u0105pi\u0142o 9 grudnia 2015 r., w rocznic\u0119 zatwierdzenia statutu z 1815 r. Wystawa zosta\u0142a podzielona na dwie cz\u0119\u015bci. Jedna prezentowana jest w formie poster\u00f3w w holu Polskiej Akademii Umiej\u0119tno\u015bci, druga \u2013 w Archiwum Nauki PAN i PAU opiera si\u0119 na oryginalnych materia\u0142ach Towarzystwa. Obie cz\u0119\u015bci uzupe\u0142niaj\u0105 si\u0119 wzajemnie, tworz\u0105c zarys historii i dzia\u0142alno\u015bci Towarzystwa Naukowego od momentu zawi\u0105zania si\u0119 w roku 1815 po przekszta\u0142cenie w Akademi\u0119 Umiej\u0119tno\u015bci w 1872.<\/p>\n<p style=\"text-align: justify;\">Materia\u0142y dodatkowe:<\/p>\n<div align=\"center\"><img decoding=\"async\" loading=\"lazy\" class=\"alignnone size-medium wp-image-1328\" src=\"https:\/\/archiwumnauki.pan.pl\/wp-content\/uploads\/2019\/04\/plakat-200-lat-TNK-1.1-212x300.jpg\" alt=\"\" width=\"212\" height=\"300\" srcset=\"https:\/\/archiwumnauki.pan.pl\/wp-content\/uploads\/2019\/04\/plakat-200-lat-TNK-1.1-212x300.jpg 212w, https:\/\/archiwumnauki.pan.pl\/wp-content\/uploads\/2019\/04\/plakat-200-lat-TNK-1.1-191x270.jpg 191w, https:\/\/archiwumnauki.pan.pl\/wp-content\/uploads\/2019\/04\/plakat-200-lat-TNK-1.1.jpg 431w\" sizes=\"(max-width: 212px) 100vw, 212px\" \/><br \/>\n<span class=\"note\">Plakat wystawy<\/span><\/div>\n","protected":false},"excerpt":{"rendered":"<p>Wystawy okoliczno\u015bciowe Wznosz\u0105c gmach narodowej wiedzy. 200. rocznica powo\u0142ania Towarzystwa Naukowego Krakowskiego, (wystawa: 2015-12-09 &#8211; 2016-03-30) wraz z cz\u0119\u015bci\u0105 posterow\u0105: &#8222;Gdy jedna my\u015bl rodzi drug\u0105. Towarzystwo Naukowe Krakowskie staje si\u0119 Akademi\u0105 Umiej\u0119tno\u015bci (wystawa: 2015-12-07 &#8211; 2016-02-29) Wystawa by\u0142a prezentowana w dniach 09 XII 2015 &#8211; 30 III 2016 Pami\u0119\u0107 o dorobku przesz\u0142ych pokole\u0144 stanowi \u017ar\u00f3d\u0142o &hellip; <\/p>\n<p class=\"read-more\"><a class=\"btn btn-default\" href=\"https:\/\/archiwumnauki.pan.pl\/?page_id=1326\"> Read More<span class=\"screen-reader-text\">  Read More<\/span><\/a><\/p>\n","protected":false},"author":55,"featured_media":0,"parent":0,"menu_order":0,"comment_status":"closed","ping_status":"closed","template":"","meta":[],"_links":{"self":[{"href":"https:\/\/archiwumnauki.pan.pl\/index.php?rest_route=\/wp\/v2\/pages\/1326"}],"collection":[{"href":"https:\/\/archiwumnauki.pan.pl\/index.php?rest_route=\/wp\/v2\/pages"}],"about":[{"href":"https:\/\/archiwumnauki.pan.pl\/index.php?rest_route=\/wp\/v2\/types\/page"}],"author":[{"embeddable":true,"href":"https:\/\/archiwumnauki.pan.pl\/index.php?rest_route=\/wp\/v2\/users\/55"}],"replies":[{"embeddable":true,"href":"https:\/\/archiwumnauki.pan.pl\/index.php?rest_route=%2Fwp%2Fv2%2Fcomments&post=1326"}],"version-history":[{"count":3,"href":"https:\/\/archiwumnauki.pan.pl\/index.php?rest_route=\/wp\/v2\/pages\/1326\/revisions"}],"predecessor-version":[{"id":2729,"href":"https:\/\/archiwumnauki.pan.pl\/index.php?rest_route=\/wp\/v2\/pages\/1326\/revisions\/2729"}],"wp:attachment":[{"href":"https:\/\/archiwumnauki.pan.pl\/index.php?rest_route=%2Fwp%2Fv2%2Fmedia&parent=1326"}],"curies":[{"name":"wp","href":"https:\/\/api.w.org\/{rel}","templated":true}]}}