{"id":1322,"date":"2019-04-30T19:54:04","date_gmt":"2019-04-30T17:54:04","guid":{"rendered":"http:\/\/archiwumnauki.pan.pl\/?page_id=1322"},"modified":"2021-02-02T12:57:22","modified_gmt":"2021-02-02T11:57:22","slug":"wspolnota-umilowania-nauki-200-rocznica-powolania-towarzystwa-naukowego-krakowskiego-wystawa-2015-06-19-2015-11-14","status":"publish","type":"page","link":"https:\/\/archiwumnauki.pan.pl\/?page_id=1322","title":{"rendered":"Wsp\u00f3lnota umi\u0142owania nauki. 200. rocznica powo\u0142ania Towarzystwa Naukowego Krakowskiego, (wystawa: 2015-06-19 &#8211; 2015-11-14)"},"content":{"rendered":"<div><strong>Wystawy okoliczno\u015bciowe<\/strong><\/div>\n<div><strong>Wsp\u00f3lnota umi\u0142owania nauki. 200. rocznica powo\u0142ania Towarzystwa Naukowego Krakowskiego<\/strong><\/div>\n<div><strong>Wystawa by\u0142a prezentowana w dniach 19 VI 2015 &#8211; 14 XI 2015, od poniedzia\u0142ku do pi\u0105tku w godz. 10:00 &#8211; 15:00<\/strong><\/div>\n<p><img decoding=\"async\" loading=\"lazy\" class=\"size-medium wp-image-1323 alignleft\" src=\"https:\/\/archiwumnauki.pan.pl\/wp-content\/uploads\/2019\/04\/wspolnota_nauki_katalog2-206x300.jpg\" alt=\"\" width=\"206\" height=\"300\" srcset=\"https:\/\/archiwumnauki.pan.pl\/wp-content\/uploads\/2019\/04\/wspolnota_nauki_katalog2-206x300.jpg 206w, https:\/\/archiwumnauki.pan.pl\/wp-content\/uploads\/2019\/04\/wspolnota_nauki_katalog2-186x270.jpg 186w, https:\/\/archiwumnauki.pan.pl\/wp-content\/uploads\/2019\/04\/wspolnota_nauki_katalog2.jpg 356w\" sizes=\"(max-width: 206px) 100vw, 206px\" \/><\/p>\n<p style=\"text-align: justify;\">W zwi\u0105zku z obchodami 200. rocznicy powo\u0142ania Towarzystwa Naukowego Krakowskiego organizowanymi pod auspicjami Polskiej Akademii Umiej\u0119tno\u009cci i Uniwersytetu Jagiello\u0144skiego, Archiwum Nauki PAN i PAU przygotowa\u0142o wystaw\u0119 pt. \u0084Wsp\u00f3lnota umi\u0142owania nauki\u0094. Wystawa nawi\u0105zywa\u0142a do podj\u0119tej 24 lipca 1815 r. przez Rad\u0119 Senatu Uniwersytetu Jagiello\u0144skiego uchwa\u0142y powo\u0142uj\u0105cej Towarzystwo i stanowi\u0142a wprowadzenie do przygotowywanej na dzie\u0144 9 grudnia 2015 r. \u0096 dzie\u0144 zatwierdzenia pierwszego statutu \u0096 wystawy towarzysz\u0105cej konferencji jubileuszowej. Tematem przewodnim wystawy by\u0142o ukazanie za\u0142o\u017cenia \u0084Wsp\u00f3lnoty umi\u0142owania nauki\u0094 i jej podstaw organizacyjnych. Ekspozycja rozpoczyna\u0142a si\u0119 wizerunkami pi\u0119tnastu prezes\u00f3w Towarzystwa, a wi\u0119c tych, kt\u00f3rzy zgodnie ze statutem patronowali podejmowanym w \u0142onie Societatis Litterariae inicjatywom. Galeri\u0119 otwiera\u0142a kopia portretu pomys\u0142odawcy wskrzeszenia Ko\u0142\u0142\u0105tajowskiej my\u009cli powo\u0142ania instytutu badawczego Walentego Litwi\u0144skiego, kt\u00f3ry wraz z Jerzym Samuelem Bandtkie opracowa\u0142 projekt pierwszego statutu Towarzystwa. Zobaczy\u0107 te\u017c by\u0142o mo\u017cna wizerunek Franciszka W\u0119\u017cyka, kt\u00f3ry by\u0142 inicjatorem budowy siedziby Towarzystwa przy ul. S\u0142awkowskiej 17, dla usytuowania w niej zbior\u00f3w archiwalnych, bibliotecznych i muzealnych Towarzystwa, obecnie budynku Polskiej Akademii Umiej\u0119tno\u009cci, czy te\u017c J\u00f3zefa Majera, za prezesury kt\u00f3rego od\u0142\u0105czone od Uniwersytetu Towarzystwo podejmowa\u0142o liczne dzia\u0142ania z zakresu historii, archeologii, j\u0119zykoznawstwa i ortografii, a tak\u017ce przyrodoznawstwa. W g\u0142\u00f3wnej cz\u0119\u009cci ekspozycji znajduj\u0105cej si\u0119 w sali wystawowej, chc\u0105c ukaza\u0107 t\u0142o dzia\u0142alno\u009cci uczonych, zaprezentowano fotografie i litografie przedstawiaj\u0105ce zak\u0105tki XIX\u00adwiecznego Krakowa. Zawi\u0105zanie si\u0119 Towarzystwa i pocz\u0105tki jego istnienia obrazowa\u0142y m.in. projekt statutu Towarzystwa z 24 VII 1815 r. i protok\u00f3\u0142 z pierwszego posiedzenia z 25 II 1816. Na wybranych przyk\u0142adach pokazano,jak wielu znakomitych uczonych i mi\u0142o\u009cnik\u00f3w nauki skupia\u0142o Towarzystwo. W ksi\u0119dze cz\u0142onk\u00f3w honorowych Uniwersytetu Krakowskiego i Towarzystwa Naukowego z 1816 r. mo\u017cna odnale\u009f\u0107 takie postacie, jak Samuel Bogumi\u0142 Linde, Stanis\u0142aw Staszic czy Adam Jerzy Czartoryski. Pokazano r\u00f3wnie\u017c materia\u0142y archiwalne i muzealne cz\u0142onk\u00f3w czynnych i korespondent\u00f3w Towarzystwa, m.in. s\u0142ynnego chirurga Ludwika Bierkowskiego, konserwatora zabytk\u00f3w Mieczys\u0142awa Potockiego czy geologa Ignacego Domeyki. Prezentowane dary z\u0142o\u017cone na rzecz Towarzystwa, jak br\u0105zowy pos\u0105g \u0084Izydy karmi\u0105cej Horusa\u0094 z \u017babiniec czy \u017celazny grot oszczepu z Kociubi\u0144czyk, pokazuj\u0105 znaczenie instytucji i zaufanie do niej. Ekspozycj\u0119 zamyka\u0142y materia\u0142y zwi\u0105zane z budow\u0105 siedziby Towarzystwa \u0096 protok\u00f3\u0142 z pierwszego posiedzenia Komisji Budowniczej w 1857 r. z informacj\u0105 o podarowaniu przez Piotra Moszy\u0144skiego placu przy ulicy S\u0142awkowskiej, wykaz przewidywanych koszt\u00f3w budowy gmachu oraz spisy darczy\u0144c\u00f3w. Wystaw\u0119, kt\u00f3rej towarzyszy publikacja o tym samym tytule, mo\u017cna by\u0142o zwiedza\u0107 do 14 listopada br. G\u0142\u00f3wnym punktem uroczysto\u015b\u009cci jubileuszowych by\u0142a konferencja naukowa w dniach 9-\u009610 grudnia 2015 organizowana przez Polsk\u0105 Akademi\u0119 Umiej\u0119tno\u009cci z udzia\u0142em Uniwersytetu Jagiello\u0144skiego.<\/p>\n<p style=\"text-align: justify;\">Zapraszamy na stron\u0119 Jubileuszu www.tnk.krakow.pl<\/p>\n<div align=\"center\"><img decoding=\"async\" loading=\"lazy\" class=\"alignnone size-medium wp-image-1324\" src=\"https:\/\/archiwumnauki.pan.pl\/wp-content\/uploads\/2019\/04\/wspolnota_nauki_plakat-212x300.jpg\" alt=\"\" width=\"212\" height=\"300\" srcset=\"https:\/\/archiwumnauki.pan.pl\/wp-content\/uploads\/2019\/04\/wspolnota_nauki_plakat-212x300.jpg 212w, https:\/\/archiwumnauki.pan.pl\/wp-content\/uploads\/2019\/04\/wspolnota_nauki_plakat-191x270.jpg 191w, https:\/\/archiwumnauki.pan.pl\/wp-content\/uploads\/2019\/04\/wspolnota_nauki_plakat.jpg 450w\" sizes=\"(max-width: 212px) 100vw, 212px\" \/><\/div>\n<div align=\"center\"><span class=\"note\">Plakat wystawy<\/span><\/div>\n","protected":false},"excerpt":{"rendered":"<p>Wystawy okoliczno\u015bciowe Wsp\u00f3lnota umi\u0142owania nauki. 200. rocznica powo\u0142ania Towarzystwa Naukowego Krakowskiego Wystawa by\u0142a prezentowana w dniach 19 VI 2015 &#8211; 14 XI 2015, od poniedzia\u0142ku do pi\u0105tku w godz. 10:00 &#8211; 15:00 W zwi\u0105zku z obchodami 200. rocznicy powo\u0142ania Towarzystwa Naukowego Krakowskiego organizowanymi pod auspicjami Polskiej Akademii Umiej\u0119tno\u009cci i Uniwersytetu Jagiello\u0144skiego, Archiwum Nauki PAN i &hellip; <\/p>\n<p class=\"read-more\"><a class=\"btn btn-default\" href=\"https:\/\/archiwumnauki.pan.pl\/?page_id=1322\"> Read More<span class=\"screen-reader-text\">  Read More<\/span><\/a><\/p>\n","protected":false},"author":55,"featured_media":0,"parent":0,"menu_order":0,"comment_status":"closed","ping_status":"closed","template":"","meta":[],"_links":{"self":[{"href":"https:\/\/archiwumnauki.pan.pl\/index.php?rest_route=\/wp\/v2\/pages\/1322"}],"collection":[{"href":"https:\/\/archiwumnauki.pan.pl\/index.php?rest_route=\/wp\/v2\/pages"}],"about":[{"href":"https:\/\/archiwumnauki.pan.pl\/index.php?rest_route=\/wp\/v2\/types\/page"}],"author":[{"embeddable":true,"href":"https:\/\/archiwumnauki.pan.pl\/index.php?rest_route=\/wp\/v2\/users\/55"}],"replies":[{"embeddable":true,"href":"https:\/\/archiwumnauki.pan.pl\/index.php?rest_route=%2Fwp%2Fv2%2Fcomments&post=1322"}],"version-history":[{"count":2,"href":"https:\/\/archiwumnauki.pan.pl\/index.php?rest_route=\/wp\/v2\/pages\/1322\/revisions"}],"predecessor-version":[{"id":2727,"href":"https:\/\/archiwumnauki.pan.pl\/index.php?rest_route=\/wp\/v2\/pages\/1322\/revisions\/2727"}],"wp:attachment":[{"href":"https:\/\/archiwumnauki.pan.pl\/index.php?rest_route=%2Fwp%2Fv2%2Fmedia&parent=1322"}],"curies":[{"name":"wp","href":"https:\/\/api.w.org\/{rel}","templated":true}]}}