{"id":1318,"date":"2019-04-30T19:51:27","date_gmt":"2019-04-30T17:51:27","guid":{"rendered":"http:\/\/archiwumnauki.pan.pl\/?page_id=1318"},"modified":"2019-04-30T19:51:27","modified_gmt":"2019-04-30T17:51:27","slug":"ocean-wszechrzeczy-w-spusciznach-ludzi-nauki-i-kultury-wystawa-2014-06-13-2014-10-17","status":"publish","type":"page","link":"https:\/\/archiwumnauki.pan.pl\/?page_id=1318","title":{"rendered":"Ocean wszechrzeczy&#8230; w spu\u015bciznach ludzi nauki i kultury, (wystawa: 2014-06-13 &#8211; 2014-10-17)"},"content":{"rendered":"<div><strong>Wystawy okoliczno\u015bciowe<\/strong><\/div>\n<div><strong>Ocean wszechrzeczy&#8230; w spu\u015bciznach ludzi nauki i kultury<\/strong><\/div>\n<div><strong>Wystawa by\u0142a prezentowana w dniach 13 VI 2014 &#8211; 17 X 2014<\/strong><\/div>\n<div class=\"floatleft\"><img decoding=\"async\" loading=\"lazy\" class=\"size-medium wp-image-1319 alignleft\" src=\"https:\/\/archiwumnauki.pan.pl\/wp-content\/uploads\/2019\/04\/oceanokladka-300x241.jpg\" alt=\"\" width=\"300\" height=\"241\" srcset=\"https:\/\/archiwumnauki.pan.pl\/wp-content\/uploads\/2019\/04\/oceanokladka-300x241.jpg 300w, https:\/\/archiwumnauki.pan.pl\/wp-content\/uploads\/2019\/04\/oceanokladka-336x270.jpg 336w, https:\/\/archiwumnauki.pan.pl\/wp-content\/uploads\/2019\/04\/oceanokladka.jpg 387w\" sizes=\"(max-width: 300px) 100vw, 300px\" \/><\/div>\n<p style=\"text-align: justify;\"><em>Wszyscy razem stoimy na wybrze\u017cu oceanu wszechrzeczy, przygl\u0105damy si\u0119 wszyscy niezm\u0119czonej grze zjawisk.[\u2026] Nauka nie jest jedynie sk\u0142adnic\u0105 odrobionej ju\u017c wiedzy; nie jest zbiorem przepis\u00f3w i recept ani te\u017c sum\u0105 wskaz\u00f3wek potrzebnych w rozmaitych zawodach. Prowadz\u0105c na wielki go\u015bciniec przeobra\u017ce\u0144 i zmian, nauka pozwala spotka\u0107 si\u0119 z r\u00f3\u017cnorodno\u015bci\u0105 i pot\u0119g\u0105 \u015bwiata.<\/em>\u00a0W\u0142adys\u0142aw Natanson<\/p>\n<p style=\"text-align: justify;\">R\u00f3\u017cnorodno\u015b\u0107, jak\u0105 nios\u0105 ze sob\u0105 archiwa osobiste uczonych, stanowi wyzwanie dla archiwist\u00f3w w zakresie ich opracowania i zabezpieczania. Wyst\u0119puj\u0105ca w archiwach szeroka gama materia\u0142\u00f3w nieaktowych, w tym pojawiaj\u0105ca si\u0119 coraz cz\u0119\u015bciej dokumentacja elektroniczna, otwiera przed archiwistami szerokie pole do dyskusji. Okazj\u0105 do ponownego pochylenia si\u0119 nad problematyk\u0105 dokumentacji nieaktowej sta\u0142a si\u0119 konferencja organizowana przez Polsk\u0105 Akademi\u0119 Umiej\u0119tno\u015bci oraz Archiwum Nauki PAN i PAU<strong>\u00a0\u201eOcean wszechrzeczy\u2026 w spu\u015bciznach ludzi nauki i kultury\u201d<\/strong>. Tradycyjnie ju\u017c Archiwum Nauki przygotowa\u0142o towarzysz\u0105c\u0105 konferencji wystaw\u0119 archiwaln\u0105. Ekspozycji przy\u015bwieca idea ukazania dokumentacji nieaktowej jako integralnej cz\u0119\u015bci archiwum osobistego uczonego, stanowi\u0105cej \u017ar\u00f3d\u0142o poznania dzia\u0142alno\u015bci badacza i jego pasji. By unaoczni\u0107 ow\u0105 naukow\u0105 warto\u015b\u0107 materia\u0142\u00f3w nieaktowych, postanowiono zaprezentowa\u0107 je w szerszym kontek\u015bcie.<\/p>\n<p style=\"text-align: justify;\">W pierwszej cz\u0119\u015bci wystawy dokumentacj\u0119 t\u0119 pokazano jako efekt i \u015blad naukowych wypraw. Ciekawo\u015b\u0107 \u015bwiata, ch\u0119\u0107 odkrywania nowych zjawisk i poszerzania horyzont\u00f3w inspirowa\u0142a wielu badaczy r\u00f3\u017cnych dyscyplin naukowych do eksploracyjnych w\u0119dr\u00f3wek. Przemierzaj\u0105c rozmaite zak\u0105tki ziemskiego globu, uczeni gromadzili niezwykle interesuj\u0105cy materia\u0142, kt\u00f3ry stanowi\u0142 warsztat ich naukowej pracy. Unikatowe kolekcje okaz\u00f3w ro\u015blin czy owad\u00f3w, zbiory fotografii i rysunk\u00f3w, na kt\u00f3rych uczony uwieczni\u0142 badane miejsca i obiekty, nie tylko pozwalaj\u0105 \u015bledzi\u0107 my\u015bl naukow\u0105 badacza, ale r\u00f3wnie\u017c stanowi\u0105 znakomit\u0105 podstaw\u0119 bie\u017c\u0105cej pracy naukowej. W tej cz\u0119\u015bci ekspozycji prezentowane s\u0105 materia\u0142y jednego z prekursor\u00f3w polskich bada\u0144 fizjograficznych,\u00a0<strong>Antoniego Wagi (1799\u20131890)<\/strong>, entomolog\u00f3w\u00a0<strong>Stefana Stobieckiego (1859\u20131944)<\/strong>\u00a0i\u00a0<strong>W\u0142adys\u0142awa Kulczy\u0144skiego (1854\u20131919)<\/strong>, zoologa, zoogeografa i ornitologa<strong>\u00a0J\u00f3zefa Fudakowskiego (1893\u20131969)<\/strong>\u00a0oraz materia\u0142y geologa\u00a0<strong>Walerego Goetla (1889\u20131972)<\/strong>, zebrane podczas wyjazdu do Afryki. Wzbogaceniu ekspozycji s\u0142u\u017c\u0105 fragmenty zbior\u00f3w przyrodniczych, wypo\u017cyczone z Instytutu Botaniki im. W\u0142adys\u0142awa Szafera PAN i Muzeum Przyrodniczego Instytutu Systematyki i Ewolucji Zwierz\u0105t PAN.<\/p>\n<p style=\"text-align: justify;\">W drugiej cz\u0119\u015bci wystawy dokumentacja nieaktowa zosta\u0142a pokazana jako istotna cz\u0119\u015b\u0107 materia\u0142\u00f3w warsztatowych uczonych, reprezentuj\u0105cych r\u00f3\u017cne dziedziny nauki. W tym uj\u0119ciu materia\u0142y te, zgromadzone lub wytworzone przez uczonego, obrazuj\u0105 jego prac\u0119 tw\u00f3rcz\u0105, pokazuj\u0105, w jaki spos\u00f3b bada\u0142 i analizowa\u0142 wybrane przez siebie zagadnienia. Ukazanie dokumentacji nieaktowej z perspektywy kilku dziedzin nauki pozwoli\u0142o r\u00f3wnie\u017c unaoczni\u0107, jak bardzo \u00f3w materia\u0142 archiwalny jest r\u00f3\u017cnorodny i charakterystyczny dla danej dyscypliny naukowej. W tej cz\u0119\u015bci wystawy prezentowane s\u0105 materia\u0142y znawcy g\u00f3rnictwa\u00a0<strong>Henryka Czeczotta (1875\u20131928)<\/strong>, gleboznawcy\u00a0<strong>Tadeusza Skawiny (1922\u20131976)<\/strong>, geologa\u00a0<strong>Konrada Koniora (1905\u20132000)<\/strong>\u00a0oraz geograf\u00f3w:\u00a0<strong>Jerzego Smole\u0144skiego (1881\u20131940)<\/strong>,\u00a0<strong>Franciszka Uhorczaka (1902\u20131981)<\/strong>\u00a0i<strong>\u00a0Antoniego Wrzoska (1908\u20131983)<\/strong>.<\/p>\n<p style=\"text-align: justify;\">Wystaw\u0119 zamykaj\u0105 materia\u0142y obrazuj\u0105ce warsztat z zakresu nauk przyrodniczych, g\u0142\u00f3wnie zoogeografii i ichtiografii, pochodz\u0105ce ze spu\u015bcizn<strong>\u00a0Jana Stacha (1877\u20131975)<\/strong>\u00a0i<strong>\u00a0Jana Mariana W\u0142odka (1924\u20132012)<\/strong>. Ukazana na wystawie dokumentacja nieaktowa stanowi jedynie niewielki wycinek, subiektywnie wybrany przez autor\u00f3w fragment archiwali\u00f3w, kt\u00f3re mo\u017cna znale\u017a\u0107 w Archiwum Nauki PAN i PAU, ale z pewno\u015bci\u0105 pozwoli wyobrazi\u0107 sobie \u00f3w \u201eocean wszechrzeczy\u201d, zachowany w spu\u015bciznach uczonych.<\/p>\n<div align=\"center\"><img decoding=\"async\" loading=\"lazy\" class=\"alignnone size-medium wp-image-1320\" src=\"https:\/\/archiwumnauki.pan.pl\/wp-content\/uploads\/2019\/04\/plakat_wocean-222x300.jpg\" alt=\"\" width=\"222\" height=\"300\" srcset=\"https:\/\/archiwumnauki.pan.pl\/wp-content\/uploads\/2019\/04\/plakat_wocean-222x300.jpg 222w, https:\/\/archiwumnauki.pan.pl\/wp-content\/uploads\/2019\/04\/plakat_wocean-200x270.jpg 200w, https:\/\/archiwumnauki.pan.pl\/wp-content\/uploads\/2019\/04\/plakat_wocean.jpg 353w\" sizes=\"(max-width: 222px) 100vw, 222px\" \/><br \/>\n<span class=\"note\">Plakat wystawy<\/span><\/div>\n","protected":false},"excerpt":{"rendered":"<p>Wystawy okoliczno\u015bciowe Ocean wszechrzeczy&#8230; w spu\u015bciznach ludzi nauki i kultury Wystawa by\u0142a prezentowana w dniach 13 VI 2014 &#8211; 17 X 2014 Wszyscy razem stoimy na wybrze\u017cu oceanu wszechrzeczy, przygl\u0105damy si\u0119 wszyscy niezm\u0119czonej grze zjawisk.[\u2026] Nauka nie jest jedynie sk\u0142adnic\u0105 odrobionej ju\u017c wiedzy; nie jest zbiorem przepis\u00f3w i recept ani te\u017c sum\u0105 wskaz\u00f3wek potrzebnych w &hellip; <\/p>\n<p class=\"read-more\"><a class=\"btn btn-default\" href=\"https:\/\/archiwumnauki.pan.pl\/?page_id=1318\"> Read More<span class=\"screen-reader-text\">  Read More<\/span><\/a><\/p>\n","protected":false},"author":55,"featured_media":0,"parent":0,"menu_order":0,"comment_status":"closed","ping_status":"closed","template":"","meta":[],"_links":{"self":[{"href":"https:\/\/archiwumnauki.pan.pl\/index.php?rest_route=\/wp\/v2\/pages\/1318"}],"collection":[{"href":"https:\/\/archiwumnauki.pan.pl\/index.php?rest_route=\/wp\/v2\/pages"}],"about":[{"href":"https:\/\/archiwumnauki.pan.pl\/index.php?rest_route=\/wp\/v2\/types\/page"}],"author":[{"embeddable":true,"href":"https:\/\/archiwumnauki.pan.pl\/index.php?rest_route=\/wp\/v2\/users\/55"}],"replies":[{"embeddable":true,"href":"https:\/\/archiwumnauki.pan.pl\/index.php?rest_route=%2Fwp%2Fv2%2Fcomments&post=1318"}],"version-history":[{"count":1,"href":"https:\/\/archiwumnauki.pan.pl\/index.php?rest_route=\/wp\/v2\/pages\/1318\/revisions"}],"predecessor-version":[{"id":1321,"href":"https:\/\/archiwumnauki.pan.pl\/index.php?rest_route=\/wp\/v2\/pages\/1318\/revisions\/1321"}],"wp:attachment":[{"href":"https:\/\/archiwumnauki.pan.pl\/index.php?rest_route=%2Fwp%2Fv2%2Fmedia&parent=1318"}],"curies":[{"name":"wp","href":"https:\/\/api.w.org\/{rel}","templated":true}]}}