{"id":1314,"date":"2019-04-30T19:48:39","date_gmt":"2019-04-30T17:48:39","guid":{"rendered":"http:\/\/archiwumnauki.pan.pl\/?page_id=1314"},"modified":"2021-02-02T12:49:16","modified_gmt":"2021-02-02T11:49:16","slug":"by-wzniesc-sie-ponad-szczyty-z-kontaktow-uczonych-polskich-czeskich-i-slowackich-w-xx-w-wystawa-2013-11-15-2014-03-30","status":"publish","type":"page","link":"https:\/\/archiwumnauki.pan.pl\/?page_id=1314","title":{"rendered":"By wznie\u015b\u0107 si\u0119 ponad szczyty&#8230; Z kontakt\u00f3w uczonych polskich, czeskich i s\u0142owackich w XX w., (wystawa: 2013-11-15 &#8211; 2014-02-28)"},"content":{"rendered":"<div><strong>Wystawy okoliczno\u015bciowe<\/strong><\/div>\n<div><strong>By wznie\u015b\u0107 si\u0119 ponad szczyty&#8230; Z kontakt\u00f3w uczonych polskich, czeskich i s\u0142owackich w XX w.<\/strong><\/div>\n<div><strong>Wystawa by\u0142a prezentowana w dniach 15 XI 2013 &#8211; 28 II 2014<\/strong><\/div>\n<div class=\"floatleft\"><img decoding=\"async\" loading=\"lazy\" class=\"size-medium wp-image-1315 alignleft\" src=\"https:\/\/archiwumnauki.pan.pl\/wp-content\/uploads\/2019\/04\/okladka02-300x300.jpg\" alt=\"\" width=\"300\" height=\"300\" srcset=\"https:\/\/archiwumnauki.pan.pl\/wp-content\/uploads\/2019\/04\/okladka02-300x300.jpg 300w, https:\/\/archiwumnauki.pan.pl\/wp-content\/uploads\/2019\/04\/okladka02-150x150.jpg 150w, https:\/\/archiwumnauki.pan.pl\/wp-content\/uploads\/2019\/04\/okladka02-271x270.jpg 271w, https:\/\/archiwumnauki.pan.pl\/wp-content\/uploads\/2019\/04\/okladka02.jpg 399w\" sizes=\"(max-width: 300px) 100vw, 300px\" \/><\/div>\n<p style=\"text-align: justify;\">Wystawa zorganizowana przez Archiwum Nauki jest efektem d\u0142ugoletniej wsp\u00f3\u0142pracy z Archiwum Akademii Nauk Republiki Czeskiej, po\u0142\u0105czonym z Instytutem Masaryka, a tak\u017ce z Archiwum Uniwersytetu Karola w Pradze. Zar\u00f3wno konferencja zorganizowana przez Polsk\u0105 Akademi\u0119 Umiej\u0119tno\u015bci pt. \u201eNa r\u00f3\u017cnych drogach nauki\u2026\u201d Z kontakt\u00f3w uczonych polskich, czeskich i s\u0142owackich w XX w.\u201d, jak i ekspozycja nakre\u015blaj\u0105 jedynie wybrane zagadnienia z szerokiego spektrum stosunk\u00f3w polsko -czesko-s\u0142owackich w nauce i kulturze. G\u0142\u00f3wnym celem, jaki przy\u015bwieca\u0142 autorom wystawy, by\u0142o przedstawienie relacji uczonych na przyk\u0142adzie materia\u0142\u00f3w badaczy kilku dyscyplin, jak r\u00f3wnie\u017c archiwali\u00f3w dotycz\u0105cych wybranych temat\u00f3w wsp\u00f3lnych dla Polski i Czechos\u0142owacji.<\/p>\n<p style=\"text-align: justify;\">Zaprezentowano materia\u0142y ze spu\u015bcizn: historyka i slawisty Henryka Batowskiego (1907-1999); filologa i slawisty Stanis\u0142awa Urba\u0144czyka (1909-2001), etnologa Mieczys\u0142awa G\u0142adysza (1903-1984), geologa Walerego Goetla (1889-1972) i zoologa Zygmunta Grodzi\u0144skiego (1896-1982).<\/p>\n<p style=\"text-align: justify;\">Zgromadzone na wystawie archiwalia odnosz\u0105 si\u0119 do trzech powi\u0105zanych ze sob\u0105 kwestii: wytyczania granicy pomi\u0119dzy Polsk\u0105 a Czechos\u0142owacj\u0105, idei tworzenia park\u00f3w narodowych na pograniczu polsko-czechos\u0142owackim, a tak\u017ce problemu ochrony przyrody.<\/p>\n<p style=\"text-align: justify;\">Prezentowane fragmenty korespondencji pozwalaj\u0105 wczu\u0107 si\u0119 w \u00f3wczesny dyskurs i wymian\u0119 my\u015bli, a tak\u017ce relacje towarzyskie pomi\u0119dzy uczonymi (np. korespondencja Walerego Goetla z Radimem Kettnerem oraz Zygmunta Grodzi\u0144skiego z Otem Oliv\u0105). Licznie prezentowane fotografie przedstawiaj\u0105 wsp\u00f3lnie organizowane zjazdy, konferencje i spotkania uczonych, kt\u00f3re dawa\u0142y mo\u017cliwo\u015bci bezpo\u015brednich kontakt\u00f3w ludzi ze \u015bwiata nauki. Wystawa wzbogacona zosta\u0142a o fotografie oddaj\u0105ce pi\u0119kno panoramy Tatr oraz g\u00f3rskiej flory i fauny.<\/p>\n<p style=\"text-align: justify;\">Materia\u0142y dodatkowe:<\/p>\n<div align=\"center\"><img decoding=\"async\" loading=\"lazy\" class=\"alignnone size-medium wp-image-1316\" src=\"https:\/\/archiwumnauki.pan.pl\/wp-content\/uploads\/2019\/04\/ponadszczyty-222x300.jpg\" alt=\"\" width=\"222\" height=\"300\" srcset=\"https:\/\/archiwumnauki.pan.pl\/wp-content\/uploads\/2019\/04\/ponadszczyty-222x300.jpg 222w, https:\/\/archiwumnauki.pan.pl\/wp-content\/uploads\/2019\/04\/ponadszczyty-200x270.jpg 200w, https:\/\/archiwumnauki.pan.pl\/wp-content\/uploads\/2019\/04\/ponadszczyty.jpg 370w\" sizes=\"(max-width: 222px) 100vw, 222px\" \/><br \/>\n<span class=\"note\">Plakat wystawy<\/span><\/div>\n","protected":false},"excerpt":{"rendered":"<p>Wystawy okoliczno\u015bciowe By wznie\u015b\u0107 si\u0119 ponad szczyty&#8230; Z kontakt\u00f3w uczonych polskich, czeskich i s\u0142owackich w XX w. Wystawa by\u0142a prezentowana w dniach 15 XI 2013 &#8211; 28 II 2014 Wystawa zorganizowana przez Archiwum Nauki jest efektem d\u0142ugoletniej wsp\u00f3\u0142pracy z Archiwum Akademii Nauk Republiki Czeskiej, po\u0142\u0105czonym z Instytutem Masaryka, a tak\u017ce z Archiwum Uniwersytetu Karola w &hellip; <\/p>\n<p class=\"read-more\"><a class=\"btn btn-default\" href=\"https:\/\/archiwumnauki.pan.pl\/?page_id=1314\"> Read More<span class=\"screen-reader-text\">  Read More<\/span><\/a><\/p>\n","protected":false},"author":55,"featured_media":0,"parent":0,"menu_order":0,"comment_status":"closed","ping_status":"closed","template":"","meta":[],"_links":{"self":[{"href":"https:\/\/archiwumnauki.pan.pl\/index.php?rest_route=\/wp\/v2\/pages\/1314"}],"collection":[{"href":"https:\/\/archiwumnauki.pan.pl\/index.php?rest_route=\/wp\/v2\/pages"}],"about":[{"href":"https:\/\/archiwumnauki.pan.pl\/index.php?rest_route=\/wp\/v2\/types\/page"}],"author":[{"embeddable":true,"href":"https:\/\/archiwumnauki.pan.pl\/index.php?rest_route=\/wp\/v2\/users\/55"}],"replies":[{"embeddable":true,"href":"https:\/\/archiwumnauki.pan.pl\/index.php?rest_route=%2Fwp%2Fv2%2Fcomments&post=1314"}],"version-history":[{"count":2,"href":"https:\/\/archiwumnauki.pan.pl\/index.php?rest_route=\/wp\/v2\/pages\/1314\/revisions"}],"predecessor-version":[{"id":2726,"href":"https:\/\/archiwumnauki.pan.pl\/index.php?rest_route=\/wp\/v2\/pages\/1314\/revisions\/2726"}],"wp:attachment":[{"href":"https:\/\/archiwumnauki.pan.pl\/index.php?rest_route=%2Fwp%2Fv2%2Fmedia&parent=1314"}],"curies":[{"name":"wp","href":"https:\/\/api.w.org\/{rel}","templated":true}]}}