{"id":1310,"date":"2019-04-30T19:45:50","date_gmt":"2019-04-30T17:45:50","guid":{"rendered":"http:\/\/archiwumnauki.pan.pl\/?page_id=1310"},"modified":"2021-02-02T12:48:31","modified_gmt":"2021-02-02T11:48:31","slug":"opowiesci-fotografia-pisane-wystawa-2013-06-19-2013-10-10","status":"publish","type":"page","link":"https:\/\/archiwumnauki.pan.pl\/?page_id=1310","title":{"rendered":"Opowie\u015bci fotografi\u0105 pisane. Fotografie w spu\u015bciznach uczonych i tw\u00f3rc\u00f3w, (wystawa: 2013-06-19 &#8211; 2013-10-10)"},"content":{"rendered":"<div><strong>Wystawy okoliczno\u015bciowe<\/strong><\/div>\n<div><strong>Opowie\u015bci fotografi\u0105 pisane. Fotografie w spu\u015bciznach uczonych i tw\u00f3rc\u00f3w<\/strong><\/div>\n<div><strong>Wystawa by\u0142a prezentowana w dniach 19 VI 2013 &#8211; 10 X 2013<\/strong><\/div>\n<div class=\"floatleft\"><img decoding=\"async\" loading=\"lazy\" class=\"size-medium wp-image-1311 alignleft\" src=\"https:\/\/archiwumnauki.pan.pl\/wp-content\/uploads\/2019\/04\/okladka1-300x239.jpg\" alt=\"\" width=\"300\" height=\"239\" srcset=\"https:\/\/archiwumnauki.pan.pl\/wp-content\/uploads\/2019\/04\/okladka1-300x239.jpg 300w, https:\/\/archiwumnauki.pan.pl\/wp-content\/uploads\/2019\/04\/okladka1-339x270.jpg 339w, https:\/\/archiwumnauki.pan.pl\/wp-content\/uploads\/2019\/04\/okladka1.jpg 399w\" sizes=\"(max-width: 300px) 100vw, 300px\" \/><\/div>\n<p style=\"text-align: justify;\">Wi\u0119kszo\u015b\u0107 pozosta\u0142o\u015bci minionych czas\u00f3w to \u017ar\u00f3d\u0142a historyczne, z kt\u00f3rych mo\u017cemy czerpa\u0107 wiedz\u0119 o przesz\u0142o\u015bci. Istotnymi \u015bladami przesz\u0142o\u015bci, a zarazem obiektami historycznymi, s\u0105 fotografie. \u0179r\u00f3d\u0142o historyczne stanowi zar\u00f3wno samo zdj\u0119cie, jak r\u00f3wnie\u017c zapiski i adnotacje naniesione na nim. Fotografie, kt\u00f3re zatrzymuj\u0105 w pewien spos\u00f3b czas, przekazuj\u0105c nam obraz tego, co dzia\u0142o si\u0119 w jakim\u015b momencie historii, s\u0105 jednym ze sposob\u00f3w przywo\u0142ania przesz\u0142o\u015bci. Ich bogactwo mo\u017cna znale\u017a\u0107 w kolekcjach rodzinnych, na pchlim targu, w zbiorach towarzystw regionalnych, redakcjach gazet czy u miejscowego profesjonalnego fotografa. Gromadzone przez instytucje nauki i kultury s\u0105 istotnym elementem naszego dziedzictwa narodowego.<\/p>\n<p style=\"text-align: justify;\">Stare fotografie s\u0105 cenne zar\u00f3wno wtedy, gdy przed stawiaj\u0105 znane postacie, wa\u017cne wydarzenia z przesz\u0142o\u015bci, jak i w\u00f3wczas, kiedy przybli\u017caj\u0105 zwyk\u0142e, codzienne czynno\u015bci. Z uwagi na du\u017c\u0105 warto\u015b\u0107 poznawcz\u0105 przedstawiaj\u0105 dla badacza materia\u0142 pog\u0142\u0119biaj\u0105cy obraz badanej rzeczywisto\u015bci, a w wielu przypadkach zast\u0119puj\u0105 s\u0142owo pisane. S\u0105 niezb\u0119dnym uzupe\u0142nieniem dokumentacji aktowej, niekiedy staj\u0105c si\u0119 \u017ar\u00f3d\u0142em jedynej informacji historycznej o ludziach minionych epok i ich dzia\u0142alno\u015bci. Fotografie b\u0119d\u0105ce integraln\u0105 cz\u0119\u015bci\u0105 zasobu archiwalnego maj\u0105 nie tylko warto\u015b\u0107 historyczn\u0105 i dokumentaln\u0105,ale tak\u017ce artystyczn\u0105, st\u0105d nale\u017cy po\u015bwi\u0119ca\u0107 im szczeg\u00f3lnie wiele uwagi, gdy\u017c s\u0105 wa\u017cnym i ciekawym \u017ar\u00f3d\u0142em do historii nauki i kultury.<\/p>\n<p style=\"text-align: justify;\">Fotografie w spu\u015bciznach (archiwach osobistych) uczonych i tw\u00f3rc\u00f3w, gromadzonych w archiwach, bibliotekach i muzeach, ze wzgl\u0119du na liczebno\u015b\u0107 wyst\u0119powania, r\u00f3\u017cnorodno\u015b\u0107 tematyki i cz\u0119stotliwo\u015b\u0107 wykorzystywania przez badaczy zajmuj\u0105 poczesne miejsce. Pe\u0142ne uroku zdj\u0119cia z XIX wiecznych atelier, przedstawiaj\u0105ce protoplast\u00f3w profesora, jego rodzin\u0119, \u015brodowisko naukowe i towarzyskie, stanowi\u0105 interesuj\u0105c\u0105 dokumentacj\u0119 ikonograficzn\u0105 kolejnych etap\u00f3w \u017cycia uczonych, obrazuj\u0105c przy okazji r\u00f3\u017cne formy ich dzia\u0142alno\u015bci i aktywno\u015bci na niwie nie tylko naukowej, ale tak\u017ce spo\u0142ecznej, politycznej itp.<\/p>\n<p style=\"text-align: justify;\">Z tych powod\u00f3w Archiwum Nauki PAN i PAU w Krakowie podj\u0119\u0142o my\u015bl zorganizowania konferencji\u00a0<em><strong>Czas zatrzymany&#8230; Fotografie w spu\u015bciznach uczonych i tw\u00f3rc\u00f3w<\/strong><\/em>\u00a0skierowanej do \u015brodowiska archiwist\u00f3w, bibliotekarzy i muzealnik\u00f3w, kt\u00f3rzy przejmuj\u0105 do swoich zbior\u00f3w fotografie., b\u0119d\u0105c nie zb\u0119dn\u0105 podstaw\u0105 \u017ar\u00f3d\u0142ow\u0105 nie tylko do pisania biografii. Konferencji towarzyszy\u0142a wystawa, nosz\u0105ca tytu\u0142\u00a0<em><strong>Opowie\u015bci fotografi\u0105 pisane<\/strong><\/em>, prezentuj\u0105ca wybrane foto grafie z trzech spu\u015bcizn przechowywanych w Archiwum Nauki PAN i PAU w Krakowie: j\u0119zykoznawcy i dialektologa Kazimierza Nitscha (1874\u20131958), profesora Akademii G\u00f3rniczo Hutniczej Mieczys\u0142awa Radwana (1889\u20131969) i zamordowanego w Katyniu in\u017cyniera g\u00f3rnictwa Zygmunta Mitery (1903\u20131940). Na wystawie zaprezentowano tak\u017ce zdj\u0119cia ze spu\u015bcizny kolekcjonera i pracownika kancelarii AU i PAU Kazimierza Ha\u0142aci\u0144skiego (1878\u20131930), przechowywanej w Bibliotece Naukowej PAU i PAN w Krakowie, oraz ze spu\u015bcizny fotograficznej historyka sztuki, hrabiego Karola Lanckoro\u0144skiego (1848\u20131933), nale\u017c\u0105cej do Fototeki Lanckoro\u0144skich Polskiej Akademii Umiej\u0119tno\u015bci. Organizatorzy maj\u0105 nadziej\u0119, \u017ce zar\u00f3wno konferencja jak i wystawa b\u0119d\u0105 okazj\u0105 do wymiany wiedzy i r\u00f3\u017cnorodnych do\u015bwiadcze\u0144 wszystkich, kt\u00f3rzy w swej pracy naukowej i badawczej spotykaj\u0105 si\u0119 z fenomenem fotografii. Jej obecno\u015b\u0107 w archiwach, bibliotekach i muzeach sk\u0142ania do refleksji nad z\u0142o\u017con\u0105 problematyk\u0105 \u017ar\u00f3de\u0142 wizualnych.<\/p>\n<p style=\"text-align: justify;\">Materia\u0142y dodatkowe:<\/p>\n<div align=\"center\"><img decoding=\"async\" loading=\"lazy\" class=\"alignnone size-medium wp-image-1312\" src=\"https:\/\/archiwumnauki.pan.pl\/wp-content\/uploads\/2019\/04\/fotografie-plakat-197x300.jpg\" alt=\"\" width=\"197\" height=\"300\" srcset=\"https:\/\/archiwumnauki.pan.pl\/wp-content\/uploads\/2019\/04\/fotografie-plakat-197x300.jpg 197w, https:\/\/archiwumnauki.pan.pl\/wp-content\/uploads\/2019\/04\/fotografie-plakat-177x270.jpg 177w, https:\/\/archiwumnauki.pan.pl\/wp-content\/uploads\/2019\/04\/fotografie-plakat.jpg 353w\" sizes=\"(max-width: 197px) 100vw, 197px\" \/><br \/>\n<span class=\"note\">Plakat wystawy<\/span><\/div>\n","protected":false},"excerpt":{"rendered":"<p>Wystawy okoliczno\u015bciowe Opowie\u015bci fotografi\u0105 pisane. Fotografie w spu\u015bciznach uczonych i tw\u00f3rc\u00f3w Wystawa by\u0142a prezentowana w dniach 19 VI 2013 &#8211; 10 X 2013 Wi\u0119kszo\u015b\u0107 pozosta\u0142o\u015bci minionych czas\u00f3w to \u017ar\u00f3d\u0142a historyczne, z kt\u00f3rych mo\u017cemy czerpa\u0107 wiedz\u0119 o przesz\u0142o\u015bci. Istotnymi \u015bladami przesz\u0142o\u015bci, a zarazem obiektami historycznymi, s\u0105 fotografie. \u0179r\u00f3d\u0142o historyczne stanowi zar\u00f3wno samo zdj\u0119cie, jak r\u00f3wnie\u017c zapiski &hellip; <\/p>\n<p class=\"read-more\"><a class=\"btn btn-default\" href=\"https:\/\/archiwumnauki.pan.pl\/?page_id=1310\"> Read More<span class=\"screen-reader-text\">  Read More<\/span><\/a><\/p>\n","protected":false},"author":55,"featured_media":0,"parent":0,"menu_order":0,"comment_status":"closed","ping_status":"closed","template":"","meta":[],"_links":{"self":[{"href":"https:\/\/archiwumnauki.pan.pl\/index.php?rest_route=\/wp\/v2\/pages\/1310"}],"collection":[{"href":"https:\/\/archiwumnauki.pan.pl\/index.php?rest_route=\/wp\/v2\/pages"}],"about":[{"href":"https:\/\/archiwumnauki.pan.pl\/index.php?rest_route=\/wp\/v2\/types\/page"}],"author":[{"embeddable":true,"href":"https:\/\/archiwumnauki.pan.pl\/index.php?rest_route=\/wp\/v2\/users\/55"}],"replies":[{"embeddable":true,"href":"https:\/\/archiwumnauki.pan.pl\/index.php?rest_route=%2Fwp%2Fv2%2Fcomments&post=1310"}],"version-history":[{"count":2,"href":"https:\/\/archiwumnauki.pan.pl\/index.php?rest_route=\/wp\/v2\/pages\/1310\/revisions"}],"predecessor-version":[{"id":2725,"href":"https:\/\/archiwumnauki.pan.pl\/index.php?rest_route=\/wp\/v2\/pages\/1310\/revisions\/2725"}],"wp:attachment":[{"href":"https:\/\/archiwumnauki.pan.pl\/index.php?rest_route=%2Fwp%2Fv2%2Fmedia&parent=1310"}],"curies":[{"name":"wp","href":"https:\/\/api.w.org\/{rel}","templated":true}]}}