{"id":1303,"date":"2019-04-30T19:43:19","date_gmt":"2019-04-30T17:43:19","guid":{"rendered":"http:\/\/archiwumnauki.pan.pl\/?page_id=1303"},"modified":"2019-04-30T19:43:29","modified_gmt":"2019-04-30T17:43:29","slug":"w-sercu-mongolii-stulecie-wyprawy-wladyslawa-kotwicza-do-mongolii-w-1912-r-wystawa-2012-11-16-2013-02-28","status":"publish","type":"page","link":"https:\/\/archiwumnauki.pan.pl\/?page_id=1303","title":{"rendered":"W sercu Mongolii. Stulecie wyprawy W\u0142adys\u0142awa Kotwicza do Mongolii w 1912 r. , (wystawa: 2012-11-16 &#8211; 2013-02-28)"},"content":{"rendered":"<div><strong>Wystawy okoliczno\u015bciowe<\/strong><\/div>\n<div><strong>W sercu Mongolii. Stulecie wyprawy W\u0142adys\u0142awa Kotwicza do Mongolii w 1912 r.<\/strong><\/div>\n<div><strong>Wystawa by\u0142a prezentowana w dniach 16 XI 2012 &#8211; 28 II 2013<\/strong><\/div>\n<p><img decoding=\"async\" loading=\"lazy\" class=\"size-medium wp-image-1304 alignleft\" src=\"https:\/\/archiwumnauki.pan.pl\/wp-content\/uploads\/2019\/04\/kotwiczportret-190x300.jpg\" alt=\"\" width=\"190\" height=\"300\" srcset=\"https:\/\/archiwumnauki.pan.pl\/wp-content\/uploads\/2019\/04\/kotwiczportret-190x300.jpg 190w, https:\/\/archiwumnauki.pan.pl\/wp-content\/uploads\/2019\/04\/kotwiczportret-171x270.jpg 171w, https:\/\/archiwumnauki.pan.pl\/wp-content\/uploads\/2019\/04\/kotwiczportret.jpg 234w\" sizes=\"(max-width: 190px) 100vw, 190px\" \/><\/p>\n<p style=\"text-align: justify;\"><em>Imi\u0119 Jego zapomnianym nie b\u0119dzie. Uczniowie Jego, niezale\u017cnie od narodowo\u015bci, Polacy, Rosjanie, Ukrai\u0144cy, Niemcy, Ka\u0142mucy czy Buriaci i wszyscy mongoli\u015bci b\u0119d\u0105 prac\u0119 Jego dalej prowadzi\u0107 i bra\u0107 przyk\u0142ad z jego s\u0142u\u017cby dla nauki, tak ca\u0142kowicie pozbawionej element\u00f3w subiektywnych. N. Poppe<\/em><\/p>\n<p style=\"text-align: justify;\">W tym roku mija setna rocznica wyprawy wybitnego, polskiego orientalisty W\u0142adys\u0142awa Kotwicza do Mongolii. Z tej okazji Polska Akademia Umiej\u0119tno\u015bci i Archiwum Nauki PAN i PAU w Krakowie we wsp\u00f3\u0142pracy z Wydzia\u0142em Orientalistycznym Uniwersytetu Warszawskiego i Komitetem Nauk Orientalistycznych PAN serdecznie zapraszaj\u0105 na mi\u0119dzynarodow\u0105 konferencj\u0119 orientalistyczn\u0105 \u201eExploring languages and cultures of Asia. Prof. W. Kotwicz In memoriam\u201d, po\u015bwi\u0119con\u0105 znakomitemu a\u0142tai\u015bcie. Konferencja odb\u0119dzie si\u0119 w dniach 15-17 listopada 2012 roku w Du\u017cej Sali Akademii przy ul. S\u0142awkowskiej 17. Sesji towarzyszy\u0107 b\u0119d\u0105 wystawa o tym samym tytule (otwarcie nast\u0105pi w pi\u0105tek, 16 listopada b. r. o godz. 12.00 w Sali Wystawowej Archiwum Nauki PAN i PAU) oraz publikacja, kt\u00f3rej autorami s\u0105 orientali\u015bci z kraju i zagranicy.<br \/>\nW\u0142adys\u0142aw Kotwicz urodzi\u0142 si\u0119 w 1872 roku w Ossowie ko\u0142o Lidy na Wile\u0144szczy\u017anie. Studiowa\u0142 orientalistyk\u0119 w Petersburgu i niemal r\u00f3wnocze\u015bnie podj\u0105\u0142 prac\u0119 w Dziale Wschodnim Ministerstwa Finans\u00f3w. W 1911 roku uczestniczy\u0142, jako wys\u0142annik Rosji w spotkaniach z Mongo\u0142ami. Musia\u0142 zdoby\u0107 ich zaufanie, gdy\u017c w\u0142adze Mongolii wystosowa\u0142y do Kotwicza oficjalne zaproszenie, dzi\u0119ki czemu spe\u0142ni\u0142 swoje najwi\u0119ksze marzenie i odby\u0142 podr\u00f3\u017c do tego kraju. Przez dwa miesi\u0105ce pobytu w Mongolii (czerwiec-sierpie\u0144 1912) odwiedzi\u0142 m. in. Erdene Dzuu, najstarszy buddyjski klasztor Mongolii wzniesiony na gruzach Karakorum, odkry\u0142 nieznane inskrypcje mongolskie, przeprowadzi\u0142 wiele bada\u0144, a wszystko to utrwali\u0142 na zdj\u0119ciach i licznych notatkach b\u0119d\u0105cych zaledwie fragmentami niezwyk\u0142ej spu\u015bcizny uczonego, przekazanej przez c\u00f3rk\u0119 Mari\u0119 Kotwicz do Archiwum. Natomiast bogata korespondencja Uczonego znajduje si\u0119 w Bibliotece Naukowej PAU i PAN w Krakowie. Wiele materia\u0142\u00f3w z podr\u00f3\u017cy, fotografii, pami\u0105tek, estampa\u017cy zostanie zaprezentowanych na obecnej wystawie. W\u015br\u00f3d eksponat\u00f3w s\u0105 tak\u017ce obiekty codziennego u\u017cytku jak np. \u201eodstraszacz z\u0142ych duch\u00f3w\u201d.<br \/>\nW\u0142adys\u0142aw Kotwicz przede wszystkim by\u0142 uczonym. W 1917 r. habilitowa\u0142 si\u0119, a w 1923 roku uzyska\u0142 tytu\u0142 profesora. W wyniku zdarze\u0144 politycznych (wybuch rewolucji w Rosji i odzyskanie niepodleg\u0142o\u015bci przez Polsk\u0119) opu\u015bci\u0142 Petersburg i obj\u0105\u0142 katedr\u0119 Filologii Dalekiego Wschodu na Uniwersytecie Jana Kazimierza we Lwowie.<\/p>\n<p style=\"text-align: justify;\">By\u0142 przewodnicz\u0105cym Polskiego Towarzystwa Orientalistycznego oraz redaktorem naczelnym Rocznika Orientalistycznego. \u201eJak rolnik orze skib\u0119 ziemi, gdy\u017c j\u0105 kocha i z niej \u017cyje, tak Prof. Kotwicz \u017cy\u0142 przede wszystkim dla nauki\u201d-pisa\u0142 o swoim mistrzu Leon Wygonowski do Marii Kotwicz w 1972 r. Nie przeszkadza\u0142o mu zimno, g\u0142\u00f3d, zm\u0119czenie. W ostatnich latach \u017cycia, mieszkaj\u0105c w Czarnym Borze pod Wilnem, gdzie temperatura w mieszkaniu spada\u0142a w okresie zimowym do 4 stopni \u201esiada\u0142 na \u0142\u00f3\u017cku, sposobem lud\u00f3w wschodnich na podwini\u0119tych nogach, przykrywa\u0142 plecy chust\u0105 ciep\u0142\u0105, w czapce na g\u0142owie(\u2026) i dyktowa\u0142 lub s\u0142ucha\u0142 czytania\u201d.<\/p>\n<p style=\"text-align: justify;\">Zmar\u0142 3 pa\u017adziernika 1944 r. Pochowany zosta\u0142 na Rossie.<\/p>\n<p>&nbsp;<\/p>\n<div>\n<div class=\"zdjecie\"><img decoding=\"async\" loading=\"lazy\" class=\"alignnone size-medium wp-image-1305\" src=\"https:\/\/archiwumnauki.pan.pl\/wp-content\/uploads\/2019\/04\/plakatmongolia-212x300.jpg\" alt=\"\" width=\"212\" height=\"300\" srcset=\"https:\/\/archiwumnauki.pan.pl\/wp-content\/uploads\/2019\/04\/plakatmongolia-212x300.jpg 212w, https:\/\/archiwumnauki.pan.pl\/wp-content\/uploads\/2019\/04\/plakatmongolia-191x270.jpg 191w, https:\/\/archiwumnauki.pan.pl\/wp-content\/uploads\/2019\/04\/plakatmongolia.jpg 353w\" sizes=\"(max-width: 212px) 100vw, 212px\" \/><img decoding=\"async\" loading=\"lazy\" class=\"alignnone size-medium wp-image-1306\" src=\"https:\/\/archiwumnauki.pan.pl\/wp-content\/uploads\/2019\/04\/mongoliaksiazka-222x300.jpg\" alt=\"\" width=\"222\" height=\"300\" srcset=\"https:\/\/archiwumnauki.pan.pl\/wp-content\/uploads\/2019\/04\/mongoliaksiazka-222x300.jpg 222w, https:\/\/archiwumnauki.pan.pl\/wp-content\/uploads\/2019\/04\/mongoliaksiazka-200x270.jpg 200w, https:\/\/archiwumnauki.pan.pl\/wp-content\/uploads\/2019\/04\/mongoliaksiazka.jpg 265w\" sizes=\"(max-width: 222px) 100vw, 222px\" \/><img decoding=\"async\" loading=\"lazy\" class=\"alignnone size-full wp-image-1307\" src=\"https:\/\/archiwumnauki.pan.pl\/wp-content\/uploads\/2019\/04\/mongoliakatalog2.jpg\" alt=\"\" width=\"235\" height=\"234\" srcset=\"https:\/\/archiwumnauki.pan.pl\/wp-content\/uploads\/2019\/04\/mongoliakatalog2.jpg 235w, https:\/\/archiwumnauki.pan.pl\/wp-content\/uploads\/2019\/04\/mongoliakatalog2-150x150.jpg 150w\" sizes=\"(max-width: 235px) 100vw, 235px\" \/><\/div>\n<p>&nbsp;<\/p>\n<div class=\"zdjecie\"><\/div>\n<\/div>\n<p>&nbsp;<\/p>\n<p>&nbsp;<\/p>\n<p>&nbsp;<\/p>\n<p>&nbsp;<\/p>\n<div class=\"zdjecie\"><\/div>\n<p>&nbsp;<\/p>\n","protected":false},"excerpt":{"rendered":"<p>Wystawy okoliczno\u015bciowe W sercu Mongolii. Stulecie wyprawy W\u0142adys\u0142awa Kotwicza do Mongolii w 1912 r. Wystawa by\u0142a prezentowana w dniach 16 XI 2012 &#8211; 28 II 2013 Imi\u0119 Jego zapomnianym nie b\u0119dzie. Uczniowie Jego, niezale\u017cnie od narodowo\u015bci, Polacy, Rosjanie, Ukrai\u0144cy, Niemcy, Ka\u0142mucy czy Buriaci i wszyscy mongoli\u015bci b\u0119d\u0105 prac\u0119 Jego dalej prowadzi\u0107 i bra\u0107 przyk\u0142ad z &hellip; <\/p>\n<p class=\"read-more\"><a class=\"btn btn-default\" href=\"https:\/\/archiwumnauki.pan.pl\/?page_id=1303\"> Read More<span class=\"screen-reader-text\">  Read More<\/span><\/a><\/p>\n","protected":false},"author":55,"featured_media":0,"parent":0,"menu_order":0,"comment_status":"closed","ping_status":"closed","template":"","meta":[],"_links":{"self":[{"href":"https:\/\/archiwumnauki.pan.pl\/index.php?rest_route=\/wp\/v2\/pages\/1303"}],"collection":[{"href":"https:\/\/archiwumnauki.pan.pl\/index.php?rest_route=\/wp\/v2\/pages"}],"about":[{"href":"https:\/\/archiwumnauki.pan.pl\/index.php?rest_route=\/wp\/v2\/types\/page"}],"author":[{"embeddable":true,"href":"https:\/\/archiwumnauki.pan.pl\/index.php?rest_route=\/wp\/v2\/users\/55"}],"replies":[{"embeddable":true,"href":"https:\/\/archiwumnauki.pan.pl\/index.php?rest_route=%2Fwp%2Fv2%2Fcomments&post=1303"}],"version-history":[{"count":2,"href":"https:\/\/archiwumnauki.pan.pl\/index.php?rest_route=\/wp\/v2\/pages\/1303\/revisions"}],"predecessor-version":[{"id":1309,"href":"https:\/\/archiwumnauki.pan.pl\/index.php?rest_route=\/wp\/v2\/pages\/1303\/revisions\/1309"}],"wp:attachment":[{"href":"https:\/\/archiwumnauki.pan.pl\/index.php?rest_route=%2Fwp%2Fv2%2Fmedia&parent=1303"}],"curies":[{"name":"wp","href":"https:\/\/api.w.org\/{rel}","templated":true}]}}