{"id":1297,"date":"2019-04-30T19:39:15","date_gmt":"2019-04-30T17:39:15","guid":{"rendered":"http:\/\/archiwumnauki.pan.pl\/?page_id=1297"},"modified":"2021-02-02T12:45:53","modified_gmt":"2021-02-02T11:45:53","slug":"secesja-mloda-polska-art-deco-wystawa-2011-03-18-2011-05-06","status":"publish","type":"page","link":"https:\/\/archiwumnauki.pan.pl\/?page_id=1297","title":{"rendered":"Secesja &#8211; M\u0142oda Polska &#8211; Art Deco. Ekslibrisy ze zbior\u00f3w Biblioteki Naukowej PAU i PAN, (wystawa: 2011-03-18 &#8211; 2011-05-06)"},"content":{"rendered":"<div><strong>Wystawy okoliczno\u015bciowe<\/strong><\/div>\n<div><strong>Secesja &#8211; M\u0142oda Polska &#8211; Art Deco. Ekslibrisy ze zbior\u00f3w Biblioteki Naukowej PAU i PAN.<\/strong><\/div>\n<div><strong>Wystawa by\u0142a prezentowana w dniach 18 III 2011 &#8211; 06 V 2011, od poniedzia\u0142ku do pi\u0105tku w godz. od 10:00 do 15:00<\/strong><\/div>\n<div class=\"floatleft\"><img decoding=\"async\" loading=\"lazy\" class=\"size-medium wp-image-1298 alignleft\" src=\"https:\/\/archiwumnauki.pan.pl\/wp-content\/uploads\/2019\/04\/plakat_exlibris-197x300.jpg\" alt=\"\" width=\"197\" height=\"300\" srcset=\"https:\/\/archiwumnauki.pan.pl\/wp-content\/uploads\/2019\/04\/plakat_exlibris-197x300.jpg 197w, https:\/\/archiwumnauki.pan.pl\/wp-content\/uploads\/2019\/04\/plakat_exlibris-177x270.jpg 177w, https:\/\/archiwumnauki.pan.pl\/wp-content\/uploads\/2019\/04\/plakat_exlibris.jpg 262w\" sizes=\"(max-width: 197px) 100vw, 197px\" \/><\/div>\n<p style=\"text-align: justify;\">Serdecznie zapraszamy na drug\u0105 wystaw\u0119 ekslibris\u00f3w ze zbior\u00f3w Biblioteki Naukowej Polskiej Akademii Umiej\u0119tno\u015bci i Polskiej Akademii Nauk w Krakowie zorganizowan\u0105 wsp\u00f3lnie z Archiwum Nauki Polskiej Akademii Nauk i Polskiej Akademii Umiej\u0119tno\u015bci w Krakowie.<\/p>\n<p style=\"text-align: justify;\">Wernisa\u017c wystawy\u00a0<em><strong>Secesja \u2013 M\u0142oda Polska \u2013 Art D\u00e9co<\/strong><\/em>,\u00a0na kt\u00f3r\u0105 sk\u0142adaj\u0105 si\u0119 tak\u017ce dzia\u0142y po\u015bwi\u0119cone Kazimierzowi Ha\u0142aci\u0144skiemu, Rudolfowi M\u0119kickiemu oraz ok\u0142adkom czasopism i ksi\u0105\u017cek, odb\u0119dzie si\u0119 w budynku Archiwum Nauki PAN i PAU w Krakowie, ul. \u015bw. Jana 26, w dniu 18 marca 2011 r. (pi\u0105tek), o godz. 13:00. Po otwarciu wystawa czynna b\u0119dzie dla odwiedzaj\u0105cych od poniedzia\u0142ku do pi\u0105tku w godz. 10:00\u221215:00.<\/p>\n<p align=\"justify\">\n","protected":false},"excerpt":{"rendered":"<p>Wystawy okoliczno\u015bciowe Secesja &#8211; M\u0142oda Polska &#8211; Art Deco. Ekslibrisy ze zbior\u00f3w Biblioteki Naukowej PAU i PAN. Wystawa by\u0142a prezentowana w dniach 18 III 2011 &#8211; 06 V 2011, od poniedzia\u0142ku do pi\u0105tku w godz. od 10:00 do 15:00 Serdecznie zapraszamy na drug\u0105 wystaw\u0119 ekslibris\u00f3w ze zbior\u00f3w Biblioteki Naukowej Polskiej Akademii Umiej\u0119tno\u015bci i Polskiej Akademii &hellip; <\/p>\n<p class=\"read-more\"><a class=\"btn btn-default\" href=\"https:\/\/archiwumnauki.pan.pl\/?page_id=1297\"> Read More<span class=\"screen-reader-text\">  Read More<\/span><\/a><\/p>\n","protected":false},"author":55,"featured_media":0,"parent":0,"menu_order":0,"comment_status":"closed","ping_status":"closed","template":"","meta":[],"_links":{"self":[{"href":"https:\/\/archiwumnauki.pan.pl\/index.php?rest_route=\/wp\/v2\/pages\/1297"}],"collection":[{"href":"https:\/\/archiwumnauki.pan.pl\/index.php?rest_route=\/wp\/v2\/pages"}],"about":[{"href":"https:\/\/archiwumnauki.pan.pl\/index.php?rest_route=\/wp\/v2\/types\/page"}],"author":[{"embeddable":true,"href":"https:\/\/archiwumnauki.pan.pl\/index.php?rest_route=\/wp\/v2\/users\/55"}],"replies":[{"embeddable":true,"href":"https:\/\/archiwumnauki.pan.pl\/index.php?rest_route=%2Fwp%2Fv2%2Fcomments&post=1297"}],"version-history":[{"count":2,"href":"https:\/\/archiwumnauki.pan.pl\/index.php?rest_route=\/wp\/v2\/pages\/1297\/revisions"}],"predecessor-version":[{"id":2723,"href":"https:\/\/archiwumnauki.pan.pl\/index.php?rest_route=\/wp\/v2\/pages\/1297\/revisions\/2723"}],"wp:attachment":[{"href":"https:\/\/archiwumnauki.pan.pl\/index.php?rest_route=%2Fwp%2Fv2%2Fmedia&parent=1297"}],"curies":[{"name":"wp","href":"https:\/\/api.w.org\/{rel}","templated":true}]}}