{"id":1294,"date":"2019-04-30T19:37:49","date_gmt":"2019-04-30T17:37:49","guid":{"rendered":"http:\/\/archiwumnauki.pan.pl\/?page_id=1294"},"modified":"2020-05-12T09:11:59","modified_gmt":"2020-05-12T07:11:59","slug":"hic-liber-mihi-est-ekslibrisy-uczonych-i-instytucji-nauki-wystawa-2010-03-19-2010-04-30","status":"publish","type":"page","link":"https:\/\/archiwumnauki.pan.pl\/?page_id=1294","title":{"rendered":"Hic liber mihi est. Ekslibrisy uczonych i instytucji nauki, (wystawa: 2010-03-19 &#8211; 2010-04-30)"},"content":{"rendered":"<div style=\"text-align: justify;\"><strong>Wystawy okoliczno\u015bciowe<\/strong><\/div>\n<div style=\"text-align: justify;\"><strong>Hic liber mihi est. Ekslibrisy uczonych i instytucji nauki<\/strong><\/div>\n<div style=\"text-align: justify;\"><strong>Wystawa by\u0142a prezentowana w dniach 19 III 2010 &#8211; 30 IV 2010<\/strong><\/div>\n<div class=\"floatleft\" style=\"text-align: justify;\"><img decoding=\"async\" loading=\"lazy\" class=\"size-medium wp-image-1295 alignleft\" src=\"https:\/\/archiwumnauki.pan.pl\/wp-content\/uploads\/2019\/04\/ekslibrisy-214x300.jpg\" alt=\"\" width=\"214\" height=\"300\" srcset=\"https:\/\/archiwumnauki.pan.pl\/wp-content\/uploads\/2019\/04\/ekslibrisy-214x300.jpg 214w, https:\/\/archiwumnauki.pan.pl\/wp-content\/uploads\/2019\/04\/ekslibrisy-193x270.jpg 193w, https:\/\/archiwumnauki.pan.pl\/wp-content\/uploads\/2019\/04\/ekslibrisy.jpg 285w\" sizes=\"(max-width: 214px) 100vw, 214px\" \/><\/div>\n<p style=\"text-align: justify;\">Dnia 19 marca 2010 r. zosta\u0142a otwarta wystawa pt.\u00a0<strong><em>Hic liber mihi est. Ekslibrisy uczonych i instytucji nauki<\/em><\/strong>, zorganizowana przez Bibliotek\u0119 Naukow\u0105 PAU i PAN i Archiwum Nauki PAN i PAU. Wystawa podzielona jest na cztery cz\u0119\u015bci tematyczne \u2013 wprowadzaj\u0105c\u0105 oraz trzy zwi\u0105zane z tytu\u0142em wystawy. W pierwszej cz\u0119\u015bci prezentowane s\u0105 ekslibrisy jednostek naukowych: instytucji, bibliotek uczelni wy\u017cszych, bibliotek publicznych, pedagogicznych i szkolnych oraz muze\u00f3w. Kolejny dzia\u0142 po\u015bwi\u0119cony zosta\u0142 znakom wykonanym dla uczonych \u2013 przedstawicieli nauk filologicznych, historycznych, filozoficzno-teologicznych, spo\u0142ecznych, bibliologicznych, technicznych, biologicznych, farmaceutycznych, medycznych, weterynaryjnych oraz sztuki. W ostatniej cz\u0119\u015bci ekspozycji przedstawiono przyk\u0142ady funkcjonowania ekslibris\u00f3w. Przedstawione eksponaty pochodz\u0105 z trzydziestu trzech \u017ar\u00f3de\u0142 \u2013 os\u00f3b prywatnych i instytucji. W gronie darczy\u0144c\u00f3w znale\u017ali si\u0119 m.in. Rajmund Aszkowski, Andrzej Buchaniec, Zygmunt Gontarz, Zbigniew J\u00f3\u017awik, Krzysztof Kmie\u0107, Lech Kokoci\u0144ski, Jerzy Kowalczuk, Czes\u0142aw Wo\u015b. W\u015br\u00f3d tw\u00f3rc\u00f3w ekslibris\u00f3w odnajdziemy m.in. takie nazwiska jak: Wojciech Jakubowski, Krzysztof Kmie\u0107, Rudolf M\u0119kicki, Jerzy Napieracz, Zbigniew Osenkowski, Stanis\u0142aw Ostoja-Chrostowski, Ferdynand Ruszczyc.<\/p>\n<p style=\"text-align: justify;\">Wystawa prezentowana jest od poniedzia\u0142ku do pi\u0105tku w godzinach 10.00-15.00. do 30 kwietnia 2010 r. w Sali Wystawowej Archiwum Nauki PAN i PAU przy ul. \u015aw. Jana 26.<\/p>\n","protected":false},"excerpt":{"rendered":"<p>Wystawy okoliczno\u015bciowe Hic liber mihi est. Ekslibrisy uczonych i instytucji nauki Wystawa by\u0142a prezentowana w dniach 19 III 2010 &#8211; 30 IV 2010 Dnia 19 marca 2010 r. zosta\u0142a otwarta wystawa pt.\u00a0Hic liber mihi est. Ekslibrisy uczonych i instytucji nauki, zorganizowana przez Bibliotek\u0119 Naukow\u0105 PAU i PAN i Archiwum Nauki PAN i PAU. Wystawa podzielona &hellip; <\/p>\n<p class=\"read-more\"><a class=\"btn btn-default\" href=\"https:\/\/archiwumnauki.pan.pl\/?page_id=1294\"> Read More<span class=\"screen-reader-text\">  Read More<\/span><\/a><\/p>\n","protected":false},"author":55,"featured_media":0,"parent":0,"menu_order":0,"comment_status":"closed","ping_status":"closed","template":"","meta":[],"_links":{"self":[{"href":"https:\/\/archiwumnauki.pan.pl\/index.php?rest_route=\/wp\/v2\/pages\/1294"}],"collection":[{"href":"https:\/\/archiwumnauki.pan.pl\/index.php?rest_route=\/wp\/v2\/pages"}],"about":[{"href":"https:\/\/archiwumnauki.pan.pl\/index.php?rest_route=\/wp\/v2\/types\/page"}],"author":[{"embeddable":true,"href":"https:\/\/archiwumnauki.pan.pl\/index.php?rest_route=\/wp\/v2\/users\/55"}],"replies":[{"embeddable":true,"href":"https:\/\/archiwumnauki.pan.pl\/index.php?rest_route=%2Fwp%2Fv2%2Fcomments&post=1294"}],"version-history":[{"count":2,"href":"https:\/\/archiwumnauki.pan.pl\/index.php?rest_route=\/wp\/v2\/pages\/1294\/revisions"}],"predecessor-version":[{"id":2463,"href":"https:\/\/archiwumnauki.pan.pl\/index.php?rest_route=\/wp\/v2\/pages\/1294\/revisions\/2463"}],"wp:attachment":[{"href":"https:\/\/archiwumnauki.pan.pl\/index.php?rest_route=%2Fwp%2Fv2%2Fmedia&parent=1294"}],"curies":[{"name":"wp","href":"https:\/\/api.w.org\/{rel}","templated":true}]}}