{"id":1289,"date":"2019-04-30T19:35:56","date_gmt":"2019-04-30T17:35:56","guid":{"rendered":"http:\/\/archiwumnauki.pan.pl\/?page_id=1289"},"modified":"2019-04-30T19:35:56","modified_gmt":"2019-04-30T17:35:56","slug":"z-fototeki-lanckoronskich-wystawa-2009-03-20-2009-04-30","status":"publish","type":"page","link":"https:\/\/archiwumnauki.pan.pl\/?page_id=1289","title":{"rendered":"Z Fototeki Lanckoro\u0144skich, (wystawa: 2009-03-20 &#8211; 2009-04-30)"},"content":{"rendered":"<div><strong>Wystawy okoliczno\u015bciowe<\/strong><\/div>\n<div><strong>Z Fototeki Lanckoro\u0144skich<\/strong><\/div>\n<div><strong>Wystawa by\u0142a prezentowana w dniach 20 III 2009 &#8211; 30 IV 2009<\/strong><\/div>\n<p style=\"text-align: justify;\"><img decoding=\"async\" loading=\"lazy\" class=\"size-full wp-image-1290 alignleft\" src=\"https:\/\/archiwumnauki.pan.pl\/wp-content\/uploads\/2019\/04\/fototeka_lanckoronskich.jpg\" alt=\"\" width=\"285\" height=\"267\" \/>Okoliczno\u015bciowa wystawa upami\u0119tniaj\u0105ca osiemdziesi\u0119ciolecie przekazania przez Karola Lanckoro\u0144skiego zbioru fotografii naukowych dla Polskiej Akademii Umiej\u0119tno\u015bci. Wystawa ukazuje unikatowe fotografie z kolekcji Karola Lanckoro\u0144skiego nigdzie wcze\u015bniej nie prezentowane. Spo\u015br\u00f3d ponad 40000 zdj\u0119\u0107 b\u0119d\u0105cych w\u0142asno\u015bci\u0105 Polskiej Akademii Umiej\u0119tno\u015bci, dokonano wyboru reprezentatywnej cz\u0119\u015bci materia\u0142u ikonograficznego ukazuj\u0105cej przekr\u00f3j tematyczny ca\u0142o\u015bci Fototeki Lanckoro\u0144skich. Na wystawie mo\u017cna obejrze\u0107 zar\u00f3wno widoki Wiednia, rodzinnego miasta Karola Lanckoro\u0144skiego, jak te\u017c zdj\u0119cia z miejsc jego podr\u00f3\u017cy naukowych. Wnikliwy odbiorca bez trudu dostrze\u017ce tak\u017ce fotografie przedstawiaj\u0105ce tw\u00f3rczo\u015b\u0107 Micha\u0142a Anio\u0142a, tak blisk\u0105 sercu Karoliny Lanckoro\u0144skiej, c\u00f3rki donatora i zarazem kustosza darowanej kolekcji. Moment przekazania fotografii do Polskiej Akademii Umiej\u0119tno\u015bci i ich dzieje w latach trzydziestych XX wieku ilustruj\u0105 pochodz\u0105ce z tego okresu oryginalne materia\u0142y archiwalne.<\/p>\n<p>Materia\u0142y dodatkowe:<\/p>\n<ul>\n<li class=\"pdf\"><a href=\"https:\/\/archiwumnauki.pan.pl\/wp-content\/uploads\/2019\/04\/fototeka_Lanckoronskich_zaproszenie.pdf\">ok\u0142adka katalogu wystawy<\/a><\/li>\n<li class=\"pdf\"><a href=\"https:\/\/archiwumnauki.pan.pl\/wp-content\/uploads\/2019\/04\/fototeka_lanckoronskich_plakat.pdf\">plakat z wystawy<\/a><\/li>\n<\/ul>\n","protected":false},"excerpt":{"rendered":"<p>Wystawy okoliczno\u015bciowe Z Fototeki Lanckoro\u0144skich Wystawa by\u0142a prezentowana w dniach 20 III 2009 &#8211; 30 IV 2009 Okoliczno\u015bciowa wystawa upami\u0119tniaj\u0105ca osiemdziesi\u0119ciolecie przekazania przez Karola Lanckoro\u0144skiego zbioru fotografii naukowych dla Polskiej Akademii Umiej\u0119tno\u015bci. Wystawa ukazuje unikatowe fotografie z kolekcji Karola Lanckoro\u0144skiego nigdzie wcze\u015bniej nie prezentowane. Spo\u015br\u00f3d ponad 40000 zdj\u0119\u0107 b\u0119d\u0105cych w\u0142asno\u015bci\u0105 Polskiej Akademii Umiej\u0119tno\u015bci, dokonano wyboru &hellip; <\/p>\n<p class=\"read-more\"><a class=\"btn btn-default\" href=\"https:\/\/archiwumnauki.pan.pl\/?page_id=1289\"> Read More<span class=\"screen-reader-text\">  Read More<\/span><\/a><\/p>\n","protected":false},"author":55,"featured_media":0,"parent":0,"menu_order":0,"comment_status":"closed","ping_status":"closed","template":"","meta":[],"_links":{"self":[{"href":"https:\/\/archiwumnauki.pan.pl\/index.php?rest_route=\/wp\/v2\/pages\/1289"}],"collection":[{"href":"https:\/\/archiwumnauki.pan.pl\/index.php?rest_route=\/wp\/v2\/pages"}],"about":[{"href":"https:\/\/archiwumnauki.pan.pl\/index.php?rest_route=\/wp\/v2\/types\/page"}],"author":[{"embeddable":true,"href":"https:\/\/archiwumnauki.pan.pl\/index.php?rest_route=\/wp\/v2\/users\/55"}],"replies":[{"embeddable":true,"href":"https:\/\/archiwumnauki.pan.pl\/index.php?rest_route=%2Fwp%2Fv2%2Fcomments&post=1289"}],"version-history":[{"count":1,"href":"https:\/\/archiwumnauki.pan.pl\/index.php?rest_route=\/wp\/v2\/pages\/1289\/revisions"}],"predecessor-version":[{"id":1293,"href":"https:\/\/archiwumnauki.pan.pl\/index.php?rest_route=\/wp\/v2\/pages\/1289\/revisions\/1293"}],"wp:attachment":[{"href":"https:\/\/archiwumnauki.pan.pl\/index.php?rest_route=%2Fwp%2Fv2%2Fmedia&parent=1289"}],"curies":[{"name":"wp","href":"https:\/\/api.w.org\/{rel}","templated":true}]}}