{"id":1286,"date":"2019-04-30T19:29:33","date_gmt":"2019-04-30T17:29:33","guid":{"rendered":"http:\/\/archiwumnauki.pan.pl\/?page_id=1286"},"modified":"2019-04-30T19:29:33","modified_gmt":"2019-04-30T17:29:33","slug":"mezi-krakovem-a-prahou-bedrich-hrozny-tadeusz-kowalski-jan-rypka-spoluprace-ceskych-a-polskych-orientalistu-wystawa-2008-09-29-2008-10-10","status":"publish","type":"page","link":"https:\/\/archiwumnauki.pan.pl\/?page_id=1286","title":{"rendered":"Mezi Krakovem a Prahou Bed\u0159ich Hrozn\u00fd \u2013 Tadeusz Kowalski \u2013 Jan Rypka Spolupr\u00e1ce \u010desk\u00fdch a polsk\u00fdch orientalist\u016f , (wystawa: 2008-09-29 &#8211; 2008-10-10)"},"content":{"rendered":"<div><strong>Wystawy okoliczno\u015bciowe<\/strong><\/div>\n<div><strong>Mezi Krakovem a Prahou Bed\u0159ich Hrozn\u00fd \u2013 Tadeusz Kowalski \u2013 Jan Rypka Spolupr\u00e1ce \u010desk\u00fdch a polsk\u00fdch orientalist\u016f<\/strong><\/div>\n<div>Wystawa by\u0142a prezentowana w dniach 29 IX 2008 &#8211; 10 X 2008<\/div>\n<div><\/div>\n<p>Wystawa jest prezentowana w zwi\u0105zku z wydaniem ksi\u0105\u017cki: Korespondencja Tadeusza Kowalskiego z Janem Rypk\u0105 i Bedrichem Hroznym.<\/p>\n<p>Wi\u0119cej informacji mo\u017cna uzyska\u0107 w katalogu ekspozycji.<\/p>\n<p>Powi\u0105zane materia\u0142y:<\/p>\n<ol>\n<li><a href=\"https:\/\/archiwumnauki.pan.pl\/wp-content\/uploads\/2019\/04\/orientalisci_cz.pdf\">Zaproszenie na wystaw\u0119<\/a><\/li>\n<\/ol>\n","protected":false},"excerpt":{"rendered":"<p>Wystawy okoliczno\u015bciowe Mezi Krakovem a Prahou Bed\u0159ich Hrozn\u00fd \u2013 Tadeusz Kowalski \u2013 Jan Rypka Spolupr\u00e1ce \u010desk\u00fdch a polsk\u00fdch orientalist\u016f Wystawa by\u0142a prezentowana w dniach 29 IX 2008 &#8211; 10 X 2008 Wystawa jest prezentowana w zwi\u0105zku z wydaniem ksi\u0105\u017cki: Korespondencja Tadeusza Kowalskiego z Janem Rypk\u0105 i Bedrichem Hroznym. Wi\u0119cej informacji mo\u017cna uzyska\u0107 w katalogu ekspozycji. &hellip; <\/p>\n<p class=\"read-more\"><a class=\"btn btn-default\" href=\"https:\/\/archiwumnauki.pan.pl\/?page_id=1286\"> Read More<span class=\"screen-reader-text\">  Read More<\/span><\/a><\/p>\n","protected":false},"author":55,"featured_media":0,"parent":0,"menu_order":0,"comment_status":"closed","ping_status":"closed","template":"","meta":[],"_links":{"self":[{"href":"https:\/\/archiwumnauki.pan.pl\/index.php?rest_route=\/wp\/v2\/pages\/1286"}],"collection":[{"href":"https:\/\/archiwumnauki.pan.pl\/index.php?rest_route=\/wp\/v2\/pages"}],"about":[{"href":"https:\/\/archiwumnauki.pan.pl\/index.php?rest_route=\/wp\/v2\/types\/page"}],"author":[{"embeddable":true,"href":"https:\/\/archiwumnauki.pan.pl\/index.php?rest_route=\/wp\/v2\/users\/55"}],"replies":[{"embeddable":true,"href":"https:\/\/archiwumnauki.pan.pl\/index.php?rest_route=%2Fwp%2Fv2%2Fcomments&post=1286"}],"version-history":[{"count":1,"href":"https:\/\/archiwumnauki.pan.pl\/index.php?rest_route=\/wp\/v2\/pages\/1286\/revisions"}],"predecessor-version":[{"id":1288,"href":"https:\/\/archiwumnauki.pan.pl\/index.php?rest_route=\/wp\/v2\/pages\/1286\/revisions\/1288"}],"wp:attachment":[{"href":"https:\/\/archiwumnauki.pan.pl\/index.php?rest_route=%2Fwp%2Fv2%2Fmedia&parent=1286"}],"curies":[{"name":"wp","href":"https:\/\/api.w.org\/{rel}","templated":true}]}}