{"id":1280,"date":"2019-04-30T19:26:08","date_gmt":"2019-04-30T17:26:08","guid":{"rendered":"http:\/\/archiwumnauki.pan.pl\/?page_id=1280"},"modified":"2020-05-12T09:08:59","modified_gmt":"2020-05-12T07:08:59","slug":"1280-2","status":"publish","type":"page","link":"https:\/\/archiwumnauki.pan.pl\/?page_id=1280","title":{"rendered":"Cz\u0142owiek i uczony. Ryszard \u0141u\u017cny (1927-1998), (wystawa: 2008-03-07 &#8211; 2008-04-30)"},"content":{"rendered":"<div style=\"text-align: justify;\"><strong>Wystawy okoliczno\u015bciowe<\/strong><\/div>\n<div style=\"text-align: justify;\"><strong>Cz\u0142owiek i uczony. Ryszard \u0141u\u017cny (1927-1998)<\/strong><\/div>\n<div style=\"text-align: justify;\"><strong>Wystawa by\u0142a prezentowana w dniach 07 III 2008 &#8211; 30 IV 2008<\/strong><\/div>\n<div class=\"floatleft\" style=\"text-align: justify;\"><img decoding=\"async\" loading=\"lazy\" class=\"wp-image-1281 alignleft\" src=\"https:\/\/archiwumnauki.pan.pl\/wp-content\/uploads\/2019\/04\/luzny-300x269.jpg\" alt=\"\" width=\"186\" height=\"167\" srcset=\"https:\/\/archiwumnauki.pan.pl\/wp-content\/uploads\/2019\/04\/luzny-300x269.jpg 300w, https:\/\/archiwumnauki.pan.pl\/wp-content\/uploads\/2019\/04\/luzny-302x270.jpg 302w, https:\/\/archiwumnauki.pan.pl\/wp-content\/uploads\/2019\/04\/luzny.jpg 315w\" sizes=\"(max-width: 186px) 100vw, 186px\" \/><\/div>\n<p style=\"text-align: justify;\">Wystawa &#8222;Cz\u0142owiek i uczony. Ryszard \u0141u\u017cny (1927-1998)&#8221; zosta\u0142a w\u0142\u0105czona w obchody jubileuszu dziesi\u0119ciolecia \u015bmierci Profesora. Otwarcie ekspozycji nast\u0105pi\u0142o 7 marca 2008 w pierwszym dniu sesji naukowej &#8222;Polsko-wschodnios\u0142owia\u0144skie stosunki kulturowe&#8221;, zorganizowanej z tej okazji przez Instytut Filologii Wschodnios\u0142owia\u0144skiej Uniwersytetu Jagiello\u0144skiego i Komisj\u0119Wschodnioeuropejsk\u0105 Polskiej Akademii Umiej\u0119no\u015bci. Wystawa, mimo niewielkich rozmiar\u00f3w, poprzez zgromadzone dokumenty i przede wszystkim fotografie, akcentuje wa\u017cniejsze dziedziny naukowej i organizacyjnej dzia\u0142alno\u015bci Profesora, a tak\u017ce pokazuje Go w gronie rodziny w domu, w trakce g\u00f3rskich wycieczek, na rowerze czy na \u0142y\u017cwach.<\/p>\n<p style=\"text-align: justify;\">Materia\u0142y dodatkowe:<\/p>\n<ul style=\"text-align: justify;\">\n<li class=\"pdf\"><a href=\"https:\/\/archiwumnauki.pan.pl\/wp-content\/uploads\/2019\/04\/katalog_luzny.pdf\">katalog wystawy<\/a><\/li>\n<li class=\"pdf\"><a href=\"https:\/\/archiwumnauki.pan.pl\/wp-content\/uploads\/2019\/04\/plakat_luzny.pdf\">plakat z wystawy<\/a><\/li>\n<\/ul>\n<p style=\"text-align: justify;\">\n","protected":false},"excerpt":{"rendered":"<p>Wystawy okoliczno\u015bciowe Cz\u0142owiek i uczony. Ryszard \u0141u\u017cny (1927-1998) Wystawa by\u0142a prezentowana w dniach 07 III 2008 &#8211; 30 IV 2008 Wystawa &#8222;Cz\u0142owiek i uczony. Ryszard \u0141u\u017cny (1927-1998)&#8221; zosta\u0142a w\u0142\u0105czona w obchody jubileuszu dziesi\u0119ciolecia \u015bmierci Profesora. Otwarcie ekspozycji nast\u0105pi\u0142o 7 marca 2008 w pierwszym dniu sesji naukowej &#8222;Polsko-wschodnios\u0142owia\u0144skie stosunki kulturowe&#8221;, zorganizowanej z tej okazji przez Instytut &hellip; <\/p>\n<p class=\"read-more\"><a class=\"btn btn-default\" href=\"https:\/\/archiwumnauki.pan.pl\/?page_id=1280\"> Read More<span class=\"screen-reader-text\">  Read More<\/span><\/a><\/p>\n","protected":false},"author":55,"featured_media":0,"parent":0,"menu_order":0,"comment_status":"closed","ping_status":"closed","template":"","meta":[],"_links":{"self":[{"href":"https:\/\/archiwumnauki.pan.pl\/index.php?rest_route=\/wp\/v2\/pages\/1280"}],"collection":[{"href":"https:\/\/archiwumnauki.pan.pl\/index.php?rest_route=\/wp\/v2\/pages"}],"about":[{"href":"https:\/\/archiwumnauki.pan.pl\/index.php?rest_route=\/wp\/v2\/types\/page"}],"author":[{"embeddable":true,"href":"https:\/\/archiwumnauki.pan.pl\/index.php?rest_route=\/wp\/v2\/users\/55"}],"replies":[{"embeddable":true,"href":"https:\/\/archiwumnauki.pan.pl\/index.php?rest_route=%2Fwp%2Fv2%2Fcomments&post=1280"}],"version-history":[{"count":3,"href":"https:\/\/archiwumnauki.pan.pl\/index.php?rest_route=\/wp\/v2\/pages\/1280\/revisions"}],"predecessor-version":[{"id":2455,"href":"https:\/\/archiwumnauki.pan.pl\/index.php?rest_route=\/wp\/v2\/pages\/1280\/revisions\/2455"}],"wp:attachment":[{"href":"https:\/\/archiwumnauki.pan.pl\/index.php?rest_route=%2Fwp%2Fv2%2Fmedia&parent=1280"}],"curies":[{"name":"wp","href":"https:\/\/api.w.org\/{rel}","templated":true}]}}