{"id":1278,"date":"2019-04-30T19:22:05","date_gmt":"2019-04-30T17:22:05","guid":{"rendered":"http:\/\/archiwumnauki.pan.pl\/?page_id=1278"},"modified":"2021-02-02T12:43:41","modified_gmt":"2021-02-02T11:43:41","slug":"miedzy-krakowem-a-praga-tadeusz-kowalski-jan-rypka-bedrich-hrozny-1889-1948-1886-1968-1879-1952-z-dziejow-wspolpracy-polskich-i-czeskich-orientalistow-wystawa-2007-06-22","status":"publish","type":"page","link":"https:\/\/archiwumnauki.pan.pl\/?page_id=1278","title":{"rendered":"Mi\u0119dzy Krakowem a Prag\u0105. Tadeusz Kowalski (1889-1948) &#8211; Jan Rypka (1886-1968) &#8211; Bed\u0159ich Hrozn\u00fd (1879-1952) . Z dziej\u00f3w wsp\u00f3\u0142pracy polskich i czeskich orientalist\u00f3w, (wystawa: 2007-06-22 &#8211; 2007-10-16)"},"content":{"rendered":"<div><strong>Wystawy okoliczno\u015bciowe<\/strong><\/div>\n<div><strong>Mi\u0119dzy Krakowem a Prag\u0105. Tadeusz Kowalski (1889-1948) &#8211; Jan Rypka (1886-1968) &#8211; Bed\u0159ich Hrozn\u00fd (1879-1952) . Z dziej\u00f3w wsp\u00f3\u0142pracy polskich i czeskich orientalist\u00f3w.<\/strong><\/div>\n<div><strong>Wystawa jest prezentowana od dnia 22 VI 2007 16 X 2007<br \/>\n<\/strong><\/div>\n<p>Wystawa jest prezentowana w zwi\u0105zku z wydaniem ksi\u0105\u017cki: Korespondencja Tadeusza Kowalskiego z Janem Rypk\u0105 i Bed\u0159ichem Hrozn\u00fdm.<\/p>\n<p>Wi\u0119cej informacji mo\u017cna uzyska\u0107 w katalogu ekspozycji.<\/p>\n","protected":false},"excerpt":{"rendered":"<p>Wystawy okoliczno\u015bciowe Mi\u0119dzy Krakowem a Prag\u0105. Tadeusz Kowalski (1889-1948) &#8211; Jan Rypka (1886-1968) &#8211; Bed\u0159ich Hrozn\u00fd (1879-1952) . Z dziej\u00f3w wsp\u00f3\u0142pracy polskich i czeskich orientalist\u00f3w. Wystawa jest prezentowana od dnia 22 VI 2007 16 X 2007 Wystawa jest prezentowana w zwi\u0105zku z wydaniem ksi\u0105\u017cki: Korespondencja Tadeusza Kowalskiego z Janem Rypk\u0105 i Bed\u0159ichem Hrozn\u00fdm. Wi\u0119cej informacji &hellip; <\/p>\n<p class=\"read-more\"><a class=\"btn btn-default\" href=\"https:\/\/archiwumnauki.pan.pl\/?page_id=1278\"> Read More<span class=\"screen-reader-text\">  Read More<\/span><\/a><\/p>\n","protected":false},"author":55,"featured_media":0,"parent":0,"menu_order":0,"comment_status":"closed","ping_status":"closed","template":"","meta":[],"_links":{"self":[{"href":"https:\/\/archiwumnauki.pan.pl\/index.php?rest_route=\/wp\/v2\/pages\/1278"}],"collection":[{"href":"https:\/\/archiwumnauki.pan.pl\/index.php?rest_route=\/wp\/v2\/pages"}],"about":[{"href":"https:\/\/archiwumnauki.pan.pl\/index.php?rest_route=\/wp\/v2\/types\/page"}],"author":[{"embeddable":true,"href":"https:\/\/archiwumnauki.pan.pl\/index.php?rest_route=\/wp\/v2\/users\/55"}],"replies":[{"embeddable":true,"href":"https:\/\/archiwumnauki.pan.pl\/index.php?rest_route=%2Fwp%2Fv2%2Fcomments&post=1278"}],"version-history":[{"count":3,"href":"https:\/\/archiwumnauki.pan.pl\/index.php?rest_route=\/wp\/v2\/pages\/1278\/revisions"}],"predecessor-version":[{"id":2722,"href":"https:\/\/archiwumnauki.pan.pl\/index.php?rest_route=\/wp\/v2\/pages\/1278\/revisions\/2722"}],"wp:attachment":[{"href":"https:\/\/archiwumnauki.pan.pl\/index.php?rest_route=%2Fwp%2Fv2%2Fmedia&parent=1278"}],"curies":[{"name":"wp","href":"https:\/\/api.w.org\/{rel}","templated":true}]}}