{"id":1267,"date":"2019-04-30T19:18:04","date_gmt":"2019-04-30T17:18:04","guid":{"rendered":"http:\/\/archiwumnauki.pan.pl\/?page_id=1267"},"modified":"2019-04-30T19:18:04","modified_gmt":"2019-04-30T17:18:04","slug":"tworcy-polskiego-instytutu-naukowego-w-ameryce-wystawa-2000-06-18-2000-09-30","status":"publish","type":"page","link":"https:\/\/archiwumnauki.pan.pl\/?page_id=1267","title":{"rendered":"Tw\u00f3rcy Polskiego Instytutu Naukowego w Ameryce, (wystawa: 2000-06-18 &#8211; 2000-09-30)"},"content":{"rendered":"<div><em>Wystawy okoliczno\u015bciowe<\/em><\/div>\n<div>Tw\u00f3rcy Polskiego Instytutu Naukowego w Ameryce<\/div>\n<div>Wystawa by\u0142a prezentowana w dniach 18 VI 2000 &#8211; 30 IX 2000<\/div>\n<div class=\"floatleft\"><img decoding=\"async\" loading=\"lazy\" class=\"alignnone size-full wp-image-1268\" src=\"https:\/\/archiwumnauki.pan.pl\/wp-content\/uploads\/2019\/04\/PIN_okladka.jpg\" alt=\"\" width=\"229\" height=\"249\" \/><\/div>\n<p>Wystawa towarzyszy\u0142a posiedzeniu 58 Dorocznego Zjazdu Polskiego Instytutu Naukowego w Ameryce, odbywaj\u0105cego si\u0119 w Krakowie pod has\u0142em &#8222;powrotu do korzeni&#8221; w dniach 16-18 VI 2000<\/p>\n<p>Wi\u0119cej informacji mo\u017cna uzyska\u0107 w katalogu wystawy i &#8222;Krakowskim Roczniku Archiwalnym&#8221;, numer VIII z 2002 roku, oraz w &#8222;Roczniku Polskiej Akademii Umiej\u0119tno\u015bci&#8221; za 1999\/2000 (np. tekst Wandycz, &#8222;Powr\u00f3t do korzeni&#8221;)<\/p>\n<div id=\"kontener_srodek\">\n<div class=\"thumbnail\"><img decoding=\"async\" loading=\"lazy\" class=\"alignnone size-full wp-image-1274\" src=\"https:\/\/archiwumnauki.pan.pl\/wp-content\/uploads\/2019\/04\/halecki.jpg\" alt=\"\" width=\"143\" height=\"200\" \/><br \/>\nOskar Halecki<\/div>\n<div><img decoding=\"async\" loading=\"lazy\" class=\"alignnone size-full wp-image-1269\" src=\"https:\/\/archiwumnauki.pan.pl\/wp-content\/uploads\/2019\/04\/kucharzewski.jpg\" alt=\"\" width=\"162\" height=\"200\" \/><\/div>\n<div class=\"thumbnail\">Jan Kucharzewski<\/div>\n<div class=\"thumbnail\"><img decoding=\"async\" loading=\"lazy\" class=\"alignnone size-medium wp-image-1270\" src=\"https:\/\/archiwumnauki.pan.pl\/wp-content\/uploads\/2019\/04\/lednicki.jpg\" alt=\"\" width=\"163\" height=\"200\" \/><br \/>\nWac\u0142aw Lednicki<\/div>\n<div class=\"thumbnail\"><img decoding=\"async\" loading=\"lazy\" class=\"alignnone size-medium wp-image-1271\" src=\"https:\/\/archiwumnauki.pan.pl\/wp-content\/uploads\/2019\/04\/malinowski.jpg\" alt=\"\" width=\"149\" height=\"200\" \/><br \/>\nBronis\u0142aw Malinowski<\/div>\n<div class=\"thumbnail\"><img decoding=\"async\" loading=\"lazy\" class=\"alignnone size-medium wp-image-1272\" src=\"https:\/\/archiwumnauki.pan.pl\/wp-content\/uploads\/2019\/04\/swietoslawski.jpg\" alt=\"\" width=\"150\" height=\"200\" \/><br \/>\nWojciech \u015awi\u0119tos\u0142awski<\/div>\n<div class=\"thumbnail\"><img decoding=\"async\" loading=\"lazy\" class=\"alignnone size-medium wp-image-1273\" src=\"https:\/\/archiwumnauki.pan.pl\/wp-content\/uploads\/2019\/04\/taubenschlag.jpg\" alt=\"\" width=\"145\" height=\"200\" \/><br \/>\nRafa\u0142 Taubenschlag<\/div>\n<\/div>\n","protected":false},"excerpt":{"rendered":"<p>Wystawy okoliczno\u015bciowe Tw\u00f3rcy Polskiego Instytutu Naukowego w Ameryce Wystawa by\u0142a prezentowana w dniach 18 VI 2000 &#8211; 30 IX 2000 Wystawa towarzyszy\u0142a posiedzeniu 58 Dorocznego Zjazdu Polskiego Instytutu Naukowego w Ameryce, odbywaj\u0105cego si\u0119 w Krakowie pod has\u0142em &#8222;powrotu do korzeni&#8221; w dniach 16-18 VI 2000 Wi\u0119cej informacji mo\u017cna uzyska\u0107 w katalogu wystawy i &#8222;Krakowskim Roczniku &hellip; <\/p>\n<p class=\"read-more\"><a class=\"btn btn-default\" href=\"https:\/\/archiwumnauki.pan.pl\/?page_id=1267\"> Read More<span class=\"screen-reader-text\">  Read More<\/span><\/a><\/p>\n","protected":false},"author":55,"featured_media":0,"parent":0,"menu_order":0,"comment_status":"closed","ping_status":"closed","template":"","meta":[],"_links":{"self":[{"href":"https:\/\/archiwumnauki.pan.pl\/index.php?rest_route=\/wp\/v2\/pages\/1267"}],"collection":[{"href":"https:\/\/archiwumnauki.pan.pl\/index.php?rest_route=\/wp\/v2\/pages"}],"about":[{"href":"https:\/\/archiwumnauki.pan.pl\/index.php?rest_route=\/wp\/v2\/types\/page"}],"author":[{"embeddable":true,"href":"https:\/\/archiwumnauki.pan.pl\/index.php?rest_route=\/wp\/v2\/users\/55"}],"replies":[{"embeddable":true,"href":"https:\/\/archiwumnauki.pan.pl\/index.php?rest_route=%2Fwp%2Fv2%2Fcomments&post=1267"}],"version-history":[{"count":1,"href":"https:\/\/archiwumnauki.pan.pl\/index.php?rest_route=\/wp\/v2\/pages\/1267\/revisions"}],"predecessor-version":[{"id":1275,"href":"https:\/\/archiwumnauki.pan.pl\/index.php?rest_route=\/wp\/v2\/pages\/1267\/revisions\/1275"}],"wp:attachment":[{"href":"https:\/\/archiwumnauki.pan.pl\/index.php?rest_route=%2Fwp%2Fv2%2Fmedia&parent=1267"}],"curies":[{"name":"wp","href":"https:\/\/api.w.org\/{rel}","templated":true}]}}