{"id":1263,"date":"2019-04-30T19:11:30","date_gmt":"2019-04-30T17:11:30","guid":{"rendered":"http:\/\/archiwumnauki.pan.pl\/?page_id=1263"},"modified":"2021-02-02T12:34:25","modified_gmt":"2021-02-02T11:34:25","slug":"polska-akademia-umiejetnosci-w-union-academique-internationale-wystawa-1999-06-20-1999-10-15","status":"publish","type":"page","link":"https:\/\/archiwumnauki.pan.pl\/?page_id=1263","title":{"rendered":"Polska Akademia Umiej\u0119tno\u015bci w Union Acad\u00e9mique Internationale, (wystawa: 1999-06-20 &#8211; 1999-10-15)"},"content":{"rendered":"<div><strong>Wystawy okoliczno\u015bciowe<\/strong><\/div>\n<div><strong><strong><strong>Polska Akademia Umiej\u0119tno\u015bci w Union\u00a0<\/strong><\/strong><\/strong><strong>Acad\u00e9mique Internationale<\/strong><\/div>\n<div><strong>Wystawa by\u0142a prezentowana w dniach 20 VI 1999 &#8211; 15 X 1999<\/strong><\/div>\n<div><\/div>\n<div class=\"floatleft\"><img decoding=\"async\" loading=\"lazy\" class=\"size-medium wp-image-1264 alignleft\" src=\"https:\/\/archiwumnauki.pan.pl\/wp-content\/uploads\/2019\/04\/PAU_w_UAI-300x224.jpg\" alt=\"\" width=\"300\" height=\"224\" srcset=\"https:\/\/archiwumnauki.pan.pl\/wp-content\/uploads\/2019\/04\/PAU_w_UAI-300x224.jpg 300w, https:\/\/archiwumnauki.pan.pl\/wp-content\/uploads\/2019\/04\/PAU_w_UAI.jpg 314w\" sizes=\"(max-width: 300px) 100vw, 300px\" \/><\/div>\n<p>Wystawa towarzyszy\u0142a odbywaj\u0105cej si\u0119 w Krakowie 20-26 VI 1999 roku 73 Sesji Zgromadzenia Og\u00f3lnego Union Acad\u00e9miqe Internationale.<\/p>\n<p>Wi\u0119cej informacji na temat ekspozycji mo\u017cna uzyska\u0107 w katalogu wystawy i &#8222;Krakowskim Roczniku Archiwalnym&#8221;, numer VIII z 2002 roku.<\/p>\n<p>&nbsp;<\/p>\n<p>&nbsp;<\/p>\n<p>&nbsp;<\/p>\n<p><img decoding=\"async\" loading=\"lazy\" class=\"alignnone size-medium wp-image-1265\" src=\"https:\/\/archiwumnauki.pan.pl\/wp-content\/uploads\/2019\/04\/delegaci_UAI_w_brukseli-300x224.jpg\" alt=\"\" width=\"300\" height=\"224\" srcset=\"https:\/\/archiwumnauki.pan.pl\/wp-content\/uploads\/2019\/04\/delegaci_UAI_w_brukseli-300x224.jpg 300w, https:\/\/archiwumnauki.pan.pl\/wp-content\/uploads\/2019\/04\/delegaci_UAI_w_brukseli-362x270.jpg 362w, https:\/\/archiwumnauki.pan.pl\/wp-content\/uploads\/2019\/04\/delegaci_UAI_w_brukseli.jpg 436w\" sizes=\"(max-width: 300px) 100vw, 300px\" \/><\/p>\n","protected":false},"excerpt":{"rendered":"<p>Wystawy okoliczno\u015bciowe Polska Akademia Umiej\u0119tno\u015bci w Union\u00a0Acad\u00e9mique Internationale Wystawa by\u0142a prezentowana w dniach 20 VI 1999 &#8211; 15 X 1999 Wystawa towarzyszy\u0142a odbywaj\u0105cej si\u0119 w Krakowie 20-26 VI 1999 roku 73 Sesji Zgromadzenia Og\u00f3lnego Union Acad\u00e9miqe Internationale. Wi\u0119cej informacji na temat ekspozycji mo\u017cna uzyska\u0107 w katalogu wystawy i &#8222;Krakowskim Roczniku Archiwalnym&#8221;, numer VIII z 2002 &hellip; <\/p>\n<p class=\"read-more\"><a class=\"btn btn-default\" href=\"https:\/\/archiwumnauki.pan.pl\/?page_id=1263\"> Read More<span class=\"screen-reader-text\">  Read More<\/span><\/a><\/p>\n","protected":false},"author":55,"featured_media":0,"parent":0,"menu_order":0,"comment_status":"closed","ping_status":"closed","template":"","meta":[],"_links":{"self":[{"href":"https:\/\/archiwumnauki.pan.pl\/index.php?rest_route=\/wp\/v2\/pages\/1263"}],"collection":[{"href":"https:\/\/archiwumnauki.pan.pl\/index.php?rest_route=\/wp\/v2\/pages"}],"about":[{"href":"https:\/\/archiwumnauki.pan.pl\/index.php?rest_route=\/wp\/v2\/types\/page"}],"author":[{"embeddable":true,"href":"https:\/\/archiwumnauki.pan.pl\/index.php?rest_route=\/wp\/v2\/users\/55"}],"replies":[{"embeddable":true,"href":"https:\/\/archiwumnauki.pan.pl\/index.php?rest_route=%2Fwp%2Fv2%2Fcomments&post=1263"}],"version-history":[{"count":3,"href":"https:\/\/archiwumnauki.pan.pl\/index.php?rest_route=\/wp\/v2\/pages\/1263\/revisions"}],"predecessor-version":[{"id":2719,"href":"https:\/\/archiwumnauki.pan.pl\/index.php?rest_route=\/wp\/v2\/pages\/1263\/revisions\/2719"}],"wp:attachment":[{"href":"https:\/\/archiwumnauki.pan.pl\/index.php?rest_route=%2Fwp%2Fv2%2Fmedia&parent=1263"}],"curies":[{"name":"wp","href":"https:\/\/api.w.org\/{rel}","templated":true}]}}