{"id":1260,"date":"2019-04-30T19:08:47","date_gmt":"2019-04-30T17:08:47","guid":{"rendered":"http:\/\/archiwumnauki.pan.pl\/?page_id=1260"},"modified":"2019-04-30T19:08:47","modified_gmt":"2019-04-30T17:08:47","slug":"zygmunt-grodzinski-kazimierz-mitera-boleslaw-skarzynski-jan-zimowski-krakowianie-uczestnicy-wojny-polsko-bolszewickiej-1919-1920-wystawa-1999-03-20-1999-05-31","status":"publish","type":"page","link":"https:\/\/archiwumnauki.pan.pl\/?page_id=1260","title":{"rendered":"Zygmunt Grodzi\u0144ski, Kazimierz Mitera, Boles\u0142aw Skar\u017cy\u0144ski, Jan Zimowski. Krakowianie &#8211; uczestnicy wojny polsko-bolszewickiej 1919-1920, (wystawa: 1999-03-20 &#8211; 1999-05-31)"},"content":{"rendered":"<div><strong>Wystawy okoliczno\u015bciowe<\/strong><\/div>\n<div><strong>Zygmunt Grodzi\u0144ski, Kazimierz Mitera, Boles\u0142aw Skar\u017cy\u0144ski, Jan Zimowski. Krakowianie &#8211; uczestnicy wojny polsko-bolszewickiej 1919-1920<\/strong><\/div>\n<div><strong>Wystawa by\u0142a prezentowana w dniach 20 III 1999 &#8211; 31 V 1999<\/strong><\/div>\n<div class=\"floatleft\"><img decoding=\"async\" loading=\"lazy\" class=\"size-medium wp-image-1261 alignleft\" src=\"https:\/\/archiwumnauki.pan.pl\/wp-content\/uploads\/2019\/04\/wojna_polsko_bolszewicka_okladka-300x293.jpg\" alt=\"\" width=\"300\" height=\"293\" srcset=\"https:\/\/archiwumnauki.pan.pl\/wp-content\/uploads\/2019\/04\/wojna_polsko_bolszewicka_okladka-300x293.jpg 300w, https:\/\/archiwumnauki.pan.pl\/wp-content\/uploads\/2019\/04\/wojna_polsko_bolszewicka_okladka-276x270.jpg 276w, https:\/\/archiwumnauki.pan.pl\/wp-content\/uploads\/2019\/04\/wojna_polsko_bolszewicka_okladka.jpg 350w\" sizes=\"(max-width: 300px) 100vw, 300px\" \/><\/div>\n<p>Intencj\u0105 tw\u00f3rc\u00f3w wystawy by\u0142o &#8222;pokazanie poprzez fotografi\u0119 udzia\u0142u w wojnie bolszewickiej zaledwie kilku os\u00f3b, nie po to, aby wykreowa\u0107 jaki\u015b symbol pokolenia czy jego cz\u0119\u015bci, ale po to, by ukonkretni\u0107 to, co trwa w jakiej\u015b mglistej zbiorowej pami\u0119ci&#8221;.<\/p>\n<p>Ekspozycja opracowana wsp\u00f3lnie z Muzeum Historii Fotografii w Krakowie.<\/p>\n<p>Wi\u0119cej informacji mo\u017cna uzyska\u0107 w katalogu ekspozycji.<\/p>\n","protected":false},"excerpt":{"rendered":"<p>Wystawy okoliczno\u015bciowe Zygmunt Grodzi\u0144ski, Kazimierz Mitera, Boles\u0142aw Skar\u017cy\u0144ski, Jan Zimowski. Krakowianie &#8211; uczestnicy wojny polsko-bolszewickiej 1919-1920 Wystawa by\u0142a prezentowana w dniach 20 III 1999 &#8211; 31 V 1999 Intencj\u0105 tw\u00f3rc\u00f3w wystawy by\u0142o &#8222;pokazanie poprzez fotografi\u0119 udzia\u0142u w wojnie bolszewickiej zaledwie kilku os\u00f3b, nie po to, aby wykreowa\u0107 jaki\u015b symbol pokolenia czy jego cz\u0119\u015bci, ale po &hellip; <\/p>\n<p class=\"read-more\"><a class=\"btn btn-default\" href=\"https:\/\/archiwumnauki.pan.pl\/?page_id=1260\"> Read More<span class=\"screen-reader-text\">  Read More<\/span><\/a><\/p>\n","protected":false},"author":55,"featured_media":0,"parent":0,"menu_order":0,"comment_status":"closed","ping_status":"closed","template":"","meta":[],"_links":{"self":[{"href":"https:\/\/archiwumnauki.pan.pl\/index.php?rest_route=\/wp\/v2\/pages\/1260"}],"collection":[{"href":"https:\/\/archiwumnauki.pan.pl\/index.php?rest_route=\/wp\/v2\/pages"}],"about":[{"href":"https:\/\/archiwumnauki.pan.pl\/index.php?rest_route=\/wp\/v2\/types\/page"}],"author":[{"embeddable":true,"href":"https:\/\/archiwumnauki.pan.pl\/index.php?rest_route=\/wp\/v2\/users\/55"}],"replies":[{"embeddable":true,"href":"https:\/\/archiwumnauki.pan.pl\/index.php?rest_route=%2Fwp%2Fv2%2Fcomments&post=1260"}],"version-history":[{"count":1,"href":"https:\/\/archiwumnauki.pan.pl\/index.php?rest_route=\/wp\/v2\/pages\/1260\/revisions"}],"predecessor-version":[{"id":1262,"href":"https:\/\/archiwumnauki.pan.pl\/index.php?rest_route=\/wp\/v2\/pages\/1260\/revisions\/1262"}],"wp:attachment":[{"href":"https:\/\/archiwumnauki.pan.pl\/index.php?rest_route=%2Fwp%2Fv2%2Fmedia&parent=1260"}],"curies":[{"name":"wp","href":"https:\/\/api.w.org\/{rel}","templated":true}]}}